{"id":7889,"date":"2024-06-24T07:51:21","date_gmt":"2024-06-24T07:51:21","guid":{"rendered":"https:\/\/blogsaverroes.juntadeandalucia.es\/iesriberadelfardes\/?page_id=7889"},"modified":"2025-09-28T16:47:54","modified_gmt":"2025-09-28T16:47:54","slug":"programaciones-didacticas","status":"publish","type":"page","link":"https:\/\/blogsaverroes.juntadeandalucia.es\/iesriberadelfardes\/curso-escolar\/programaciones-didacticas\/","title":{"rendered":"Programaciones Did\u00e1cticas 2024-2025"},"content":{"rendered":"<ul>\n<li><strong>1\u00ba ESO<\/strong><\/li>\n<\/ul>\n<p><a title=\"Biolog\u00eda y Geolog\u00eda\" href=\"https:\/\/blogsaverroes.juntadeandalucia.es\/iesriberadelfardes\/files\/2024\/06\/Biologia-y-Geologia-1oESO.pdf\">Biolog\u00eda y Geolog\u00eda <\/a><\/p>\n<p><a href=\"https:\/\/blogsaverroes.juntadeandalucia.es\/iesriberadelfardes\/files\/2024\/06\/Programacion-Huerto-Ecologico-y-Jardineria.pdf\">Programaci\u00f3n Huerto Ecol\u00f3gico y Jardiner\u00eda<\/a><\/p>\n<p><a title=\"Educaci\u00f3n F\u00edsica\" href=\"https:\/\/blogsaverroes.juntadeandalucia.es\/iesriberadelfardes\/files\/2024\/06\/1o-ESO.pdf\" target=\"_blank\" rel=\"noopener\">Educaci\u00f3n F\u00edsica<\/a><\/p>\n<p><a title=\"Educaci\u00f3n Pl\u00e1stica, Visual y Art\u00edstica\" href=\"https:\/\/blogsaverroes.juntadeandalucia.es\/iesriberadelfardes\/files\/2024\/06\/Propuesta_pedagogica___Programacion1o.pdf\" target=\"_blank\" rel=\"noopener\">Educaci\u00f3n Pl\u00e1stica, Visual y Art\u00edstica<\/a><\/p>\n<p><a title=\"\u00c1rea Ling\u00fc\u00edstica Transversal\" href=\"https:\/\/blogsaverroes.juntadeandalucia.es\/iesriberadelfardes\/files\/2024\/06\/PD-A.L.T-23-24.pdf\" target=\"_blank\" rel=\"noopener\">\u00c1rea Ling\u00fc\u00edstica Transversal<\/a><\/p>\n<p><a href=\"https:\/\/blogsaverroes.juntadeandalucia.es\/iesriberadelfardes\/files\/2024\/06\/PD-LCL-1o-4o-ESO.pdf\">Lengua Castellana y Literatura<\/a><\/p>\n<p><a href=\"https:\/\/blogsaverroes.juntadeandalucia.es\/iesriberadelfardes\/files\/2024\/06\/Programacion-1o-ESO-2.pdf\">Matem\u00e1ticas<\/a><\/p>\n<p><a href=\"https:\/\/blogsaverroes.juntadeandalucia.es\/iesriberadelfardes\/files\/2024\/06\/1o-MUSICA.pdf\">M\u00fasica<\/a><\/p>\n<p><a href=\"https:\/\/blogsaverroes.juntadeandalucia.es\/iesriberadelfardes\/files\/2024\/06\/Programacion-didactica-1oESO-Computacion-y-Robotica-23-24.pdf\">Computaci\u00f3n y Rob\u00f3tica<\/a><\/p>\n<ul>\n<li><strong>2\u00ba ESO<\/strong><\/li>\n<\/ul>\n<p>&nbsp;<a title=\"Biolog\u00eda y Geolog\u00eda\" href=\"https:\/\/blogsaverroes.juntadeandalucia.es\/iesriberadelfardes\/files\/2024\/06\/Biologia-y-Geologia-3oESO.pdf\" target=\"_blank\" rel=\"noopener\">Biolog\u00eda y Geolog\u00eda <\/a><\/p>\n<p>&nbsp; <a title=\"F\u00edsica y Qu\u00edmica\" href=\"https:\/\/blogsaverroes.juntadeandalucia.es\/iesriberadelfardes\/files\/2024\/06\/Programaciones-2o3o-y-4o-Fisica-y-Quimica.pdf\" target=\"_blank\" rel=\"noopener\">F\u00edsica y Qu\u00edmica<\/a><\/p>\n<p><a title=\"Educaci\u00f3n F\u00edsica\" href=\"https:\/\/blogsaverroes.juntadeandalucia.es\/iesriberadelfardes\/files\/2024\/06\/2o-ESO.pdf\" target=\"_blank\" rel=\"noopener\">Educaci\u00f3n F\u00edsica<\/a><\/p>\n<p><a title=\"Educaci\u00f3n Pl\u00e1stica, Visual y Art\u00edstica\" href=\"https:\/\/blogsaverroes.juntadeandalucia.es\/iesriberadelfardes\/files\/2024\/06\/Propuesta_pedagogica___Programacion2o.pdf\" target=\"_blank\" rel=\"noopener\">Educaci\u00f3n Pl\u00e1stica, Visual y Art\u00edstica<\/a><\/p>\n<p><a href=\"https:\/\/blogsaverroes.juntadeandalucia.es\/iesriberadelfardes\/files\/2024\/06\/PD-LCL-1o-4o-ESO.pdf\">Lengua Castellana y Literatura<\/a><\/p>\n<p>&nbsp; <a href=\"https:\/\/blogsaverroes.juntadeandalucia.es\/iesriberadelfardes\/files\/2024\/06\/Programacion-2o-ESO-2.pdf\">Programaci\u00f3n 2\u00ba ESO-2<\/a><\/p>\n<p><a href=\"https:\/\/blogsaverroes.juntadeandalucia.es\/iesriberadelfardes\/files\/2024\/06\/2o-MUSICA.pdf\">M\u00fasica<\/a><\/p>\n<p><a href=\"https:\/\/blogsaverroes.juntadeandalucia.es\/iesriberadelfardes\/files\/2024\/06\/Programacion-didactica-2o-ESO-Tecnologia-y-Digitalizacion-23-24.pdf\">Tecnolog\u00eda y Digitalizaci\u00f3n<\/a><\/p>\n<p>&nbsp;<\/p>\n<p>&nbsp;<\/p>\n<ul>\n<li><strong>3\u00ba ESO<\/strong><\/li>\n<\/ul>\n<p><a href=\"https:\/\/blogsaverroes.juntadeandalucia.es\/iesriberadelfardes\/files\/2024\/06\/Propuesta-Pedagogica-3o-Diversificacion-ASL.pdf\">Propuesta Pedag\u00f3gica 3\u00ba Diversificaci\u00f3n ASL<\/a><\/p>\n<p><a title=\"F\u00edsica y Qu\u00edmica\" href=\"https:\/\/blogsaverroes.juntadeandalucia.es\/iesriberadelfardes\/files\/2024\/06\/Programaciones-2o3o-y-4o-Fisica-y-Quimica.pdf\" target=\"_blank\" rel=\"noopener\">F\u00edsica y Qu\u00edmica<\/a><\/p>\n<p><a title=\"Educaci\u00f3n F\u00edsica\" href=\"https:\/\/blogsaverroes.juntadeandalucia.es\/iesriberadelfardes\/files\/2024\/06\/3o-ESO.pdf\" target=\"_blank\" rel=\"noopener\">Educaci\u00f3n F\u00edsica<\/a><\/p>\n<p>&nbsp;<a title=\"Educaci\u00f3n Pl\u00e1stica, Visual y Art\u00edstica\" href=\"https:\/\/blogsaverroes.juntadeandalucia.es\/iesriberadelfardes\/files\/2024\/06\/Propuesta_pedagogica___Programacion3o.pdf\" target=\"_blank\" rel=\"noopener\">Educaci\u00f3n Pl\u00e1stica, Visual y Art\u00edstica<\/a><\/p>\n<p><a href=\"https:\/\/blogsaverroes.juntadeandalucia.es\/iesriberadelfardes\/files\/2024\/06\/PD-LCL-1o-4o-ESO.pdf\">Lengua Castellana y Literatura<\/a><\/p>\n<p><a href=\"https:\/\/blogsaverroes.juntadeandalucia.es\/iesriberadelfardes\/files\/2024\/06\/Programacion-Ambito-Cientifico-Tecnologico-3o-ESO-2.pdf\">Programacio\u0301n A\u0301mbito Cienti\u0301fico Tecnolo\u0301gico 3\u00ba ESO-2<\/a><\/p>\n<p><a title=\"Matem\u00e1ticas\" href=\"https:\/\/blogsaverroes.juntadeandalucia.es\/iesriberadelfardes\/files\/2024\/06\/Propuesta_pedagogica___Programaciones_didacticas-3oESO-2.pdf\" target=\"_blank\" rel=\"noopener\">Matem\u00e1ticas<\/a><\/p>\n<p><a href=\"https:\/\/blogsaverroes.juntadeandalucia.es\/iesriberadelfardes\/files\/2024\/06\/3o-CULTURA-FLAMENCO.pdf\">Cultura Flamenco<\/a><\/p>\n<p><a title=\"Computaci\u00f3n y Rob\u00f3tica\" href=\"https:\/\/blogsaverroes.juntadeandalucia.es\/iesriberadelfardes\/files\/2024\/06\/Programacion-didactica-3oESO-Computacion-y-Robotica.pdf\" target=\"_blank\" rel=\"noopener\">Computaci\u00f3n y Rob\u00f3tica<\/a><\/p>\n<p><a title=\"Tecnolog\u00eda y Digitalizaci\u00f3n\" href=\"https:\/\/blogsaverroes.juntadeandalucia.es\/iesriberadelfardes\/files\/2024\/06\/Programacion-didactica-3o-ESO-Tecnologia-y-Digitalizacion-23-24-.pdf\" target=\"_blank\" rel=\"noopener\">Tecnolog\u00eda y Digitalizaci\u00f3n <\/a><\/p>\n<p>&nbsp;<\/p>\n<ul>\n<li><strong>4\u00ba ESO<\/strong><\/li>\n<\/ul>\n<p><a title=\"Econom\u00eda y emprendimiento\" href=\"https:\/\/blogsaverroes.juntadeandalucia.es\/iesriberadelfardes\/files\/2024\/06\/Propuesta_pedagogica-1o-ESO.pdf\" target=\"_blank\" rel=\"noopener\">Econom\u00eda y emprendimiento<\/a><\/p>\n<p><a title=\"Biolog\u00eda y Geolog\u00eda\" href=\"https:\/\/blogsaverroes.juntadeandalucia.es\/iesriberadelfardes\/files\/2024\/06\/Biologia-y-Geologia-4oESO.pdf\" target=\"_blank\" rel=\"noopener\">Biolog\u00eda y Geolog\u00eda <\/a><\/p>\n<p><a href=\"https:\/\/blogsaverroes.juntadeandalucia.es\/iesriberadelfardes\/files\/2024\/06\/Programacion-4o-DICU-Ambito-Cientifico-Tecnologico.pdf\">Programacio\u0301n 4\u00ba DICU A\u0301mbito Cienti\u0301fico-Tecnolo\u0301gico<\/a><\/p>\n<p><a title=\"F\u00edsica y Qu\u00edmica\" href=\"https:\/\/blogsaverroes.juntadeandalucia.es\/iesriberadelfardes\/files\/2024\/06\/Programaciones-2o3o-y-4o-Fisica-y-Quimica.pdf\" target=\"_blank\" rel=\"noopener\">F\u00edsica y Qu\u00edmica<\/a><\/p>\n<p><a title=\"Educaci\u00f3n F\u00edsica\" href=\"https:\/\/blogsaverroes.juntadeandalucia.es\/iesriberadelfardes\/files\/2024\/06\/4o-ESO.pdf\" target=\"_blank\" rel=\"noopener\">Educaci\u00f3n F\u00edsica<\/a><\/p>\n<p><a title=\"Educaci\u00f3n Pl\u00e1stica, Visual y Art\u00edstica\" href=\"https:\/\/blogsaverroes.juntadeandalucia.es\/iesriberadelfardes\/files\/2024\/06\/Propuesta_pedagogica___Programacion4o.pdf\" target=\"_blank\" rel=\"noopener\">Educaci\u00f3n Pl\u00e1stica, Visual y Art\u00edstica<\/a><\/p>\n<p><a href=\"https:\/\/blogsaverroes.juntadeandalucia.es\/iesriberadelfardes\/files\/2024\/06\/PD-LCL-1o-4o-ESO.pdf\">Lengua Castellana y Literatura<\/a><\/p>\n<p><a href=\"https:\/\/blogsaverroes.juntadeandalucia.es\/iesriberadelfardes\/files\/2024\/06\/PD-Latin.pdf\">Lat\u00edn<\/a><\/p>\n<p><a title=\"Matem\u00e1ticas Modalidad B-2\" href=\"https:\/\/blogsaverroes.juntadeandalucia.es\/iesriberadelfardes\/files\/2024\/06\/Propuesta_pedagogica___Programaciones_didacticas-4oB-1.pdf\" target=\"_blank\" rel=\"noopener\">Matem\u00e1ticas Modalidad B-2<\/a> <a title=\"Matem\u00e1ticas Modalidad A-2\" href=\"https:\/\/blogsaverroes.juntadeandalucia.es\/iesriberadelfardes\/files\/2024\/06\/Propuesta_pedagogica___Programaciones_didacticas-4oA-2.pdf\" target=\"_blank\" rel=\"noopener\">Matem\u00e1ticas Modalidad A-2<\/a><\/p>\n<p><a title=\"Matem\u00e1ticas Modalidad B-2\" href=\"https:\/\/blogsaverroes.juntadeandalucia.es\/iesriberadelfardes\/files\/2024\/06\/Programacion-4o-ESO-Modalidad-B-2.pdf\" target=\"_blank\" rel=\"noopener\">Matem\u00e1ticas Modalidad B-2<\/a><\/p>\n<p><a title=\"M\u00fasica\" href=\"https:\/\/blogsaverroes.juntadeandalucia.es\/iesriberadelfardes\/files\/2024\/06\/4o-MUSICA.pdf\" target=\"_blank\" rel=\"noopener\">M\u00fasica<\/a><\/p>\n<p><a title=\"Artes Esc\u00e9nicas y Danza\" href=\"https:\/\/blogsaverroes.juntadeandalucia.es\/iesriberadelfardes\/files\/2024\/06\/4o-ARTES-ESCENICAS-Y-DANZA.pdf\" target=\"_blank\" rel=\"noopener\">Artes Esc\u00e9nicas y Danza<\/a><\/p>\n<p><a href=\"https:\/\/blogsaverroes.juntadeandalucia.es\/iesriberadelfardes\/files\/2024\/06\/ROBOTICA-EN-SOPORTE-3D.pdf\">ROB\u00d3TICA EN SOPORTE 3D<\/a><\/p>\n<p><a href=\"https:\/\/blogsaverroes.juntadeandalucia.es\/iesriberadelfardes\/files\/2024\/06\/Programacion-Didactica-Atencion-Educativa-4o-Diver-2023-2024-1.pdf\"> Atenci\u00f3n Educativa 4\u00ba Diver <\/a><\/p>\n<ul>\n<li><strong>FORMACI\u00d3N PROFESIONAL<\/strong>\n<ul>\n<li><strong>1\u00ba FPB<\/strong><\/li>\n<\/ul>\n<\/li>\n<\/ul>\n<p><a href=\"https:\/\/blogsaverroes.juntadeandalucia.es\/iesriberadelfardes\/files\/2024\/06\/PROGRAMACION_1_FPB-1.pdf\">PROGRAMACIO\u0301N_1_FPB-1<\/a><\/p>\n<p><a href=\"https:\/\/blogsaverroes.juntadeandalucia.es\/iesriberadelfardes\/files\/2024\/06\/Programacion-1o-FPB-Ambito-de-ciencias-aplicadas-I-1.pdf\">1\u00ba FPB \u00c1mbito de ciencias aplicadas I-1<\/a><\/p>\n<p>&nbsp;<\/p>\n<ul>\n<li style=\"list-style-type: none\">\n<ul>\n<li><strong>2\u00ba FPB<\/strong><\/li>\n<\/ul>\n<\/li>\n<\/ul>\n<p><a href=\"https:\/\/blogsaverroes.juntadeandalucia.es\/iesriberadelfardes\/files\/2024\/06\/PROGRAMACION_2oFPB-1.pdf\">PROGRAMACI\u00d3N_2\u00baFPB-1<\/a><\/p>\n<p><a href=\"https:\/\/blogsaverroes.juntadeandalucia.es\/iesriberadelfardes\/files\/2024\/06\/Programacion-didactica-2oCGB-Ciencias-Aplicadas-1.pdf\">Programaci\u00f3n did\u00e1ctica 2\u00baCGB Ciencias Aplicadas-1<\/a><\/p>\n<p><a href=\"https:\/\/blogsaverroes.juntadeandalucia.es\/iesriberadelfardes\/files\/2024\/06\/Programacion-didactica-2oCGB-Ambito-de-Comunicacion-y-Ciencias-Sociales-1.pdf\">Programaci\u00f3n did\u00e1ctica 2\u00baCGB &#8211; \u00c1mbito de Comunicaci\u00f3n y Ciencias Sociales-1<\/a><\/p>\n<p>&nbsp;<\/p>\n<p>&nbsp;<\/p>\n<ul>\n<li><strong>ORIENTACI\u00d3N<\/strong><\/li>\n<\/ul>\n<p><a href=\"https:\/\/blogsaverroes.juntadeandalucia.es\/iesriberadelfardes\/files\/2024\/06\/PLAN-DE-APOYO-2023-24.pdf\">PLAN DE APOYO 2023-24<\/a><\/p>\n<p><a href=\"https:\/\/blogsaverroes.juntadeandalucia.es\/iesriberadelfardes\/files\/2024\/06\/PADO-2023-24-16abril2024.pdf.pdf\">PADO 2023- 24<\/a><\/p>\n<p><a href=\"https:\/\/blogsaverroes.juntadeandalucia.es\/iesriberadelfardes\/files\/2024\/06\/programacion-AL-23-24.pdf\">programacio\u0301n AL 23-24<\/a><\/p>\n","protected":false},"excerpt":{"rendered":"<p>1\u00ba ESO Biolog\u00eda y Geolog\u00eda Programaci\u00f3n Huerto Ecol\u00f3gico y Jardiner\u00eda Educaci\u00f3n F\u00edsica Educaci\u00f3n Pl\u00e1stica, Visual y Art\u00edstica \u00c1rea Ling\u00fc\u00edstica Transversal Lengua Castellana y Literatura Matem\u00e1ticas M\u00fasica Computaci\u00f3n y Rob\u00f3tica 2\u00ba ESO &nbsp;Biolog\u00eda y Geolog\u00eda &nbsp; F\u00edsica y Qu\u00edmica Educaci\u00f3n F\u00edsica Educaci\u00f3n Pl\u00e1stica, Visual y Art\u00edstica Lengua Castellana y Literatura &nbsp; Programaci\u00f3n 2\u00ba ESO-2 M\u00fasica Tecnolog\u00eda &hellip; <\/p>\n<p><a class=\"more-link btn\" href=\"https:\/\/blogsaverroes.juntadeandalucia.es\/iesriberadelfardes\/curso-escolar\/programaciones-didacticas\/\">Seguir leyendo<\/a><\/p>\n","protected":false},"author":18471,"featured_media":0,"parent":80,"menu_order":0,"comment_status":"closed","ping_status":"closed","template":"","meta":{"ngg_post_thumbnail":0,"footnotes":"","_mc_calendar":[]},"aioseo_notices":[],"_links":{"self":[{"href":"https:\/\/blogsaverroes.juntadeandalucia.es\/iesriberadelfardes\/wp-json\/wp\/v2\/pages\/7889"}],"collection":[{"href":"https:\/\/blogsaverroes.juntadeandalucia.es\/iesriberadelfardes\/wp-json\/wp\/v2\/pages"}],"about":[{"href":"https:\/\/blogsaverroes.juntadeandalucia.es\/iesriberadelfardes\/wp-json\/wp\/v2\/types\/page"}],"author":[{"embeddable":true,"href":"https:\/\/blogsaverroes.juntadeandalucia.es\/iesriberadelfardes\/wp-json\/wp\/v2\/users\/18471"}],"replies":[{"embeddable":true,"href":"https:\/\/blogsaverroes.juntadeandalucia.es\/iesriberadelfardes\/wp-json\/wp\/v2\/comments?post=7889"}],"version-history":[{"count":13,"href":"https:\/\/blogsaverroes.juntadeandalucia.es\/iesriberadelfardes\/wp-json\/wp\/v2\/pages\/7889\/revisions"}],"predecessor-version":[{"id":9475,"href":"https:\/\/blogsaverroes.juntadeandalucia.es\/iesriberadelfardes\/wp-json\/wp\/v2\/pages\/7889\/revisions\/9475"}],"up":[{"embeddable":true,"href":"https:\/\/blogsaverroes.juntadeandalucia.es\/iesriberadelfardes\/wp-json\/wp\/v2\/pages\/80"}],"wp:attachment":[{"href":"https:\/\/blogsaverroes.juntadeandalucia.es\/iesriberadelfardes\/wp-json\/wp\/v2\/media?parent=7889"}],"curies":[{"name":"wp","href":"https:\/\/api.w.org\/{rel}","templated":true}]}}