{"id":8304,"date":"2024-11-28T19:56:12","date_gmt":"2024-11-28T19:56:12","guid":{"rendered":"https:\/\/blogsaverroes.juntadeandalucia.es\/iesriberadelfardes\/?page_id=8304"},"modified":"2025-01-10T11:36:45","modified_gmt":"2025-01-10T11:36:45","slug":"proyecto-trama","status":"publish","type":"page","link":"https:\/\/blogsaverroes.juntadeandalucia.es\/iesriberadelfardes\/proyecto-trama\/","title":{"rendered":"Proyecto TRAMA"},"content":{"rendered":"<p><span style=\"font-weight: 400\">El Departamento de Historia os invita a dar un paseo por los productos finales de una situaci\u00f3n de aprendizaje que lleva por t\u00edtulo: \u00abLevantarse la primera, acostarse la postrera\u00bb.<\/span><\/p>\n<p><span style=\"font-weight: 400\">El alumnado de 3\u00ba del IES Ribera del Fardes ha elaborado unas infograf\u00edas que os animamos a observar con detalle. Nuestro objetivo ha sido doble: por un lado, que se enfrenten por primera vez a art\u00edculos acad\u00e9micos. En este caso, hemos trabajado con textos del libro del proyecto TRAMA, coordinado por la profesora de la UGR Mar\u00eda Jos\u00e9 Chinchilla y Ra\u00fal Ruiz \u00c1lvarez. A partir de estos textos, han llevado a cabo una labor de investigaci\u00f3n y de creaci\u00f3n de materiales propios, lo que constituye el segundo de nuestros objetivos.<\/span><\/p>\n<p><span style=\"font-weight: 400\">El proceso les ha enfrentado a una realidad: a veces los libros de historia nos cuentan verdades a medias. Investigar y adoptar una actitud reflexiva es esencial para que nuestras chicas y chicos se conviertan en ciudadanos capaces de tomar decisiones informadas, sin influencias partidistas. As\u00ed, hemos descubierto juntos que la idea de que las mujeres se incorporaron al mundo laboral tras la Gran Guerra es, en realidad, una falacia. Las mujeres siempre han formado parte del tejido productivo a lo largo de la historia.<\/span><\/p>\n<p><span style=\"font-weight: 400\">En esta exposici\u00f3n podr\u00e1s aprender sobre oficios ya desaparecidos, como el de nodriza o lavandera, y conocer otros que quiz\u00e1s no sab\u00edas que fueron desempe\u00f1ados por mujeres en la Edad Moderna.<\/span><\/p>\n<p><span style=\"font-weight: 400\">Por \u00faltimo, el alumnado te plantea cuestiones que han surgido durante el proceso. Nosotros a\u00fan no hemos llegado a una conclusi\u00f3n definitiva, \u00bfte animas a reflexionar con nosotros?<\/span><\/p>\n<p><span style=\"font-weight: 400\">Escanea los c\u00f3digos QR y no te pierdas este magn\u00edfico trabajo elaborado por el alumnado de 3\u00ba de ESO. Si tienes dudas, p\u00e1sate por nuestra clase y estaremos encantados de explic\u00e1rtelo.<\/span><\/p>\n<p><span style=\"font-weight: 400\">Gracias por vuestro tiempo.<\/span><\/p>\n<p><span style=\"font-weight: 400\">Javier y Laura<\/span><\/p>\n<div style=\"width: 750px;\" class=\"wp-video\"><!--[if lt IE 9]><script>document.createElement('video');<\/script><![endif]-->\n<video class=\"wp-video-shortcode\" id=\"video-8304-1\" width=\"750\" height=\"438\" preload=\"metadata\" controls=\"controls\"><source type=\"video\/mp4\" src=\"https:\/\/blogsaverroes.juntadeandalucia.es\/iesriberadelfardes\/files\/2025\/01\/IMPRESORAS.mp4?_=1\" \/><a href=\"https:\/\/blogsaverroes.juntadeandalucia.es\/iesriberadelfardes\/files\/2025\/01\/IMPRESORAS.mp4\">https:\/\/blogsaverroes.juntadeandalucia.es\/iesriberadelfardes\/files\/2025\/01\/IMPRESORAS.mp4<\/a><\/video><\/div>\n<p><a href=\"https:\/\/blogsaverroes.juntadeandalucia.es\/iesriberadelfardes\/files\/2025\/01\/LA-PRODUCCION-DE-PLEITA.mov\">LA PRODUCCI\u00d3N DE PLEITA<\/a> <a href=\"https:\/\/blogsaverroes.juntadeandalucia.es\/iesriberadelfardes\/files\/2025\/01\/NODRIZAS-EN-EL-REINO-DE-GRANADA.mov\">NODRIZAS EN EL REINO DE GRANADA<\/a><\/p>\n<div style=\"width: 750px;\" class=\"wp-video\"><video class=\"wp-video-shortcode\" id=\"video-8304-2\" width=\"750\" height=\"1333\" preload=\"metadata\" controls=\"controls\"><source type=\"video\/mp4\" src=\"https:\/\/blogsaverroes.juntadeandalucia.es\/iesriberadelfardes\/files\/2025\/01\/NODRIZAS.mp4?_=2\" \/><a href=\"https:\/\/blogsaverroes.juntadeandalucia.es\/iesriberadelfardes\/files\/2025\/01\/NODRIZAS.mp4\">https:\/\/blogsaverroes.juntadeandalucia.es\/iesriberadelfardes\/files\/2025\/01\/NODRIZAS.mp4<\/a><\/video><\/div>\n<!--[if lt IE 9]><script>document.createElement('audio');<\/script><![endif]-->\n<audio class=\"wp-audio-shortcode\" id=\"audio-8304-1\" preload=\"none\" style=\"width: 100%;\" controls=\"controls\"><source type=\"audio\/mpeg\" src=\"https:\/\/blogsaverroes.juntadeandalucia.es\/iesriberadelfardes\/files\/2025\/01\/Santiago-Serrano-Praena.m4a?_=1\" \/><a href=\"https:\/\/blogsaverroes.juntadeandalucia.es\/iesriberadelfardes\/files\/2025\/01\/Santiago-Serrano-Praena.m4a\">https:\/\/blogsaverroes.juntadeandalucia.es\/iesriberadelfardes\/files\/2025\/01\/Santiago-Serrano-Praena.m4a<\/a><\/audio>\n<div style=\"width: 750px;\" class=\"wp-video\"><video class=\"wp-video-shortcode\" id=\"video-8304-3\" width=\"750\" height=\"308\" preload=\"metadata\" controls=\"controls\"><source type=\"video\/mp4\" src=\"https:\/\/blogsaverroes.juntadeandalucia.es\/iesriberadelfardes\/files\/2025\/01\/LAS-NODRIZAS-EN-LA-CASA-CUNA-DE-SEVILLA.mp4?_=3\" \/><a href=\"https:\/\/blogsaverroes.juntadeandalucia.es\/iesriberadelfardes\/files\/2025\/01\/LAS-NODRIZAS-EN-LA-CASA-CUNA-DE-SEVILLA.mp4\">https:\/\/blogsaverroes.juntadeandalucia.es\/iesriberadelfardes\/files\/2025\/01\/LAS-NODRIZAS-EN-LA-CASA-CUNA-DE-SEVILLA.mp4<\/a><\/video><\/div>\n<p><a href=\"https:\/\/blogsaverroes.juntadeandalucia.es\/iesriberadelfardes\/files\/2025\/01\/INCLUSAS-EN-ANDALUCIA-ORIENTAL.mov\">INCLUSAS EN ANDALUC\u00cdA ORIENTAL<\/a><\/p>\n<p>&nbsp;<\/p>\n<p>&nbsp;<\/p>\n<audio class=\"wp-audio-shortcode\" id=\"audio-8304-2\" preload=\"none\" style=\"width: 100%;\" controls=\"controls\"><source type=\"audio\/mpeg\" src=\"https:\/\/blogsaverroes.juntadeandalucia.es\/iesriberadelfardes\/files\/2025\/01\/Nodrizas-2.mp3?_=2\" \/><a href=\"https:\/\/blogsaverroes.juntadeandalucia.es\/iesriberadelfardes\/files\/2025\/01\/Nodrizas-2.mp3\">https:\/\/blogsaverroes.juntadeandalucia.es\/iesriberadelfardes\/files\/2025\/01\/Nodrizas-2.mp3<\/a><\/audio>\n<audio class=\"wp-audio-shortcode\" id=\"audio-8304-3\" preload=\"none\" style=\"width: 100%;\" controls=\"controls\"><source type=\"audio\/mpeg\" src=\"https:\/\/blogsaverroes.juntadeandalucia.es\/iesriberadelfardes\/files\/2025\/01\/Pleita-3A.mp3?_=3\" \/><a href=\"https:\/\/blogsaverroes.juntadeandalucia.es\/iesriberadelfardes\/files\/2025\/01\/Pleita-3A.mp3\">https:\/\/blogsaverroes.juntadeandalucia.es\/iesriberadelfardes\/files\/2025\/01\/Pleita-3A.mp3<\/a><\/audio>\n","protected":false},"excerpt":{"rendered":"<p>El Departamento de Historia os invita a dar un paseo por los productos finales de una situaci\u00f3n de aprendizaje que lleva por t\u00edtulo: \u00abLevantarse la primera, acostarse la postrera\u00bb. El alumnado de 3\u00ba del IES Ribera del Fardes ha elaborado unas infograf\u00edas que os animamos a observar con detalle. Nuestro objetivo ha sido doble: por &hellip; <\/p>\n<p><a class=\"more-link btn\" href=\"https:\/\/blogsaverroes.juntadeandalucia.es\/iesriberadelfardes\/proyecto-trama\/\">Seguir leyendo<\/a><\/p>\n","protected":false},"author":18471,"featured_media":8305,"parent":0,"menu_order":0,"comment_status":"closed","ping_status":"closed","template":"","meta":{"ngg_post_thumbnail":0,"footnotes":"","_mc_calendar":[]},"aioseo_notices":[],"_links":{"self":[{"href":"https:\/\/blogsaverroes.juntadeandalucia.es\/iesriberadelfardes\/wp-json\/wp\/v2\/pages\/8304"}],"collection":[{"href":"https:\/\/blogsaverroes.juntadeandalucia.es\/iesriberadelfardes\/wp-json\/wp\/v2\/pages"}],"about":[{"href":"https:\/\/blogsaverroes.juntadeandalucia.es\/iesriberadelfardes\/wp-json\/wp\/v2\/types\/page"}],"author":[{"embeddable":true,"href":"https:\/\/blogsaverroes.juntadeandalucia.es\/iesriberadelfardes\/wp-json\/wp\/v2\/users\/18471"}],"replies":[{"embeddable":true,"href":"https:\/\/blogsaverroes.juntadeandalucia.es\/iesriberadelfardes\/wp-json\/wp\/v2\/comments?post=8304"}],"version-history":[{"count":4,"href":"https:\/\/blogsaverroes.juntadeandalucia.es\/iesriberadelfardes\/wp-json\/wp\/v2\/pages\/8304\/revisions"}],"predecessor-version":[{"id":8388,"href":"https:\/\/blogsaverroes.juntadeandalucia.es\/iesriberadelfardes\/wp-json\/wp\/v2\/pages\/8304\/revisions\/8388"}],"wp:featuredmedia":[{"embeddable":true,"href":"https:\/\/blogsaverroes.juntadeandalucia.es\/iesriberadelfardes\/wp-json\/wp\/v2\/media\/8305"}],"wp:attachment":[{"href":"https:\/\/blogsaverroes.juntadeandalucia.es\/iesriberadelfardes\/wp-json\/wp\/v2\/media?parent=8304"}],"curies":[{"name":"wp","href":"https:\/\/api.w.org\/{rel}","templated":true}]}}