{"id":1141,"date":"2022-05-12T10:01:00","date_gmt":"2022-05-12T09:01:00","guid":{"rendered":"https:\/\/blogsaverroes.juntadeandalucia.es\/iesrioandara\/?page_id=1141"},"modified":"2025-06-27T12:15:37","modified_gmt":"2025-06-27T11:15:37","slug":"plan-de-igualdad","status":"publish","type":"page","link":"https:\/\/blogsaverroes.juntadeandalucia.es\/iesrioandara\/plan-de-igualdad\/","title":{"rendered":"Plan de igualdad de g\u00e9nero en la educaci\u00f3n"},"content":{"rendered":"<p><img loading=\"lazy\" decoding=\"async\" class=\"size-full wp-image-2734 aligncenter\" src=\"https:\/\/blogsaverroes.juntadeandalucia.es\/iesrioandara\/files\/2023\/03\/IMG_20211130_185300-300x121-1.jpg\" alt=\"\" width=\"300\" height=\"121\"><\/p>\n<p>&nbsp;<\/p>\n<p><span style=\"font-weight: 400;color: #800080\">El objetivo central de nuestro Plan de Igualdad es crear un proyecto interdisciplinar coordinado con el Plan de Convivencia y el Proyecto Escuela Espacio de Paz para abordar de forma conjunta e integral los tres grandes pilares de nuestro trabajo, convivencia, educar en igualdad y difundir la cultura de la Paz y resoluci\u00f3n de no violenta de los conflictos.<\/span><\/p>\n<p><span style=\"font-weight: 400;color: #800080\">Los pilares de este proyecto son:<\/span><\/p>\n<ol>\n<li style=\"font-weight: 400\"><span style=\"font-weight: 400;color: #800080\">Trabajo en equipo, implicaci\u00f3n de todos los departamentos en las propuestas que se hacen desde El Plan de Igualdad, y la labor del departamento de Orientaci\u00f3n para canalizar dichas propuestas hacia las tutor\u00edas.<\/span><\/li>\n<li style=\"font-weight: 400\"><span style=\"font-weight: 400;color: #800080\">Concienciar a nuestro alumnado sobre la Igualdad de G\u00e9nero y luchar contra la Violencia de G\u00e9nero.<\/span><\/li>\n<li style=\"font-weight: 400\"><span style=\"font-weight: 400;color: #800080\">Desmontar los roles de g\u00e9nero.<\/span><\/li>\n<li style=\"font-weight: 400\"><span style=\"font-weight: 400;color: #800080\">Trabajo Inclusivo de nuestros proyectos, incluyendo a las familias y las organizaciones que trabajan en el barrio.<\/span><\/li>\n<li style=\"font-weight: 400\"><span style=\"font-weight: 400;color: #800080\">Visibilizar nuestra labor y el esfuerzo e implicaci\u00f3n de todo el esfuerzo que realiza el profesorado que participa en las distintas propuestas y campa\u00f1as que llevamos a cabo a lo largo del curso.<\/span><\/li>\n<li style=\"font-weight: 400\"><span style=\"font-weight: 400;color: #800080\">Visibilizar a las mujeres en todos los \u00e1mbitos a trav\u00e9s del trabajo interdisciplinar con los departamentos did\u00e1cticos.<\/span><\/li>\n<li style=\"font-weight: 400\"><span style=\"font-weight: 400;color: #800080\">Ampliar el rinc\u00f3n violeta en nuestra biblioteca escolar.<\/span><\/li>\n<li style=\"font-weight: 400\"><span style=\"font-weight: 400;color: #800080\">Fomentar actividades inclusivas y que ayuden a mejorar la autoestima de nuestro alumnado y ha revelar su capacidad creativa y art\u00edstica.<\/span><\/li>\n<li style=\"font-weight: 400\"><span style=\"font-weight: 400;color: #800080\">Utilizar el arte en todas sus facetas como medio de expresi\u00f3n para hacer llegar los mensajes de igualdad y respeto.<\/span><span style=\"color: #800080\"><span style=\"font-weight: 400\">Nuestro trabajo se puede visibilizar a trav\u00e9s de:<\/span><\/span>\n<ul>\n<li><a href=\"https:\/\/www.youtube.com\/channel\/UCgacctQydrt2h_w5Z1N-JZw\">Nuestro canal de youtube instituto r\u00edo andarax<\/a><\/li>\n<li><a href=\"https:\/\/www.instagram.com\/pilitecno\/\">En instagram igualdad.iesrioandarax<\/a>&nbsp;<\/li>\n<\/ul>\n<\/li>\n<\/ol>\n<p>&nbsp;<\/p>\n<p><strong><span style=\"font-size: 18pt\">TODAS ESTAS ACTIVIDADES&nbsp; HAN SIDO FINANCIADAS CON EL PACTO DE ESTADO<\/span><\/strong><\/p>\n<p>&nbsp;<\/p>\n<p>&nbsp;<\/p>\n<p><img loading=\"lazy\" decoding=\"async\" class=\"r48jcc pT0Scc iPVvYb aligncenter\" src=\"https:\/\/violenciagenero.igualdad.gob.es\/pactoEstado\/IMG\/LogoGallego.png\" alt=\"Logos del Pacto de Estado contra la Violencia de G\u00e9nero - Government Office against Gender-based Violence\" width=\"259\" height=\"241\" aria-hidden=\"false\"><span style=\"font-size: 18pt;color: #ff0000\"><strong>RESUMEN ANUAL DEL CURSO 2024-2025<\/strong><\/span><\/p>\n<p>&nbsp;<\/p>\n<p><span style=\"font-size: 14pt\"><strong><span style=\"color: #cc99ff\"><a style=\"color: #cc99ff\" href=\"https:\/\/blogsaverroes.juntadeandalucia.es\/iesrioandara\/files\/2025\/06\/Memoria-Plan-Igualdad-2024-25.pdf\">AQU\u00cd puedes consultar la MEMORIA DEL PLAN DE IGUALDAD 2024-25<\/a><\/span><\/strong><\/span><\/p>\n<p>&nbsp;<\/p>\n<p><span style=\"font-size: 14pt\">Difusi\u00f3n en web oficial de nuestro instituto:<\/span><\/p>\n<p><span style=\"font-size: 12pt\"><a href=\"https:\/\/blogsaverroes.juntadeandalucia.es\/iesrioandara\/25-noviembre-no-te-calles\/\">25 Noviembre \u2026. \u00a1\u00a1 NO TE CALLES !!<\/a><\/span><\/p>\n<p><span style=\"font-size: 12pt\"><a href=\"https:\/\/blogsaverroes.juntadeandalucia.es\/iesrioandara\/las-v-jornadas-culturales-del-ies-rio-andarax-han-sido-un-rotundo-exito\/\">\u00a1Las V Jornadas Culturales del IES R\u00edo Andarax han sido un rotundo \u00e9xito!<\/a><\/span><\/p>\n<p><span style=\"font-size: 12pt\"><a href=\"https:\/\/blogsaverroes.juntadeandalucia.es\/iesrioandara\/taller-sobre-tolerancia-lgtbi\/\">Taller sobre tolerancia LGTBI<\/a><\/span><\/p>\n<p><span style=\"font-size: 12pt\"><a href=\"https:\/\/blogsaverroes.juntadeandalucia.es\/iesrioandara\/un-paso-hacia-la-igualdad-en-el-ies-rio-andarax\/\">\u00a1Un paso hacia la igualdad en el IES R\u00edo Andarax!<\/a><\/span><\/p>\n<p>&nbsp;<\/p>\n<p>&nbsp;<\/p>\n<p><strong>Curso 2022\/23<\/strong><\/p>\n<p>&nbsp;<\/p>\n<p>&nbsp;<\/p>\n<table style=\"border-collapse: collapse;width: 100%\">\n<tbody>\n<tr>\n<td style=\"width: 50%\"><div style=\"width: 720px;\" class=\"wp-video\"><!--[if lt IE 9]><script>document.createElement('video');<\/script><![endif]-->\n<video class=\"wp-video-shortcode\" id=\"video-1141-1\" width=\"720\" height=\"1280\" preload=\"metadata\" controls=\"controls\"><source type=\"video\/mp4\" src=\"https:\/\/blogsaverroes.juntadeandalucia.es\/iesrioandara\/files\/2023\/05\/Mediaci\u00f3n.mp4?_=1\" \/><a href=\"https:\/\/blogsaverroes.juntadeandalucia.es\/iesrioandara\/files\/2023\/05\/Mediaci\u00f3n.mp4\">https:\/\/blogsaverroes.juntadeandalucia.es\/iesrioandara\/files\/2023\/05\/Mediaci\u00f3n.mp4<\/a><\/video><\/div><\/td>\n<td style=\"width: 50%\">\n<p style=\"text-align: center\"><span style=\"color: #ff9900;font-size: 18pt\"><strong>D\u00cdA INTERNACIONAL DE LA MUJER Y LA NI\u00d1A EN LA CIENCIA<\/strong><\/span><\/p>\n<p style=\"text-align: center\"><img loading=\"lazy\" decoding=\"async\" class=\"wp-image-3352 aligncenter\" src=\"https:\/\/blogsaverroes.juntadeandalucia.es\/iesrioandara\/files\/2023\/05\/ni\u00f1aciencia2-212x300.jpg\" alt=\"\" width=\"269\" height=\"380\" srcset=\"https:\/\/blogsaverroes.juntadeandalucia.es\/iesrioandara\/files\/2023\/05\/ni\u00f1aciencia2-212x300.jpg 212w, https:\/\/blogsaverroes.juntadeandalucia.es\/iesrioandara\/files\/2023\/05\/ni\u00f1aciencia2-724x1024.jpg 724w, https:\/\/blogsaverroes.juntadeandalucia.es\/iesrioandara\/files\/2023\/05\/ni\u00f1aciencia2-768x1086.jpg 768w, https:\/\/blogsaverroes.juntadeandalucia.es\/iesrioandara\/files\/2023\/05\/ni\u00f1aciencia2-1086x1536.jpg 1086w, https:\/\/blogsaverroes.juntadeandalucia.es\/iesrioandara\/files\/2023\/05\/ni\u00f1aciencia2-1080x1528.jpg 1080w, https:\/\/blogsaverroes.juntadeandalucia.es\/iesrioandara\/files\/2023\/05\/ni\u00f1aciencia2-1280x1810.jpg 1280w, https:\/\/blogsaverroes.juntadeandalucia.es\/iesrioandara\/files\/2023\/05\/ni\u00f1aciencia2-980x1386.jpg 980w, https:\/\/blogsaverroes.juntadeandalucia.es\/iesrioandara\/files\/2023\/05\/ni\u00f1aciencia2-480x679.jpg 480w, https:\/\/blogsaverroes.juntadeandalucia.es\/iesrioandara\/files\/2023\/05\/ni\u00f1aciencia2.jpg 1414w\" sizes=\"(max-width: 269px) 100vw, 269px\" \/><\/p>\n<p>&nbsp;<\/p>\n<p>&nbsp;<\/p>\n<p><img loading=\"lazy\" decoding=\"async\" class=\"wp-image-3351 aligncenter\" src=\"https:\/\/blogsaverroes.juntadeandalucia.es\/iesrioandara\/files\/2023\/05\/11F-ni\u00f1aciencia-212x300.jpg\" alt=\"\" width=\"266\" height=\"376\" srcset=\"https:\/\/blogsaverroes.juntadeandalucia.es\/iesrioandara\/files\/2023\/05\/11F-ni\u00f1aciencia-212x300.jpg 212w, https:\/\/blogsaverroes.juntadeandalucia.es\/iesrioandara\/files\/2023\/05\/11F-ni\u00f1aciencia-724x1024.jpg 724w, https:\/\/blogsaverroes.juntadeandalucia.es\/iesrioandara\/files\/2023\/05\/11F-ni\u00f1aciencia-768x1086.jpg 768w, https:\/\/blogsaverroes.juntadeandalucia.es\/iesrioandara\/files\/2023\/05\/11F-ni\u00f1aciencia-1086x1536.jpg 1086w, https:\/\/blogsaverroes.juntadeandalucia.es\/iesrioandara\/files\/2023\/05\/11F-ni\u00f1aciencia-1080x1528.jpg 1080w, https:\/\/blogsaverroes.juntadeandalucia.es\/iesrioandara\/files\/2023\/05\/11F-ni\u00f1aciencia-1280x1810.jpg 1280w, https:\/\/blogsaverroes.juntadeandalucia.es\/iesrioandara\/files\/2023\/05\/11F-ni\u00f1aciencia-980x1386.jpg 980w, https:\/\/blogsaverroes.juntadeandalucia.es\/iesrioandara\/files\/2023\/05\/11F-ni\u00f1aciencia-480x679.jpg 480w, https:\/\/blogsaverroes.juntadeandalucia.es\/iesrioandara\/files\/2023\/05\/11F-ni\u00f1aciencia.jpg 1414w\" sizes=\"(max-width: 266px) 100vw, 266px\" \/><\/td>\n<\/tr>\n<\/tbody>\n<\/table>\n<table style=\"border-collapse: collapse;width: 49.9627%\">\n<tbody>\n<tr>\n<td style=\"width: 100%;text-align: center\">8 de marzo D\u00cdA INTERNACIONAL DE LA MUJER<\/p>\n<p>&nbsp; &nbsp;<\/p>\n<p><div style=\"width: 960px;\" class=\"wp-video\"><video class=\"wp-video-shortcode\" id=\"video-1141-2\" width=\"960\" height=\"720\" preload=\"metadata\" controls=\"controls\"><source type=\"video\/mp4\" src=\"https:\/\/blogsaverroes.juntadeandalucia.es\/iesrioandara\/files\/2023\/05\/8M-2023-IES-R\u00cdO-ANDARAX.mp4?_=2\" \/><a href=\"https:\/\/blogsaverroes.juntadeandalucia.es\/iesrioandara\/files\/2023\/05\/8M-2023-IES-R\u00cdO-ANDARAX.mp4\">https:\/\/blogsaverroes.juntadeandalucia.es\/iesrioandara\/files\/2023\/05\/8M-2023-IES-R\u00cdO-ANDARAX.mp4<\/a><\/video><\/div><\/td>\n<\/tr>\n<\/tbody>\n<\/table>\n<p style=\"text-align: center\">&nbsp;<\/p>\n<p>&nbsp;<\/p>\n","protected":false},"excerpt":{"rendered":"<p>&nbsp; El objetivo central de nuestro Plan de Igualdad es crear un proyecto interdisciplinar coordinado con el Plan de Convivencia y el Proyecto Escuela Espacio de Paz para abordar de forma conjunta e integral los tres grandes pilares de nuestro trabajo, convivencia, educar en igualdad y difundir la cultura de la Paz y resoluci\u00f3n de [&hellip;]<\/p>\n","protected":false},"author":14899,"featured_media":0,"parent":0,"menu_order":0,"comment_status":"closed","ping_status":"closed","template":"","meta":{"_et_pb_use_builder":"off","_et_pb_old_content":"","_et_gb_content_width":"","ngg_post_thumbnail":0,"footnotes":""},"aioseo_notices":[],"_links":{"self":[{"href":"https:\/\/blogsaverroes.juntadeandalucia.es\/iesrioandara\/wp-json\/wp\/v2\/pages\/1141"}],"collection":[{"href":"https:\/\/blogsaverroes.juntadeandalucia.es\/iesrioandara\/wp-json\/wp\/v2\/pages"}],"about":[{"href":"https:\/\/blogsaverroes.juntadeandalucia.es\/iesrioandara\/wp-json\/wp\/v2\/types\/page"}],"author":[{"embeddable":true,"href":"https:\/\/blogsaverroes.juntadeandalucia.es\/iesrioandara\/wp-json\/wp\/v2\/users\/14899"}],"replies":[{"embeddable":true,"href":"https:\/\/blogsaverroes.juntadeandalucia.es\/iesrioandara\/wp-json\/wp\/v2\/comments?post=1141"}],"version-history":[{"count":37,"href":"https:\/\/blogsaverroes.juntadeandalucia.es\/iesrioandara\/wp-json\/wp\/v2\/pages\/1141\/revisions"}],"predecessor-version":[{"id":4908,"href":"https:\/\/blogsaverroes.juntadeandalucia.es\/iesrioandara\/wp-json\/wp\/v2\/pages\/1141\/revisions\/4908"}],"wp:attachment":[{"href":"https:\/\/blogsaverroes.juntadeandalucia.es\/iesrioandara\/wp-json\/wp\/v2\/media?parent=1141"}],"curies":[{"name":"wp","href":"https:\/\/api.w.org\/{rel}","templated":true}]}}