{"id":1521,"date":"2022-10-19T19:55:52","date_gmt":"2022-10-19T18:55:52","guid":{"rendered":"https:\/\/blogsaverroes.juntadeandalucia.es\/iesrioandara\/?page_id=1521"},"modified":"2025-06-15T12:10:30","modified_gmt":"2025-06-15T11:10:30","slug":"historia","status":"publish","type":"page","link":"https:\/\/blogsaverroes.juntadeandalucia.es\/iesrioandara\/historia\/","title":{"rendered":"Historia"},"content":{"rendered":"<h5 style=\"text-align: center\"><span style=\"color: #008000\"><strong><img loading=\"lazy\" decoding=\"async\" class=\"aligncenter size-medium wp-image-429\" src=\"https:\/\/blogsaverroes.juntadeandalucia.es\/iesrioandara\/files\/2020\/01\/15621634470732-300x169.jpg\" alt=\"\" width=\"300\" height=\"169\"><\/strong><\/span><\/h5>\n<p><span style=\"font-size: 12pt;font-family: arial, helvetica, sans-serif\">Nuestro centro se encuentra situado en el barrio Almeriense de El Puche. <\/span><br \/>\n<span style=\"font-size: 12pt;font-family: arial, helvetica, sans-serif\">Se cre\u00f3 en 1981 como centro de primaria y ha seguido creciendo hasta lo que es&nbsp; ahora, un Instituto de Educaci\u00f3n Secundaria en el que se imparten las ense\u00f1anzas de:<\/span><\/p>\n<p><span style=\"font-size: 12pt;font-family: arial, helvetica, sans-serif\"><strong>Educaci\u00f3n Secundaria Obligatoria (ESO)<\/strong><\/span><\/p>\n<p><span style=\"font-size: 12pt;font-family: arial, helvetica, sans-serif\"><strong>Ciclos formativos de Grado B\u00e1sico<\/strong>:<\/span><\/p>\n<p><span style=\"font-size: 12pt;font-family: arial, helvetica, sans-serif\">&nbsp; &nbsp; &nbsp; &nbsp;&#8211; Reforma y Mantenimiento de Edificios.<\/span><\/p>\n<p><span style=\"font-size: 12pt;font-family: arial, helvetica, sans-serif\">&nbsp; &nbsp; &nbsp; &nbsp;&#8211; Alojamiento y Lavander\u00eda.<\/span><\/p>\n<p><span style=\"font-size: 12pt;font-family: arial, helvetica, sans-serif\"><strong>Ciclo de Grado Medio de Formaci\u00f3n Profesional:<\/strong><\/span><\/p>\n<p><span style=\"font-size: 12pt;font-family: arial, helvetica, sans-serif\">&nbsp; &nbsp; &nbsp; &nbsp;&#8211;&nbsp; Instalaciones El\u00e9ctricas y Autom\u00e1ticas.<\/span><\/p>\n<p style=\"text-align: left\"><span style=\"font-size: 12pt;font-family: arial, helvetica, sans-serif\">En el curso 2008\/2009 se implant\u00f3 el PLAN DE COMPENSATORIA, que es uno de <\/span><span style=\"font-size: 12pt;font-family: arial, helvetica, sans-serif\">nuestros ejes centrales. Naci\u00f3 de la experimentaci\u00f3n de metodolog\u00edas para poder responder a <\/span><span style=\"font-size: 12pt;font-family: arial, helvetica, sans-serif\">las necesidades de nuestro alumnado y para que a la vez, supusiera un incentivo para el <\/span><span style=\"font-size: 12pt;font-family: arial, helvetica, sans-serif\">esfuerzo que el claustro realiza a diario.<\/span><\/p>\n<p>&nbsp;<\/p>\n<p>&nbsp;<\/p>\n<p>&nbsp;<\/p>\n","protected":false},"excerpt":{"rendered":"<p>Nuestro centro se encuentra situado en el barrio Almeriense de El Puche. Se cre\u00f3 en 1981 como centro de primaria y ha seguido creciendo hasta lo que es&nbsp; ahora, un Instituto de Educaci\u00f3n Secundaria en el que se imparten las ense\u00f1anzas de: Educaci\u00f3n Secundaria Obligatoria (ESO) Ciclos formativos de Grado B\u00e1sico: &nbsp; &nbsp; &nbsp; &nbsp;&#8211; [&hellip;]<\/p>\n","protected":false},"author":14522,"featured_media":0,"parent":0,"menu_order":0,"comment_status":"closed","ping_status":"closed","template":"","meta":{"_et_pb_use_builder":"off","_et_pb_old_content":"","_et_gb_content_width":"","ngg_post_thumbnail":0,"footnotes":""},"aioseo_notices":[],"_links":{"self":[{"href":"https:\/\/blogsaverroes.juntadeandalucia.es\/iesrioandara\/wp-json\/wp\/v2\/pages\/1521"}],"collection":[{"href":"https:\/\/blogsaverroes.juntadeandalucia.es\/iesrioandara\/wp-json\/wp\/v2\/pages"}],"about":[{"href":"https:\/\/blogsaverroes.juntadeandalucia.es\/iesrioandara\/wp-json\/wp\/v2\/types\/page"}],"author":[{"embeddable":true,"href":"https:\/\/blogsaverroes.juntadeandalucia.es\/iesrioandara\/wp-json\/wp\/v2\/users\/14522"}],"replies":[{"embeddable":true,"href":"https:\/\/blogsaverroes.juntadeandalucia.es\/iesrioandara\/wp-json\/wp\/v2\/comments?post=1521"}],"version-history":[{"count":98,"href":"https:\/\/blogsaverroes.juntadeandalucia.es\/iesrioandara\/wp-json\/wp\/v2\/pages\/1521\/revisions"}],"predecessor-version":[{"id":4845,"href":"https:\/\/blogsaverroes.juntadeandalucia.es\/iesrioandara\/wp-json\/wp\/v2\/pages\/1521\/revisions\/4845"}],"wp:attachment":[{"href":"https:\/\/blogsaverroes.juntadeandalucia.es\/iesrioandara\/wp-json\/wp\/v2\/media?parent=1521"}],"curies":[{"name":"wp","href":"https:\/\/api.w.org\/{rel}","templated":true}]}}