{"id":2775,"date":"2023-03-12T19:19:01","date_gmt":"2023-03-12T18:19:01","guid":{"rendered":"https:\/\/blogsaverroes.juntadeandalucia.es\/iesrioandara\/?page_id=2775"},"modified":"2024-02-12T12:38:30","modified_gmt":"2024-02-12T11:38:30","slug":"educacion-plastica-visual-y-audiovisual","status":"publish","type":"page","link":"https:\/\/blogsaverroes.juntadeandalucia.es\/iesrioandara\/educacion-plastica-visual-y-audiovisual\/","title":{"rendered":"EDUCACI\u00d3N PL\u00c1STICA, VISUAL Y AUDIOVISUAL"},"content":{"rendered":"<p>Este departamento unipersonal imparte la materia de E.P.V.A en los cursos<\/p>\n<p>&nbsp;<\/p>\n<p>1\u00ba y 3\u00ba de la ESO.&nbsp; En 4\u00ba curso de la ESO se imparte Expresi\u00f3n Art\u00edstica y Dibujo T\u00e9cnico, as\u00ed como un taller creativo en 1\u00ba de DICU.<br \/>\nLa Educaci\u00f3n pl\u00e1stica, visual y audiovisual se refiere a la ense\u00f1anza de las artes visuales, el estudio de la geometr\u00eda y el lenguaje audiovisual en un contexto educativo. Esta materia est\u00e1 enfocada en desarrollar las habilidades y el conocimiento necesarios para comprender, crear, analizar y apreciar el ARTE y el LENGUAJE AUDIOVISUAL en todas sus formas, as\u00ed como la capacidad para pensar cr\u00edticamente.<\/p>\n<p>En esta materia los estudiantes desarrollan su capacidad creativa a trav\u00e9s de una variedad de actividades como; dibujar, pintar, modelar, dise\u00f1ar, fotografiar, filmar y editar videos. Tambi\u00e9n se estudia la Historia del arte, el an\u00e1lisis de las obras de arte, la teor\u00eda de la comunicaci\u00f3n audiovisual y la est\u00e9tica.<br \/>\nAdem\u00e1s, esta materia tambi\u00e9n ayuda a los estudiantes a desarrollar habilidades importantes para el mundo laboral, como la comunicaci\u00f3n visual, la resoluci\u00f3n de problemas creativos y la habilidad para<br \/>\ntrabajar en equipo.<br \/>\nEste departamento coordina el proyecto de creaci\u00f3n art\u00edstica &#8220;Re-crearte&#8221;, que se imparte en los recreos, habitando un espacio para el pensamiento creativo e intercambio de conocimientos entre alumnado de diferentes edades pero con un objetivo com\u00fan, la pasi\u00f3n por el Arte.<\/p>\n<p>&nbsp;<\/p>\n<p>&nbsp;<\/p>\n<table style=\"border-collapse: collapse;width: 100%\">\n<tbody>\n<tr>\n<td style=\"width: 50%\"><a href=\"https:\/\/youtu.be\/6VSA1O7OD3U?feature=shared\">V\u00cdDEOS DE PROYECTOS ART\u00cdSTICOS<\/a><\/td>\n<td style=\"width: 50%\">TRABAJOS DE CLASE<\/td>\n<\/tr>\n<\/tbody>\n<\/table>\n","protected":false},"excerpt":{"rendered":"<p>Este departamento unipersonal imparte la materia de E.P.V.A en los cursos &nbsp; 1\u00ba y 3\u00ba de la ESO.&nbsp; En 4\u00ba curso de la ESO se imparte Expresi\u00f3n Art\u00edstica y Dibujo T\u00e9cnico, as\u00ed como un taller creativo en 1\u00ba de DICU. La Educaci\u00f3n pl\u00e1stica, visual y audiovisual se refiere a la ense\u00f1anza de las artes visuales, [&hellip;]<\/p>\n","protected":false},"author":17153,"featured_media":0,"parent":0,"menu_order":0,"comment_status":"closed","ping_status":"closed","template":"","meta":{"_et_pb_use_builder":"","_et_pb_old_content":"","_et_gb_content_width":"","ngg_post_thumbnail":0,"footnotes":""},"aioseo_notices":[],"_links":{"self":[{"href":"https:\/\/blogsaverroes.juntadeandalucia.es\/iesrioandara\/wp-json\/wp\/v2\/pages\/2775"}],"collection":[{"href":"https:\/\/blogsaverroes.juntadeandalucia.es\/iesrioandara\/wp-json\/wp\/v2\/pages"}],"about":[{"href":"https:\/\/blogsaverroes.juntadeandalucia.es\/iesrioandara\/wp-json\/wp\/v2\/types\/page"}],"author":[{"embeddable":true,"href":"https:\/\/blogsaverroes.juntadeandalucia.es\/iesrioandara\/wp-json\/wp\/v2\/users\/17153"}],"replies":[{"embeddable":true,"href":"https:\/\/blogsaverroes.juntadeandalucia.es\/iesrioandara\/wp-json\/wp\/v2\/comments?post=2775"}],"version-history":[{"count":11,"href":"https:\/\/blogsaverroes.juntadeandalucia.es\/iesrioandara\/wp-json\/wp\/v2\/pages\/2775\/revisions"}],"predecessor-version":[{"id":3718,"href":"https:\/\/blogsaverroes.juntadeandalucia.es\/iesrioandara\/wp-json\/wp\/v2\/pages\/2775\/revisions\/3718"}],"wp:attachment":[{"href":"https:\/\/blogsaverroes.juntadeandalucia.es\/iesrioandara\/wp-json\/wp\/v2\/media?parent=2775"}],"curies":[{"name":"wp","href":"https:\/\/api.w.org\/{rel}","templated":true}]}}