{"id":2777,"date":"2023-03-12T19:19:40","date_gmt":"2023-03-12T18:19:40","guid":{"rendered":"https:\/\/blogsaverroes.juntadeandalucia.es\/iesrioandara\/?page_id=2777"},"modified":"2025-09-04T11:00:53","modified_gmt":"2025-09-04T10:00:53","slug":"idiomas","status":"publish","type":"page","link":"https:\/\/blogsaverroes.juntadeandalucia.es\/iesrioandara\/idiomas\/","title":{"rendered":"IDIOMAS"},"content":{"rendered":"<p><span style=\"font-weight: 400\">Nuestro departamento se dedica a formar a los estudiantes en dos de los idiomas m\u00e1s importantes a nivel mundial: ingl\u00e9s y franc\u00e9s. La importancia del dominio de estos idiomas no solo se limita a la comunicaci\u00f3n a nivel internacional, sino que tambi\u00e9n es crucial para el acceso a una gran variedad de oportunidades laborales y acad\u00e9micas.<\/span><\/p>\n<p><span style=\"font-weight: 400\">En nuestro departamento, contamos con un equipo de profesores y profesoras con experiencia en la ense\u00f1anza de idiomas, que se encargan de impartir las clases de ingl\u00e9s y franc\u00e9s a los estudiantes.<\/span><\/p>\n<ul>\n<li style=\"font-weight: 400\"><span style=\"font-weight: 400\">Ingl\u00e9s: en esta asignatura, los estudiantes adquirir\u00e1n los conocimientos y habilidades necesarios para comunicarse en ingl\u00e9s de forma efectiva. Se abordar\u00e1n temas como la gram\u00e1tica, la pronunciaci\u00f3n, el vocabulario y la comprensi\u00f3n oral y escrita. Adem\u00e1s, tambi\u00e9n se fomentar\u00e1 la pr\u00e1ctica de la conversaci\u00f3n en ingl\u00e9s, para que los estudiantes puedan mejorar su fluidez en el idioma.<\/span><\/li>\n<li style=\"font-weight: 400\"><span style=\"font-weight: 400\">Franc\u00e9s: en esta materia, los estudiantes aprender\u00e1n el idioma franc\u00e9s desde cero. Se abordar\u00e1n temas como la gram\u00e1tica, la pronunciaci\u00f3n, el vocabulario y la comprensi\u00f3n oral y escrita. Adem\u00e1s, se fomentar\u00e1 la pr\u00e1ctica de la conversaci\u00f3n en franc\u00e9s, para que los estudiantes puedan mejorar su fluidez en el idioma.<\/span><\/li>\n<\/ul>\n<p><span style=\"font-weight: 400\">Adem\u00e1s de las clases te\u00f3ricas, nuestro departamento tambi\u00e9n ofrece la posibilidad de realizar intercambios con pa\u00edses donde se habla el idioma correspondiente, lo que permite a los estudiantes practicar el idioma en un entorno real y adquirir una experiencia \u00fanica.<\/span><\/p>\n<p><span style=\"font-weight: 400\">En cuanto a las salidas profesionales, el dominio de los idiomas ingl\u00e9s y franc\u00e9s es fundamental para el acceso a numerosos trabajos en sectores como el turismo, la comunicaci\u00f3n, el comercio internacional, entre otros.<\/span><\/p>\n<p><span style=\"font-weight: 400\">En resumen, el Departamento de Idiomas de nuestro centro educativo ofrece una formaci\u00f3n completa y pr\u00e1ctica en dos de los idiomas m\u00e1s importantes a nivel mundial, con unas salidas profesionales muy amplias y una gran demanda en el mercado laboral actual.<\/span><\/p>\n<p>&nbsp;<\/p>\n<p>&nbsp;<\/p>\n","protected":false},"excerpt":{"rendered":"<p>Nuestro departamento se dedica a formar a los estudiantes en dos de los idiomas m\u00e1s importantes a nivel mundial: ingl\u00e9s y franc\u00e9s. La importancia del dominio de estos idiomas no solo se limita a la comunicaci\u00f3n a nivel internacional, sino que tambi\u00e9n es crucial para el acceso a una gran variedad de oportunidades laborales y [&hellip;]<\/p>\n","protected":false},"author":17153,"featured_media":0,"parent":0,"menu_order":0,"comment_status":"closed","ping_status":"closed","template":"","meta":{"_et_pb_use_builder":"","_et_pb_old_content":"","_et_gb_content_width":"","ngg_post_thumbnail":0,"footnotes":""},"aioseo_notices":[],"_links":{"self":[{"href":"https:\/\/blogsaverroes.juntadeandalucia.es\/iesrioandara\/wp-json\/wp\/v2\/pages\/2777"}],"collection":[{"href":"https:\/\/blogsaverroes.juntadeandalucia.es\/iesrioandara\/wp-json\/wp\/v2\/pages"}],"about":[{"href":"https:\/\/blogsaverroes.juntadeandalucia.es\/iesrioandara\/wp-json\/wp\/v2\/types\/page"}],"author":[{"embeddable":true,"href":"https:\/\/blogsaverroes.juntadeandalucia.es\/iesrioandara\/wp-json\/wp\/v2\/users\/17153"}],"replies":[{"embeddable":true,"href":"https:\/\/blogsaverroes.juntadeandalucia.es\/iesrioandara\/wp-json\/wp\/v2\/comments?post=2777"}],"version-history":[{"count":5,"href":"https:\/\/blogsaverroes.juntadeandalucia.es\/iesrioandara\/wp-json\/wp\/v2\/pages\/2777\/revisions"}],"predecessor-version":[{"id":4915,"href":"https:\/\/blogsaverroes.juntadeandalucia.es\/iesrioandara\/wp-json\/wp\/v2\/pages\/2777\/revisions\/4915"}],"wp:attachment":[{"href":"https:\/\/blogsaverroes.juntadeandalucia.es\/iesrioandara\/wp-json\/wp\/v2\/media?parent=2777"}],"curies":[{"name":"wp","href":"https:\/\/api.w.org\/{rel}","templated":true}]}}