{"id":2782,"date":"2023-03-12T19:26:11","date_gmt":"2023-03-12T18:26:11","guid":{"rendered":"https:\/\/blogsaverroes.juntadeandalucia.es\/iesrioandara\/?page_id=2782"},"modified":"2025-09-04T10:56:28","modified_gmt":"2025-09-04T09:56:28","slug":"ciencias","status":"publish","type":"page","link":"https:\/\/blogsaverroes.juntadeandalucia.es\/iesrioandara\/ciencias\/","title":{"rendered":"CIENCIAS"},"content":{"rendered":"<p><span style=\"font-weight: 400\">El departamento de Ciencias Naturales est\u00e1 constituido por las \u00e1reas de Biolog\u00eda y Geolog\u00eda y F\u00edsica y Qu\u00edmica.<\/span><\/p>\n<p><span style=\"font-weight: 400\">El <\/span><b><i>\u00e1rea de Biolog\u00eda y Geolog\u00eda<\/i><\/b><span style=\"font-weight: 400\"> imparte la asignatura a los siguientes cursos: 1\u00ba de la ESO (todos los grupos), 3\u00ba de la ES (todos los grupos) y 4\u00ba de la ESO (al grupo de ciencias).<\/span><\/p>\n<p><span style=\"font-weight: 400\">El <\/span><b><i>\u00e1rea de F\u00edsica y Qu\u00edmica<\/i><\/b><span style=\"font-weight: 400\"> imparte la asignatura a los siguientes cursos: 2\u00ba de la ESO (todos los grupos), 3\u00ba de la ES (todos los grupos) y 4\u00ba de la ESO (al grupo de ciencias).<\/span><\/p>\n<p><span style=\"font-weight: 400\">A parte de dar la teor\u00eda de las distintas asignaturas el IES consta de un laboratorio, que aunque todav\u00eda es muy b\u00e1sico, se est\u00e1 acondicionando poco a poco, y todos los grupos realizan pr\u00e1cticas de laboratorio en las dos \u00e1reas.<\/span><\/p>\n<p>&nbsp;<\/p>\n<p>&nbsp;<\/p>\n<p>&nbsp;<\/p>\n","protected":false},"excerpt":{"rendered":"<p>El departamento de Ciencias Naturales est\u00e1 constituido por las \u00e1reas de Biolog\u00eda y Geolog\u00eda y F\u00edsica y Qu\u00edmica. El \u00e1rea de Biolog\u00eda y Geolog\u00eda imparte la asignatura a los siguientes cursos: 1\u00ba de la ESO (todos los grupos), 3\u00ba de la ES (todos los grupos) y 4\u00ba de la ESO (al grupo de ciencias). El [&hellip;]<\/p>\n","protected":false},"author":17153,"featured_media":0,"parent":0,"menu_order":0,"comment_status":"closed","ping_status":"closed","template":"","meta":{"_et_pb_use_builder":"","_et_pb_old_content":"","_et_gb_content_width":"","ngg_post_thumbnail":0,"footnotes":""},"aioseo_notices":[],"_links":{"self":[{"href":"https:\/\/blogsaverroes.juntadeandalucia.es\/iesrioandara\/wp-json\/wp\/v2\/pages\/2782"}],"collection":[{"href":"https:\/\/blogsaverroes.juntadeandalucia.es\/iesrioandara\/wp-json\/wp\/v2\/pages"}],"about":[{"href":"https:\/\/blogsaverroes.juntadeandalucia.es\/iesrioandara\/wp-json\/wp\/v2\/types\/page"}],"author":[{"embeddable":true,"href":"https:\/\/blogsaverroes.juntadeandalucia.es\/iesrioandara\/wp-json\/wp\/v2\/users\/17153"}],"replies":[{"embeddable":true,"href":"https:\/\/blogsaverroes.juntadeandalucia.es\/iesrioandara\/wp-json\/wp\/v2\/comments?post=2782"}],"version-history":[{"count":5,"href":"https:\/\/blogsaverroes.juntadeandalucia.es\/iesrioandara\/wp-json\/wp\/v2\/pages\/2782\/revisions"}],"predecessor-version":[{"id":4911,"href":"https:\/\/blogsaverroes.juntadeandalucia.es\/iesrioandara\/wp-json\/wp\/v2\/pages\/2782\/revisions\/4911"}],"wp:attachment":[{"href":"https:\/\/blogsaverroes.juntadeandalucia.es\/iesrioandara\/wp-json\/wp\/v2\/media?parent=2782"}],"curies":[{"name":"wp","href":"https:\/\/api.w.org\/{rel}","templated":true}]}}