{"id":3493,"date":"2023-05-21T18:33:41","date_gmt":"2023-05-21T17:33:41","guid":{"rendered":"https:\/\/blogsaverroes.juntadeandalucia.es\/iesrioandara\/?page_id=3493"},"modified":"2023-06-08T12:30:31","modified_gmt":"2023-06-08T11:30:31","slug":"proyecto-abpplantas-patio","status":"publish","type":"page","link":"https:\/\/blogsaverroes.juntadeandalucia.es\/iesrioandara\/proyecto-abpplantas-patio\/","title":{"rendered":"Proyecto ABP(Plantas Patio)"},"content":{"rendered":"<p>&nbsp;<\/p>\n<p><span style=\"color: #008000\"><strong>Este curso hemos llevado a cabo un proyecto de Aprendizaje Basado en Proyectos:<\/strong><\/span><\/p>\n<p><span style=\"color: #008000\"><strong> Ha consistido en clasificar las plantas del patio, buscar informaci\u00f3n sobre ellas, guardarla en drive y hacer una ficha con la aplicaci\u00f3n CANVA.<\/strong><\/span><\/p>\n<p><span style=\"color: #008000\"><strong> Pulsa en el siguiente enlace y veras la ficha con las caracter\u00edsticas de la planta.<br \/>\n<\/strong><\/span><\/p>\n<p><span style=\"color: #008000\"><strong><a style=\"color: #008000\" href=\"https:\/\/blogsaverroes.juntadeandalucia.es\/iesrioandara\/files\/2023\/05\/ADELFA.pdf\"><span style=\"color: #ff6600\">ENLACE DE LO QUE APARECER\u00c1 CUANDO SE ESCANEE EL C\u00d3DIGO QR DE CADA PLANTA<\/span><\/a><\/strong><\/span><\/p>\n<p><span style=\"color: #008000\"><strong>Se ha traducido a ingl\u00e9s y \u00e1rabe. Despu\u00e9s se hace un c\u00f3digo QR, que estamos en ello,&nbsp; trabajando con Tinkercard para su dise\u00f1o y se imprimir\u00e1 con la impresora 3D y <\/strong><\/span><\/p>\n<p><span style=\"color: #008000\"><strong>se incrusta en una cer\u00e1mica donde el alumnado dibuja la planta y le pone su nombre. Estas cer\u00e1micas se colocar\u00e1n en las plantas correspondientes en el patio.<\/strong><\/span><\/p>\n<p><span style=\"color: #008000\"><strong> Al leer el c\u00f3digo QR aparecer\u00e1 la ficha que estar\u00e1 guardada en la biblioteca de la p\u00e1gina WEB del centro.&nbsp; <\/strong><\/span><\/p>\n<p><span style=\"color: #008000\"><strong>En este proyecto han intervenido varios departamentos y han participado varios cursos, 2\u00ba ESO y 3\u00ba ESO y 4\u00ba ESO.<br \/>\n<\/strong><\/span><\/p>\n<ul>\n<li><span style=\"color: #008000\"><strong>Biolog\u00eda<\/strong><\/span><\/li>\n<li><span style=\"color: #008000\"><strong>Tecnolog\u00eda (Inform\u00e1tica)&nbsp;<\/strong><\/span><\/li>\n<li><span style=\"color: #008000\"><strong>Tecnolog\u00eda<\/strong><\/span><\/li>\n<li><span style=\"color: #008000\"><strong>Educaci\u00f3n Pl\u00e1stica visual y audiovisual<\/strong><\/span><\/li>\n<li><span style=\"color: #008000\"><strong>Departamento de&nbsp;<\/strong><\/span><span style=\"color: #008000\"><b>ingl\u00e9s:<\/b><\/span><\/li>\n<\/ul>\n<p>&nbsp;<\/p>\n<p><span style=\"font-size: 24pt;color: #ff6600\"><strong>Este es el resultado final:<\/strong><\/span><\/p>\n<p>&nbsp;<\/p>\n<table style=\"border-collapse: collapse;width: 100%\">\n<tbody>\n<tr>\n<td style=\"width: 25%\"><img loading=\"lazy\" decoding=\"async\" class=\"aligncenter size-medium wp-image-3633\" src=\"https:\/\/blogsaverroes.juntadeandalucia.es\/iesrioandara\/files\/2023\/06\/IMG-20230607-WA0000-284x300.jpg\" alt=\"\" width=\"284\" height=\"300\"><\/td>\n<td style=\"width: 25%\"><img loading=\"lazy\" decoding=\"async\" class=\"aligncenter size-medium wp-image-3632\" src=\"https:\/\/blogsaverroes.juntadeandalucia.es\/iesrioandara\/files\/2023\/06\/IMG-20230607-WA0001-282x300.jpg\" alt=\"\" width=\"282\" height=\"300\"><\/td>\n<td style=\"width: 25%\"><img loading=\"lazy\" decoding=\"async\" class=\"aligncenter size-medium wp-image-3631\" src=\"https:\/\/blogsaverroes.juntadeandalucia.es\/iesrioandara\/files\/2023\/06\/IMG-20230607-WA0002-287x300.jpg\" alt=\"\" width=\"287\" height=\"300\"><\/td>\n<td style=\"width: 25%\"><img loading=\"lazy\" decoding=\"async\" class=\"aligncenter size-medium wp-image-3630\" src=\"https:\/\/blogsaverroes.juntadeandalucia.es\/iesrioandara\/files\/2023\/06\/IMG-20230607-WA0003-300x300.jpg\" alt=\"\" width=\"300\" height=\"300\"><\/td>\n<\/tr>\n<\/tbody>\n<\/table>\n<p>&nbsp;<\/p>\n<p><span style=\"color: #ff6600;font-size: 24pt\">Este es el proceso de trabajo:<\/span><\/p>\n<p>&nbsp;<\/p>\n<ul style=\"text-align: left\">\n<li>\n<table style=\"border-collapse: collapse;width: 96.2825%;height: 604px\">\n<tbody>\n<tr style=\"height: 240px\">\n<td style=\"width: 100%;height: 240px\">ngg_shortcode_0_placeholder<\/td>\n<\/tr>\n<tr style=\"height: 23px\">\n<td style=\"width: 100%;height: 23px\">ngg_shortcode_1_placeholder<\/td>\n<\/tr>\n<tr style=\"height: 23px\">\n<td style=\"width: 100%;height: 23px\">ngg_shortcode_2_placeholder<\/td>\n<\/tr>\n<\/tbody>\n<\/table>\n<\/li>\n<\/ul>\n","protected":false},"excerpt":{"rendered":"<p>&nbsp; Este curso hemos llevado a cabo un proyecto de Aprendizaje Basado en Proyectos: Ha consistido en clasificar las plantas del patio, buscar informaci\u00f3n sobre ellas, guardarla en drive y hacer una ficha con la aplicaci\u00f3n CANVA. Pulsa en el siguiente enlace y veras la ficha con las caracter\u00edsticas de la planta. ENLACE DE LO [&hellip;]<\/p>\n","protected":false},"author":14522,"featured_media":0,"parent":0,"menu_order":0,"comment_status":"closed","ping_status":"closed","template":"","meta":{"_et_pb_use_builder":"","_et_pb_old_content":"","_et_gb_content_width":"","ngg_post_thumbnail":0,"footnotes":""},"aioseo_notices":[],"_links":{"self":[{"href":"https:\/\/blogsaverroes.juntadeandalucia.es\/iesrioandara\/wp-json\/wp\/v2\/pages\/3493"}],"collection":[{"href":"https:\/\/blogsaverroes.juntadeandalucia.es\/iesrioandara\/wp-json\/wp\/v2\/pages"}],"about":[{"href":"https:\/\/blogsaverroes.juntadeandalucia.es\/iesrioandara\/wp-json\/wp\/v2\/types\/page"}],"author":[{"embeddable":true,"href":"https:\/\/blogsaverroes.juntadeandalucia.es\/iesrioandara\/wp-json\/wp\/v2\/users\/14522"}],"replies":[{"embeddable":true,"href":"https:\/\/blogsaverroes.juntadeandalucia.es\/iesrioandara\/wp-json\/wp\/v2\/comments?post=3493"}],"version-history":[{"count":16,"href":"https:\/\/blogsaverroes.juntadeandalucia.es\/iesrioandara\/wp-json\/wp\/v2\/pages\/3493\/revisions"}],"predecessor-version":[{"id":3636,"href":"https:\/\/blogsaverroes.juntadeandalucia.es\/iesrioandara\/wp-json\/wp\/v2\/pages\/3493\/revisions\/3636"}],"wp:attachment":[{"href":"https:\/\/blogsaverroes.juntadeandalucia.es\/iesrioandara\/wp-json\/wp\/v2\/media?parent=3493"}],"curies":[{"name":"wp","href":"https:\/\/api.w.org\/{rel}","templated":true}]}}