{"id":3532,"date":"2023-05-21T20:28:14","date_gmt":"2023-05-21T19:28:14","guid":{"rendered":"https:\/\/blogsaverroes.juntadeandalucia.es\/iesrioandara\/?page_id=3532"},"modified":"2026-03-27T14:35:05","modified_gmt":"2026-03-27T13:35:05","slug":"transito-2","status":"publish","type":"page","link":"https:\/\/blogsaverroes.juntadeandalucia.es\/iesrioandara\/transito-2\/","title":{"rendered":"Tr\u00e1nsito"},"content":{"rendered":"<p><span style=\"color: #0000ff;font-size: 12pt\">IES R\u00edo Andarax te ayuda a conseguir tus metas.<\/span><\/p>\n<p style=\"text-align: left\"><span style=\"color: #0000ff\">El alumnado de 1\u00ba ESO muestra el instituto a los colegios:<\/span><\/p>\n<ul>\n<li><span style=\"color: #0000ff\"> El Puche,<\/span><\/li>\n<li><span style=\"color: #0000ff\"> Ave Mar\u00eda del Diezmo y<\/span><\/li>\n<li><span style=\"color: #0000ff\"><span style=\"color: #0000ff\"> Josefina Bar\u00f3.<\/span><\/span><\/li>\n<li>&nbsp;<\/li>\n<li><span style=\"color: #ff9900\"><strong>Aqu\u00ed puedes ver una muestra de lo que se hace aqu\u00ed:<\/strong><\/span><\/li>\n<li>&nbsp;<\/li>\n<li>\n<table style=\"border-collapse: collapse;width: 9.46882%\">\n<tbody>\n<tr>\n<td style=\"width: 120.6px\"><div style=\"width: 1080px;\" class=\"wp-video\"><!--[if lt IE 9]><script>document.createElement('video');<\/script><![endif]-->\n<video class=\"wp-video-shortcode\" id=\"video-3532-1\" width=\"1080\" height=\"608\" preload=\"metadata\" controls=\"controls\"><source type=\"video\/mp4\" src=\"https:\/\/blogsaverroes.juntadeandalucia.es\/iesrioandara\/files\/2026\/03\/transito.mp4?_=1\" \/><a href=\"https:\/\/blogsaverroes.juntadeandalucia.es\/iesrioandara\/files\/2026\/03\/transito.mp4\">https:\/\/blogsaverroes.juntadeandalucia.es\/iesrioandara\/files\/2026\/03\/transito.mp4<\/a><\/video><\/div><\/td>\n<\/tr>\n<\/tbody>\n<\/table>\n<\/li>\n<\/ul>\n","protected":false},"excerpt":{"rendered":"<p>IES R\u00edo Andarax te ayuda a conseguir tus metas. El alumnado de 1\u00ba ESO muestra el instituto a los colegios: El Puche, Ave Mar\u00eda del Diezmo y Josefina Bar\u00f3. &nbsp; Aqu\u00ed puedes ver una muestra de lo que se hace aqu\u00ed: &nbsp;<\/p>\n","protected":false},"author":14522,"featured_media":0,"parent":0,"menu_order":0,"comment_status":"closed","ping_status":"closed","template":"","meta":{"_et_pb_use_builder":"","_et_pb_old_content":"","_et_gb_content_width":"","ngg_post_thumbnail":0,"footnotes":""},"aioseo_notices":[],"_links":{"self":[{"href":"https:\/\/blogsaverroes.juntadeandalucia.es\/iesrioandara\/wp-json\/wp\/v2\/pages\/3532"}],"collection":[{"href":"https:\/\/blogsaverroes.juntadeandalucia.es\/iesrioandara\/wp-json\/wp\/v2\/pages"}],"about":[{"href":"https:\/\/blogsaverroes.juntadeandalucia.es\/iesrioandara\/wp-json\/wp\/v2\/types\/page"}],"author":[{"embeddable":true,"href":"https:\/\/blogsaverroes.juntadeandalucia.es\/iesrioandara\/wp-json\/wp\/v2\/users\/14522"}],"replies":[{"embeddable":true,"href":"https:\/\/blogsaverroes.juntadeandalucia.es\/iesrioandara\/wp-json\/wp\/v2\/comments?post=3532"}],"version-history":[{"count":5,"href":"https:\/\/blogsaverroes.juntadeandalucia.es\/iesrioandara\/wp-json\/wp\/v2\/pages\/3532\/revisions"}],"predecessor-version":[{"id":5256,"href":"https:\/\/blogsaverroes.juntadeandalucia.es\/iesrioandara\/wp-json\/wp\/v2\/pages\/3532\/revisions\/5256"}],"wp:attachment":[{"href":"https:\/\/blogsaverroes.juntadeandalucia.es\/iesrioandara\/wp-json\/wp\/v2\/media?parent=3532"}],"curies":[{"name":"wp","href":"https:\/\/api.w.org\/{rel}","templated":true}]}}