{"id":40,"date":"2020-01-10T09:33:33","date_gmt":"2020-01-10T08:33:33","guid":{"rendered":"http:\/\/blogsaverroes.juntadeandalucia.es\/pre\/nuevoies2v2\/?page_id=40"},"modified":"2023-05-21T20:14:59","modified_gmt":"2023-05-21T19:14:59","slug":"comedor-escolar","status":"publish","type":"page","link":"https:\/\/blogsaverroes.juntadeandalucia.es\/iesrioandara\/comedor-escolar\/","title":{"rendered":"Comedor escolar"},"content":{"rendered":"<p style=\"text-align: center\"><strong><span style=\"color: #99ccff;font-size: 18pt\">Comedor escolar<\/span><\/strong><\/p>\n<p style=\"text-align: center\"><span style=\"font-weight: 400;color: #339966\">Nuestro centro cuenta con servicio de comedor de gesti\u00f3n directa. Tenemos cocina propia, con tres personas a su cargo, cocinero y dos ayudantes de cocina.<\/span><\/p>\n<p style=\"text-align: center\"><span style=\"font-weight: 400;color: #339966\">Los productos para elaborar el men\u00fa&nbsp; pan, pescado, carne, verdura se compran en nuestra ciudad, priorizando el comercio de cercan\u00eda y la calidad del producto.<\/span><\/p>\n<p style=\"text-align: center\"><span style=\"font-weight: 400;color: #339966\">El men\u00fa ha sido elaborado cuidadosamente respetando a nuestro alumnado y sus distintas procedencias.<\/span><\/p>\n<p style=\"text-align: center\"><span style=\"font-weight: 400;color: #339966\">Todo el personal que trabaja atendiendo al alumnado es profesorado del centro lo que garantiza un mejor conocimiento del alumnado y una educaci\u00f3n integral m\u00e1s all\u00e1 de las aulas.&nbsp;<\/span><\/p>\n<p style=\"text-align: center\"><span style=\"font-weight: 400;color: #339966\">La prensa recogi\u00f3 a nuestro centro entre otros, para mostrar las virtudes de los comedores escolares con cocina propia.&nbsp;<\/span><\/p>\n<p style=\"text-align: center\"><a href=\"https:\/\/www.diariodealmeria.es\/almeria\/Cocina-propia-colegios-comedor-escolar-almeria-junta-educacion-plan_0_1670533920.html\">Enlace a la prensa<\/a><\/p>\n<p>&nbsp;<\/p>\n<p>&nbsp;<\/p>\n","protected":false},"excerpt":{"rendered":"<p>Comedor escolar Nuestro centro cuenta con servicio de comedor de gesti\u00f3n directa. Tenemos cocina propia, con tres personas a su cargo, cocinero y dos ayudantes de cocina. Los productos para elaborar el men\u00fa&nbsp; pan, pescado, carne, verdura se compran en nuestra ciudad, priorizando el comercio de cercan\u00eda y la calidad del producto. El men\u00fa ha [&hellip;]<\/p>\n","protected":false},"author":1914,"featured_media":0,"parent":0,"menu_order":0,"comment_status":"closed","ping_status":"closed","template":"","meta":{"_et_pb_use_builder":"off","_et_pb_old_content":"","_et_gb_content_width":"","ngg_post_thumbnail":0,"footnotes":""},"aioseo_notices":[],"_links":{"self":[{"href":"https:\/\/blogsaverroes.juntadeandalucia.es\/iesrioandara\/wp-json\/wp\/v2\/pages\/40"}],"collection":[{"href":"https:\/\/blogsaverroes.juntadeandalucia.es\/iesrioandara\/wp-json\/wp\/v2\/pages"}],"about":[{"href":"https:\/\/blogsaverroes.juntadeandalucia.es\/iesrioandara\/wp-json\/wp\/v2\/types\/page"}],"author":[{"embeddable":true,"href":"https:\/\/blogsaverroes.juntadeandalucia.es\/iesrioandara\/wp-json\/wp\/v2\/users\/1914"}],"replies":[{"embeddable":true,"href":"https:\/\/blogsaverroes.juntadeandalucia.es\/iesrioandara\/wp-json\/wp\/v2\/comments?post=40"}],"version-history":[{"count":6,"href":"https:\/\/blogsaverroes.juntadeandalucia.es\/iesrioandara\/wp-json\/wp\/v2\/pages\/40\/revisions"}],"predecessor-version":[{"id":3527,"href":"https:\/\/blogsaverroes.juntadeandalucia.es\/iesrioandara\/wp-json\/wp\/v2\/pages\/40\/revisions\/3527"}],"wp:attachment":[{"href":"https:\/\/blogsaverroes.juntadeandalucia.es\/iesrioandara\/wp-json\/wp\/v2\/media?parent=40"}],"curies":[{"name":"wp","href":"https:\/\/api.w.org\/{rel}","templated":true}]}}