{"id":5013,"date":"2025-12-02T10:39:15","date_gmt":"2025-12-02T09:39:15","guid":{"rendered":"https:\/\/blogsaverroes.juntadeandalucia.es\/iesrioandara\/?page_id=5013"},"modified":"2025-12-02T10:39:15","modified_gmt":"2025-12-02T09:39:15","slug":"codigo-escuela-4-0","status":"publish","type":"page","link":"https:\/\/blogsaverroes.juntadeandalucia.es\/iesrioandara\/codigo-escuela-4-0\/","title":{"rendered":"C\u00f3digo Escuela 4.0"},"content":{"rendered":"<p><span id=\"page13R_mcid7\" class=\"markedContent\"><span class=\"markedContent\"><span dir=\"ltr\" role=\"presentation\">E<\/span><\/span><span class=\"markedContent\"><span dir=\"ltr\" role=\"presentation\">stablece medidas para impulsar el desarrollo de la competencia <\/span><span dir=\"ltr\" role=\"presentation\">digital del alumnado y del profesorado a trav\u00e9s del desarrollo del<\/span><\/span><span dir=\"ltr\" role=\"presentation\"> pensamiento computacional, la programaci\u00f3n, la rob\u00f3tica y el buen<\/span><span dir=\"ltr\" role=\"presentation\"> uso de la inteligencia artificial.<\/span><\/span><\/p>\n","protected":false},"excerpt":{"rendered":"<p>Establece medidas para impulsar el desarrollo de la competencia digital del alumnado y del profesorado a trav\u00e9s del desarrollo del pensamiento computacional, la programaci\u00f3n, la rob\u00f3tica y el buen uso de la inteligencia artificial.<\/p>\n","protected":false},"author":17153,"featured_media":0,"parent":0,"menu_order":0,"comment_status":"closed","ping_status":"closed","template":"","meta":{"_et_pb_use_builder":"","_et_pb_old_content":"","_et_gb_content_width":"","ngg_post_thumbnail":0,"footnotes":""},"aioseo_notices":[],"_links":{"self":[{"href":"https:\/\/blogsaverroes.juntadeandalucia.es\/iesrioandara\/wp-json\/wp\/v2\/pages\/5013"}],"collection":[{"href":"https:\/\/blogsaverroes.juntadeandalucia.es\/iesrioandara\/wp-json\/wp\/v2\/pages"}],"about":[{"href":"https:\/\/blogsaverroes.juntadeandalucia.es\/iesrioandara\/wp-json\/wp\/v2\/types\/page"}],"author":[{"embeddable":true,"href":"https:\/\/blogsaverroes.juntadeandalucia.es\/iesrioandara\/wp-json\/wp\/v2\/users\/17153"}],"replies":[{"embeddable":true,"href":"https:\/\/blogsaverroes.juntadeandalucia.es\/iesrioandara\/wp-json\/wp\/v2\/comments?post=5013"}],"version-history":[{"count":1,"href":"https:\/\/blogsaverroes.juntadeandalucia.es\/iesrioandara\/wp-json\/wp\/v2\/pages\/5013\/revisions"}],"predecessor-version":[{"id":5014,"href":"https:\/\/blogsaverroes.juntadeandalucia.es\/iesrioandara\/wp-json\/wp\/v2\/pages\/5013\/revisions\/5014"}],"wp:attachment":[{"href":"https:\/\/blogsaverroes.juntadeandalucia.es\/iesrioandara\/wp-json\/wp\/v2\/media?parent=5013"}],"curies":[{"name":"wp","href":"https:\/\/api.w.org\/{rel}","templated":true}]}}