{"id":5038,"date":"2025-12-02T10:38:16","date_gmt":"2025-12-02T09:38:16","guid":{"rendered":"https:\/\/blogsaverroes.juntadeandalucia.es\/iesrioandara\/?page_id=5038"},"modified":"2025-12-02T10:39:39","modified_gmt":"2025-12-02T09:39:39","slug":"stem","status":"publish","type":"page","link":"https:\/\/blogsaverroes.juntadeandalucia.es\/iesrioandara\/stem\/","title":{"rendered":"STEM"},"content":{"rendered":"<p><span id=\"page28R_mcid4\" class=\"markedContent\"><span class=\"markedContent\"><span class=\"\" dir=\"ltr\" role=\"presentation\">El programa STEM es un programa que pretende impulsar el <\/span><\/span><span dir=\"ltr\" role=\"presentation\">desarrollo<\/span> <span dir=\"ltr\" role=\"presentation\">de<\/span> <span dir=\"ltr\" role=\"presentation\">competencias<\/span> <span dir=\"ltr\" role=\"presentation\">cient\u00edficas,<\/span> <span dir=\"ltr\" role=\"presentation\">tecnol\u00f3gicas, <\/span><span dir=\"ltr\" role=\"presentation\">matem\u00e1ticas y de ingenier\u00eda desde un enfoque interdisciplinar, <\/span><span dir=\"ltr\" role=\"presentation\">igualitario, creativo y pr\u00e1ctico. Pretende fomentar la vocaci\u00f3n <\/span><span dir=\"ltr\" role=\"presentation\">cient\u00edfica<\/span> <span dir=\"ltr\" role=\"presentation\">y<\/span> <span dir=\"ltr\" role=\"presentation\">tecnol\u00f3gica<\/span> <span dir=\"ltr\" role=\"presentation\">del<\/span> <span dir=\"ltr\" role=\"presentation\">alumnado<\/span> <span dir=\"ltr\" role=\"presentation\">mediante<\/span> <span dir=\"ltr\" role=\"presentation\">trabajos<\/span> <span dir=\"ltr\" role=\"presentation\">y <\/span><span dir=\"ltr\" role=\"presentation\">proyectos en equipo.<\/span><\/span><\/p>\n","protected":false},"excerpt":{"rendered":"<p>El programa STEM es un programa que pretende impulsar el desarrollo de competencias cient\u00edficas, tecnol\u00f3gicas, matem\u00e1ticas y de ingenier\u00eda desde un enfoque interdisciplinar, igualitario, creativo y pr\u00e1ctico. Pretende fomentar la vocaci\u00f3n cient\u00edfica y tecnol\u00f3gica del alumnado mediante trabajos y proyectos en equipo.<\/p>\n","protected":false},"author":17153,"featured_media":0,"parent":0,"menu_order":0,"comment_status":"closed","ping_status":"closed","template":"","meta":{"_et_pb_use_builder":"","_et_pb_old_content":"","_et_gb_content_width":"","ngg_post_thumbnail":0,"footnotes":""},"aioseo_notices":[],"_links":{"self":[{"href":"https:\/\/blogsaverroes.juntadeandalucia.es\/iesrioandara\/wp-json\/wp\/v2\/pages\/5038"}],"collection":[{"href":"https:\/\/blogsaverroes.juntadeandalucia.es\/iesrioandara\/wp-json\/wp\/v2\/pages"}],"about":[{"href":"https:\/\/blogsaverroes.juntadeandalucia.es\/iesrioandara\/wp-json\/wp\/v2\/types\/page"}],"author":[{"embeddable":true,"href":"https:\/\/blogsaverroes.juntadeandalucia.es\/iesrioandara\/wp-json\/wp\/v2\/users\/17153"}],"replies":[{"embeddable":true,"href":"https:\/\/blogsaverroes.juntadeandalucia.es\/iesrioandara\/wp-json\/wp\/v2\/comments?post=5038"}],"version-history":[{"count":1,"href":"https:\/\/blogsaverroes.juntadeandalucia.es\/iesrioandara\/wp-json\/wp\/v2\/pages\/5038\/revisions"}],"predecessor-version":[{"id":5039,"href":"https:\/\/blogsaverroes.juntadeandalucia.es\/iesrioandara\/wp-json\/wp\/v2\/pages\/5038\/revisions\/5039"}],"wp:attachment":[{"href":"https:\/\/blogsaverroes.juntadeandalucia.es\/iesrioandara\/wp-json\/wp\/v2\/media?parent=5038"}],"curies":[{"name":"wp","href":"https:\/\/api.w.org\/{rel}","templated":true}]}}