{"id":733,"date":"2022-04-28T21:19:10","date_gmt":"2022-04-28T20:19:10","guid":{"rendered":"https:\/\/blogsaverroes.juntadeandalucia.es\/iesrioandara\/?page_id=733"},"modified":"2025-09-04T11:02:51","modified_gmt":"2025-09-04T10:02:51","slug":"lengua","status":"publish","type":"page","link":"https:\/\/blogsaverroes.juntadeandalucia.es\/iesrioandara\/lengua\/","title":{"rendered":"LENGUA"},"content":{"rendered":"<p><span style=\"font-weight: 400\">El Departamento de Lengua Castellana y Literatura durante el presente curso lo conforman cinco miembros. Las materias impartidas por este departamento son diversas: Lengua Castellana y Literatura, \u00c1rea Ling\u00fc\u00edstica Transversal en 1\u00ba de ESO, Oratoria y Debate en 2\u00ba de ESO, \u00c1mbito Ling\u00fc\u00edstico y Social en 2\u00ba de PMAR y 1\u00ba de DICU, Comunicaci\u00f3n y Sociedad en 2\u00ba de FP B\u00e1sica y FOL en 1\u00ba de FPIGM.<\/span><\/p>\n<p><span style=\"font-weight: 400\">El objetivo de la materia de Lengua Castellana y Literatura se orienta tanto a la eficacia comunicativa como a favorecer un uso \u00e9tico del lenguaje que ponga las palabras al servicio de la convivencia democr\u00e1tica, la resoluci\u00f3n dialogada de los conflictos y la construcci\u00f3n de v\u00ednculos personales y sociales basados en el respeto y la igualdad de todas las personas.&nbsp;<\/span><\/p>\n<p><span style=\"font-weight: 400\">Con el fin de alcanzar este objetivo, se considera fundamental despertar en nuestro alumnado el inter\u00e9s y el gusto por la lectura, herramienta b\u00e1sica para el desarrollo de un esp\u00edritu cr\u00edtico. Por ello, dedicamos distintas sesiones a la lectura compartida.<\/span><\/p>\n<p>&nbsp;<\/p>\n<p>&nbsp;<\/p>\n","protected":false},"excerpt":{"rendered":"<p>El Departamento de Lengua Castellana y Literatura durante el presente curso lo conforman cinco miembros. Las materias impartidas por este departamento son diversas: Lengua Castellana y Literatura, \u00c1rea Ling\u00fc\u00edstica Transversal en 1\u00ba de ESO, Oratoria y Debate en 2\u00ba de ESO, \u00c1mbito Ling\u00fc\u00edstico y Social en 2\u00ba de PMAR y 1\u00ba de DICU, Comunicaci\u00f3n y [&hellip;]<\/p>\n","protected":false},"author":14522,"featured_media":0,"parent":0,"menu_order":0,"comment_status":"closed","ping_status":"closed","template":"","meta":{"_et_pb_use_builder":"","_et_pb_old_content":"","_et_gb_content_width":"","ngg_post_thumbnail":0,"footnotes":""},"aioseo_notices":[],"_links":{"self":[{"href":"https:\/\/blogsaverroes.juntadeandalucia.es\/iesrioandara\/wp-json\/wp\/v2\/pages\/733"}],"collection":[{"href":"https:\/\/blogsaverroes.juntadeandalucia.es\/iesrioandara\/wp-json\/wp\/v2\/pages"}],"about":[{"href":"https:\/\/blogsaverroes.juntadeandalucia.es\/iesrioandara\/wp-json\/wp\/v2\/types\/page"}],"author":[{"embeddable":true,"href":"https:\/\/blogsaverroes.juntadeandalucia.es\/iesrioandara\/wp-json\/wp\/v2\/users\/14522"}],"replies":[{"embeddable":true,"href":"https:\/\/blogsaverroes.juntadeandalucia.es\/iesrioandara\/wp-json\/wp\/v2\/comments?post=733"}],"version-history":[{"count":5,"href":"https:\/\/blogsaverroes.juntadeandalucia.es\/iesrioandara\/wp-json\/wp\/v2\/pages\/733\/revisions"}],"predecessor-version":[{"id":4917,"href":"https:\/\/blogsaverroes.juntadeandalucia.es\/iesrioandara\/wp-json\/wp\/v2\/pages\/733\/revisions\/4917"}],"wp:attachment":[{"href":"https:\/\/blogsaverroes.juntadeandalucia.es\/iesrioandara\/wp-json\/wp\/v2\/media?parent=733"}],"curies":[{"name":"wp","href":"https:\/\/api.w.org\/{rel}","templated":true}]}}