{"id":735,"date":"2022-04-28T21:19:44","date_gmt":"2022-04-28T20:19:44","guid":{"rendered":"https:\/\/blogsaverroes.juntadeandalucia.es\/iesrioandara\/?page_id=735"},"modified":"2025-09-04T10:57:25","modified_gmt":"2025-09-04T09:57:25","slug":"matematicas","status":"publish","type":"page","link":"https:\/\/blogsaverroes.juntadeandalucia.es\/iesrioandara\/matematicas\/","title":{"rendered":"MATEM\u00c1TICAS"},"content":{"rendered":"<p><span style=\"font-weight: 400\"><img loading=\"lazy\" decoding=\"async\" class=\"alignleft size-medium wp-image-2584\" src=\"https:\/\/blogsaverroes.juntadeandalucia.es\/iesrioandara\/files\/2023\/03\/geometry-gdc5d161b0_1280-300x197.jpg\" alt=\"\" width=\"300\" height=\"197\">En nuestro departamento, impartimos docencia en los diferentes niveles educativos que oferta el IES R\u00edo Andarax, tales como ESO, ciclos formativos de grado b\u00e1sico y grado medio. La ense\u00f1anza de las matem\u00e1ticas es fundamental en el desarrollo cognitivo y en la formaci\u00f3n de habilidades y destrezas de los estudiantes, adem\u00e1s de ser una herramienta clave en la resoluci\u00f3n de problemas de la vida cotidiana.<\/span><\/p>\n<p><span style=\"font-weight: 400\">Nuestro equipo docente est\u00e1 conformado por profesores comprometidos en la formaci\u00f3n de los estudiantes en la asignatura de matem\u00e1ticas. Adem\u00e1s, contamos con un amplio material y recursos educativos innovadores que permiten una ense\u00f1anza m\u00e1s atractiva y din\u00e1mica.<\/span><\/p>\n<p><span style=\"font-weight: 400\">Entre los objetivos principales de nuestro departamento se encuentran:<\/span><\/p>\n<ul>\n<li style=\"font-weight: 400\"><span style=\"font-weight: 400\">Fomentar el razonamiento l\u00f3gico y el pensamiento abstracto en los estudiantes a trav\u00e9s de la resoluci\u00f3n de problemas y ejercicios matem\u00e1ticos.<\/span><\/li>\n<li style=\"font-weight: 400\"><span style=\"font-weight: 400\">Proporcionar a los estudiantes las herramientas necesarias para el desarrollo de su pensamiento matem\u00e1tico, aplicable en diferentes \u00e1mbitos de la vida.<\/span><\/li>\n<li style=\"font-weight: 400\"><span style=\"font-weight: 400\">Preparar a los estudiantes para el acceso a estudios superiores en \u00e1reas de ingenier\u00eda, matem\u00e1ticas, f\u00edsica, inform\u00e1tica, entre otros.<\/span><\/li>\n<\/ul>\n<p><span style=\"font-weight: 400\">En nuestro departamento contamos con una amplia oferta de actividades extraescolares que permiten a los estudiantes profundizar en los conocimientos adquiridos en las clases.<\/span><\/p>\n<p><span style=\"font-weight: 400\">El estudio de las matem\u00e1ticas es fundamental en la formaci\u00f3n acad\u00e9mica y profesional de los estudiantes, ya que les proporciona las habilidades y destrezas necesarias para enfrentarse a situaciones cotidianas y profesionales. La formaci\u00f3n en matem\u00e1ticas permite a los estudiantes mejorar su capacidad de razonamiento l\u00f3gico, an\u00e1lisis cr\u00edtico y capacidad de abstracci\u00f3n, lo que los hace m\u00e1s competitivos en el mercado laboral actual.<\/span><\/p>\n<p><span style=\"font-weight: 400\">En conclusi\u00f3n, en el Departamento de Matem\u00e1ticas del IES Rio Andarax, nos enfocamos en formar a los estudiantes en el conocimiento y manejo de las matem\u00e1ticas, promoviendo su desarrollo acad\u00e9mico y personal.<\/span><\/p>\n<p>&nbsp;<\/p>\n<p>&nbsp;<\/p>\n<p>&nbsp;<\/p>\n","protected":false},"excerpt":{"rendered":"<p>En nuestro departamento, impartimos docencia en los diferentes niveles educativos que oferta el IES R\u00edo Andarax, tales como ESO, ciclos formativos de grado b\u00e1sico y grado medio. La ense\u00f1anza de las matem\u00e1ticas es fundamental en el desarrollo cognitivo y en la formaci\u00f3n de habilidades y destrezas de los estudiantes, adem\u00e1s de ser una herramienta clave [&hellip;]<\/p>\n","protected":false},"author":14522,"featured_media":0,"parent":0,"menu_order":0,"comment_status":"closed","ping_status":"closed","template":"","meta":{"_et_pb_use_builder":"","_et_pb_old_content":"","_et_gb_content_width":"","ngg_post_thumbnail":0,"footnotes":""},"aioseo_notices":[],"_links":{"self":[{"href":"https:\/\/blogsaverroes.juntadeandalucia.es\/iesrioandara\/wp-json\/wp\/v2\/pages\/735"}],"collection":[{"href":"https:\/\/blogsaverroes.juntadeandalucia.es\/iesrioandara\/wp-json\/wp\/v2\/pages"}],"about":[{"href":"https:\/\/blogsaverroes.juntadeandalucia.es\/iesrioandara\/wp-json\/wp\/v2\/types\/page"}],"author":[{"embeddable":true,"href":"https:\/\/blogsaverroes.juntadeandalucia.es\/iesrioandara\/wp-json\/wp\/v2\/users\/14522"}],"replies":[{"embeddable":true,"href":"https:\/\/blogsaverroes.juntadeandalucia.es\/iesrioandara\/wp-json\/wp\/v2\/comments?post=735"}],"version-history":[{"count":9,"href":"https:\/\/blogsaverroes.juntadeandalucia.es\/iesrioandara\/wp-json\/wp\/v2\/pages\/735\/revisions"}],"predecessor-version":[{"id":4912,"href":"https:\/\/blogsaverroes.juntadeandalucia.es\/iesrioandara\/wp-json\/wp\/v2\/pages\/735\/revisions\/4912"}],"wp:attachment":[{"href":"https:\/\/blogsaverroes.juntadeandalucia.es\/iesrioandara\/wp-json\/wp\/v2\/media?parent=735"}],"curies":[{"name":"wp","href":"https:\/\/api.w.org\/{rel}","templated":true}]}}