{"id":739,"date":"2022-04-28T21:20:55","date_gmt":"2022-04-28T20:20:55","guid":{"rendered":"https:\/\/blogsaverroes.juntadeandalucia.es\/iesrioandara\/?page_id=739"},"modified":"2025-09-04T11:04:37","modified_gmt":"2025-09-04T10:04:37","slug":"tecnologia","status":"publish","type":"page","link":"https:\/\/blogsaverroes.juntadeandalucia.es\/iesrioandara\/tecnologia\/","title":{"rendered":"TECNOLOG\u00cdA"},"content":{"rendered":"<p><span style=\"font-weight: 400\">El departamento de tecnolog\u00eda est\u00e1 formado por 5 profesores y profesoras que imparten distintas materias en la E.S.O.<\/span><\/p>\n<p><span style=\"font-weight: 400\">Computaci\u00f3n y Rob\u00f3tica en 1\u00ba , 2\u00ba y 3\u00ba de E.S.O.<\/span><\/p>\n<p><span style=\"font-weight: 400\">Tecnolog\u00eda en 2\u00ba y 4\u00ba de E.S.O.<\/span><\/p>\n<p><span style=\"font-weight: 400\">Huerto Saludable en 2\u00ba de E.S.O. (materia optativa)<\/span><\/p>\n<p><span style=\"font-weight: 400\">T.I.C. en 4\u00ba de E.S.O.<\/span><\/p>\n<p><span style=\"font-weight: 400\">El departamento adem\u00e1s imparte dos materias en el CPGB de Reforma y Mantenimiento de Edificios.<\/span><\/p>\n<p><span style=\"font-weight: 400\">Desde este departamento se participa activamente en los planes y proyectos especialmente en el Programa Aldea y en el Proyecto de Innovaci\u00f3n Educativa \u201cReinventando nuestro centro\u201d, adem\u00e1s el profesorado que pertenece al Departamento de Tecnolog\u00eda lleva la Coordinaci\u00f3n TIC, el Plan de Formaci\u00f3n y&nbsp; el Plan de Igualdad.<\/span><\/p>\n<p>&nbsp;<\/p>\n<p>&nbsp;<\/p>\n<p>&nbsp;<\/p>\n<p>&nbsp;<\/p>\n","protected":false},"excerpt":{"rendered":"<p>El departamento de tecnolog\u00eda est\u00e1 formado por 5 profesores y profesoras que imparten distintas materias en la E.S.O. Computaci\u00f3n y Rob\u00f3tica en 1\u00ba , 2\u00ba y 3\u00ba de E.S.O. Tecnolog\u00eda en 2\u00ba y 4\u00ba de E.S.O. Huerto Saludable en 2\u00ba de E.S.O. (materia optativa) T.I.C. en 4\u00ba de E.S.O. El departamento adem\u00e1s imparte dos materias [&hellip;]<\/p>\n","protected":false},"author":14522,"featured_media":0,"parent":0,"menu_order":0,"comment_status":"closed","ping_status":"closed","template":"","meta":{"_et_pb_use_builder":"","_et_pb_old_content":"","_et_gb_content_width":"","ngg_post_thumbnail":0,"footnotes":""},"aioseo_notices":[],"_links":{"self":[{"href":"https:\/\/blogsaverroes.juntadeandalucia.es\/iesrioandara\/wp-json\/wp\/v2\/pages\/739"}],"collection":[{"href":"https:\/\/blogsaverroes.juntadeandalucia.es\/iesrioandara\/wp-json\/wp\/v2\/pages"}],"about":[{"href":"https:\/\/blogsaverroes.juntadeandalucia.es\/iesrioandara\/wp-json\/wp\/v2\/types\/page"}],"author":[{"embeddable":true,"href":"https:\/\/blogsaverroes.juntadeandalucia.es\/iesrioandara\/wp-json\/wp\/v2\/users\/14522"}],"replies":[{"embeddable":true,"href":"https:\/\/blogsaverroes.juntadeandalucia.es\/iesrioandara\/wp-json\/wp\/v2\/comments?post=739"}],"version-history":[{"count":7,"href":"https:\/\/blogsaverroes.juntadeandalucia.es\/iesrioandara\/wp-json\/wp\/v2\/pages\/739\/revisions"}],"predecessor-version":[{"id":4920,"href":"https:\/\/blogsaverroes.juntadeandalucia.es\/iesrioandara\/wp-json\/wp\/v2\/pages\/739\/revisions\/4920"}],"wp:attachment":[{"href":"https:\/\/blogsaverroes.juntadeandalucia.es\/iesrioandara\/wp-json\/wp\/v2\/media?parent=739"}],"curies":[{"name":"wp","href":"https:\/\/api.w.org\/{rel}","templated":true}]}}