{"id":741,"date":"2022-04-28T21:21:24","date_gmt":"2022-04-28T20:21:24","guid":{"rendered":"https:\/\/blogsaverroes.juntadeandalucia.es\/iesrioandara\/?page_id=741"},"modified":"2023-03-12T19:11:26","modified_gmt":"2023-03-12T18:11:26","slug":"orientacion","status":"publish","type":"page","link":"https:\/\/blogsaverroes.juntadeandalucia.es\/iesrioandara\/orientacion\/","title":{"rendered":"ORIENTACI\u00d3N"},"content":{"rendered":"<p><span style=\"font-weight: 400\">Nuestro departamento tiene como objetivo principal apoyar y asesorar a los estudiantes, padres y docentes en su proceso de formaci\u00f3n acad\u00e9mica y personal. En nuestro trabajo, contamos con tres \u00e1reas fundamentales: el apoyo y asesoramiento a la funci\u00f3n tutorial, la atenci\u00f3n a la diversidad y la orientaci\u00f3n acad\u00e9mica.<\/span><\/p>\n<p><span style=\"font-weight: 400\">En cuanto al apoyo y asesoramiento a la funci\u00f3n tutorial, nuestro equipo trabaja de manera coordinada con los docentes tutores para ofrecer herramientas y recursos que les permitan mejorar su labor educativa. Adem\u00e1s, brindamos orientaci\u00f3n y apoyo a los padres y madres en la educaci\u00f3n de sus hijos e hijas, para que puedan colaborar de manera activa en el proceso educativo.<\/span><\/p>\n<p><span style=\"font-weight: 400\">La atenci\u00f3n a la diversidad es otro de los \u00e1mbitos en los que trabajamos. Nuestro departamento se enfoca en ofrecer una atenci\u00f3n personalizada a los estudiantes con necesidades educativas especiales, con el fin de que puedan desarrollarse plenamente en el \u00e1mbito acad\u00e9mico y social. Tambi\u00e9n trabajamos en la prevenci\u00f3n del acoso escolar y en la inclusi\u00f3n de la diversidad cultural y de g\u00e9nero en el aula.<\/span><\/p>\n<p><span style=\"font-weight: 400\">Por \u00faltimo, el \u00e1rea de orientaci\u00f3n acad\u00e9mica tiene como objetivo ayudar a los estudiantes en la elecci\u00f3n de su futuro acad\u00e9mico y profesional. Ofrecemos informaci\u00f3n sobre las distintas opciones de estudios y trabajos, adem\u00e1s de orientar a los estudiantes en la toma de decisiones y en la definici\u00f3n de su proyecto personal.<\/span><\/p>\n<p><span style=\"font-weight: 400\">Adem\u00e1s, organizamos talleres y actividades que fomentan el desarrollo personal y emocional de los estudiantes.<\/span><\/p>\n<p><span style=\"font-weight: 400\">En conclusi\u00f3n, en el Departamento de Orientaci\u00f3n de nuestro centro nos enfocamos en brindar apoyo y asesoramiento a los estudiantes, docentes y padres de familia en su proceso educativo. Nuestro compromiso es ofrecer una atenci\u00f3n personalizada y de calidad a todos los miembros de nuestra comunidad educativa.<\/span><\/p>\n<p><br style=\"font-weight: 400\"><\/p>\n","protected":false},"excerpt":{"rendered":"<p>Nuestro departamento tiene como objetivo principal apoyar y asesorar a los estudiantes, padres y docentes en su proceso de formaci\u00f3n acad\u00e9mica y personal. En nuestro trabajo, contamos con tres \u00e1reas fundamentales: el apoyo y asesoramiento a la funci\u00f3n tutorial, la atenci\u00f3n a la diversidad y la orientaci\u00f3n acad\u00e9mica. En cuanto al apoyo y asesoramiento a [&hellip;]<\/p>\n","protected":false},"author":14522,"featured_media":0,"parent":0,"menu_order":0,"comment_status":"closed","ping_status":"closed","template":"","meta":{"_et_pb_use_builder":"","_et_pb_old_content":"","_et_gb_content_width":"","ngg_post_thumbnail":0,"footnotes":""},"aioseo_notices":[],"_links":{"self":[{"href":"https:\/\/blogsaverroes.juntadeandalucia.es\/iesrioandara\/wp-json\/wp\/v2\/pages\/741"}],"collection":[{"href":"https:\/\/blogsaverroes.juntadeandalucia.es\/iesrioandara\/wp-json\/wp\/v2\/pages"}],"about":[{"href":"https:\/\/blogsaverroes.juntadeandalucia.es\/iesrioandara\/wp-json\/wp\/v2\/types\/page"}],"author":[{"embeddable":true,"href":"https:\/\/blogsaverroes.juntadeandalucia.es\/iesrioandara\/wp-json\/wp\/v2\/users\/14522"}],"replies":[{"embeddable":true,"href":"https:\/\/blogsaverroes.juntadeandalucia.es\/iesrioandara\/wp-json\/wp\/v2\/comments?post=741"}],"version-history":[{"count":2,"href":"https:\/\/blogsaverroes.juntadeandalucia.es\/iesrioandara\/wp-json\/wp\/v2\/pages\/741\/revisions"}],"predecessor-version":[{"id":2772,"href":"https:\/\/blogsaverroes.juntadeandalucia.es\/iesrioandara\/wp-json\/wp\/v2\/pages\/741\/revisions\/2772"}],"wp:attachment":[{"href":"https:\/\/blogsaverroes.juntadeandalucia.es\/iesrioandara\/wp-json\/wp\/v2\/media?parent=741"}],"curies":[{"name":"wp","href":"https:\/\/api.w.org\/{rel}","templated":true}]}}