{"id":752,"date":"2022-04-28T21:24:29","date_gmt":"2022-04-28T20:24:29","guid":{"rendered":"https:\/\/blogsaverroes.juntadeandalucia.es\/iesrioandara\/?page_id=752"},"modified":"2023-05-10T12:32:17","modified_gmt":"2023-05-10T11:32:17","slug":"electricidad","status":"publish","type":"page","link":"https:\/\/blogsaverroes.juntadeandalucia.es\/iesrioandara\/electricidad\/","title":{"rendered":"ELECTRICIDAD"},"content":{"rendered":"<p>Nuestro departamento se dedica a formar a los estudiantes en el campo de la electricidad, para que los alumnos adquieran los conocimientos y habilidades necesarios para desarrollar su carrera profesional en este campo tan importante y en constante evoluci\u00f3n.<\/p>\n<p>Entre las materias que se imparten en nuestro departamento, podemos destacar:<\/p>\n<ul>\n<li>Electricidad b\u00e1sica: los estudiantes aprender\u00e1n los conceptos fundamentales de la electricidad, como la ley de Ohm, la potencia el\u00e9ctrica y los circuitos el\u00e9ctricos b\u00e1sicos.<\/li>\n<li>Instalaciones el\u00e9ctricas: en esta materia, los estudiantes aprender\u00e1n a dise\u00f1ar y ejecutar instalaciones el\u00e9ctricas en edificios y otras infraestructuras. Tambi\u00e9n se abordar\u00e1n temas como la seguridad en las instalaciones el\u00e9ctricas y la normativa aplicable.<\/li>\n<li>Automatismos el\u00e9ctricos: en esta asignatura, los estudiantes aprender\u00e1n a programar y controlar sistemas autom\u00e1ticos mediante el uso de controladores l\u00f3gicos programables (PLCs) y otros dispositivos.<\/li>\n<\/ul>\n<p>Adem\u00e1s de estas materias, nuestro departamento tambi\u00e9n ofrece la posibilidad de realizar pr\u00e1cticas en empresas del sector, lo que permite a los estudiantes aplicar los conocimientos adquiridos en un entorno real y adquirir experiencia laboral antes de finalizar su formaci\u00f3n.<\/p>\n<p>En cuanto a las salidas profesionales, nuestros estudiantes podr\u00e1n optar a una amplia variedad de trabajos relacionados con la electricidad y la electr\u00f3nica, como instaladores el\u00e9ctricos, t\u00e9cnicos de mantenimiento, programadores de sistemas autom\u00e1ticos, etc.<\/p>\n<p>En resumen, el Departamento de Electricidad de nuestro Ciclo Formativo de Grado Medio ofrece una formaci\u00f3n completa y pr\u00e1ctica en el campo de la electricidad, con unas salidas profesionales muy amplias y una gran demanda en el mercado laboral actual.<\/p>\n<p>Aqu\u00ed puedes consultar nuestras PROGRAMACIONES<\/p>\n<p><a href=\"https:\/\/blogsaverroes.juntadeandalucia.es\/iesrioandara\/files\/2023\/05\/Programacio\u0301n-MAQUINAS-ELE\u0301CTRICAS_2IEA_2022_2023.pdf\">Programacio\u0301n MAQUINAS ELE\u0301CTRICAS_2IEA_2022_2023<\/a><\/p>\n<p><a href=\"https:\/\/blogsaverroes.juntadeandalucia.es\/iesrioandara\/files\/2023\/05\/Programacio\u0301n-INSTALACIONES-ELECTRICAS-INTERIORES_1IEA_2022_2023.pdf\">Programacio\u0301n INSTALACIONES ELECTRICAS INTERIORES_1IEA_2022_2023<\/a><\/p>\n<p><a href=\"https:\/\/blogsaverroes.juntadeandalucia.es\/iesrioandara\/files\/2023\/05\/Progr_FCT_IEA_2223.pdf\">Progr_FCT_IEA_2223<\/a><\/p>\n<p><a href=\"https:\/\/blogsaverroes.juntadeandalucia.es\/iesrioandara\/files\/2023\/05\/Programacio\u0301n-INSTALACCIONES-DE-DISTRIBUCION_2IEA_22_23.pdf\">Programacio\u0301n INSTALACCIONES DE DISTRIBUCION_2IEA_22_23<\/a><\/p>\n<p><a href=\"https:\/\/blogsaverroes.juntadeandalucia.es\/iesrioandara\/files\/2023\/05\/Programacio\u0301n-INSOF_2IEA_22_23.pdf\">Programacio\u0301n INSOF_2IEA_22_23<\/a><\/p>\n<p><a href=\"https:\/\/blogsaverroes.juntadeandalucia.es\/iesrioandara\/files\/2023\/05\/Programacio\u0301n-INSDO_2IEA_2223_INSTALACIONES-DOMO\u0301TICAS.pdf\">Programacio\u0301n INSDO_2IEA_2223_INSTALACIONES DOMO\u0301TICAS<\/a><\/p>\n<p><a href=\"https:\/\/blogsaverroes.juntadeandalucia.es\/iesrioandara\/files\/2023\/05\/Programacio\u0301n-ELECTROTECNIA_1IEA_22_23.pdf\">Programacio\u0301n ELECTROTECNIA_1IEA_22_23<\/a><\/p>\n<p><a href=\"https:\/\/blogsaverroes.juntadeandalucia.es\/iesrioandara\/files\/2023\/05\/Programacio\u0301n-ELECTRONICA_1IEA_22_23.pdf\">Programacio\u0301n ELECTRONICA_1IEA_22_23<\/a><\/p>\n<p><a href=\"https:\/\/blogsaverroes.juntadeandalucia.es\/iesrioandara\/files\/2023\/05\/Programacio\u0301n-ELECTRONICA_1IEA_22_23.pdf\">Programacio\u0301n ELECTRONICA_1IEA_22_23<\/a><a href=\"https:\/\/blogsaverroes.juntadeandalucia.es\/iesrioandara\/files\/2023\/05\/Progr_FCT_IEA_2223.pdf\">Progr_FCT_IEA_2223<\/a><\/p>\n<p><a href=\"https:\/\/blogsaverroes.juntadeandalucia.es\/iesrioandara\/files\/2023\/05\/Programacio\u0301n-AUTIN_1IEA_2223_AUTOMATISMOS-INDUSTRIALES.pdf\">Programacio\u0301n AUTIN_1IEA_2223_AUTOMATISMOS INDUSTRIALES<\/a><\/p>\n","protected":false},"excerpt":{"rendered":"<p>Nuestro departamento se dedica a formar a los estudiantes en el campo de la electricidad, para que los alumnos adquieran los conocimientos y habilidades necesarios para desarrollar su carrera profesional en este campo tan importante y en constante evoluci\u00f3n. Entre las materias que se imparten en nuestro departamento, podemos destacar: Electricidad b\u00e1sica: los estudiantes aprender\u00e1n [&hellip;]<\/p>\n","protected":false},"author":14522,"featured_media":0,"parent":0,"menu_order":0,"comment_status":"closed","ping_status":"closed","template":"","meta":{"_et_pb_use_builder":"","_et_pb_old_content":"","_et_gb_content_width":"","ngg_post_thumbnail":0,"footnotes":""},"aioseo_notices":[],"_links":{"self":[{"href":"https:\/\/blogsaverroes.juntadeandalucia.es\/iesrioandara\/wp-json\/wp\/v2\/pages\/752"}],"collection":[{"href":"https:\/\/blogsaverroes.juntadeandalucia.es\/iesrioandara\/wp-json\/wp\/v2\/pages"}],"about":[{"href":"https:\/\/blogsaverroes.juntadeandalucia.es\/iesrioandara\/wp-json\/wp\/v2\/types\/page"}],"author":[{"embeddable":true,"href":"https:\/\/blogsaverroes.juntadeandalucia.es\/iesrioandara\/wp-json\/wp\/v2\/users\/14522"}],"replies":[{"embeddable":true,"href":"https:\/\/blogsaverroes.juntadeandalucia.es\/iesrioandara\/wp-json\/wp\/v2\/comments?post=752"}],"version-history":[{"count":4,"href":"https:\/\/blogsaverroes.juntadeandalucia.es\/iesrioandara\/wp-json\/wp\/v2\/pages\/752\/revisions"}],"predecessor-version":[{"id":3215,"href":"https:\/\/blogsaverroes.juntadeandalucia.es\/iesrioandara\/wp-json\/wp\/v2\/pages\/752\/revisions\/3215"}],"wp:attachment":[{"href":"https:\/\/blogsaverroes.juntadeandalucia.es\/iesrioandara\/wp-json\/wp\/v2\/media?parent=752"}],"curies":[{"name":"wp","href":"https:\/\/api.w.org\/{rel}","templated":true}]}}