{"id":759,"date":"2022-04-28T21:26:43","date_gmt":"2022-04-28T20:26:43","guid":{"rendered":"https:\/\/blogsaverroes.juntadeandalucia.es\/iesrioandara\/?page_id=759"},"modified":"2025-09-04T11:01:50","modified_gmt":"2025-09-04T10:01:50","slug":"lavanderia-2","status":"publish","type":"page","link":"https:\/\/blogsaverroes.juntadeandalucia.es\/iesrioandara\/lavanderia-2\/","title":{"rendered":"LAVANDER\u00cdA"},"content":{"rendered":"<p>En este departamento aprender\u00e1s todo lo necesario para realizar la limpieza y el cuidado de las prendas de vestir y otros objetos textiles. Te ense\u00f1aremos t\u00e9cnicas de lavado, secado, planchado y plegado, as\u00ed como el manejo de maquinaria y productos qu\u00edmicos para la limpieza de textiles.<\/p>\n<p>Adem\u00e1s, aprender\u00e1s sobre la clasificaci\u00f3n de las prendas seg\u00fan su tipo de tejido y color, la importancia de seguir las instrucciones de lavado y cuidado de las etiquetas de las prendas, y c\u00f3mo identificar y tratar las manchas m\u00e1s comunes.<\/p>\n<p>Tambi\u00e9n te ense\u00f1aremos sobre la importancia de la higiene en la lavander\u00eda y c\u00f3mo prevenir la propagaci\u00f3n de enfermedades y bacterias a trav\u00e9s de los textiles.<\/p>\n<p>En nuestro departamento de lavander\u00eda, tendr\u00e1s la oportunidad de poner en pr\u00e1ctica tus habilidades y conocimientos adquiridos en un entorno real, a trav\u00e9s de la realizaci\u00f3n de tareas como la recepci\u00f3n y clasificaci\u00f3n de prendas, la preparaci\u00f3n de la maquinaria y la selecci\u00f3n de productos qu\u00edmicos para cada tipo de tejido, el lavado y secado de las prendas, el planchado y plegado, y la entrega de las prendas limpias y cuidadas a los clientes.<\/p>\n<p>En resumen, en el departamento de lavander\u00eda de nuestro ciclo de formaci\u00f3n profesional de grado b\u00e1sico, te proporcionaremos los conocimientos y habilidades necesarios para trabajar de forma eficiente y segura en la limpieza y el cuidado de los textiles, y te prepararemos para una exitosa carrera en este sector.<\/p>\n<p>&nbsp;<\/p>\n<p>&nbsp;<\/p>\n","protected":false},"excerpt":{"rendered":"<p>En este departamento aprender\u00e1s todo lo necesario para realizar la limpieza y el cuidado de las prendas de vestir y otros objetos textiles. Te ense\u00f1aremos t\u00e9cnicas de lavado, secado, planchado y plegado, as\u00ed como el manejo de maquinaria y productos qu\u00edmicos para la limpieza de textiles. Adem\u00e1s, aprender\u00e1s sobre la clasificaci\u00f3n de las prendas seg\u00fan [&hellip;]<\/p>\n","protected":false},"author":14522,"featured_media":0,"parent":0,"menu_order":0,"comment_status":"closed","ping_status":"closed","template":"","meta":{"_et_pb_use_builder":"","_et_pb_old_content":"","_et_gb_content_width":"","ngg_post_thumbnail":0,"footnotes":""},"aioseo_notices":[],"_links":{"self":[{"href":"https:\/\/blogsaverroes.juntadeandalucia.es\/iesrioandara\/wp-json\/wp\/v2\/pages\/759"}],"collection":[{"href":"https:\/\/blogsaverroes.juntadeandalucia.es\/iesrioandara\/wp-json\/wp\/v2\/pages"}],"about":[{"href":"https:\/\/blogsaverroes.juntadeandalucia.es\/iesrioandara\/wp-json\/wp\/v2\/types\/page"}],"author":[{"embeddable":true,"href":"https:\/\/blogsaverroes.juntadeandalucia.es\/iesrioandara\/wp-json\/wp\/v2\/users\/14522"}],"replies":[{"embeddable":true,"href":"https:\/\/blogsaverroes.juntadeandalucia.es\/iesrioandara\/wp-json\/wp\/v2\/comments?post=759"}],"version-history":[{"count":5,"href":"https:\/\/blogsaverroes.juntadeandalucia.es\/iesrioandara\/wp-json\/wp\/v2\/pages\/759\/revisions"}],"predecessor-version":[{"id":4916,"href":"https:\/\/blogsaverroes.juntadeandalucia.es\/iesrioandara\/wp-json\/wp\/v2\/pages\/759\/revisions\/4916"}],"wp:attachment":[{"href":"https:\/\/blogsaverroes.juntadeandalucia.es\/iesrioandara\/wp-json\/wp\/v2\/media?parent=759"}],"curies":[{"name":"wp","href":"https:\/\/api.w.org\/{rel}","templated":true}]}}