{"id":775,"date":"2022-04-28T21:37:05","date_gmt":"2022-04-28T20:37:05","guid":{"rendered":"https:\/\/blogsaverroes.juntadeandalucia.es\/iesrioandara\/?page_id=775"},"modified":"2026-03-26T10:41:07","modified_gmt":"2026-03-26T09:41:07","slug":"documentos-del-centro","status":"publish","type":"page","link":"https:\/\/blogsaverroes.juntadeandalucia.es\/iesrioandara\/documentos-del-centro\/","title":{"rendered":"Documentos del centro"},"content":{"rendered":"<p>En el <b data-path-to-node=\"4\" data-index-in-node=\"6\">IES R\u00edo Andarax<\/b>, creemos en una gesti\u00f3n transparente y compartida. Para que nuestra comunidad educativa funcione en armon\u00eda y camine hacia los mismos objetivos pedag\u00f3gicos, ponemos a vuestra disposici\u00f3n los tres pilares documentales que definen qui\u00e9nes somos y c\u00f3mo trabajamos:<\/p>\n<p><strong><span style=\"font-size: 12pt\">Proyecto Educativo (PE)<\/span><\/strong><\/p>\n<p data-path-to-node=\"6\">Es nuestra &#8220;hoja de ruta&#8221;. En \u00e9l se recogen las se\u00f1as de identidad del centro, los objetivos acad\u00e9micos que buscamos alcanzar y los valores que queremos transmitir a nuestro alumnado. Es el documento que define nuestro modelo de ense\u00f1anza y las estrategias para lograr una formaci\u00f3n integral.<\/p>\n<p data-path-to-node=\"6\"><a href=\"https:\/\/blogsaverroes.juntadeandalucia.es\/iesrioandara\/files\/2026\/03\/Proyecto-educativo.pdf\">Pincha aqu\u00ed para acceder.<\/a><\/p>\n<p data-path-to-node=\"6\"><strong><span style=\"font-size: 12pt\">Proyecto de Gesti\u00f3n (PG)<\/span><\/strong><\/p>\n<p>Este documento detalla la organizaci\u00f3n econ\u00f3mica y administrativa del instituto. En \u00e9l se describe c\u00f3mo gestionamos los recursos materiales y humanos para asegurar que el centro cuente con todo lo necesario para ofrecer una educaci\u00f3n de calidad de forma eficiente y responsable.<\/p>\n<p><a href=\"https:\/\/blogsaverroes.juntadeandalucia.es\/iesrioandara\/files\/2026\/03\/Proyecto-Gestion.pdf\">Pincha aqu\u00ed para acceder.<\/a><\/p>\n<p><strong><span style=\"font-size: 12pt\">Reglamento de Organizaci\u00f3n y Funcionamiento (ROF)<\/span><\/strong><\/p>\n<p>El ROF es el marco de convivencia que garantiza el respeto y el buen clima en el d\u00eda a d\u00eda. Aqu\u00ed se establecen los derechos y deberes de todos los miembros del centro (alumnado, familias y profesorado), as\u00ed como las normas que facilitan la organizaci\u00f3n interna y la resoluci\u00f3n de conflictos.<\/p>\n<p><a href=\"https:\/\/blogsaverroes.juntadeandalucia.es\/iesrioandara\/files\/2026\/03\/ROF.pdf\">Pincha aqu\u00ed para acceder.<\/a><\/p>\n<p><b data-path-to-node=\"12,0\" data-index-in-node=\"0\">Nota:<\/b> Estos documentos son p\u00fablicos y est\u00e1n en constante actualizaci\u00f3n para adaptarse a las necesidades de nuestro entorno y de nuestro alumnado.<\/p>\n<p>&nbsp;<\/p>\n<p style=\"text-align: center\">&nbsp;<\/p>\n","protected":false},"excerpt":{"rendered":"<p>En el IES R\u00edo Andarax, creemos en una gesti\u00f3n transparente y compartida. Para que nuestra comunidad educativa funcione en armon\u00eda y camine hacia los mismos objetivos pedag\u00f3gicos, ponemos a vuestra disposici\u00f3n los tres pilares documentales que definen qui\u00e9nes somos y c\u00f3mo trabajamos: Proyecto Educativo (PE) Es nuestra &#8220;hoja de ruta&#8221;. En \u00e9l se recogen las [&hellip;]<\/p>\n","protected":false},"author":14522,"featured_media":0,"parent":0,"menu_order":0,"comment_status":"closed","ping_status":"closed","template":"","meta":{"_et_pb_use_builder":"","_et_pb_old_content":"","_et_gb_content_width":"","ngg_post_thumbnail":0,"footnotes":""},"aioseo_notices":[],"_links":{"self":[{"href":"https:\/\/blogsaverroes.juntadeandalucia.es\/iesrioandara\/wp-json\/wp\/v2\/pages\/775"}],"collection":[{"href":"https:\/\/blogsaverroes.juntadeandalucia.es\/iesrioandara\/wp-json\/wp\/v2\/pages"}],"about":[{"href":"https:\/\/blogsaverroes.juntadeandalucia.es\/iesrioandara\/wp-json\/wp\/v2\/types\/page"}],"author":[{"embeddable":true,"href":"https:\/\/blogsaverroes.juntadeandalucia.es\/iesrioandara\/wp-json\/wp\/v2\/users\/14522"}],"replies":[{"embeddable":true,"href":"https:\/\/blogsaverroes.juntadeandalucia.es\/iesrioandara\/wp-json\/wp\/v2\/comments?post=775"}],"version-history":[{"count":11,"href":"https:\/\/blogsaverroes.juntadeandalucia.es\/iesrioandara\/wp-json\/wp\/v2\/pages\/775\/revisions"}],"predecessor-version":[{"id":5179,"href":"https:\/\/blogsaverroes.juntadeandalucia.es\/iesrioandara\/wp-json\/wp\/v2\/pages\/775\/revisions\/5179"}],"wp:attachment":[{"href":"https:\/\/blogsaverroes.juntadeandalucia.es\/iesrioandara\/wp-json\/wp\/v2\/media?parent=775"}],"curies":[{"name":"wp","href":"https:\/\/api.w.org\/{rel}","templated":true}]}}