{"id":1425,"date":"2025-02-20T21:40:03","date_gmt":"2025-02-20T20:40:03","guid":{"rendered":"https:\/\/blogsaverroes.juntadeandalucia.es\/iesrioverdemarbella\/?page_id=1425"},"modified":"2026-01-22T22:07:05","modified_gmt":"2026-01-22T21:07:05","slug":"area-cientifico-tecnologica","status":"publish","type":"page","link":"https:\/\/blogsaverroes.juntadeandalucia.es\/iesrioverdemarbella\/departamentos\/area-cientifico-tecnologica\/","title":{"rendered":"\u00c1rea Cient\u00edfico &#8211; Tecnol\u00f3gica"},"content":{"rendered":"<table style=\"border-collapse: collapse;width: 100%;height: 582px\">\n<tbody>\n<tr style=\"height: 26px\">\n<td style=\"width: 33.333333%;height: 26px\" colspan=\"3\"><span style=\"text-decoration: underline\"><span style=\"color: #0000ff\"><a style=\"color: #0000ff;text-decoration: underline\" href=\"https:\/\/educacionadistancia.juntadeandalucia.es\/centros\/malaga\/mod\/folder\/view.php?id=51098\" target=\"_blank\" rel=\"noopener\"><span style=\"font-size: 14pt\"><span style=\"font-size: 8pt\"><span style=\"font-size: 12pt\">Biolog\u00eda y Geolog\u00eda &#8211; programaciones del <\/span><\/span><\/span><span style=\"font-size: 12pt\">departamento<\/span><\/a><\/span><\/span><\/td>\n<\/tr>\n<tr style=\"height: 24px\">\n<td style=\"width: 33.333333%;height: 119px;text-align: right\"><span style=\"font-size: 10pt\"><strong>\u00c1ngel P\u00e9rez, Carmen<\/strong><\/span><br \/>\n<span style=\"font-size: 10pt\">Cortes Gal\u00e1n, Rosa<\/span><br \/>\n<span style=\"font-size: 10pt\">Mill\u00e1n Urraca, Celia<\/span><br \/>\n<span style=\"font-size: 10pt\">Profesor\/a<\/span><\/td>\n<td style=\"width: 3.237179%;height: 119px\">&nbsp;<\/td>\n<td style=\"width: 63.429487%;height: 119px\"><span style=\"font-size: 10pt\"><strong>Biolog\u00eda y Geolog\u00eda (Franc\u00e9s) P.E.S. (JD)<\/strong><\/span><br \/>\n<span style=\"font-size: 10pt\">Biolog\u00eda y Geolog\u00eda P.E.S.<\/span><br \/>\n<span style=\"font-size: 10pt\">Biolog\u00eda y Geolog\u00eda P.E.S.<\/span><br \/>\n<span style=\"font-size: 10pt\">Biolog\u00eda y Geolog\u00eda (Franc\u00e9s) P.E.S.<\/span><\/td>\n<\/tr>\n<tr style=\"height: 25px\">\n<td style=\"width: 33.333333%;height: 25px\" colspan=\"3\"><span style=\"text-decoration: underline;color: #0000ff;font-size: 8pt\"><a style=\"color: #0000ff\" href=\"https:\/\/educacionadistancia.juntadeandalucia.es\/centros\/malaga\/mod\/folder\/view.php?id=51101\" target=\"_blank\" rel=\"noopener\"><span style=\"font-size: 12pt\">Educaci\u00f3n F\u00edsica &#8211; programaciones del departamento<\/span><\/a><\/span><\/td>\n<\/tr>\n<tr style=\"height: 24px\">\n<td style=\"width: 33.333333%;height: 47px;text-align: right\"><span style=\"font-size: 10pt\">O\u00f1a Zambrana, Antonio Jes\u00fas<\/span><br \/>\n<span style=\"font-size: 10pt\"><strong>P\u00e9rez Rodr\u00edguez, Patricia<\/strong><\/span><\/td>\n<td style=\"width: 3.237179%;height: 47px\">&nbsp;<\/td>\n<td style=\"width: 63.429487%;height: 47px\"><span style=\"font-size: 10pt\">Educaci\u00f3n F\u00edsica P.E.S.<\/span><br \/>\n<span style=\"font-size: 10pt\"><strong>Educaci\u00f3n F\u00edsica P.E.S. (JD)<\/strong><\/span><\/td>\n<\/tr>\n<tr style=\"height: 25px\">\n<td style=\"width: 33.333333%;height: 25px\" colspan=\"3\"><span style=\"text-decoration: underline;color: #0000ff;font-size: 8pt\"><a style=\"color: #0000ff\" href=\"https:\/\/educacionadistancia.juntadeandalucia.es\/centros\/malaga\/mod\/folder\/view.php?id=51103\" target=\"_blank\" rel=\"noopener\"><span style=\"font-size: 12pt\">F\u00edsica y Qu\u00edmica &#8211; programaciones del departamento<\/span><\/a><\/span><\/td>\n<\/tr>\n<tr style=\"height: 30px\">\n<td style=\"width: 33.333333%;height: 127px;text-align: right\"><span style=\"font-size: 10pt\">Galindo de la Portilla, Jes\u00fas Mar\u00eda<\/span><br \/>\n<span style=\"font-size: 10pt\">G\u00f3mez Ortega, Macarena<\/span><br \/>\n<span style=\"font-size: 10pt\">Gonz\u00e1lez Garc\u00eda, Mar\u00eda del Mar<\/span><br \/>\n<span style=\"font-size: 10pt\"><strong>Utiel Ram\u00edrez, Jos\u00e9 Ignacio<\/strong><\/span><\/td>\n<td style=\"width: 3.237179%;height: 127px\">&nbsp;<\/td>\n<td style=\"width: 63.429487%;height: 127px\"><span style=\"font-size: 10pt\">F\u00edsica y Qu\u00edmica P.E.S.<\/span><br \/>\n<span style=\"font-size: 10pt\">F\u00edsica y Qu\u00edmica P.E.S.<\/span><br \/>\n<span style=\"font-size: 10pt\">F\u00edsica y Qu\u00edmica P.E.S.<\/span><br \/>\n<span style=\"font-size: 10pt\"><strong>F\u00edsica y Qu\u00edmica P.E.S. JD<\/strong><\/span><\/td>\n<\/tr>\n<tr style=\"height: 25px\">\n<td style=\"width: 33.333333%;height: 25px\" colspan=\"3\"><span style=\"font-size: 8pt\"><a href=\"https:\/\/educacionadistancia.juntadeandalucia.es\/centros\/malaga\/mod\/folder\/view.php?id=51109\" target=\"_blank\" rel=\"noopener\"><span style=\"text-decoration: underline\"><span style=\"color: #0000ff;text-decoration: underline\"><span style=\"font-size: 12pt\">Matem\u00e1ticas &#8211; programaciones del departamento<\/span><\/span><\/span><\/a><\/span><\/td>\n<\/tr>\n<tr style=\"height: 51px\">\n<td style=\"width: 33.333333%;height: 84px;text-align: right\"><span style=\"font-size: 10pt\"><strong>Alarc\u00f3n L\u00f3pez, Mar\u00eda Jos\u00e9<\/strong><\/span><br \/>\n<span style=\"font-size: 10pt\">\u00c1lvarez Guardia, Mario<\/span><br \/>\n<span style=\"font-size: 10pt\">Lorente Moreno, Eugenio<\/span><br \/>\n<span style=\"font-size: 10pt\">Moral Moral, Juan Antonio<\/span><br \/>\n<span style=\"font-size: 10pt\">Morilla Guirado, Silvia<\/span><br \/>\n<span style=\"font-size: 10pt\">Mu\u00f1oz Aguilera, Alfredo<\/span><br \/>\n<span style=\"font-size: 10pt\">Pedraza Serrano, Sergio<\/span><br \/>\n<span style=\"font-size: 10pt\">Serrano Garc\u00eda, Luis Felipe<\/span><\/td>\n<td style=\"width: 3.237179%;height: 84px\">&nbsp;<\/td>\n<td style=\"width: 63.429487%;height: 84px\"><span style=\"font-size: 10pt\"><strong>Matem\u00e1ticas P.E.S. (JD)<\/strong><\/span><br \/>\n<span style=\"font-size: 10pt\">Matem\u00e1ticas P.E.S.<\/span><br \/>\n<span style=\"font-size: 10pt\">Matem\u00e1ticas P.E.S.<\/span><br \/>\n<span style=\"font-size: 10pt\">Matem\u00e1ticas P.E.S.<\/span><br \/>\n<span style=\"font-size: 10pt\">Matem\u00e1ticas P.E.S.<\/span><br \/>\n<span style=\"font-size: 10pt\">Matem\u00e1ticas P.E.S.<\/span><br \/>\n<span style=\"font-size: 10pt\">Matem\u00e1ticas P.E.S.<\/span><br \/>\n<span style=\"font-size: 10pt\">Matem\u00e1ticas P.E.S.<\/span><\/td>\n<\/tr>\n<tr style=\"height: 25px\">\n<td style=\"width: 33.333333%;height: 25px\" colspan=\"3\"><span style=\"text-decoration: underline;color: #0000ff;font-size: 8pt\"><a style=\"color: #0000ff;text-decoration: underline\" href=\"https:\/\/educacionadistancia.juntadeandalucia.es\/centros\/malaga\/mod\/folder\/view.php?id=51111\" target=\"_blank\" rel=\"noopener\"><span style=\"font-size: 12pt\">Tecnolog\u00eda e Inform\u00e1tica &#8211; programaciones del departamento<\/span><\/a><\/span><\/td>\n<\/tr>\n<tr style=\"height: 24px\">\n<td style=\"width: 33.333333%;height: 10px;text-align: right\"><span style=\"font-size: 10pt\">Agudo Delgado, Antonio Miguel<\/span><br \/>\n<span style=\"font-size: 10pt\">Molina Mat\u00edas, Isabel Mar\u00eda<\/span><br \/>\n<span style=\"font-size: 10pt\">Vera Utrilla, Mar\u00eda Angustias<\/span><br \/>\n<span style=\"font-size: 10pt\">Mu\u00f1oz Rivas, Abel<\/span><\/td>\n<td style=\"width: 3.237179%;height: 10px\">&nbsp;<\/td>\n<td style=\"width: 63.429487%;height: 10px\"><span style=\"font-size: 10pt\">Tecnolog\u00eda P.E.S.<\/span><br \/>\n<span style=\"font-size: 10pt\">Tecnolog\u00eda (Franc\u00e9s) P.E.S.<\/span><br \/>\n<span style=\"font-size: 10pt\">Tecnolog\u00eda (Franc\u00e9s) P.E.S.<\/span><br \/>\n<span style=\"font-size: 10pt\">Inform\u00e1tica P.E.S.<\/span><\/td>\n<\/tr>\n<\/tbody>\n<\/table>\n<p>&nbsp;<\/p>\n","protected":false},"excerpt":{"rendered":"<p>Biolog\u00eda y Geolog\u00eda &#8211; programaciones del departamento \u00c1ngel P\u00e9rez, Carmen Cortes Gal\u00e1n, Rosa Mill\u00e1n Urraca, Celia Profesor\/a &nbsp; Biolog\u00eda y Geolog\u00eda (Franc\u00e9s) P.E.S. (JD) Biolog\u00eda y Geolog\u00eda P.E.S. Biolog\u00eda y Geolog\u00eda P.E.S. Biolog\u00eda y Geolog\u00eda (Franc\u00e9s) P.E.S. Educaci\u00f3n F\u00edsica &#8211; programaciones del departamento O\u00f1a Zambrana, Antonio Jes\u00fas P\u00e9rez Rodr\u00edguez, Patricia &nbsp; Educaci\u00f3n F\u00edsica P.E.S. Educaci\u00f3n [&hellip;]<\/p>\n","protected":false},"author":20722,"featured_media":0,"parent":1377,"menu_order":0,"comment_status":"closed","ping_status":"closed","template":"","meta":{"_et_pb_use_builder":"","_et_pb_old_content":"","_et_gb_content_width":"","ngg_post_thumbnail":0,"footnotes":""},"aioseo_notices":[],"_links":{"self":[{"href":"https:\/\/blogsaverroes.juntadeandalucia.es\/iesrioverdemarbella\/wp-json\/wp\/v2\/pages\/1425"}],"collection":[{"href":"https:\/\/blogsaverroes.juntadeandalucia.es\/iesrioverdemarbella\/wp-json\/wp\/v2\/pages"}],"about":[{"href":"https:\/\/blogsaverroes.juntadeandalucia.es\/iesrioverdemarbella\/wp-json\/wp\/v2\/types\/page"}],"author":[{"embeddable":true,"href":"https:\/\/blogsaverroes.juntadeandalucia.es\/iesrioverdemarbella\/wp-json\/wp\/v2\/users\/20722"}],"replies":[{"embeddable":true,"href":"https:\/\/blogsaverroes.juntadeandalucia.es\/iesrioverdemarbella\/wp-json\/wp\/v2\/comments?post=1425"}],"version-history":[{"count":25,"href":"https:\/\/blogsaverroes.juntadeandalucia.es\/iesrioverdemarbella\/wp-json\/wp\/v2\/pages\/1425\/revisions"}],"predecessor-version":[{"id":3604,"href":"https:\/\/blogsaverroes.juntadeandalucia.es\/iesrioverdemarbella\/wp-json\/wp\/v2\/pages\/1425\/revisions\/3604"}],"up":[{"embeddable":true,"href":"https:\/\/blogsaverroes.juntadeandalucia.es\/iesrioverdemarbella\/wp-json\/wp\/v2\/pages\/1377"}],"wp:attachment":[{"href":"https:\/\/blogsaverroes.juntadeandalucia.es\/iesrioverdemarbella\/wp-json\/wp\/v2\/media?parent=1425"}],"curies":[{"name":"wp","href":"https:\/\/api.w.org\/{rel}","templated":true}]}}