{"id":1971,"date":"2025-03-07T11:41:41","date_gmt":"2025-03-07T10:41:41","guid":{"rendered":"https:\/\/blogsaverroes.juntadeandalucia.es\/iesrioverdemarbella\/?page_id=1971"},"modified":"2026-04-17T10:09:26","modified_gmt":"2026-04-17T09:09:26","slug":"profs","status":"publish","type":"page","link":"https:\/\/blogsaverroes.juntadeandalucia.es\/iesrioverdemarbella\/profs\/","title":{"rendered":"PROFs"},"content":{"rendered":"<p>[et_pb_section fb_built=&#8221;1&#8243; admin_label=&#8221;section&#8221; _builder_version=&#8221;4.24.2&#8243; global_colors_info=&#8221;{}&#8221;][et_pb_row column_structure=&#8221;1_3,2_3&#8243; admin_label=&#8221;row&#8221; _builder_version=&#8221;4.16&#8243; background_size=&#8221;initial&#8221; background_position=&#8221;top_left&#8221; background_repeat=&#8221;repeat&#8221; global_colors_info=&#8221;{}&#8221;][et_pb_column type=&#8221;1_3&#8243; _builder_version=&#8221;4.16&#8243; custom_padding=&#8221;|||&#8221; global_colors_info=&#8221;{}&#8221; custom_padding__hover=&#8221;|||&#8221;][et_pb_image _builder_version=&#8221;4.24.2&#8243; _module_preset=&#8221;default&#8221; global_colors_info=&#8221;{}&#8221;][\/et_pb_image][et_pb_image src=&#8221;https:\/\/blogsaverroes.juntadeandalucia.es\/iesrioverdemarbella\/files\/2025\/12\/burnout-scaled.jpg&#8221; _builder_version=&#8221;4.24.2&#8243; _module_preset=&#8221;default&#8221; global_colors_info=&#8221;{}&#8221;][\/et_pb_image][\/et_pb_column][et_pb_column type=&#8221;2_3&#8243; _builder_version=&#8221;4.16&#8243; custom_padding=&#8221;|||&#8221; global_colors_info=&#8221;{}&#8221; custom_padding__hover=&#8221;|||&#8221;][et_pb_text admin_label=&#8221;FAQs + GP&#8221; _builder_version=&#8221;4.24.2&#8243; background_size=&#8221;initial&#8221; background_position=&#8221;top_left&#8221; background_repeat=&#8221;repeat&#8221; hover_enabled=&#8221;0&#8243; global_colors_info=&#8221;{}&#8221; sticky_enabled=&#8221;0&#8243;]<\/p>\n<h5 style=\"text-align: right\"><span style=\"font-size: 14pt;font-family: verdana, geneva, sans-serif\">Curso 2025\/26 &nbsp;(Profesorado)<\/span><\/h5>\n<hr>\n<p>&nbsp;<\/p>\n<table style=\"border-collapse: collapse;width: 100%;height: 230px\">\n<tbody>\n<tr style=\"height: 70px\">\n<td style=\"width: 100%;height: 70px\">\n<ul>\n<li><span style=\"color: #3366ff;font-family: verdana, geneva, sans-serif;font-size: 10pt\"><a style=\"color: #3366ff\" href=\"https:\/\/educacionadistancia.juntadeandalucia.es\/centros\/malaga\/pluginfile.php\/268753\/mod_resource\/content\/2\/0_GP.pdf\" target=\"_blank\" rel=\"noopener\">GP 5.0 | Gu\u00eda del Profesorado<\/a><\/span><\/li>\n<li><span style=\"color: #3366ff;font-size: 10pt\"><span style=\"font-family: verdana, geneva, sans-serif\"><a style=\"color: #3366ff\" href=\"https:\/\/educacionadistancia.juntadeandalucia.es\/centros\/malaga\/pluginfile.php\/268754\/mod_resource\/content\/3\/0_GPS.pdf\" target=\"_blank\" rel=\"noopener\">GPS 4.0 | Gu\u00eda del Profesorado Sustituto<\/a><\/span><\/span><\/li>\n<\/ul>\n<\/td>\n<\/tr>\n<tr style=\"height: 67px\">\n<td style=\"width: 100%;height: 67px\">\n<ul>\n<li><span style=\"font-size: 12pt;color: #3366ff\"><span style=\"font-family: verdana, geneva, sans-serif\"><a style=\"color: #3366ff\" href=\"https:\/\/educacionadistancia.juntadeandalucia.es\/centros\/malaga\/course\/view.php?id=680\" target=\"_blank\" rel=\"noopener\"><span style=\"font-size: 10pt\">FAQ |<\/span><\/a><span style=\"font-size: 10pt\"><a style=\"color: #3366ff\" href=\"https:\/\/educacionadistancia.juntadeandalucia.es\/centros\/malaga\/course\/view.php?id=680\" target=\"_blank\" rel=\"noopener\"> Preguntas m\u00e1s frecuentes<\/a><\/span><\/span><\/span><\/li>\n<li><span style=\"color: #3366ff;font-size: 10pt;font-family: verdana, geneva, sans-serif\"><a style=\"color: #3366ff\" href=\"https:\/\/educacionadistancia.juntadeandalucia.es\/centros\/malaga\/course\/section.php?id=53253\" target=\"_blank\" rel=\"noopener\">FAQ | Moodle Centros<\/a><\/span><\/li>\n<\/ul>\n<\/td>\n<\/tr>\n<tr style=\"height: 93px\">\n<td style=\"width: 100%;height: 93px\">\n<ul>\n<li><span style=\"color: #3366ff;font-family: verdana, geneva, sans-serif;font-size: 10pt\"><a style=\"color: #3366ff\" href=\"https:\/\/blogsaverroes.juntadeandalucia.es\/iesrioverdemarbella\/files\/2025\/03\/GUIA_DE_CONEXION_DE_US-UARIOS_AL_SERVICIO_WIFI_CORPORATIVO_DE_LOS_CENTROS_EDUCATIVOS_v6-3.pdf\" target=\"_blank\" rel=\"noopener\">GCA | Gu\u00eda de Conexi\u00f3n a ANDARED<\/a><\/span><\/li>\n<li><span style=\"color: #3366ff;font-family: verdana, geneva, sans-serif;font-size: 10pt\"><a style=\"color: #3366ff\" href=\"https:\/\/educaand-my.sharepoint.com\/personal\/malvgua851_m_educaand_es\/_layouts\/15\/onedrive.aspx?id=%2Fpersonal%2Fmalvgua851%5Fm%5Feducaand%5Fes%2FDocuments%2FTDE%2FDocumentaci\u00f3n%20Publicada%2FMANUALES&amp;ga=1\" target=\"_blank\" rel=\"noopener\">TDE | Manuales y Tutoriales de Transformaci\u00f3n Digital Educativa<\/a><\/span><\/li>\n<li><span style=\"color: #3366ff;font-size: 10pt;font-family: verdana, geneva, sans-serif\"><a style=\"color: #3366ff\" href=\"https:\/\/educacionadistancia.juntadeandalucia.es\/centros\/malaga\/mod\/folder\/view.php?id=409731\" target=\"_blank\" rel=\"noopener\">DACE | Solicitud y Valoraci\u00f3n de Actividades Extraescolares<\/a><\/span><\/li>\n<\/ul>\n<\/td>\n<\/tr>\n<\/tbody>\n<\/table>\n<p>&nbsp;<\/p>\n<p>&nbsp;<\/p>\n<p>[\/et_pb_text][\/et_pb_column][\/et_pb_row][\/et_pb_section]<\/p>\n","protected":false},"excerpt":{"rendered":"<p>Curso 2025\/26 &nbsp;(Profesorado) &nbsp; GP 5.0 | Gu\u00eda del Profesorado GPS 4.0 | Gu\u00eda del Profesorado Sustituto FAQ | Preguntas m\u00e1s frecuentes FAQ | Moodle Centros GCA | Gu\u00eda de Conexi\u00f3n a ANDARED TDE | Manuales y Tutoriales de Transformaci\u00f3n Digital Educativa DACE | Solicitud y Valoraci\u00f3n de Actividades Extraescolares &nbsp; &nbsp;<\/p>\n","protected":false},"author":20722,"featured_media":2696,"parent":0,"menu_order":0,"comment_status":"closed","ping_status":"closed","template":"","meta":{"_et_pb_use_builder":"on","_et_pb_old_content":"<p>\u00a0<\/p><p style=\"text-align: right\"><strong><span style=\"font-size: 14pt\"><em>Curso 2024\/25 \u00a0(solo profesorado)<\/em><\/span><\/strong><\/p><hr><p>\u00a0<\/p><ul><li><span style=\"font-size: 14pt;color: #3366ff\">\u00a0 \u00a0<a style=\"color: #3366ff\" href=\"https:\/\/educacionadistancia.juntadeandalucia.es\/centros\/malaga\/pluginfile.php\/985259\/mod_resource\/content\/1\/0_GP.pdf\" target=\"_blank\" rel=\"noopener\"><em>GP \u00a0 4.0 \u00a0- \u00a0Gu\u00eda del Profesorado<\/em><\/a><\/span><\/li><li><span style=\"color: #3366ff;font-size: 14pt\"><em>\u00a0 \u00a0<a style=\"color: #3366ff\" href=\"https:\/\/educacionadistancia.juntadeandalucia.es\/centros\/malaga\/pluginfile.php\/985260\/mod_resource\/content\/2\/0_GPS.pdf\" target=\"_blank\" rel=\"noopener\">GPS 3.0 \u00a0- \u00a0Gu\u00eda del Profesorado Sustituto<\/a><\/em><\/span><\/li><\/ul><p>\u00a0<\/p><ul><li><span style=\"color: #3366ff\"><a style=\"color: #3366ff\" href=\"https:\/\/educaand-my.sharepoint.com\/personal\/malvgua851_m_educaand_es\/_layouts\/15\/onedrive.aspx?id=%2Fpersonal%2Fmalvgua851%5Fm%5Feducaand%5Fes%2FDocuments%2FTDE%2FDocumentaci\u00f3n%20Publicada%2FMANUALES&ga=1\" target=\"_blank\" rel=\"noopener\"><span style=\"font-size: 14pt\">\u00a0<em>TDE \u00a0 - \u00a0Manuales y Tutoriales de Transformaci\u00f3n Digital Educativa<\/em><\/span><\/a><\/span><\/li><li><span style=\"color: #3366ff\"><a style=\"color: #3366ff\" href=\"https:\/\/blogsaverroes.juntadeandalucia.es\/iesrioverdemarbella\/files\/2025\/03\/GUIA_DE_CONEXION_DE_US-UARIOS_AL_SERVICIO_WIFI_CORPORATIVO_DE_LOS_CENTROS_EDUCATIVOS_v6-3.pdf\" target=\"_blank\" rel=\"noopener\"><span style=\"font-size: 14pt\">\u00a0<em>GCA \u00a0- \u00a0Gu\u00eda de Conexi\u00f3n a ANDARED<\/em><\/span><\/a><\/span><\/li><\/ul><p>\u00a0<\/p><ul><li><span style=\"font-size: 14pt;color: #3366ff\">\u00a0 <a style=\"color: #3366ff\" href=\"https:\/\/iesrioverde.com\/intranet\/login.php\" target=\"_blank\" rel=\"noopener\"><em>ACCESO INTRANET...<\/em><\/a><\/span><\/li><\/ul><p>\u00a0<\/p><p>\u00a0<\/p><p>\u00a0<\/p>","_et_gb_content_width":"","ngg_post_thumbnail":0,"footnotes":""},"aioseo_notices":[],"_links":{"self":[{"href":"https:\/\/blogsaverroes.juntadeandalucia.es\/iesrioverdemarbella\/wp-json\/wp\/v2\/pages\/1971"}],"collection":[{"href":"https:\/\/blogsaverroes.juntadeandalucia.es\/iesrioverdemarbella\/wp-json\/wp\/v2\/pages"}],"about":[{"href":"https:\/\/blogsaverroes.juntadeandalucia.es\/iesrioverdemarbella\/wp-json\/wp\/v2\/types\/page"}],"author":[{"embeddable":true,"href":"https:\/\/blogsaverroes.juntadeandalucia.es\/iesrioverdemarbella\/wp-json\/wp\/v2\/users\/20722"}],"replies":[{"embeddable":true,"href":"https:\/\/blogsaverroes.juntadeandalucia.es\/iesrioverdemarbella\/wp-json\/wp\/v2\/comments?post=1971"}],"version-history":[{"count":68,"href":"https:\/\/blogsaverroes.juntadeandalucia.es\/iesrioverdemarbella\/wp-json\/wp\/v2\/pages\/1971\/revisions"}],"predecessor-version":[{"id":3979,"href":"https:\/\/blogsaverroes.juntadeandalucia.es\/iesrioverdemarbella\/wp-json\/wp\/v2\/pages\/1971\/revisions\/3979"}],"wp:featuredmedia":[{"embeddable":true,"href":"https:\/\/blogsaverroes.juntadeandalucia.es\/iesrioverdemarbella\/wp-json\/"}],"wp:attachment":[{"href":"https:\/\/blogsaverroes.juntadeandalucia.es\/iesrioverdemarbella\/wp-json\/wp\/v2\/media?parent=1971"}],"curies":[{"name":"wp","href":"https:\/\/api.w.org\/{rel}","templated":true}]}}