{"id":850,"date":"2020-12-18T08:41:27","date_gmt":"2020-12-18T07:41:27","guid":{"rendered":"https:\/\/blogsaverroes.juntadeandalucia.es\/pre\/plantilla-pencil\/?page_id=850"},"modified":"2026-04-17T18:47:05","modified_gmt":"2026-04-17T17:47:05","slug":"documentos","status":"publish","type":"page","link":"https:\/\/blogsaverroes.juntadeandalucia.es\/iesrioverdemarbella\/documentos\/","title":{"rendered":"Proyecto Educativo"},"content":{"rendered":"<p>[et_pb_section fb_built=&#8221;1&#8243; _builder_version=&#8221;4.24.2&#8243; global_colors_info=&#8221;{}&#8221;][et_pb_row column_structure=&#8221;1_3,2_3&#8243; _builder_version=&#8221;4.24.2&#8243; background_size=&#8221;initial&#8221; background_position=&#8221;top_left&#8221; background_repeat=&#8221;repeat&#8221; global_colors_info=&#8221;{}&#8221;][et_pb_column type=&#8221;1_3&#8243; _builder_version=&#8221;4.16&#8243; custom_padding=&#8221;|||&#8221; global_colors_info=&#8221;{}&#8221; custom_padding__hover=&#8221;|||&#8221;][et_pb_image src=&#8221;https:\/\/blogsaverroes.juntadeandalucia.es\/iesrioverdemarbella\/files\/2025\/12\/dibujo-rioverde-bw.jpg&#8221; title_text=&#8221;dibujo rioverde (b&amp;w)&#8221; admin_label=&#8221;Imagen dibujo rioverde&#8221; _builder_version=&#8221;4.24.2&#8243; z_index_tablet=&#8221;500&#8243; box_shadow_horizontal_tablet=&#8221;0px&#8221; box_shadow_vertical_tablet=&#8221;0px&#8221; box_shadow_blur_tablet=&#8221;40px&#8221; box_shadow_spread_tablet=&#8221;0px&#8221; global_colors_info=&#8221;{}&#8221;][\/et_pb_image][\/et_pb_column][et_pb_column type=&#8221;2_3&#8243; _builder_version=&#8221;4.16&#8243; custom_padding=&#8221;|||&#8221; global_colors_info=&#8221;{}&#8221; custom_padding__hover=&#8221;|||&#8221;][et_pb_text admin_label=&#8221;Texto descriptivo &#8211; Proyecto Educativo 8.0&#8243; _builder_version=&#8221;4.24.2&#8243; text_line_height=&#8221;1em&#8221; min_height=&#8221;100px&#8221; height=&#8221;100px&#8221; hover_enabled=&#8221;0&#8243; z_index_tablet=&#8221;500&#8243; text_text_shadow_horizontal_length_tablet=&#8221;0px&#8221; text_text_shadow_vertical_length_tablet=&#8221;0px&#8221; text_text_shadow_blur_strength_tablet=&#8221;1px&#8221; link_text_shadow_horizontal_length_tablet=&#8221;0px&#8221; link_text_shadow_vertical_length_tablet=&#8221;0px&#8221; link_text_shadow_blur_strength_tablet=&#8221;1px&#8221; ul_text_shadow_horizontal_length_tablet=&#8221;0px&#8221; ul_text_shadow_vertical_length_tablet=&#8221;0px&#8221; ul_text_shadow_blur_strength_tablet=&#8221;1px&#8221; ol_text_shadow_horizontal_length_tablet=&#8221;0px&#8221; ol_text_shadow_vertical_length_tablet=&#8221;0px&#8221; ol_text_shadow_blur_strength_tablet=&#8221;1px&#8221; quote_text_shadow_horizontal_length_tablet=&#8221;0px&#8221; quote_text_shadow_vertical_length_tablet=&#8221;0px&#8221; quote_text_shadow_blur_strength_tablet=&#8221;1px&#8221; header_text_shadow_horizontal_length_tablet=&#8221;0px&#8221; header_text_shadow_vertical_length_tablet=&#8221;0px&#8221; header_text_shadow_blur_strength_tablet=&#8221;1px&#8221; header_2_text_shadow_horizontal_length_tablet=&#8221;0px&#8221; header_2_text_shadow_vertical_length_tablet=&#8221;0px&#8221; header_2_text_shadow_blur_strength_tablet=&#8221;1px&#8221; header_3_text_shadow_horizontal_length_tablet=&#8221;0px&#8221; header_3_text_shadow_vertical_length_tablet=&#8221;0px&#8221; header_3_text_shadow_blur_strength_tablet=&#8221;1px&#8221; header_4_text_shadow_horizontal_length_tablet=&#8221;0px&#8221; header_4_text_shadow_vertical_length_tablet=&#8221;0px&#8221; header_4_text_shadow_blur_strength_tablet=&#8221;1px&#8221; header_5_text_shadow_horizontal_length_tablet=&#8221;0px&#8221; header_5_text_shadow_vertical_length_tablet=&#8221;0px&#8221; header_5_text_shadow_blur_strength_tablet=&#8221;1px&#8221; header_6_text_shadow_horizontal_length_tablet=&#8221;0px&#8221; header_6_text_shadow_vertical_length_tablet=&#8221;0px&#8221; header_6_text_shadow_blur_strength_tablet=&#8221;1px&#8221; box_shadow_horizontal_tablet=&#8221;0px&#8221; box_shadow_vertical_tablet=&#8221;0px&#8221; box_shadow_blur_tablet=&#8221;40px&#8221; box_shadow_spread_tablet=&#8221;0px&#8221; global_colors_info=&#8221;{}&#8221; sticky_enabled=&#8221;0&#8243;]<\/p>\n<h5 style=\"text-align: right\"><span style=\"font-size: 14pt;font-family: verdana, geneva, sans-serif\">Proyecto Educativo IES R\u00edo Verde, Marbella<\/span><\/h5>\n<hr>\n<p>&nbsp;<\/p>\n<ul>\n<li><span style=\"font-size: 12pt;color: #3366ff\"><a style=\"color: #3366ff\" href=\"https:\/\/blogsaverroes.juntadeandalucia.es\/iesrioverdemarbella\/files\/2025\/11\/0_PE8.0.pdf\" target=\"_blank\" rel=\"noopener\">PE &nbsp; &nbsp;| &nbsp;Proyecto Educativo 8.0<\/a><\/span><\/li>\n<li><span style=\"color: #3366ff;font-size: 12pt\"><a style=\"color: #3366ff\" href=\"https:\/\/blogsaverroes.juntadeandalucia.es\/iesrioverdemarbella\/files\/2025\/02\/0_ROF40.pdf\" target=\"_blank\" rel=\"noopener\">ROF | &nbsp;Reglamento de Organizaci\u00f3n y Funcionamiento 4.0<\/a><\/span><\/li>\n<li><a href=\"https:\/\/blogsaverroes.juntadeandalucia.es\/iesrioverdemarbella\/files\/2025\/11\/0_plan_convivencia.pdf\" target=\"_blank\" rel=\"noopener\"><span style=\"color: #3366ff;font-size: 12pt\">PC &nbsp; &nbsp;| &nbsp;Plan de Convivencia 3.0<\/span><\/a><\/li>\n<\/ul>\n<p>&nbsp;<\/p>\n<hr>\n<p>&nbsp;<\/p>\n<ul>\n<li><span style=\"font-size: 10pt;color: #000080\"><a style=\"color: #000080\" href=\"https:\/\/blogsaverroes.juntadeandalucia.es\/iesrioverdemarbella\/files\/2025\/12\/Plan-Lector-202526_iesrioverde.pdf\" target=\"_blank\" rel=\"noopener\"><em>Plan Lector 1.01<\/em><\/a><\/span><\/li>\n<li><span style=\"font-size: 10pt;color: #000080\"><em><a style=\"color: #000080\" href=\"https:\/\/blogsaverroes.juntadeandalucia.es\/iesrioverdemarbella\/files\/2025\/12\/Plan-Razonamiento-Matematico-202526_iesrioverde.pdf\" target=\"_blank\" rel=\"noopener\">Plan de Razonamiento Matem\u00e1tico 1.01<\/a><\/em><\/span><\/li>\n<li><span style=\"color: #000080\"><a style=\"font-size: 10pt;color: #000080\" href=\"https:\/\/blogsaverroes.juntadeandalucia.es\/iesrioverdemarbella\/files\/2025\/12\/Instrucciones-presetar-trabajo.pdf\" target=\"_blank\" rel=\"noopener\"><em>Instrucciones para Presentar un Trabajo<\/em><\/a><\/span><\/li>\n<\/ul>\n<p>&nbsp;<\/p>\n<p>&nbsp;<\/p>\n<p>&nbsp;<\/p>\n<p>&nbsp;<\/p>\n<p>&nbsp;<\/p>\n<p>&nbsp;<\/p>\n<p>&nbsp;<\/p>\n<p>&nbsp;<\/p>\n<hr>\n<p><i style=\"font-size: 8pt\">* Aprobado por el Claustro el 13 de noviembre de 2025. Elaborado seg\u00fan la Gu\u00eda para el Asesoramiento sobre la Modificaci\u00f3n del Proyecto Educativo en Institutos de ESO (Inspecci\u00f3n General de Educaci\u00f3n, Consejer\u00eda de Desarrollo Educativo y FP, Junta de Andaluc\u00eda).<\/i><\/p>\n<p>[\/et_pb_text][\/et_pb_column][\/et_pb_row][\/et_pb_section][et_pb_section fb_built=&#8221;1&#8243; _builder_version=&#8221;4.24.2&#8243; _module_preset=&#8221;default&#8221; global_colors_info=&#8221;{}&#8221;][et_pb_row _builder_version=&#8221;4.24.2&#8243; _module_preset=&#8221;default&#8221; global_colors_info=&#8221;{}&#8221;][et_pb_column type=&#8221;4_4&#8243; _builder_version=&#8221;4.24.2&#8243; _module_preset=&#8221;default&#8221; global_colors_info=&#8221;{}&#8221;][et_pb_image _builder_version=&#8221;4.24.2&#8243; _module_preset=&#8221;default&#8221; global_colors_info=&#8221;{}&#8221;][\/et_pb_image][\/et_pb_column][\/et_pb_row][\/et_pb_section]<\/p>\n","protected":false},"excerpt":{"rendered":"<p>Proyecto Educativo IES R\u00edo Verde, Marbella &nbsp; PE &nbsp; &nbsp;| &nbsp;Proyecto Educativo 8.0 ROF | &nbsp;Reglamento de Organizaci\u00f3n y Funcionamiento 4.0 PC &nbsp; &nbsp;| &nbsp;Plan de Convivencia 3.0 &nbsp; &nbsp; Plan Lector 1.01 Plan de Razonamiento Matem\u00e1tico 1.01 Instrucciones para Presentar un Trabajo &nbsp; &nbsp; &nbsp; &nbsp; &nbsp; &nbsp; &nbsp; &nbsp; * Aprobado por el [&hellip;]<\/p>\n","protected":false},"author":7051,"featured_media":0,"parent":0,"menu_order":0,"comment_status":"closed","ping_status":"closed","template":"","meta":{"_et_pb_use_builder":"on","_et_pb_old_content":"","_et_gb_content_width":"","ngg_post_thumbnail":0,"footnotes":""},"aioseo_notices":[],"_links":{"self":[{"href":"https:\/\/blogsaverroes.juntadeandalucia.es\/iesrioverdemarbella\/wp-json\/wp\/v2\/pages\/850"}],"collection":[{"href":"https:\/\/blogsaverroes.juntadeandalucia.es\/iesrioverdemarbella\/wp-json\/wp\/v2\/pages"}],"about":[{"href":"https:\/\/blogsaverroes.juntadeandalucia.es\/iesrioverdemarbella\/wp-json\/wp\/v2\/types\/page"}],"author":[{"embeddable":true,"href":"https:\/\/blogsaverroes.juntadeandalucia.es\/iesrioverdemarbella\/wp-json\/wp\/v2\/users\/7051"}],"replies":[{"embeddable":true,"href":"https:\/\/blogsaverroes.juntadeandalucia.es\/iesrioverdemarbella\/wp-json\/wp\/v2\/comments?post=850"}],"version-history":[{"count":119,"href":"https:\/\/blogsaverroes.juntadeandalucia.es\/iesrioverdemarbella\/wp-json\/wp\/v2\/pages\/850\/revisions"}],"predecessor-version":[{"id":3982,"href":"https:\/\/blogsaverroes.juntadeandalucia.es\/iesrioverdemarbella\/wp-json\/wp\/v2\/pages\/850\/revisions\/3982"}],"wp:attachment":[{"href":"https:\/\/blogsaverroes.juntadeandalucia.es\/iesrioverdemarbella\/wp-json\/wp\/v2\/media?parent=850"}],"curies":[{"name":"wp","href":"https:\/\/api.w.org\/{rel}","templated":true}]}}