{"id":867,"date":"2025-03-19T19:30:13","date_gmt":"2025-03-19T18:30:13","guid":{"rendered":"https:\/\/blogsaverroes.juntadeandalucia.es\/pre\/plantilla-pencil\/?page_id=867"},"modified":"2026-02-09T21:22:29","modified_gmt":"2026-02-09T20:22:29","slug":"bilinguismo","status":"publish","type":"page","link":"https:\/\/blogsaverroes.juntadeandalucia.es\/iesrioverdemarbella\/bilinguismo\/","title":{"rendered":"Proyecto Biling\u00fc\u00edsmo"},"content":{"rendered":"<p>[et_pb_section fb_built=&#8221;1&#8243; _builder_version=&#8221;4.16&#8243; custom_padding=&#8221;0px||0px|&#8221; z_index_tablet=&#8221;500&#8243; box_shadow_horizontal_tablet=&#8221;0px&#8221; box_shadow_vertical_tablet=&#8221;0px&#8221; box_shadow_blur_tablet=&#8221;40px&#8221; box_shadow_spread_tablet=&#8221;0px&#8221; global_colors_info=&#8221;{}&#8221;][et_pb_row _builder_version=&#8221;4.16&#8243; background_size=&#8221;initial&#8221; background_position=&#8221;top_left&#8221; background_repeat=&#8221;repeat&#8221; global_colors_info=&#8221;{}&#8221;][et_pb_column type=&#8221;4_4&#8243; _builder_version=&#8221;4.16&#8243; custom_padding=&#8221;|||&#8221; global_colors_info=&#8221;{}&#8221; custom_padding__hover=&#8221;|||&#8221;][et_pb_image title_text=&#8221;cabecera-interior-4&#8243; admin_label=&#8221;Imagen de la portada&#8221; _builder_version=&#8221;4.24.2&#8243; z_index_tablet=&#8221;500&#8243; box_shadow_horizontal_tablet=&#8221;0px&#8221; box_shadow_vertical_tablet=&#8221;0px&#8221; box_shadow_blur_tablet=&#8221;40px&#8221; box_shadow_spread_tablet=&#8221;0px&#8221; global_colors_info=&#8221;{}&#8221;][\/et_pb_image][et_pb_text admin_label=&#8221;Texto descriptivo&#8221; _builder_version=&#8221;4.24.2&#8243; z_index_tablet=&#8221;500&#8243; text_text_shadow_horizontal_length_tablet=&#8221;0px&#8221; text_text_shadow_vertical_length_tablet=&#8221;0px&#8221; text_text_shadow_blur_strength_tablet=&#8221;1px&#8221; link_text_shadow_horizontal_length_tablet=&#8221;0px&#8221; link_text_shadow_vertical_length_tablet=&#8221;0px&#8221; link_text_shadow_blur_strength_tablet=&#8221;1px&#8221; ul_text_shadow_horizontal_length_tablet=&#8221;0px&#8221; ul_text_shadow_vertical_length_tablet=&#8221;0px&#8221; ul_text_shadow_blur_strength_tablet=&#8221;1px&#8221; ol_text_shadow_horizontal_length_tablet=&#8221;0px&#8221; ol_text_shadow_vertical_length_tablet=&#8221;0px&#8221; ol_text_shadow_blur_strength_tablet=&#8221;1px&#8221; quote_text_shadow_horizontal_length_tablet=&#8221;0px&#8221; quote_text_shadow_vertical_length_tablet=&#8221;0px&#8221; quote_text_shadow_blur_strength_tablet=&#8221;1px&#8221; header_text_shadow_horizontal_length_tablet=&#8221;0px&#8221; header_text_shadow_vertical_length_tablet=&#8221;0px&#8221; header_text_shadow_blur_strength_tablet=&#8221;1px&#8221; header_2_text_shadow_horizontal_length_tablet=&#8221;0px&#8221; header_2_text_shadow_vertical_length_tablet=&#8221;0px&#8221; header_2_text_shadow_blur_strength_tablet=&#8221;1px&#8221; header_3_text_shadow_horizontal_length_tablet=&#8221;0px&#8221; header_3_text_shadow_vertical_length_tablet=&#8221;0px&#8221; header_3_text_shadow_blur_strength_tablet=&#8221;1px&#8221; header_4_text_shadow_horizontal_length_tablet=&#8221;0px&#8221; header_4_text_shadow_vertical_length_tablet=&#8221;0px&#8221; header_4_text_shadow_blur_strength_tablet=&#8221;1px&#8221; header_5_text_shadow_horizontal_length_tablet=&#8221;0px&#8221; header_5_text_shadow_vertical_length_tablet=&#8221;0px&#8221; header_5_text_shadow_blur_strength_tablet=&#8221;1px&#8221; header_6_text_shadow_horizontal_length_tablet=&#8221;0px&#8221; header_6_text_shadow_vertical_length_tablet=&#8221;0px&#8221; header_6_text_shadow_blur_strength_tablet=&#8221;1px&#8221; box_shadow_horizontal_tablet=&#8221;0px&#8221; box_shadow_vertical_tablet=&#8221;0px&#8221; box_shadow_blur_tablet=&#8221;40px&#8221; box_shadow_spread_tablet=&#8221;0px&#8221; global_colors_info=&#8221;{}&#8221;]<\/p>\n<h2>Proyecto de Biling\u00fc\u00edsmo<\/h2>\n<p>&nbsp;<\/p>\n<table style=\"border-collapse: collapse;width: 90.201004%;height: 161px\">\n<tbody>\n<tr>\n<td style=\"width: 84.844784%\">\n<h4><em>FICHE INFORMATIVE POUR LES ASSISTANTS DE LANGUE<\/em><\/h4>\n<hr>\n<\/td>\n<td style=\"width: 33.487043%\">\n<h4>&nbsp;<\/h4>\n<\/td>\n<\/tr>\n<tr>\n<td style=\"width: 84.844784%\"><i>Esta ficha pretende facilitar informaci\u00f3n al auxiliar que desconoce nuestro sistema educativo y cultura. Se evitar\u00e1n acr\u00f3nimos y se har\u00e1 lo m\u00e1s comprensible posible. Es recomendable que los\/las actuales auxiliares contribuyan a cumplimentar esta ficha (borrar esta informaci\u00f3n).<span class=\"Apple-converted-space\">&nbsp;<\/span><\/i><\/td>\n<td style=\"width: 33.487043%\">&nbsp;<\/td>\n<\/tr>\n<\/tbody>\n<\/table>\n<h4>&nbsp;<\/h4>\n<h2><a href=\"https:\/\/www.iesrioverde.es\/wp-content\/uploads\/2023\/03\/Ficha-informativa-frances.pdf\" target=\"_blank\" rel=\"noopener\"><em>F<\/em><em>icha Informativa Franc\u00e9s<\/em><\/a><\/h2>\n<hr>\n<p>&nbsp;<\/p>\n<p>El IES R\u00edo Verde es un centro biling\u00fce franc\u00e9s que cuenta con las siguientes materias ANL impartidas en L2<\/p>\n<table style=\"border-collapse: collapse;width: 44.974874%\">\n<tbody>\n<tr>\n<td style=\"width: 10.175879%\"><strong>1\u00ba ESO<\/strong><\/td>\n<td style=\"width: 34.798995%\">\n<ul>\n<li>Geograf\u00eda e Historia<\/li>\n<li>Educaci\u00f3n Pl\u00e1stica y Visual<\/li>\n<\/ul>\n<\/td>\n<\/tr>\n<tr>\n<td style=\"width: 10.175879%\"><strong>2\u00ba ESO<\/strong><\/td>\n<td style=\"width: 34.798995%\">\n<ul>\n<li>Geograf\u00eda e Historia<\/li>\n<li>Educaci\u00f3n Pl\u00e1stica y Visual<\/li>\n<li>Tecnolog\u00eda<\/li>\n<\/ul>\n<\/td>\n<\/tr>\n<tr>\n<td style=\"width: 10.175879%\"><strong>3\u00ba ESO<\/strong><\/td>\n<td style=\"width: 34.798995%\">\n<ul>\n<li>Geograf\u00eda e Historia<\/li>\n<li>Tecnolog\u00eda<\/li>\n<\/ul>\n<\/td>\n<\/tr>\n<tr>\n<td style=\"width: 10.175879%\"><strong>4\u00ba ESO<\/strong><\/td>\n<td style=\"width: 34.798995%\">\n<ul>\n<li>Geograf\u00eda e Historia<\/li>\n<li>Educaci\u00f3n Pl\u00e1stica y Visual<\/li>\n<li>Tecnolog\u00eda<\/li>\n<\/ul>\n<\/td>\n<\/tr>\n<\/tbody>\n<\/table>\n<p>&nbsp;<\/p>\n<hr>\n<hr>\n<p>&nbsp;<\/p>\n<p>[\/et_pb_text][\/et_pb_column][\/et_pb_row][\/et_pb_section][et_pb_section fb_built=&#8221;1&#8243; _builder_version=&#8221;4.24.2&#8243; _module_preset=&#8221;default&#8221; global_colors_info=&#8221;{}&#8221;][et_pb_row _builder_version=&#8221;4.24.2&#8243; _module_preset=&#8221;default&#8221; global_colors_info=&#8221;{}&#8221;][et_pb_column type=&#8221;4_4&#8243; _builder_version=&#8221;4.24.2&#8243; _module_preset=&#8221;default&#8221; global_colors_info=&#8221;{}&#8221;][et_pb_image src=&#8221;https:\/\/blogsaverroes.juntadeandalucia.es\/iesrioverdemarbella\/files\/2025\/03\/licensed-image.jpeg&#8221; _builder_version=&#8221;4.24.2&#8243; _module_preset=&#8221;default&#8221; global_colors_info=&#8221;{}&#8221;][\/et_pb_image][\/et_pb_column][\/et_pb_row][\/et_pb_section]<\/p>\n","protected":false},"excerpt":{"rendered":"<p>Proyecto de Biling\u00fc\u00edsmo &nbsp; FICHE INFORMATIVE POUR LES ASSISTANTS DE LANGUE &nbsp; Esta ficha pretende facilitar informaci\u00f3n al auxiliar que desconoce nuestro sistema educativo y cultura. Se evitar\u00e1n acr\u00f3nimos y se har\u00e1 lo m\u00e1s comprensible posible. Es recomendable que los\/las actuales auxiliares contribuyan a cumplimentar esta ficha (borrar esta informaci\u00f3n).&nbsp; &nbsp; &nbsp; Ficha Informativa Franc\u00e9s [&hellip;]<\/p>\n","protected":false},"author":7051,"featured_media":0,"parent":0,"menu_order":0,"comment_status":"closed","ping_status":"closed","template":"","meta":{"_et_pb_use_builder":"on","_et_pb_old_content":"","_et_gb_content_width":"","ngg_post_thumbnail":0,"footnotes":""},"aioseo_notices":[],"_links":{"self":[{"href":"https:\/\/blogsaverroes.juntadeandalucia.es\/iesrioverdemarbella\/wp-json\/wp\/v2\/pages\/867"}],"collection":[{"href":"https:\/\/blogsaverroes.juntadeandalucia.es\/iesrioverdemarbella\/wp-json\/wp\/v2\/pages"}],"about":[{"href":"https:\/\/blogsaverroes.juntadeandalucia.es\/iesrioverdemarbella\/wp-json\/wp\/v2\/types\/page"}],"author":[{"embeddable":true,"href":"https:\/\/blogsaverroes.juntadeandalucia.es\/iesrioverdemarbella\/wp-json\/wp\/v2\/users\/7051"}],"replies":[{"embeddable":true,"href":"https:\/\/blogsaverroes.juntadeandalucia.es\/iesrioverdemarbella\/wp-json\/wp\/v2\/comments?post=867"}],"version-history":[{"count":22,"href":"https:\/\/blogsaverroes.juntadeandalucia.es\/iesrioverdemarbella\/wp-json\/wp\/v2\/pages\/867\/revisions"}],"predecessor-version":[{"id":3793,"href":"https:\/\/blogsaverroes.juntadeandalucia.es\/iesrioverdemarbella\/wp-json\/wp\/v2\/pages\/867\/revisions\/3793"}],"wp:attachment":[{"href":"https:\/\/blogsaverroes.juntadeandalucia.es\/iesrioverdemarbella\/wp-json\/wp\/v2\/media?parent=867"}],"curies":[{"name":"wp","href":"https:\/\/api.w.org\/{rel}","templated":true}]}}