{"id":871,"date":"2020-12-18T08:57:29","date_gmt":"2020-12-18T07:57:29","guid":{"rendered":"https:\/\/blogsaverroes.juntadeandalucia.es\/pre\/plantilla-pencil\/?page_id=871"},"modified":"2026-01-23T21:19:49","modified_gmt":"2026-01-23T20:19:49","slug":"pau","status":"publish","type":"page","link":"https:\/\/blogsaverroes.juntadeandalucia.es\/iesrioverdemarbella\/pau\/","title":{"rendered":"PAU (selectividad)"},"content":{"rendered":"<p>[et_pb_section fb_built=&#8221;1&#8243; _builder_version=&#8221;4.16&#8243; custom_padding=&#8221;0px||0px|&#8221; z_index_tablet=&#8221;500&#8243; box_shadow_horizontal_tablet=&#8221;0px&#8221; box_shadow_vertical_tablet=&#8221;0px&#8221; box_shadow_blur_tablet=&#8221;40px&#8221; box_shadow_spread_tablet=&#8221;0px&#8221; global_colors_info=&#8221;{}&#8221;][et_pb_row column_structure=&#8221;1_3,2_3&#8243; _builder_version=&#8221;4.16&#8243; background_size=&#8221;initial&#8221; background_position=&#8221;top_left&#8221; background_repeat=&#8221;repeat&#8221; global_colors_info=&#8221;{}&#8221;][et_pb_column type=&#8221;1_3&#8243; _builder_version=&#8221;4.16&#8243; custom_padding=&#8221;|||&#8221; global_colors_info=&#8221;{}&#8221; custom_padding__hover=&#8221;|||&#8221;][et_pb_image src=&#8221;https:\/\/blogsaverroes.juntadeandalucia.es\/iesrioverdemarbella\/files\/2025\/03\/Captura-de-pantalla-2025-03-04-a-las-18.28.45.png&#8221; title_text=&#8221;Captura de pantalla 2025-03-04 a las 18.28.45&#8243; admin_label=&#8221;Imagen de la portada&#8221; _builder_version=&#8221;4.24.2&#8243; z_index_tablet=&#8221;500&#8243; box_shadow_horizontal_tablet=&#8221;0px&#8221; box_shadow_vertical_tablet=&#8221;0px&#8221; box_shadow_blur_tablet=&#8221;40px&#8221; box_shadow_spread_tablet=&#8221;0px&#8221; global_colors_info=&#8221;{}&#8221;][\/et_pb_image][\/et_pb_column][et_pb_column type=&#8221;2_3&#8243; _builder_version=&#8221;4.16&#8243; custom_padding=&#8221;|||&#8221; global_colors_info=&#8221;{}&#8221; custom_padding__hover=&#8221;|||&#8221;][et_pb_text admin_label=&#8221;Texto descriptivo&#8221; _builder_version=&#8221;4.24.2&#8243; text_text_color=&#8221;#FFFFFF&#8221; hover_enabled=&#8221;0&#8243; z_index_tablet=&#8221;500&#8243; text_text_shadow_horizontal_length_tablet=&#8221;0px&#8221; text_text_shadow_vertical_length_tablet=&#8221;0px&#8221; text_text_shadow_blur_strength_tablet=&#8221;1px&#8221; link_text_shadow_horizontal_length_tablet=&#8221;0px&#8221; link_text_shadow_vertical_length_tablet=&#8221;0px&#8221; link_text_shadow_blur_strength_tablet=&#8221;1px&#8221; ul_text_shadow_horizontal_length_tablet=&#8221;0px&#8221; ul_text_shadow_vertical_length_tablet=&#8221;0px&#8221; ul_text_shadow_blur_strength_tablet=&#8221;1px&#8221; ol_text_shadow_horizontal_length_tablet=&#8221;0px&#8221; ol_text_shadow_vertical_length_tablet=&#8221;0px&#8221; ol_text_shadow_blur_strength_tablet=&#8221;1px&#8221; quote_text_shadow_horizontal_length_tablet=&#8221;0px&#8221; quote_text_shadow_vertical_length_tablet=&#8221;0px&#8221; quote_text_shadow_blur_strength_tablet=&#8221;1px&#8221; header_text_shadow_horizontal_length_tablet=&#8221;0px&#8221; header_text_shadow_vertical_length_tablet=&#8221;0px&#8221; header_text_shadow_blur_strength_tablet=&#8221;1px&#8221; header_2_text_shadow_horizontal_length_tablet=&#8221;0px&#8221; header_2_text_shadow_vertical_length_tablet=&#8221;0px&#8221; header_2_text_shadow_blur_strength_tablet=&#8221;1px&#8221; header_3_text_shadow_horizontal_length_tablet=&#8221;0px&#8221; header_3_text_shadow_vertical_length_tablet=&#8221;0px&#8221; header_3_text_shadow_blur_strength_tablet=&#8221;1px&#8221; header_4_text_shadow_horizontal_length_tablet=&#8221;0px&#8221; header_4_text_shadow_vertical_length_tablet=&#8221;0px&#8221; header_4_text_shadow_blur_strength_tablet=&#8221;1px&#8221; header_5_text_shadow_horizontal_length_tablet=&#8221;0px&#8221; header_5_text_shadow_vertical_length_tablet=&#8221;0px&#8221; header_5_text_shadow_blur_strength_tablet=&#8221;1px&#8221; header_6_text_shadow_horizontal_length_tablet=&#8221;0px&#8221; header_6_text_shadow_vertical_length_tablet=&#8221;0px&#8221; header_6_text_shadow_blur_strength_tablet=&#8221;1px&#8221; box_shadow_horizontal_tablet=&#8221;0px&#8221; box_shadow_vertical_tablet=&#8221;0px&#8221; box_shadow_blur_tablet=&#8221;40px&#8221; box_shadow_spread_tablet=&#8221;0px&#8221; global_colors_info=&#8221;{}&#8221; sticky_enabled=&#8221;0&#8243;]<\/p>\n<h2 style=\"text-align: right\"><span style=\"font-family: verdana, geneva, sans-serif;font-size: 14pt\">Prueba de Acceso a la Universidad<\/span>&nbsp;<\/h2>\n<hr>\n<p>&nbsp;<\/p>\n<table style=\"width: 100%;border-collapse: collapse;background-color: #f2f0f0;border-color: #e3dada\">\n<tbody>\n<tr>\n<td style=\"width: 100%\">\n<ul>\n<li><span style=\"font-size: 12pt\"><span style=\"color: #0000ff\"><a style=\"color: #0000ff\" href=\"https:\/\/www.uma.es\/acceso\/info\/148879\/prueba-de-acceso-la-universidad-2025\/\" target=\"_blank\" rel=\"noopener\">PAU 2026 &#8211; Prueba de Acceso a la Universidad &nbsp;| &nbsp;<\/a><a style=\"color: #0000ff\" href=\"https:\/\/www.uma.es\/acceso\/info\/148879\/prueba-de-acceso-la-universidad-2025\/\" target=\"_blank\" rel=\"noopener\">UMA &nbsp;| &nbsp;Universidad de M\u00e1laga.<\/a><\/span><\/span><\/li>\n<\/ul>\n<\/td>\n<\/tr>\n<tr>\n<td style=\"width: 100%\">\n<ul>\n<li><span style=\"font-size: 14pt\"><a href=\"https:\/\/blogsaverroes.juntadeandalucia.es\/iesrioverdemarbella\/files\/2025\/11\/PAU-2025-2026.pdf\" target=\"_blank\" rel=\"noopener\"><span style=\"font-family: verdana, geneva, sans-serif;font-size: 12pt\"><span style=\"color: #0000ff\">PAU 2026 Resoluci\u00f3n 11 noviembre 2025<\/span><\/span><\/a><span style=\"font-family: verdana, geneva, sans-serif;font-size: 12pt\">:<span style=\"color: #000000\"><em> plazos, calendario, c\u00e1lculo de la nota&#8230;<\/em><\/span><\/span><\/span><\/li>\n<\/ul>\n<\/td>\n<\/tr>\n<\/tbody>\n<\/table>\n<hr>\n<table style=\"width: 100%;border-collapse: collapse;border-style: solid;border-color: #4f9c25;background-color: #368f3f\">\n<tbody>\n<tr>\n<td style=\"width: 100%\">\n<ul>\n<li><span style=\"font-size: 12pt;color: #ffffff;font-family: verdana, geneva, sans-serif\"><em>PAU \u2013 Convocatoria Ordinaria 2026: &nbsp; <strong>2, 3 y 4 de junio de 2026<\/strong><\/em><\/span><\/li>\n<\/ul>\n<\/td>\n<\/tr>\n<tr>\n<td style=\"width: 100%\">\n<ul>\n<li><span style=\"font-size: 12pt;color: #ffffff;font-family: verdana, geneva, sans-serif\"><em>PAU \u2013 Convocatoria Extraordinaria 2026: &nbsp; <strong>30 de junio y 1 y 2 de julio de 2026<\/strong><\/em><\/span><\/li>\n<\/ul>\n<\/td>\n<\/tr>\n<\/tbody>\n<\/table>\n<p>[\/et_pb_text][\/et_pb_column][\/et_pb_row][\/et_pb_section]<\/p>\n","protected":false},"excerpt":{"rendered":"<p>Prueba de Acceso a la Universidad&nbsp; &nbsp; PAU 2026 &#8211; Prueba de Acceso a la Universidad &nbsp;| &nbsp;UMA &nbsp;| &nbsp;Universidad de M\u00e1laga. PAU 2026 Resoluci\u00f3n 11 noviembre 2025: plazos, calendario, c\u00e1lculo de la nota&#8230; PAU \u2013 Convocatoria Ordinaria 2026: &nbsp; 2, 3 y 4 de junio de 2026 PAU \u2013 Convocatoria Extraordinaria 2026: &nbsp; 30 [&hellip;]<\/p>\n","protected":false},"author":7051,"featured_media":0,"parent":0,"menu_order":0,"comment_status":"closed","ping_status":"closed","template":"","meta":{"_et_pb_use_builder":"on","_et_pb_old_content":"","_et_gb_content_width":"","ngg_post_thumbnail":0,"footnotes":""},"aioseo_notices":[],"_links":{"self":[{"href":"https:\/\/blogsaverroes.juntadeandalucia.es\/iesrioverdemarbella\/wp-json\/wp\/v2\/pages\/871"}],"collection":[{"href":"https:\/\/blogsaverroes.juntadeandalucia.es\/iesrioverdemarbella\/wp-json\/wp\/v2\/pages"}],"about":[{"href":"https:\/\/blogsaverroes.juntadeandalucia.es\/iesrioverdemarbella\/wp-json\/wp\/v2\/types\/page"}],"author":[{"embeddable":true,"href":"https:\/\/blogsaverroes.juntadeandalucia.es\/iesrioverdemarbella\/wp-json\/wp\/v2\/users\/7051"}],"replies":[{"embeddable":true,"href":"https:\/\/blogsaverroes.juntadeandalucia.es\/iesrioverdemarbella\/wp-json\/wp\/v2\/comments?post=871"}],"version-history":[{"count":88,"href":"https:\/\/blogsaverroes.juntadeandalucia.es\/iesrioverdemarbella\/wp-json\/wp\/v2\/pages\/871\/revisions"}],"predecessor-version":[{"id":3630,"href":"https:\/\/blogsaverroes.juntadeandalucia.es\/iesrioverdemarbella\/wp-json\/wp\/v2\/pages\/871\/revisions\/3630"}],"wp:attachment":[{"href":"https:\/\/blogsaverroes.juntadeandalucia.es\/iesrioverdemarbella\/wp-json\/wp\/v2\/media?parent=871"}],"curies":[{"name":"wp","href":"https:\/\/api.w.org\/{rel}","templated":true}]}}