{"id":164,"date":"2025-07-01T07:52:28","date_gmt":"2025-07-01T07:52:28","guid":{"rendered":"http:\/\/blogsaverroes.juntadeandalucia.es\/pre\/ceip\/?page_id=164"},"modified":"2025-07-08T16:07:00","modified_gmt":"2025-07-08T16:07:00","slug":"ingles-2","status":"publish","type":"page","link":"https:\/\/blogsaverroes.juntadeandalucia.es\/iesroche\/ingles-2\/","title":{"rendered":"IDIOMAS"},"content":{"rendered":"<p style=\"text-align: center\" data-start=\"364\" data-end=\"576\">&nbsp;<a href=\"https:\/\/blogsaverroes.juntadeandalucia.es\/iesroche\/files\/2025\/07\/IDIOMAS-1.png\"><img fetchpriority=\"high\" decoding=\"async\" class=\"alignnone wp-image-5149\" src=\"https:\/\/blogsaverroes.juntadeandalucia.es\/iesroche\/files\/2025\/07\/IDIOMAS-1-672x1024.png\" alt=\"\" width=\"248\" height=\"377\" srcset=\"https:\/\/blogsaverroes.juntadeandalucia.es\/iesroche\/files\/2025\/07\/IDIOMAS-1-672x1024.png 672w, https:\/\/blogsaverroes.juntadeandalucia.es\/iesroche\/files\/2025\/07\/IDIOMAS-1-197x300.png 197w, https:\/\/blogsaverroes.juntadeandalucia.es\/iesroche\/files\/2025\/07\/IDIOMAS-1-768x1169.png 768w, https:\/\/blogsaverroes.juntadeandalucia.es\/iesroche\/files\/2025\/07\/IDIOMAS-1.png 771w\" sizes=\"(max-width: 248px) 100vw, 248px\" \/><\/a><\/p>\n<p data-start=\"364\" data-end=\"576\">&nbsp;<\/p>\n<p style=\"text-align: justify\" data-start=\"364\" data-end=\"576\">El Departamento de Idiomas del centro tiene como finalidad fomentar el conocimiento, uso y valoraci\u00f3n de las lenguas extranjeras como herramientas fundamentales de comunicaci\u00f3n, aprendizaje y desarrollo personal.<\/p>\n<p style=\"text-align: justify\" data-start=\"578\" data-end=\"867\">En nuestro centro se imparten las materias de <strong data-start=\"624\" data-end=\"662\">Primera Lengua Extranjera (Ingl\u00e9s)<\/strong> y <strong data-start=\"665\" data-end=\"704\">Segunda Lengua Extranjera (Franc\u00e9s)<\/strong>, ambas con un enfoque competencial, comunicativo e intercultural, de acuerdo con los principios del Marco Com\u00fan Europeo de Referencia para las Lenguas (MCER).<\/p>\n<p style=\"text-align: justify\" data-start=\"869\" data-end=\"1250\">La ense\u00f1anza de idiomas contribuye al desarrollo de la competencia pluriling\u00fce del alumnado, facilitando la comprensi\u00f3n y expresi\u00f3n en diferentes contextos, as\u00ed como el respeto por la diversidad cultural y ling\u00fc\u00edstica. Asimismo, promueve valores esenciales como la empat\u00eda, la cooperaci\u00f3n, el pensamiento cr\u00edtico y la participaci\u00f3n activa en una sociedad democr\u00e1tica y globalizada.<\/p>\n<p style=\"text-align: justify\" data-start=\"1252\" data-end=\"1530\">Las materias de lengua extranjera est\u00e1n orientadas a que el alumnado adquiera las destrezas necesarias para desenvolverse con eficacia en situaciones reales de comunicaci\u00f3n \u2014tanto orales como escritas\u2014 y para ampliar su visi\u00f3n del mundo a trav\u00e9s del contacto con otras culturas.<\/p>\n<p style=\"text-align: justify\" data-start=\"1532\" data-end=\"1798\">Desde el Departamento de Idiomas se impulsa tambi\u00e9n el uso responsable de herramientas digitales, la integraci\u00f3n de metodolog\u00edas activas y el dise\u00f1o de tareas significativas que favorezcan el aprendizaje aut\u00f3nomo, la reflexi\u00f3n sobre el lenguaje y la mejora continua.<\/p>\n<p style=\"text-align: justify\" data-start=\"1800\" data-end=\"2072\">Adem\u00e1s, el estudio de una segunda lengua extranjera en la etapa de Educaci\u00f3n Secundaria Obligatoria refuerza las capacidades ling\u00fc\u00edsticas del alumnado y contribuye a enriquecer su repertorio personal de lenguas, promoviendo una educaci\u00f3n m\u00e1s abierta, flexible e inclusiva.<\/p>\n","protected":false},"excerpt":{"rendered":"<p>&nbsp; &nbsp; El Departamento de Idiomas del centro tiene como finalidad fomentar el conocimiento, uso y valoraci\u00f3n de las lenguas extranjeras como herramientas fundamentales de comunicaci\u00f3n, aprendizaje y desarrollo personal. En nuestro centro&#46;&#46;&#46;<\/p>\n","protected":false},"author":1,"featured_media":0,"parent":0,"menu_order":0,"comment_status":"open","ping_status":"closed","template":"","meta":{"_exactmetrics_skip_tracking":false,"_exactmetrics_sitenote_active":false,"_exactmetrics_sitenote_note":"","_exactmetrics_sitenote_category":0,"ngg_post_thumbnail":0,"footnotes":"","_mc_calendar":[]},"aioseo_notices":[],"_links":{"self":[{"href":"https:\/\/blogsaverroes.juntadeandalucia.es\/iesroche\/wp-json\/wp\/v2\/pages\/164"}],"collection":[{"href":"https:\/\/blogsaverroes.juntadeandalucia.es\/iesroche\/wp-json\/wp\/v2\/pages"}],"about":[{"href":"https:\/\/blogsaverroes.juntadeandalucia.es\/iesroche\/wp-json\/wp\/v2\/types\/page"}],"author":[{"embeddable":true,"href":"https:\/\/blogsaverroes.juntadeandalucia.es\/iesroche\/wp-json\/wp\/v2\/users\/1"}],"replies":[{"embeddable":true,"href":"https:\/\/blogsaverroes.juntadeandalucia.es\/iesroche\/wp-json\/wp\/v2\/comments?post=164"}],"version-history":[{"count":7,"href":"https:\/\/blogsaverroes.juntadeandalucia.es\/iesroche\/wp-json\/wp\/v2\/pages\/164\/revisions"}],"predecessor-version":[{"id":5158,"href":"https:\/\/blogsaverroes.juntadeandalucia.es\/iesroche\/wp-json\/wp\/v2\/pages\/164\/revisions\/5158"}],"wp:attachment":[{"href":"https:\/\/blogsaverroes.juntadeandalucia.es\/iesroche\/wp-json\/wp\/v2\/media?parent=164"}],"curies":[{"name":"wp","href":"https:\/\/api.w.org\/{rel}","templated":true}]}}