{"id":198,"date":"2015-03-17T09:55:36","date_gmt":"2015-03-17T09:55:36","guid":{"rendered":"http:\/\/blogsaverroes.juntadeandalucia.es\/pre\/ceip\/?page_id=198"},"modified":"2025-07-03T18:24:54","modified_gmt":"2025-07-03T18:24:54","slug":"que-es-el-ampa","status":"publish","type":"page","link":"https:\/\/blogsaverroes.juntadeandalucia.es\/iesroche\/que-es-el-ampa\/","title":{"rendered":"\u00bfQU\u00c9 ES EL AMPA?"},"content":{"rendered":"<p><a href=\"http:\/\/blogsaverroes.juntadeandalucia.es\/temahuemanies\/files\/2015\/03\/familia.png\"><img fetchpriority=\"high\" decoding=\"async\" class=\"aligncenter wp-image-243 size-medium\" src=\"http:\/\/blogsaverroes.juntadeandalucia.es\/temahuemanies\/files\/2015\/03\/familia-300x193.png\" alt=\"\" width=\"300\" height=\"193\" srcset=\"https:\/\/blogsaverroes.juntadeandalucia.es\/iesroche\/files\/2015\/03\/familia-300x193.png 300w, https:\/\/blogsaverroes.juntadeandalucia.es\/iesroche\/files\/2015\/03\/familia-1024x661.png 1024w, https:\/\/blogsaverroes.juntadeandalucia.es\/iesroche\/files\/2015\/03\/familia.png 1280w\" sizes=\"(max-width: 300px) 100vw, 300px\" \/><\/a>El <strong>AMPA<\/strong> es la Asociaci\u00f3n que agrupa a Madres, Padres y tutores y tutoras legales del Alumnado de un centro educativo.<\/p>\n<p>Su objetivo principal es fomentar la participaci\u00f3n de las familias y colaborar en una educaci\u00f3n integral, no solo acad\u00e9mica, que permita formar al alumnado para que sean ciudadanos libres, aut\u00f3nomos, responsables y cr\u00edticos y que al t\u00e9rmino de su formaci\u00f3n hayan adquirido Las Competencias B\u00e1sicas que regula la Ley.<\/p>\n<p>Es un punto de encuentro y de trabajo independiente, abierto y plural. Desde el AMPA podemos contribuir a la mejora de la calidad de la educaci\u00f3n, la convivencia del centro y de las instalaciones.<\/p>\n<p>&nbsp;<\/p>\n<h3>\u00bfPor qu\u00e9 es importante vuestra participaci\u00f3n?<\/h3>\n<p>En el colegio existen espacios de participaci\u00f3n, siendo el AMPA &nbsp;el \u00fanico espacio de participaci\u00f3n aut\u00f3nomo de padres, madres y tutores legales. El AMPA es importante porque:<\/p>\n<ul>\n<li>Somos corresponsables de la educaci\u00f3n que nuestros hijos\/as reciben en el centro.<\/li>\n<li>Es un espacio para aportar iniciativas y trabajar con la direcci\u00f3n del Centro, sin depender de esta.<\/li>\n<\/ul>\n<h3>\u00bfC\u00f3mo puedes participar?<\/h3>\n<p>Participar en el AMPA es muy f\u00e1cil y cada uno decide el nivel de implicaci\u00f3n.<\/p>\n<ul>\n<li>Podemos asociarnos en cualquier momento, aunque se entrega a las familias una ficha de inscripci\u00f3n con la matr\u00edcula en la que se indica la cuota anual por cada familia (la cuota es por familia no por ni\u00f1o\/a)<\/li>\n<li>Podemos tambi\u00e9n participar a trav\u00e9s de las asambleas, incorpor\u00e1ndote a las reuniones&nbsp;abiertas que se convoquen.<\/li>\n<li>Podemos colaborar en los diferentes grupos de trabajo o&nbsp;en actividades puntuales que se organizan desde el AMPA a lo largo del curso.<\/li>\n<li>Podemos proponer iniciativas, plantear temas de debate, organizar actividades, etc., &nbsp;dirigi\u00e9ndote a cualquier miembro de la junta directiva.<\/li>\n<\/ul>\n<p>Como ves, hay muchas formas de participar y es muy importante que m\u00e1s padres y madres pasen la participa-ACCI\u00d3N,&nbsp;&nbsp;de forma activa y colectiva.<\/p>\n<h3>\u00bfPara qu\u00e9 sirve?<\/h3>\n<ul>\n<li>Para defender y velar por el derecho a una educaci\u00f3n de calidad, democr\u00e1tica, atendiendo a las necesidades de todo el alumnado.<\/li>\n<li>Para promover la participaci\u00f3n de las familias en la vida del centro, defendiendo los intereses del alumnado y de toda la comunidad educativa.<\/li>\n<li>Para buscar soluciones de forma colectiva a temas relacionados con la ense\u00f1anza y educaci\u00f3n de nuestros hijos\/as.<\/li>\n<li>Para crear espacios de encuentro y trabajo en el resto de la comunidad educativa y con el entorno.<\/li>\n<li>Para crear espacios de reflexi\u00f3n y participaci\u00f3n compartida.<\/li>\n<\/ul>\n<h3>\u00bfC\u00f3mo se financia?<\/h3>\n<p>El AMPA &nbsp;se financia a trav\u00e9s de las cuotas de socios\/as. La cuota de socios\/as es el \u00fanico pago que realizan las familias y que gestiona el AMPA para el beneficio exclusivo de la comunidad educativa y en definitiva de la educaci\u00f3n que reciben&nbsp; nuestros hijos\/as en el centro.<\/p>\n<p>&nbsp;<\/p>\n<p><a title=\"Las Asociaciones de Madres y Padres. Orientaciones para la participaci\u00f3n\" href=\"https:\/\/www.juntadeandalucia.es\/educacion\/portales\/documents\/20123\/1006602\/Las+Asociaciones+de+Madres+y+Padres_Orientaciones+para+la+participacio%CC%81n.pdf?redirect=\/educacion\/portales\/web\/educacion\/familias\/participacion-en-centros\/ampa-y-asociaciones\" target=\"_blank\" rel=\"noopener\">Las Asociaciones de Madres y Padres. Orientaciones para la participaci\u00f3n<\/a><\/p>\n<p>&nbsp;<\/p>\n","protected":false},"excerpt":{"rendered":"<p>El AMPA es la Asociaci\u00f3n que agrupa a Madres, Padres y tutores y tutoras legales del Alumnado de un centro educativo. Su objetivo principal es fomentar la participaci\u00f3n de las familias y colaborar&#46;&#46;&#46;<\/p>\n","protected":false},"author":1,"featured_media":0,"parent":0,"menu_order":0,"comment_status":"open","ping_status":"open","template":"elementor_theme","meta":{"_exactmetrics_skip_tracking":false,"_exactmetrics_sitenote_active":false,"_exactmetrics_sitenote_note":"","_exactmetrics_sitenote_category":0,"ngg_post_thumbnail":0,"footnotes":"","_mc_calendar":[]},"aioseo_notices":[],"_links":{"self":[{"href":"https:\/\/blogsaverroes.juntadeandalucia.es\/iesroche\/wp-json\/wp\/v2\/pages\/198"}],"collection":[{"href":"https:\/\/blogsaverroes.juntadeandalucia.es\/iesroche\/wp-json\/wp\/v2\/pages"}],"about":[{"href":"https:\/\/blogsaverroes.juntadeandalucia.es\/iesroche\/wp-json\/wp\/v2\/types\/page"}],"author":[{"embeddable":true,"href":"https:\/\/blogsaverroes.juntadeandalucia.es\/iesroche\/wp-json\/wp\/v2\/users\/1"}],"replies":[{"embeddable":true,"href":"https:\/\/blogsaverroes.juntadeandalucia.es\/iesroche\/wp-json\/wp\/v2\/comments?post=198"}],"version-history":[{"count":8,"href":"https:\/\/blogsaverroes.juntadeandalucia.es\/iesroche\/wp-json\/wp\/v2\/pages\/198\/revisions"}],"predecessor-version":[{"id":5025,"href":"https:\/\/blogsaverroes.juntadeandalucia.es\/iesroche\/wp-json\/wp\/v2\/pages\/198\/revisions\/5025"}],"wp:attachment":[{"href":"https:\/\/blogsaverroes.juntadeandalucia.es\/iesroche\/wp-json\/wp\/v2\/media?parent=198"}],"curies":[{"name":"wp","href":"https:\/\/api.w.org\/{rel}","templated":true}]}}