{"id":35,"date":"2024-09-02T18:21:43","date_gmt":"2024-09-02T18:21:43","guid":{"rendered":"http:\/\/blogsaverroes.juntadeandalucia.es\/pre\/ceip\/?page_id=35"},"modified":"2024-09-08T15:57:55","modified_gmt":"2024-09-08T15:57:55","slug":"datos-del-centro","status":"publish","type":"page","link":"https:\/\/blogsaverroes.juntadeandalucia.es\/iesroche\/datos-del-centro\/","title":{"rendered":"DATOS DEL CENTRO"},"content":{"rendered":"<table style=\"width: 100%;border-collapse: collapse;border-color: #6270b3;border-style: solid\" border=\"3\">\n<tbody>\n<tr>\n<td style=\"width: 50.1594%\"><strong>Denominaci\u00f3n:<\/strong>Instituto Educaci\u00f3n Secundaria Roche<\/p>\n<p><strong>C\u00f3digo del centro: <\/strong>11701036<\/p>\n<p><strong>Tipo de centro:<\/strong> P\u00fablico<\/p>\n<p><strong>Direcci\u00f3n:<\/strong>&nbsp; El Colorado s\/n. 11149 Conil de la Frontera (C\u00e1diz)<\/p>\n<p><strong>C\u00f3digo Postal<\/strong>:11149<\/p>\n<p><strong>Tel\u00e9fono :<\/strong> 956 459624<\/p>\n<p><strong>Tel\u00e9fono corporativo<\/strong>: 494624<\/p>\n<p><strong>FAX<\/strong>: 956 459630<\/p>\n<p><strong>Email:<\/strong> 11701036.edu@juntadeandalucia.es<\/p>\n<p><strong>Horario:<\/strong>&nbsp; Entrada: 08:15&nbsp; &nbsp; &nbsp;Salida: 14:45<\/td>\n<\/tr>\n<\/tbody>\n<\/table>\n<p>&nbsp;<\/p>\n<table style=\"width: 100%;border-collapse: collapse;border-style: solid;border-color: #6270b3\" border=\"3\">\n<tbody>\n<tr>\n<td style=\"width: 50%\"><strong>Oferta educativa:<\/strong>&nbsp; &nbsp;1\u00ba, 2\u00ba, 3\u00ba y 4\u00ba de Ense\u00f1anza Secundaria Obligatoria<\/p>\n<p><strong>Profesores\/as: <\/strong>30<\/p>\n<p><strong>Alumnos\/as: <\/strong><\/p>\n<p><strong>N\u00ba unidades:<\/strong> 12<\/p>\n<p><strong>Servicios complementarios:<\/strong> Transporte escolar<\/td>\n<\/tr>\n<\/tbody>\n<\/table>\n<p>&nbsp;<\/p>\n<table style=\"width: 100%;border-collapse: collapse;border-style: solid;border-color: #6270b3\" border=\"3\">\n<tbody>\n<tr>\n<td style=\"width: 50%\">&nbsp;<strong>Adscripciones:<\/strong>&nbsp; C.E.I.P. El Colorado<\/p>\n<p><a href=\"https:\/\/www.juntadeandalucia.es\/educacion\/educasig\/escolarizacion\/?delegacion=11\" target=\"_blank\" rel=\"noopener\">Consulta de centros y \u00e1reas de influencia.<\/a><\/td>\n<\/tr>\n<\/tbody>\n<\/table>\n","protected":false},"excerpt":{"rendered":"<p>Denominaci\u00f3n:Instituto Educaci\u00f3n Secundaria Roche C\u00f3digo del centro: 11701036 Tipo de centro: P\u00fablico Direcci\u00f3n:&nbsp; El Colorado s\/n. 11149 Conil de la Frontera (C\u00e1diz) C\u00f3digo Postal:11149 Tel\u00e9fono : 956 459624 Tel\u00e9fono corporativo: 494624 FAX: 956&#46;&#46;&#46;<\/p>\n","protected":false},"author":1,"featured_media":0,"parent":0,"menu_order":0,"comment_status":"closed","ping_status":"open","template":"","meta":{"_exactmetrics_skip_tracking":false,"_exactmetrics_sitenote_active":false,"_exactmetrics_sitenote_note":"","_exactmetrics_sitenote_category":0,"ngg_post_thumbnail":0,"footnotes":"","_mc_calendar":[]},"aioseo_notices":[],"_links":{"self":[{"href":"https:\/\/blogsaverroes.juntadeandalucia.es\/iesroche\/wp-json\/wp\/v2\/pages\/35"}],"collection":[{"href":"https:\/\/blogsaverroes.juntadeandalucia.es\/iesroche\/wp-json\/wp\/v2\/pages"}],"about":[{"href":"https:\/\/blogsaverroes.juntadeandalucia.es\/iesroche\/wp-json\/wp\/v2\/types\/page"}],"author":[{"embeddable":true,"href":"https:\/\/blogsaverroes.juntadeandalucia.es\/iesroche\/wp-json\/wp\/v2\/users\/1"}],"replies":[{"embeddable":true,"href":"https:\/\/blogsaverroes.juntadeandalucia.es\/iesroche\/wp-json\/wp\/v2\/comments?post=35"}],"version-history":[{"count":61,"href":"https:\/\/blogsaverroes.juntadeandalucia.es\/iesroche\/wp-json\/wp\/v2\/pages\/35\/revisions"}],"predecessor-version":[{"id":4513,"href":"https:\/\/blogsaverroes.juntadeandalucia.es\/iesroche\/wp-json\/wp\/v2\/pages\/35\/revisions\/4513"}],"wp:attachment":[{"href":"https:\/\/blogsaverroes.juntadeandalucia.es\/iesroche\/wp-json\/wp\/v2\/media?parent=35"}],"curies":[{"name":"wp","href":"https:\/\/api.w.org\/{rel}","templated":true}]}}