{"id":4503,"date":"2024-09-08T10:42:25","date_gmt":"2024-09-08T10:42:25","guid":{"rendered":"https:\/\/blogsaverroes.juntadeandalucia.es\/iesroche\/?page_id=4503"},"modified":"2024-09-08T10:42:50","modified_gmt":"2024-09-08T10:42:50","slug":"localizacion","status":"publish","type":"page","link":"https:\/\/blogsaverroes.juntadeandalucia.es\/iesroche\/localizacion\/","title":{"rendered":"LOCALIZACI\u00d3N"},"content":{"rendered":"<table style=\"border-collapse: collapse;width: 100%\">\n<tbody>\n<tr>\n<td style=\"width: 25.2198%\"><a href=\"https:\/\/blogsaverroes.juntadeandalucia.es\/iesroche\/files\/2024\/09\/servicio-postal-1.png\"><img decoding=\"async\" class=\"aligncenter wp-image-4505 size-thumbnail\" src=\"https:\/\/blogsaverroes.juntadeandalucia.es\/iesroche\/files\/2024\/09\/servicio-postal-1-150x150.png\" alt=\"\" width=\"150\" height=\"150\" srcset=\"https:\/\/blogsaverroes.juntadeandalucia.es\/iesroche\/files\/2024\/09\/servicio-postal-1-150x150.png 150w, https:\/\/blogsaverroes.juntadeandalucia.es\/iesroche\/files\/2024\/09\/servicio-postal-1-300x300.png 300w, https:\/\/blogsaverroes.juntadeandalucia.es\/iesroche\/files\/2024\/09\/servicio-postal-1.png 512w\" sizes=\"(max-width: 150px) 100vw, 150px\" \/><\/a><\/td>\n<td style=\"width: 74.7802%\">Direcci\u00f3n postal:<\/p>\n<p>I.E.S. Roche<\/p>\n<p>El Colorado s\/n<\/p>\n<p>11149 Conil de la Frontera(C\u00e1diz)<\/td>\n<\/tr>\n<tr>\n<td style=\"width: 25.2198%\"><a href=\"https:\/\/blogsaverroes.juntadeandalucia.es\/iesroche\/files\/2024\/09\/fax.png\"><img decoding=\"async\" class=\"wp-image-4506 size-thumbnail aligncenter\" src=\"https:\/\/blogsaverroes.juntadeandalucia.es\/iesroche\/files\/2024\/09\/fax-150x150.png\" alt=\"\" width=\"150\" height=\"150\" srcset=\"https:\/\/blogsaverroes.juntadeandalucia.es\/iesroche\/files\/2024\/09\/fax-150x150.png 150w, https:\/\/blogsaverroes.juntadeandalucia.es\/iesroche\/files\/2024\/09\/fax-300x300.png 300w, https:\/\/blogsaverroes.juntadeandalucia.es\/iesroche\/files\/2024\/09\/fax.png 512w\" sizes=\"(max-width: 150px) 100vw, 150px\" \/><\/a><\/td>\n<td style=\"width: 74.7802%\">Tel\u00e9fono: 956459624<\/p>\n<p>Fax: 956459630<\/td>\n<\/tr>\n<\/tbody>\n<\/table>\n<table style=\"border-collapse: collapse;width: 100%\">\n<tbody>\n<tr>\n<td style=\"width: 50%\">Planos de situaci\u00f3n<\/td>\n<td style=\"width: 50%\">&nbsp;<\/td>\n<\/tr>\n<tr>\n<td style=\"width: 50%\"><a href=\"https:\/\/blogsaverroes.juntadeandalucia.es\/iesroche\/files\/2024\/09\/MAPA-1.png\"><img fetchpriority=\"high\" decoding=\"async\" class=\"wp-image-4453 size-large alignnone\" src=\"https:\/\/blogsaverroes.juntadeandalucia.es\/iesroche\/files\/2024\/09\/MAPA-1-1024x644.png\" alt=\"\" width=\"843\" height=\"530\" srcset=\"https:\/\/blogsaverroes.juntadeandalucia.es\/iesroche\/files\/2024\/09\/MAPA-1-1024x644.png 1024w, https:\/\/blogsaverroes.juntadeandalucia.es\/iesroche\/files\/2024\/09\/MAPA-1-300x189.png 300w, https:\/\/blogsaverroes.juntadeandalucia.es\/iesroche\/files\/2024\/09\/MAPA-1-768x483.png 768w, https:\/\/blogsaverroes.juntadeandalucia.es\/iesroche\/files\/2024\/09\/MAPA-1-1536x966.png 1536w, https:\/\/blogsaverroes.juntadeandalucia.es\/iesroche\/files\/2024\/09\/MAPA-1-2048x1288.png 2048w, https:\/\/blogsaverroes.juntadeandalucia.es\/iesroche\/files\/2024\/09\/MAPA-1.png 1600w\" sizes=\"(max-width: 843px) 100vw, 843px\" \/><\/a><\/td>\n<td style=\"width: 50%\"><a href=\"https:\/\/blogsaverroes.juntadeandalucia.es\/iesroche\/files\/2024\/09\/MAPA-ROCHE.png\"><img loading=\"lazy\" decoding=\"async\" class=\"aligncenter wp-image-4456 size-large\" src=\"https:\/\/blogsaverroes.juntadeandalucia.es\/iesroche\/files\/2024\/09\/MAPA-ROCHE-1024x1024.png\" alt=\"\" width=\"843\" height=\"843\" srcset=\"https:\/\/blogsaverroes.juntadeandalucia.es\/iesroche\/files\/2024\/09\/MAPA-ROCHE-1024x1024.png 1024w, https:\/\/blogsaverroes.juntadeandalucia.es\/iesroche\/files\/2024\/09\/MAPA-ROCHE-300x300.png 300w, https:\/\/blogsaverroes.juntadeandalucia.es\/iesroche\/files\/2024\/09\/MAPA-ROCHE-150x150.png 150w, https:\/\/blogsaverroes.juntadeandalucia.es\/iesroche\/files\/2024\/09\/MAPA-ROCHE-768x768.png 768w, https:\/\/blogsaverroes.juntadeandalucia.es\/iesroche\/files\/2024\/09\/MAPA-ROCHE-1536x1536.png 1536w, https:\/\/blogsaverroes.juntadeandalucia.es\/iesroche\/files\/2024\/09\/MAPA-ROCHE.png 1600w\" sizes=\"(max-width: 843px) 100vw, 843px\" \/><\/a><\/td>\n<\/tr>\n<\/tbody>\n<\/table>\n<p>&nbsp;<\/p>\n<table style=\"border-collapse: collapse;width: 100%\">\n<tbody>\n<tr>\n<td style=\"width: 100%;text-align: center\"><iframe src=\"https:\/\/www.google.com\/maps\/embed?pb=!1m18!1m12!1m3!1d3214.2561398149383!2d-6.094735522899803!3d36.33034157238474!2m3!1f0!2f0!3f0!3m2!1i1024!2i768!4f13.1!3m3!1m2!1s0xd0c3729bd341d4b%3A0xad9f6c26342da6f!2sSecondary%20School%20Ies%20Roche!5e0!3m2!1sen!2ses!4v1725791878421!5m2!1sen!2ses\" width=\"1200\" height=\"600\"><span style=\"width: 0px;overflow: hidden;line-height: 0\" data-mce-type=\"bookmark\" class=\"mce_SELRES_start\">\ufeff<\/span><\/iframe>&nbsp;<\/td>\n<\/tr>\n<\/tbody>\n<\/table>\n","protected":false},"excerpt":{"rendered":"<p>Direcci\u00f3n postal: I.E.S. Roche El Colorado s\/n 11149 Conil de la Frontera(C\u00e1diz) Tel\u00e9fono: 956459624 Fax: 956459630 Planos de situaci\u00f3n &nbsp; &nbsp; \ufeff&nbsp;<\/p>\n","protected":false},"author":10749,"featured_media":0,"parent":0,"menu_order":0,"comment_status":"closed","ping_status":"closed","template":"","meta":{"_exactmetrics_skip_tracking":false,"_exactmetrics_sitenote_active":false,"_exactmetrics_sitenote_note":"","_exactmetrics_sitenote_category":0,"ngg_post_thumbnail":0,"footnotes":"","_mc_calendar":[]},"aioseo_notices":[],"_links":{"self":[{"href":"https:\/\/blogsaverroes.juntadeandalucia.es\/iesroche\/wp-json\/wp\/v2\/pages\/4503"}],"collection":[{"href":"https:\/\/blogsaverroes.juntadeandalucia.es\/iesroche\/wp-json\/wp\/v2\/pages"}],"about":[{"href":"https:\/\/blogsaverroes.juntadeandalucia.es\/iesroche\/wp-json\/wp\/v2\/types\/page"}],"author":[{"embeddable":true,"href":"https:\/\/blogsaverroes.juntadeandalucia.es\/iesroche\/wp-json\/wp\/v2\/users\/10749"}],"replies":[{"embeddable":true,"href":"https:\/\/blogsaverroes.juntadeandalucia.es\/iesroche\/wp-json\/wp\/v2\/comments?post=4503"}],"version-history":[{"count":2,"href":"https:\/\/blogsaverroes.juntadeandalucia.es\/iesroche\/wp-json\/wp\/v2\/pages\/4503\/revisions"}],"predecessor-version":[{"id":4508,"href":"https:\/\/blogsaverroes.juntadeandalucia.es\/iesroche\/wp-json\/wp\/v2\/pages\/4503\/revisions\/4508"}],"wp:attachment":[{"href":"https:\/\/blogsaverroes.juntadeandalucia.es\/iesroche\/wp-json\/wp\/v2\/media?parent=4503"}],"curies":[{"name":"wp","href":"https:\/\/api.w.org\/{rel}","templated":true}]}}