{"id":82,"date":"2015-03-16T06:59:55","date_gmt":"2015-03-16T06:59:55","guid":{"rendered":"http:\/\/blogsaverroes.juntadeandalucia.es\/pre\/ceip\/?page_id=82"},"modified":"2025-07-09T19:17:12","modified_gmt":"2025-07-09T19:17:12","slug":"horarios","status":"publish","type":"page","link":"https:\/\/blogsaverroes.juntadeandalucia.es\/iesroche\/horarios\/","title":{"rendered":"HISTORIA"},"content":{"rendered":"<p>Tal y como se recoge en nuestro Plan de Centro, nuestro Instituto de Ensen\u0303anza Secundaria \u201cRoche\u201d, se encuentra ubicado en la localidad de El Colorado, dentro del te\u0301rmino municipal de Conil de la Frontera.<\/p>\n<p>Segu\u0301n queda recogido en la revisio\u0301n del PGOU de Conil de la Frontera realizada en octubre de 2020 y dirigida por el arquitecto Don Pedro Sa\u0301nchez Bermu\u0301dez, los primeros asentamientos agr\u00edcolas existentes en la zona corresponden a finales del siglo XIX. En esa e\u0301poca, en la que aun no se habi\u0301a creado la Ley de Colonizaci\u00f3n, numerosas familias, (casi un centenar), de labradores pobres del te\u0301rmino de Conil, aprovecha\u0301ndose del estado de deforestaci\u00f3n en el que se encontraba esa zona de la Dehesa de Roche \u2013 propiedad del Ayuntamiento-, convirtieron al cultivo agr\u00edcola&nbsp; de cereales y leguminosas, vi\u00f1as y \u00e1rboles frutales ma\u0301s de 150 hect\u00e1reas de terreno inculto, levantando en ellas sus viviendas, abriendo pozos para sus cultivos y servicios, y creando un pequen\u0303o nu\u0301cleo de poblaci\u00f3n en aquel lugar conocido actualmente con el nombre de Barrio Nuevo.<\/p>\n<div id=\"attachment_4751\" style=\"width: 853px\" class=\"wp-caption aligncenter\"><a href=\"https:\/\/blogsaverroes.juntadeandalucia.es\/iesroche\/files\/2024\/09\/Captura-de-pantalla-2024-09-28-a-las-20.02.32.png\"><img fetchpriority=\"high\" decoding=\"async\" aria-describedby=\"caption-attachment-4751\" class=\"size-large wp-image-4751\" src=\"https:\/\/blogsaverroes.juntadeandalucia.es\/iesroche\/files\/2024\/09\/Captura-de-pantalla-2024-09-28-a-las-20.02.32-1024x571.png\" alt=\"\" width=\"843\" height=\"470\" srcset=\"https:\/\/blogsaverroes.juntadeandalucia.es\/iesroche\/files\/2024\/09\/Captura-de-pantalla-2024-09-28-a-las-20.02.32-1024x571.png 1024w, https:\/\/blogsaverroes.juntadeandalucia.es\/iesroche\/files\/2024\/09\/Captura-de-pantalla-2024-09-28-a-las-20.02.32-300x167.png 300w, https:\/\/blogsaverroes.juntadeandalucia.es\/iesroche\/files\/2024\/09\/Captura-de-pantalla-2024-09-28-a-las-20.02.32-768x428.png 768w, https:\/\/blogsaverroes.juntadeandalucia.es\/iesroche\/files\/2024\/09\/Captura-de-pantalla-2024-09-28-a-las-20.02.32-1536x857.png 1536w, https:\/\/blogsaverroes.juntadeandalucia.es\/iesroche\/files\/2024\/09\/Captura-de-pantalla-2024-09-28-a-las-20.02.32-2048x1142.png 2048w, https:\/\/blogsaverroes.juntadeandalucia.es\/iesroche\/files\/2024\/09\/Captura-de-pantalla-2024-09-28-a-las-20.02.32.png 1600w\" sizes=\"(max-width: 843px) 100vw, 843px\" \/><\/a><p id=\"caption-attachment-4751\" class=\"wp-caption-text\">Biblioteca del Instituto Geogr\u00e1fico Nacional CC-BY 4.0 Instituto Geogr\u00e1fico Nacional, Instituto Geogr\u00e1fico y Estad\u00edstico y Instituto Geogr\u00e1fico y Catastral<\/p><\/div>\n<p>Por otra parte, el nu\u0301cleo exterior de Barrio Nuevo \u2013 El Colorado, como lo conocemos hoy, tiene su origen en la Colonia Agri\u0301cola de \u201cBarrio Nuevo\u201d, fundada en el an\u0303o 1.925. La Direccio\u0301n General de Colonizaci\u00f3n del Ministerio de Agricultura de Espan\u0303a, cedio\u0301 en ese an\u0303o a vecinos de Conil de la Frontera, para su cultivo y explotaci\u00f3n, los terrenos existentes en Barrio Nuevo, disponiendo en esta Colonia Agri\u0301cola de \u201cBarrio Nuevo\u201d de 95 lotes de terreno de forma y taman\u0303o irregulares.<\/p>\n<p>El objeto de esta decisi\u00f3n fue arraigar en la zona a familias desprovistas de medios de trabajo o de capital para cubrir sus necesidades vitales, disminuir la emigraci\u00f3n, poblar el campo y cultivar las tierras incultas o deficientemente explotadas. Este reparto de tierras en Barrio Nuevo redujo el nu\u0301mero de jornaleros sin propiedades, pero no acabo\u0301 con el problema del paro agr\u00edcola en la localidad.<\/p>\n<p>La consecuencia ma\u0301s directa fue que se incremento\u0301 el minifundismo que veni\u0301a imperando desde mediados del siglo XIX. No se intento\u0301 resolver esta problema\u0301tica de nuevo hasta 1.932, con un modesto reparto de tierras en Roche, y pasada la Guerra Civil, con un gran u\u0301ltimo reparto de tierras en la misma Dehesa de Roche, donde fueron agraciados 150 colonos, denomina\u0301ndose ese lugar \u201cLas parcelas de Roche\u201d.<\/p>\n<p>Indicar por otro lado, que el Ventorrillo El Colorado, fundado en 1.865, aparece junto con otras construcciones aisladas en esta zona, en el Plano del Te\u0301rmino Municipal de Conil de la Frontera del an\u0303o 1.873 (Instituto Geogra\u0301fico Nacional), junto a la Carretera hacia Ca\u0301diz. Por lo que podemos decir, que ya a mediados del siglo XIX, existen diferentes construcciones en esta zona concreta, adyacentes siempre al vial existente hacia la ciudad de Ca\u0301diz. Y que ya en la primera mitad del siglo XX, deberi\u0301a de tener este nu\u0301cleo de poblacio\u0301n cierta entidad, ya que en 1.940 (tras la finalizacio\u0301n de la Guerra Civil) organizaron los vecinos de Barrio Nuevo por primera vez su feria- mercado de ganado en su barriada, lo que demuestra la importancia que llego\u0301 a alcanzar durante los an\u0303os 30 y 40 la Colonia Agri\u0301cola de Barrio Nuevo \u2013 El Colorado.<\/p>\n<p>El nu\u0301cleo exterior de \u201cBarrio Nuevo \u2013 El Colorado\u201d, se encuentra situado a 8 km. del nu\u0301cleo urbano de Conil de la Frontera, hacia el interior, en direccio\u0301n Norte y comunicado directamente mediante la antigua Carretera Nacional Ca\u0301diz-Ma\u0301laga CN-340. Se encuentra localizado alrededor del punto kilome\u0301trico 18 de dicha carretera, a la cual muestra fachada urbana mediante suelo terciario (zona de actividades) en su lado derecho. Esta zona presenta, adema\u0301s un fuerte diseminado.<\/p>\n<p>En la mitad de este tramo urbano (Travesi\u0301a de El Colorado), se desarrolla la Carretera de Barrio Nuevo (CA-2146), que une dicha antigua Carretera Nacional 340 con la Autovi\u0301a A-42. En su primer tramo, con una longitud de 1,5 km. es suelo urbano, desarrollando a ambos lados de la carretera, un suelo residencial rural. Mientras que en el lado izquierdo de la Antigua Carretera Nacional CN-340, se desarrollan los equipamientos (espacios dotacionales) y los espacios libres.<\/p>\n<p>La poblacio\u0301n de esta zona de Barrio Nuevo \u2013 El Colorado, era de 2.127 habitantes en el an\u0303o 2.000 (cuando se redacta el PGOU de Conil), siendo actualmente de 2.659 habitantes, lo que demuestra su evolucio\u0301n alcista en las u\u0301ltimas de\u0301cadas. De esa poblacio\u0301n actual, 1.364 son hombres y 1.295 mujeres.<\/p>\n<div id=\"attachment_4749\" style=\"width: 853px\" class=\"wp-caption aligncenter\"><a href=\"https:\/\/blogsaverroes.juntadeandalucia.es\/iesroche\/files\/2024\/09\/Captura-de-pantalla-2024-09-28-a-las-19.32.11.png\"><img decoding=\"async\" aria-describedby=\"caption-attachment-4749\" class=\"size-large wp-image-4749\" src=\"https:\/\/blogsaverroes.juntadeandalucia.es\/iesroche\/files\/2024\/09\/Captura-de-pantalla-2024-09-28-a-las-19.32.11-1024x648.png\" alt=\"\" width=\"843\" height=\"533\" srcset=\"https:\/\/blogsaverroes.juntadeandalucia.es\/iesroche\/files\/2024\/09\/Captura-de-pantalla-2024-09-28-a-las-19.32.11-1024x648.png 1024w, https:\/\/blogsaverroes.juntadeandalucia.es\/iesroche\/files\/2024\/09\/Captura-de-pantalla-2024-09-28-a-las-19.32.11-300x190.png 300w, https:\/\/blogsaverroes.juntadeandalucia.es\/iesroche\/files\/2024\/09\/Captura-de-pantalla-2024-09-28-a-las-19.32.11-768x486.png 768w, https:\/\/blogsaverroes.juntadeandalucia.es\/iesroche\/files\/2024\/09\/Captura-de-pantalla-2024-09-28-a-las-19.32.11-1536x973.png 1536w, https:\/\/blogsaverroes.juntadeandalucia.es\/iesroche\/files\/2024\/09\/Captura-de-pantalla-2024-09-28-a-las-19.32.11-2048x1297.png 2048w, https:\/\/blogsaverroes.juntadeandalucia.es\/iesroche\/files\/2024\/09\/Captura-de-pantalla-2024-09-28-a-las-19.32.11.png 1600w\" sizes=\"(max-width: 843px) 100vw, 843px\" \/><\/a><p id=\"caption-attachment-4749\" class=\"wp-caption-text\">CC-BY 4.0 scne.es 1956-1973-2022<\/p><\/div>\n<p>En cuanto a su economi\u0301a, aunque tiene un origen claramente agri\u0301cola, en la actualidad, la actividad se esta\u0301 desplazando hacia una economi\u0301a basada en el sector servicios, sobre todo por el gran desarrollo turi\u0301stico que ha surgido en toda esta localidad costera en los u\u0301ltimos an\u0303os. Hay que destacar tambie\u0301n la importancia de todo el frente de actividades que se desarrolla mostrando fachada a la antigua carretera nacional CN-340, como zona comercial y de servicios, que genera una oferta, no so\u0301lo para el propio Barrio Nuevo &#8211; El Colorado, sino para gran parte del diseminado de Conil y alrededores. De igual forma, que ocurre con el equipamiento (espacios dotacionales) y zonas verdes existentes en el margen izquierdo de la antigua carretera nacional CN-340, que sirven de referencia no so\u0301lo para este nu\u0301cleo exterior, sino para todos sus alrededores.<\/p>\n<p>Actualmente el nu\u0301cleo rural de \u201cEl Colorado\u201d es un poblamiento de \u201cdiseminado\u201d formado por las zonas de Barrio Nuevo, Las Parcelas de Roche, El Chinarejo, La Lobita, El Mayorazgo, Las Zorreras, La Can\u0303ada del Taraje, La Florida, Majadales de Roche, Buena Vista y Pago del Zorro.<\/p>\n<p>&nbsp;<\/p>\n<p>El campo de Conil cuenta con un CEIP, \u201cEl Colorado\u201d, y un C.P.R., \u201cCampos de Conil\u201d, que junto con el IES Roche, son los tres centros de ensen\u0303anza de esta zona.<\/p>\n<p>Nuestro centro se crea en el curso 2001-2002, empez\u00f3 siendo una secci\u00f3n del IES La Atalaya utilizando unas instalaciones anexas al CEIP El Colorado, hasta que en el curso 2004-2005 se traslad\u00f3 al edificio actual.<\/p>\n<table style=\"border-collapse: collapse;width: 100%;height: 786px\">\n<tbody>\n<tr style=\"height: 369px\">\n<td style=\"width: 25%;height: 369px;text-align: center\"><a href=\"https:\/\/blogsaverroes.juntadeandalucia.es\/iesroche\/files\/2024\/09\/34-04-05-problemas-infraestructura.jpg\"><img decoding=\"async\" class=\"alignnone size-large wp-image-4766\" src=\"https:\/\/blogsaverroes.juntadeandalucia.es\/iesroche\/files\/2024\/09\/34-04-05-problemas-infraestructura-1024x768.jpg\" alt=\"\" width=\"843\" height=\"632\" srcset=\"https:\/\/blogsaverroes.juntadeandalucia.es\/iesroche\/files\/2024\/09\/34-04-05-problemas-infraestructura-1024x768.jpg 1024w, https:\/\/blogsaverroes.juntadeandalucia.es\/iesroche\/files\/2024\/09\/34-04-05-problemas-infraestructura-300x225.jpg 300w, https:\/\/blogsaverroes.juntadeandalucia.es\/iesroche\/files\/2024\/09\/34-04-05-problemas-infraestructura-768x576.jpg 768w, https:\/\/blogsaverroes.juntadeandalucia.es\/iesroche\/files\/2024\/09\/34-04-05-problemas-infraestructura-1536x1152.jpg 1536w, https:\/\/blogsaverroes.juntadeandalucia.es\/iesroche\/files\/2024\/09\/34-04-05-problemas-infraestructura.jpg 1600w\" sizes=\"(max-width: 843px) 100vw, 843px\" \/><\/a><\/td>\n<td style=\"width: 25%;height: 369px;text-align: center\"><a href=\"https:\/\/blogsaverroes.juntadeandalucia.es\/iesroche\/files\/2024\/09\/06-04-05-problemas-infraestructura.jpg\"><img loading=\"lazy\" decoding=\"async\" class=\"alignnone size-large wp-image-4767\" src=\"https:\/\/blogsaverroes.juntadeandalucia.es\/iesroche\/files\/2024\/09\/06-04-05-problemas-infraestructura-1024x768.jpg\" alt=\"\" width=\"843\" height=\"632\" srcset=\"https:\/\/blogsaverroes.juntadeandalucia.es\/iesroche\/files\/2024\/09\/06-04-05-problemas-infraestructura-1024x768.jpg 1024w, https:\/\/blogsaverroes.juntadeandalucia.es\/iesroche\/files\/2024\/09\/06-04-05-problemas-infraestructura-300x225.jpg 300w, https:\/\/blogsaverroes.juntadeandalucia.es\/iesroche\/files\/2024\/09\/06-04-05-problemas-infraestructura-768x576.jpg 768w, https:\/\/blogsaverroes.juntadeandalucia.es\/iesroche\/files\/2024\/09\/06-04-05-problemas-infraestructura-1536x1152.jpg 1536w, https:\/\/blogsaverroes.juntadeandalucia.es\/iesroche\/files\/2024\/09\/06-04-05-problemas-infraestructura.jpg 1600w\" sizes=\"(max-width: 843px) 100vw, 843px\" \/><\/a><\/td>\n<td style=\"width: 25%;height: 369px;text-align: center\"><a href=\"https:\/\/blogsaverroes.juntadeandalucia.es\/iesroche\/files\/2024\/09\/21-Salida-ex-01.jpg\"><img loading=\"lazy\" decoding=\"async\" class=\"alignnone size-large wp-image-4770\" src=\"https:\/\/blogsaverroes.juntadeandalucia.es\/iesroche\/files\/2024\/09\/21-Salida-ex-01-1024x768.jpg\" alt=\"\" width=\"843\" height=\"632\" srcset=\"https:\/\/blogsaverroes.juntadeandalucia.es\/iesroche\/files\/2024\/09\/21-Salida-ex-01-1024x768.jpg 1024w, https:\/\/blogsaverroes.juntadeandalucia.es\/iesroche\/files\/2024\/09\/21-Salida-ex-01-300x225.jpg 300w, https:\/\/blogsaverroes.juntadeandalucia.es\/iesroche\/files\/2024\/09\/21-Salida-ex-01-768x576.jpg 768w, https:\/\/blogsaverroes.juntadeandalucia.es\/iesroche\/files\/2024\/09\/21-Salida-ex-01-1536x1152.jpg 1536w, https:\/\/blogsaverroes.juntadeandalucia.es\/iesroche\/files\/2024\/09\/21-Salida-ex-01.jpg 1600w\" sizes=\"(max-width: 843px) 100vw, 843px\" \/><\/a><\/td>\n<td style=\"width: 25%;height: 369px;text-align: center\"><a href=\"https:\/\/blogsaverroes.juntadeandalucia.es\/iesroche\/files\/2024\/09\/escudo-IES.jpg\"><img loading=\"lazy\" decoding=\"async\" class=\"wp-image-4769 size-medium aligncenter\" src=\"https:\/\/blogsaverroes.juntadeandalucia.es\/iesroche\/files\/2024\/09\/escudo-IES-300x145.jpg\" alt=\"\" width=\"300\" height=\"145\" srcset=\"https:\/\/blogsaverroes.juntadeandalucia.es\/iesroche\/files\/2024\/09\/escudo-IES-300x145.jpg 300w, https:\/\/blogsaverroes.juntadeandalucia.es\/iesroche\/files\/2024\/09\/escudo-IES-1024x496.jpg 1024w, https:\/\/blogsaverroes.juntadeandalucia.es\/iesroche\/files\/2024\/09\/escudo-IES-768x372.jpg 768w, https:\/\/blogsaverroes.juntadeandalucia.es\/iesroche\/files\/2024\/09\/escudo-IES.jpg 1342w\" sizes=\"(max-width: 300px) 100vw, 300px\" \/><\/a><\/td>\n<\/tr>\n<tr style=\"height: 24px\">\n<td style=\"width: 25%;text-align: center;height: 24px\">Vista del patio a\u00f1o 2001<\/td>\n<td style=\"width: 25%;text-align: center;height: 24px\">Vista del patio 2001<\/td>\n<td style=\"width: 25%;text-align: center;height: 24px\">Vista entrada 2001<\/td>\n<td style=\"width: 25%;text-align: center;height: 24px\">Primer escudo del centro (2001-2020)<\/td>\n<\/tr>\n<tr style=\"height: 369px\">\n<td style=\"width: 25%;height: 369px;text-align: center\"><a href=\"https:\/\/blogsaverroes.juntadeandalucia.es\/iesroche\/files\/2024\/09\/DSC05281.jpg\"><img loading=\"lazy\" decoding=\"async\" class=\"alignnone size-large wp-image-4768\" src=\"https:\/\/blogsaverroes.juntadeandalucia.es\/iesroche\/files\/2024\/09\/DSC05281-1024x768.jpg\" alt=\"\" width=\"843\" height=\"632\" srcset=\"https:\/\/blogsaverroes.juntadeandalucia.es\/iesroche\/files\/2024\/09\/DSC05281-1024x768.jpg 1024w, https:\/\/blogsaverroes.juntadeandalucia.es\/iesroche\/files\/2024\/09\/DSC05281-300x225.jpg 300w, https:\/\/blogsaverroes.juntadeandalucia.es\/iesroche\/files\/2024\/09\/DSC05281-768x576.jpg 768w, https:\/\/blogsaverroes.juntadeandalucia.es\/iesroche\/files\/2024\/09\/DSC05281-1536x1152.jpg 1536w, https:\/\/blogsaverroes.juntadeandalucia.es\/iesroche\/files\/2024\/09\/DSC05281-2048x1536.jpg 2048w, https:\/\/blogsaverroes.juntadeandalucia.es\/iesroche\/files\/2024\/09\/DSC05281.jpg 1600w\" sizes=\"(max-width: 843px) 100vw, 843px\" \/><\/a><\/td>\n<td style=\"width: 25%;height: 369px;text-align: center\"><a href=\"https:\/\/blogsaverroes.juntadeandalucia.es\/iesroche\/files\/2024\/09\/IES-ROCHE-2010-4.jpg\"><img loading=\"lazy\" decoding=\"async\" class=\"alignnone size-large wp-image-4772\" src=\"https:\/\/blogsaverroes.juntadeandalucia.es\/iesroche\/files\/2024\/09\/IES-ROCHE-2010-4-1024x685.jpg\" alt=\"\" width=\"843\" height=\"564\" srcset=\"https:\/\/blogsaverroes.juntadeandalucia.es\/iesroche\/files\/2024\/09\/IES-ROCHE-2010-4-1024x685.jpg 1024w, https:\/\/blogsaverroes.juntadeandalucia.es\/iesroche\/files\/2024\/09\/IES-ROCHE-2010-4-300x201.jpg 300w, https:\/\/blogsaverroes.juntadeandalucia.es\/iesroche\/files\/2024\/09\/IES-ROCHE-2010-4-768x514.jpg 768w, https:\/\/blogsaverroes.juntadeandalucia.es\/iesroche\/files\/2024\/09\/IES-ROCHE-2010-4-1536x1028.jpg 1536w, https:\/\/blogsaverroes.juntadeandalucia.es\/iesroche\/files\/2024\/09\/IES-ROCHE-2010-4-2048x1371.jpg 2048w, https:\/\/blogsaverroes.juntadeandalucia.es\/iesroche\/files\/2024\/09\/IES-ROCHE-2010-4.jpg 1600w\" sizes=\"(max-width: 843px) 100vw, 843px\" \/><\/a><\/td>\n<td style=\"width: 25%;height: 369px;text-align: center\"><a href=\"https:\/\/blogsaverroes.juntadeandalucia.es\/iesroche\/files\/2024\/09\/IES-ROCHE-2010-1.jpg\"><img loading=\"lazy\" decoding=\"async\" class=\"alignnone size-large wp-image-4771\" src=\"https:\/\/blogsaverroes.juntadeandalucia.es\/iesroche\/files\/2024\/09\/IES-ROCHE-2010-1-1024x685.jpg\" alt=\"\" width=\"843\" height=\"564\" srcset=\"https:\/\/blogsaverroes.juntadeandalucia.es\/iesroche\/files\/2024\/09\/IES-ROCHE-2010-1-1024x685.jpg 1024w, https:\/\/blogsaverroes.juntadeandalucia.es\/iesroche\/files\/2024\/09\/IES-ROCHE-2010-1-300x201.jpg 300w, https:\/\/blogsaverroes.juntadeandalucia.es\/iesroche\/files\/2024\/09\/IES-ROCHE-2010-1-768x514.jpg 768w, https:\/\/blogsaverroes.juntadeandalucia.es\/iesroche\/files\/2024\/09\/IES-ROCHE-2010-1-1536x1028.jpg 1536w, https:\/\/blogsaverroes.juntadeandalucia.es\/iesroche\/files\/2024\/09\/IES-ROCHE-2010-1-2048x1371.jpg 2048w, https:\/\/blogsaverroes.juntadeandalucia.es\/iesroche\/files\/2024\/09\/IES-ROCHE-2010-1.jpg 1600w\" sizes=\"(max-width: 843px) 100vw, 843px\" \/><\/a><\/td>\n<td style=\"width: 25%;height: 369px;text-align: center\"><a href=\"https:\/\/blogsaverroes.juntadeandalucia.es\/iesroche\/files\/2024\/09\/Logo.jpg\"><img loading=\"lazy\" decoding=\"async\" class=\"wp-image-4773 size-medium aligncenter\" src=\"https:\/\/blogsaverroes.juntadeandalucia.es\/iesroche\/files\/2024\/09\/Logo-300x282.jpg\" alt=\"\" width=\"300\" height=\"282\" srcset=\"https:\/\/blogsaverroes.juntadeandalucia.es\/iesroche\/files\/2024\/09\/Logo-300x282.jpg 300w, https:\/\/blogsaverroes.juntadeandalucia.es\/iesroche\/files\/2024\/09\/Logo-1024x962.jpg 1024w, https:\/\/blogsaverroes.juntadeandalucia.es\/iesroche\/files\/2024\/09\/Logo-768x721.jpg 768w, https:\/\/blogsaverroes.juntadeandalucia.es\/iesroche\/files\/2024\/09\/Logo-1536x1442.jpg 1536w, https:\/\/blogsaverroes.juntadeandalucia.es\/iesroche\/files\/2024\/09\/Logo-2048x1923.jpg 2048w, https:\/\/blogsaverroes.juntadeandalucia.es\/iesroche\/files\/2024\/09\/Logo.jpg 1600w\" sizes=\"(max-width: 300px) 100vw, 300px\" \/><\/a><\/td>\n<\/tr>\n<tr style=\"height: 24px\">\n<td style=\"width: 25%;height: 24px;text-align: center\">Acto conmemoraci\u00f3n X aniversario<\/td>\n<td style=\"width: 25%;height: 24px;text-align: center\">Vista del patio 2010<\/td>\n<td style=\"width: 25%;height: 24px;text-align: center\">Vista entrada 2010<\/td>\n<td style=\"width: 25%;height: 24px;text-align: center\">Escudo conmemoraci\u00f3n X Aniversario<\/td>\n<\/tr>\n<\/tbody>\n<\/table>\n","protected":false},"excerpt":{"rendered":"<p>Tal y como se recoge en nuestro Plan de Centro, nuestro Instituto de Ensen\u0303anza Secundaria \u201cRoche\u201d, se encuentra ubicado en la localidad de El Colorado, dentro del te\u0301rmino municipal de Conil de la&#46;&#46;&#46;<\/p>\n","protected":false},"author":1,"featured_media":0,"parent":0,"menu_order":0,"comment_status":"open","ping_status":"closed","template":"","meta":{"_exactmetrics_skip_tracking":false,"_exactmetrics_sitenote_active":false,"_exactmetrics_sitenote_note":"","_exactmetrics_sitenote_category":0,"ngg_post_thumbnail":0,"footnotes":"","_mc_calendar":[]},"aioseo_notices":[],"_links":{"self":[{"href":"https:\/\/blogsaverroes.juntadeandalucia.es\/iesroche\/wp-json\/wp\/v2\/pages\/82"}],"collection":[{"href":"https:\/\/blogsaverroes.juntadeandalucia.es\/iesroche\/wp-json\/wp\/v2\/pages"}],"about":[{"href":"https:\/\/blogsaverroes.juntadeandalucia.es\/iesroche\/wp-json\/wp\/v2\/types\/page"}],"author":[{"embeddable":true,"href":"https:\/\/blogsaverroes.juntadeandalucia.es\/iesroche\/wp-json\/wp\/v2\/users\/1"}],"replies":[{"embeddable":true,"href":"https:\/\/blogsaverroes.juntadeandalucia.es\/iesroche\/wp-json\/wp\/v2\/comments?post=82"}],"version-history":[{"count":20,"href":"https:\/\/blogsaverroes.juntadeandalucia.es\/iesroche\/wp-json\/wp\/v2\/pages\/82\/revisions"}],"predecessor-version":[{"id":4777,"href":"https:\/\/blogsaverroes.juntadeandalucia.es\/iesroche\/wp-json\/wp\/v2\/pages\/82\/revisions\/4777"}],"wp:attachment":[{"href":"https:\/\/blogsaverroes.juntadeandalucia.es\/iesroche\/wp-json\/wp\/v2\/media?parent=82"}],"curies":[{"name":"wp","href":"https:\/\/api.w.org\/{rel}","templated":true}]}}