{"id":1022,"date":"2023-01-21T17:00:18","date_gmt":"2023-01-21T16:00:18","guid":{"rendered":"https:\/\/blogsaverroes.juntadeandalucia.es\/iesrodrigocaro\/?page_id=1022"},"modified":"2025-11-09T16:23:36","modified_gmt":"2025-11-09T15:23:36","slug":"calendarios-y-horarios","status":"publish","type":"page","link":"https:\/\/blogsaverroes.juntadeandalucia.es\/iesrodrigocaro\/calendarios-y-horarios\/","title":{"rendered":"Calendarios y horarios"},"content":{"rendered":"<p>Calendario para este curso 2025-2026:<\/p>\n<p><iframe src=\"https:\/\/drive.google.com\/file\/d\/1qrXy2OzhJVU5d3kIlALUYu9lLg0VjdCi\/preview\" width=\"640\" height=\"480\"><\/iframe>&nbsp;<\/p>\n<div style=\"text-align: center\">\n<p>&nbsp;<\/p>\n<p style=\"text-align: left\">Horario del Centro de Lunes a Viernes para <strong>ESO, Bachillerato, F.P Grado B\u00e1sico y Ciclo ASIR<\/strong> (<strong>Ma\u00f1ana<\/strong>):&nbsp;<\/p>\n<table style=\"border-collapse: collapse;width: 100%\">\n<tbody>\n<tr>\n<td style=\"width: 50%\">Tramo Horario<\/td>\n<td style=\"width: 50%\">MA\u00d1ANA (ESO, Bachillerato, FP Grado B\u00e1sico y Ciclo ASIR)<\/td>\n<\/tr>\n<tr>\n<td style=\"width: 50%\">8:15-9:15<\/td>\n<td style=\"width: 50%\">1\u00aa HORA<\/td>\n<\/tr>\n<tr>\n<td style=\"width: 50%\">9:15-10:15<\/td>\n<td style=\"width: 50%\">2\u00aa HORA<\/td>\n<\/tr>\n<tr>\n<td style=\"width: 50%\">10:15-11:15<\/td>\n<td style=\"width: 50%\">3\u00aa HORA<\/td>\n<\/tr>\n<tr>\n<td style=\"width: 50%\">11:15-11:45<\/td>\n<td style=\"width: 50%\">RECREO<\/td>\n<\/tr>\n<tr>\n<td style=\"width: 50%\">11:45-12:45<\/td>\n<td style=\"width: 50%\">4\u00aa HORA<\/td>\n<\/tr>\n<tr>\n<td style=\"width: 50%\">12:45-13:45<\/td>\n<td style=\"width: 50%\">5\u00aa HORA<\/td>\n<\/tr>\n<tr>\n<td style=\"width: 50%\">13:45-14:45<\/td>\n<td style=\"width: 50%\">6\u00aa HORA<\/td>\n<\/tr>\n<\/tbody>\n<\/table>\n<p>&nbsp;<\/p>\n<p style=\"text-align: left\">Horario del Centro de Lunes a Viernes para <strong>ESPA, Bachillerato y Ciclo ASIR <\/strong>(<strong>Tarde<\/strong>):<\/p>\n<table style=\"border-collapse: collapse;width: 100%\">\n<tbody>\n<tr>\n<td style=\"width: 50%\">Tramo Horario<\/td>\n<td style=\"width: 50%\">TARDE (ESPA, Bachillerato y Ciclo ASIR)<\/td>\n<\/tr>\n<tr>\n<td style=\"width: 50%\">16:30-17:30<\/td>\n<td style=\"width: 50%\">1\u00aa HORA<\/td>\n<\/tr>\n<tr>\n<td style=\"width: 50%\">17:30-18:30<\/td>\n<td style=\"width: 50%\">2\u00aa HORA<\/td>\n<\/tr>\n<tr>\n<td style=\"width: 50%\">18:30-19:30<\/td>\n<td style=\"width: 50%\">3\u00aa HORA<\/td>\n<\/tr>\n<tr>\n<td style=\"width: 50%\">19:30-19:45<\/td>\n<td style=\"width: 50%\">RECREO<\/td>\n<\/tr>\n<tr>\n<td style=\"width: 50%\">19:45-20:45<\/td>\n<td style=\"width: 50%\">4\u00aa HORA<\/td>\n<\/tr>\n<tr>\n<td style=\"width: 50%\">20:45-21:45<\/td>\n<td style=\"width: 50%\">5\u00aa HORA<\/td>\n<\/tr>\n<tr>\n<td style=\"width: 50%\">21:45-22:45<\/td>\n<td style=\"width: 50%\">6\u00aa HORA<\/td>\n<\/tr>\n<\/tbody>\n<\/table>\n<p>&nbsp;<\/p>\n<\/div>\n<p style=\"text-align: left\">Horario del Centro de Lunes a Viernes para <strong>SMR<\/strong><\/p>\n<div style=\"text-align: center\">\n<p style=\"text-align: left\">&nbsp;<\/p>\n<p style=\"text-align: left\">&nbsp;<\/p>\n<\/div>\n","protected":false},"excerpt":{"rendered":"<p>Calendario para este curso 2025-2026: &nbsp; &nbsp; Horario del Centro de Lunes a Viernes para ESO, Bachillerato, F.P Grado B\u00e1sico y Ciclo ASIR (Ma\u00f1ana):&nbsp; Tramo Horario MA\u00d1ANA (ESO, Bachillerato, FP Grado B\u00e1sico y Ciclo&#46;&#46;&#46;<\/p>\n","protected":false},"author":13259,"featured_media":0,"parent":0,"menu_order":0,"comment_status":"closed","ping_status":"closed","template":"","meta":{"ngg_post_thumbnail":0,"footnotes":""},"aioseo_notices":[],"_links":{"self":[{"href":"https:\/\/blogsaverroes.juntadeandalucia.es\/iesrodrigocaro\/wp-json\/wp\/v2\/pages\/1022"}],"collection":[{"href":"https:\/\/blogsaverroes.juntadeandalucia.es\/iesrodrigocaro\/wp-json\/wp\/v2\/pages"}],"about":[{"href":"https:\/\/blogsaverroes.juntadeandalucia.es\/iesrodrigocaro\/wp-json\/wp\/v2\/types\/page"}],"author":[{"embeddable":true,"href":"https:\/\/blogsaverroes.juntadeandalucia.es\/iesrodrigocaro\/wp-json\/wp\/v2\/users\/13259"}],"replies":[{"embeddable":true,"href":"https:\/\/blogsaverroes.juntadeandalucia.es\/iesrodrigocaro\/wp-json\/wp\/v2\/comments?post=1022"}],"version-history":[{"count":16,"href":"https:\/\/blogsaverroes.juntadeandalucia.es\/iesrodrigocaro\/wp-json\/wp\/v2\/pages\/1022\/revisions"}],"predecessor-version":[{"id":2581,"href":"https:\/\/blogsaverroes.juntadeandalucia.es\/iesrodrigocaro\/wp-json\/wp\/v2\/pages\/1022\/revisions\/2581"}],"wp:attachment":[{"href":"https:\/\/blogsaverroes.juntadeandalucia.es\/iesrodrigocaro\/wp-json\/wp\/v2\/media?parent=1022"}],"curies":[{"name":"wp","href":"https:\/\/api.w.org\/{rel}","templated":true}]}}