{"id":1039,"date":"2023-01-21T18:00:14","date_gmt":"2023-01-21T17:00:14","guid":{"rendered":"https:\/\/blogsaverroes.juntadeandalucia.es\/iesrodrigocaro\/?page_id=1039"},"modified":"2023-01-28T19:19:51","modified_gmt":"2023-01-28T18:19:51","slug":"consejo-escolar","status":"publish","type":"page","link":"https:\/\/blogsaverroes.juntadeandalucia.es\/iesrodrigocaro\/consejo-escolar\/","title":{"rendered":"Consejo Escolar"},"content":{"rendered":"<h1>Consejo Escolar<\/h1>\n<div id=\"attachment_1185\" style=\"width: 1034px\" class=\"wp-caption aligncenter\"><img fetchpriority=\"high\" decoding=\"async\" aria-describedby=\"caption-attachment-1185\" class=\"wp-image-1185 size-large\" src=\"https:\/\/blogsaverroes.juntadeandalucia.es\/iesrodrigocaro\/files\/2023\/01\/businesspeople-meeting-at-office-working-together-1024x683.jpg\" alt=\"\" width=\"1024\" height=\"683\" srcset=\"https:\/\/blogsaverroes.juntadeandalucia.es\/iesrodrigocaro\/files\/2023\/01\/businesspeople-meeting-at-office-working-together-1024x683.jpg 1024w, https:\/\/blogsaverroes.juntadeandalucia.es\/iesrodrigocaro\/files\/2023\/01\/businesspeople-meeting-at-office-working-together-300x200.jpg 300w, https:\/\/blogsaverroes.juntadeandalucia.es\/iesrodrigocaro\/files\/2023\/01\/businesspeople-meeting-at-office-working-together-768x512.jpg 768w, https:\/\/blogsaverroes.juntadeandalucia.es\/iesrodrigocaro\/files\/2023\/01\/businesspeople-meeting-at-office-working-together-1536x1025.jpg 1536w, https:\/\/blogsaverroes.juntadeandalucia.es\/iesrodrigocaro\/files\/2023\/01\/businesspeople-meeting-at-office-working-together-2048x1366.jpg 2048w\" sizes=\"(max-width: 1024px) 100vw, 1024px\" \/><p id=\"caption-attachment-1185\" class=\"wp-caption-text\">Imagen de <a href=\"https:\/\/www.freepik.es\/foto-gratis\/empresarios-reunidos-oficina-trabajando-juntos_13296739.htm#query=gente%20reunida&amp;position=1&amp;from_view=search&amp;track=sph\">Freepik<\/a><\/p><\/div>\n<p>&nbsp;<\/p>\n<p>El Consejo Escolar del IES Rodrigo Caro est\u00e1 formado por 24 miembros:<\/p>\n<p><strong>Equipo Directivo<\/strong>:<\/p>\n<p>Do\u00f1a Laura Serrano Vaquero.&nbsp;&nbsp;&nbsp;&nbsp; &nbsp;&nbsp;(Presidenta)<\/p>\n<p>Do\u00f1a Elena Luque L\u00f3pez.&nbsp;&nbsp;&nbsp;&nbsp;&nbsp;&nbsp;&nbsp;&nbsp;&nbsp;&nbsp;&nbsp;&nbsp; (Jefa de Estudios)<\/p>\n<p>Don Luis A. del Villar Romero.&nbsp;&nbsp; &nbsp;(Secretario)<\/p>\n<p>Don Diego Luis Jar\u00e9n L\u00f3pez.&nbsp;&nbsp;&nbsp;&nbsp;&nbsp;&nbsp; &nbsp;(Jefe de Estudios Secci\u00f3n de Adultos)<\/p>\n<p>&nbsp;<\/p>\n<p><strong>Profesorado:<\/strong><\/p>\n<p>Do\u00f1a Mar\u00eda Pilar Aguilar P\u00e9rez.<\/p>\n<p>Don David Bautista Gollete.<\/p>\n<p>Don Manuel Fern\u00e1ndez Arias.<\/p>\n<p>Do\u00f1a Laura Garc\u00eda Ram\u00edrez.<\/p>\n<p>Do\u00f1a Ana Mar\u00eda Medina Gallego.<\/p>\n<p>Don Pedro P\u00e9rez Ramos.<\/p>\n<p>Don Antonio Jes\u00fas Rodr\u00edguez Camacho.<\/p>\n<p>Do\u00f1a Elo\u00edsa del Carmen Ruiz Exp\u00f3sito.<\/p>\n<p><strong>&nbsp;<\/strong><\/p>\n<p><strong>Madres\/Padres\/Tutores<\/strong><strong>:<\/strong><\/p>\n<p>Mar\u00eda del Mar L\u00f3pez Villafaina.<\/p>\n<p>Mar\u00eda del Carmen Mart\u00ednez S\u00e1nchez.<\/p>\n<p>Felipa Moreno Casta\u00f1o.<\/p>\n<p>Lourdes Rodr\u00edguez Fern\u00e1ndez.<\/p>\n<p>&nbsp;<\/p>\n<p><strong>Representante del AMPA:<\/strong><\/p>\n<p>Do\u00f1a Ana Roc\u00edo G\u00f3mez de los Santos.<\/p>\n<p><strong>&nbsp;<\/strong><\/p>\n<p><strong>Alumnado:<\/strong><\/p>\n<p>Jos\u00e9 Manuel Carmona C\u00e1ceres<\/p>\n<p>Paula Garc\u00eda Bizcocho.<\/p>\n<p>Juan Carlos P\u00e9rez Berbel.<\/p>\n<p>Ainhoa S\u00e1nchez Moreno.<\/p>\n<p>Marta Santos Guerrero.<\/p>\n<p><strong>&nbsp;<\/strong><\/p>\n<p><strong>Personal Adm\u00f3n. y Servicios<\/strong><strong>:<\/strong><\/p>\n<p>Do\u00f1a Juana Mar\u00eda \u00c1lvarez Guerrero.<\/p>\n<p><strong>&nbsp;<\/strong><\/p>\n<p><strong>Ayuntamiento:<\/strong><\/p>\n<p>Representante del Ayuntamiento: Do\u00f1a Mar\u00eda Jos\u00e9 Cant\u00f3n Moreno.<\/p>\n<p>&nbsp;<\/p>\n<h2>Funciones:<\/h2>\n<ul class=\"arrowlist-green\">\n<li>Establecer las directrices para la elaboraci\u00f3n del Proyecto Educativo del Centro, aprobarlo y evaluarlo, sin perjuicio de las competencias que el Claustro de Profesores tiene atribuidas en relaci\u00f3n con la planificaci\u00f3n y organizaci\u00f3n docente. Asimismo, establecer los procedimientos para su revisi\u00f3n cuando su evaluaci\u00f3n lo aconseje.<\/li>\n<li>Elegir al Director o Directora del Centro.<\/li>\n<li>Informar a la Administraci\u00f3n Educativa acerca de la designaci\u00f3n del Director o Directora del Centro en el supuesto de que \u00e9ste deba ser designado por la misma.<\/li>\n<li>Proponer la revocaci\u00f3n del nombramiento del Director o Directora.<\/li>\n<li>Decidir sobre la admisi\u00f3n de alumnos y alumnas, con sujeci\u00f3n estricta a lo establecido en la normativa vigente.<\/li>\n<li>Aprobar el reglamento de r\u00e9gimen interior del centro.<\/li>\n<li>Resolver los conflictos e imponer las correcciones con finalidad pedag\u00f3gica que correspondan a aquellas conductas del alumnado que perjudiquen gravemente la convivencia en el Centro de acuerdo con la normativa vigente.<\/li>\n<li>Aprobar el proyecto de presupuesto del Centro y la ejecuci\u00f3n del mismo.<\/li>\n<li>Promover la renovaci\u00f3n de las instalaciones y equipamiento escolar, as\u00ed como vigilar su conservaci\u00f3n.<\/li>\n<li>Aprobar y evaluar la programaci\u00f3n general del Centro, respetando, en todo caso, los aspectos docentes que competen al Claustro de Profesores.<\/li>\n<li>Aprobar y evaluar la programaci\u00f3n general de las actividades escolares complementarias y extraescolares.<\/li>\n<li>Fijar las directrices para la colaboraci\u00f3n del Centro con fines culturales, educativos y asistenciales, con otros Centros, entidades y organismos.<\/li>\n<li>Analizar y evaluar el funcionamiento general del Centro, especialmente la eficacia en la gesti\u00f3n de los recursos, as\u00ed como la aplicaci\u00f3n de las normas de convivencia y elaborar un informe de dicha aplicaci\u00f3n que se incluir\u00e1 en la Memoria Final de Curso.<\/li>\n<li>Analizar y evaluar la evoluci\u00f3n del rendimiento escolar general del Centro.<\/li>\n<li>Analizar y valorar los resultados de la evaluaci\u00f3n que del Centro realice la Administraci\u00f3n Educativa o cualquier informe referente a la marcha del mismo.<\/li>\n<li>Informar y aprobar la memoria anual sobre las actividades y actuaci\u00f3n general del Centro.<\/li>\n<li>Conocer e impulsar las relaciones del Centro con las instituciones de su entorno.<\/li>\n<li>Cualesquiera otras que les sean atribuidas por la normativa vigente.<\/li>\n<\/ul>\n<h2>La Comisi\u00f3n de Convivencia del Consejo Escolar<\/h2>\n<p>En orden a la mayor eficacia en el cumplimiento de sus cometidos y funciones en aquella materia, por el Consejo Escolar del centro se constituir\u00e1 la Comisi\u00f3n de convivencia. Formar\u00e1n parte de ella al menos el Director, el Jefe de estudios, un profesor, un padre de alumno y un alumno, y podr\u00e1 actuar presidida por el Jefe de Estudios por delegaci\u00f3n al efecto del Director del centro. Los componentes de la Comisi\u00f3n de elegir\u00e1n de entre los miembros del Consejo Escolar por los sectores del mismo.<\/p>\n<p align=\"justify\">Entre sus funciones estar\u00e1n las de promover que las actuaciones en el centro favorezcan la convivencia, el respeto mutuo, la tolerancia y el ejercicio efectivo de derechos y el cumplimiento de deberes; impulsar el conocimiento y la observancia de las normas; mediar y resolver posibles conflictos de acuerdo con la normas y pautas de actuaci\u00f3n establecidas; evaluar peri\u00f3dicamente la situaci\u00f3n de convivencia en el centro y resultados de aplicaci\u00f3n de sus normas; informar de sus actuaciones al Consejo Escolar del centro y prestarle asidua asistencia en materia de convivencia, con especial colaboraci\u00f3n en la elaboraci\u00f3n del informe anual que sobre esta materia el Consejo Escolar ha de incluir en la memoria final de curso sobre el funcionamiento del centro.<\/p>\n<p>&nbsp;<\/p>\n","protected":false},"excerpt":{"rendered":"<p>Consejo Escolar &nbsp; El Consejo Escolar del IES Rodrigo Caro est\u00e1 formado por 24 miembros: Equipo Directivo: Do\u00f1a Laura Serrano Vaquero.&nbsp;&nbsp;&nbsp;&nbsp; &nbsp;&nbsp;(Presidenta) Do\u00f1a Elena Luque L\u00f3pez.&nbsp;&nbsp;&nbsp;&nbsp;&nbsp;&nbsp;&nbsp;&nbsp;&nbsp;&nbsp;&nbsp;&nbsp; (Jefa de Estudios) Don Luis A. del Villar&#46;&#46;&#46;<\/p>\n","protected":false},"author":13259,"featured_media":0,"parent":0,"menu_order":0,"comment_status":"closed","ping_status":"closed","template":"","meta":{"ngg_post_thumbnail":0,"footnotes":""},"aioseo_notices":[],"_links":{"self":[{"href":"https:\/\/blogsaverroes.juntadeandalucia.es\/iesrodrigocaro\/wp-json\/wp\/v2\/pages\/1039"}],"collection":[{"href":"https:\/\/blogsaverroes.juntadeandalucia.es\/iesrodrigocaro\/wp-json\/wp\/v2\/pages"}],"about":[{"href":"https:\/\/blogsaverroes.juntadeandalucia.es\/iesrodrigocaro\/wp-json\/wp\/v2\/types\/page"}],"author":[{"embeddable":true,"href":"https:\/\/blogsaverroes.juntadeandalucia.es\/iesrodrigocaro\/wp-json\/wp\/v2\/users\/13259"}],"replies":[{"embeddable":true,"href":"https:\/\/blogsaverroes.juntadeandalucia.es\/iesrodrigocaro\/wp-json\/wp\/v2\/comments?post=1039"}],"version-history":[{"count":8,"href":"https:\/\/blogsaverroes.juntadeandalucia.es\/iesrodrigocaro\/wp-json\/wp\/v2\/pages\/1039\/revisions"}],"predecessor-version":[{"id":1043,"href":"https:\/\/blogsaverroes.juntadeandalucia.es\/iesrodrigocaro\/wp-json\/wp\/v2\/pages\/1039\/revisions\/1043"}],"wp:attachment":[{"href":"https:\/\/blogsaverroes.juntadeandalucia.es\/iesrodrigocaro\/wp-json\/wp\/v2\/media?parent=1039"}],"curies":[{"name":"wp","href":"https:\/\/api.w.org\/{rel}","templated":true}]}}