{"id":1061,"date":"2023-01-21T18:27:14","date_gmt":"2023-01-21T17:27:14","guid":{"rendered":"https:\/\/blogsaverroes.juntadeandalucia.es\/iesrodrigocaro\/?page_id=1061"},"modified":"2025-12-03T18:14:05","modified_gmt":"2025-12-03T17:14:05","slug":"documentos-del-centro","status":"publish","type":"page","link":"https:\/\/blogsaverroes.juntadeandalucia.es\/iesrodrigocaro\/documentos-del-centro\/","title":{"rendered":"Documentos del centro"},"content":{"rendered":"<h1>Documentaci\u00f3n general del centro<\/h1>\n<table style=\"border-collapse: collapse;width: 100%;height: 456px\">\n<tbody>\n<tr style=\"height: 24px\">\n<td style=\"width: 78.1343%;height: 24px;text-align: left\"><strong>Documentos<\/strong><\/td>\n<td style=\"width: 21.8657%;height: 24px;text-align: center\"><strong>Descargas<\/strong><\/td>\n<\/tr>\n<tr style=\"height: 48px\">\n<td style=\"width: 78.1343%;height: 48px;text-align: left\">Reglamento de Organizaci\u00f3n y Funcionamiento (ROF)<\/td>\n<td style=\"width: 21.8657%;height: 48px;text-align: center\"><a href=\"https:\/\/drive.google.com\/file\/d\/1i_JVjsrw8ARLX7KzYaR5_bCnTc_5Elzv\/view?usp=drive_link\" target=\"_blank\" rel=\"noopener\">pdf<\/a><\/td>\n<\/tr>\n<tr style=\"height: 48px\">\n<td style=\"width: 78.1343%;height: 48px;text-align: left\">Proyecto Educativo<\/td>\n<td style=\"width: 21.8657%;height: 48px;text-align: center\"><a href=\"https:\/\/drive.google.com\/file\/d\/1kEUfznRu0J0UhAkEKHZXUs3c4cPvA740\/view?usp=drive_link\" target=\"_blank\" rel=\"noopener\">pdf<\/a><\/td>\n<\/tr>\n<tr style=\"height: 48px\">\n<td style=\"width: 78.1343%;height: 48px;text-align: left\">Plan de Convivencia<\/td>\n<td style=\"width: 21.8657%;height: 48px;text-align: center\"><a href=\"https:\/\/drive.google.com\/file\/d\/1qvcqK1z35L3OlFEhN9FWGoQFW39epTCC\/view?usp=drive_link\" target=\"_blank\" rel=\"noopener\">pdf<\/a><\/td>\n<\/tr>\n<tr style=\"height: 24px\">\n<td style=\"width: 78.1343%;height: 24px;text-align: left\">Proyecto de Gesti\u00f3n de Centros<\/td>\n<td style=\"width: 21.8657%;height: 24px;text-align: center\"><a href=\"https:\/\/drive.google.com\/file\/d\/1LfWhn-Xmxkflsws4zs4r5UBP4e_MlA-M\/view?usp=drive_link\" target=\"_blank\" rel=\"noopener\">pdf<\/a><\/td>\n<\/tr>\n<tr style=\"height: 24px\">\n<td style=\"width: 78.1343%;height: 24px;text-align: left\">Plan de Lectura<\/td>\n<td style=\"width: 21.8657%;height: 24px;text-align: center\"><a href=\"https:\/\/drive.google.com\/file\/d\/1ih-lOoJQynP1lGfDNpTfvuj3Ar_f0XHQ\/view?usp=drive_link\" target=\"_blank\" rel=\"noopener\">pdf<\/a><\/td>\n<\/tr>\n<tr style=\"height: 72px\">\n<td style=\"width: 78.1343%;text-align: left;height: 72px\">PIRMA<\/td>\n<td style=\"width: 21.8657%;text-align: center;height: 72px\"><a href=\"https:\/\/drive.google.com\/file\/d\/1Wg2IHqY8VDHWvtoNPC4p2bwKEZ8NE05i\/view?usp=drive_link\" target=\"_blank\" rel=\"noopener\">pdf<\/a><\/td>\n<\/tr>\n<tr style=\"height: 24px\">\n<td style=\"width: 78.1343%;height: 24px;text-align: left\">Plan de Actuaci\u00f3n Digital<\/td>\n<td style=\"width: 21.8657%;height: 24px;text-align: center\"><a href=\"https:\/\/drive.google.com\/file\/d\/1ubQDlbvGBmOYSimwW74xHxUGPPYK3sKj\/view?usp=drive_link\" target=\"_blank\" rel=\"noopener\">pdf<\/a><\/td>\n<\/tr>\n<tr style=\"height: 24px\">\n<td style=\"width: 78.1343%;height: 24px;text-align: left\">Informe de r\u00fabrica Plan de Actuaci\u00f3n Digital<\/td>\n<td style=\"width: 21.8657%;height: 24px;text-align: center\"><a href=\"https:\/\/drive.google.com\/file\/d\/1nHtpEVmNyyu0_eKOcba9LbW-EZ3E87u9\/view?usp=drive_link\" target=\"_blank\" rel=\"noopener\">pdf<\/a><\/td>\n<\/tr>\n<tr style=\"height: 24px\">\n<td style=\"width: 78.1343%;height: 24px;text-align: left\">Protocolo de utilizaci\u00f3n de los PEH en el Aula (Anexo II)<\/td>\n<td style=\"width: 21.8657%;height: 24px;text-align: center\"><a href=\"https:\/\/drive.google.com\/file\/d\/10PwvO43GJ-ehALCMd0bEFD6JZ_u6ZG5v\/view?usp=drive_link\" target=\"_blank\" rel=\"noopener\">pdf<\/a><\/td>\n<\/tr>\n<tr style=\"height: 24px\">\n<td style=\"width: 78.1343%;height: 24px;text-align: left\">Criterios para la asignaci\u00f3n de Puestos Educativos en el hogar (Anexo III)<\/td>\n<td style=\"width: 21.8657%;height: 24px;text-align: center\"><a href=\"https:\/\/drive.google.com\/file\/d\/1J24akUgjNlkGbqW1C4CziWaNNPewW4-1\/view?usp=drive_link\" target=\"_blank\" rel=\"noopener\">pdf<\/a><\/td>\n<\/tr>\n<tr style=\"height: 24px\">\n<td style=\"width: 78.1343%;height: 24px;text-align: left\">Documentos para la recogida de equipamiento (Anexo IV)<\/td>\n<td style=\"width: 21.8657%;height: 24px;text-align: center\"><a href=\"https:\/\/drive.google.com\/file\/d\/1cjpItG4yRQo9_5Wcg5zLqbPBzVSm2w-o\/view?usp=drive_link\" target=\"_blank\" rel=\"noopener\">pdf<\/a><\/td>\n<\/tr>\n<tr style=\"height: 24px\">\n<td style=\"width: 78.1343%;height: 24px;text-align: left\">Uso obligatorio de la aplicaci\u00f3n IPasen<\/td>\n<td style=\"width: 21.8657%;height: 24px;text-align: center\"><a href=\"https:\/\/drive.google.com\/file\/d\/1NPnOlfqtTtVqytNOEI6H-Sak_Osz5SKs\/view?usp=sharing\" target=\"_blank\" rel=\"noopener\">pdf<\/a><\/td>\n<\/tr>\n<tr style=\"height: 24px\">\n<td style=\"width: 78.1343%;text-align: left;height: 24px\">Gu\u00eda de uso responsable. Familias<\/td>\n<td style=\"width: 21.8657%;text-align: center;height: 24px\"><a href=\"https:\/\/drive.google.com\/file\/d\/1GUqxYy1vDuc3Jzqn0QhYPeVBZd7PLkKD\/view?usp=sharing\" target=\"_blank\" rel=\"noopener\">pdf<\/a><\/td>\n<\/tr>\n<\/tbody>\n<\/table>\n<p>&nbsp;<\/p>\n<h1>Documentaci\u00f3n Tutor\u00edas<\/h1>\n<p>&nbsp;<\/p>\n<p>&nbsp;<\/p>\n<table style=\"border-collapse: collapse;width: 100%;height: 532px\">\n<tbody>\n<tr style=\"height: 24px\">\n<td style=\"width: 77.9368%;height: 24px;text-align: left\"><strong>Documentos<\/strong><\/td>\n<td style=\"width: 22.0632%;height: 24px;text-align: center\"><strong>Descargas<\/strong><\/td>\n<\/tr>\n<tr style=\"height: 24px\">\n<td style=\"width: 77.9368%;height: 24px;text-align: left\">Absentismo Rodrigo Caro<\/td>\n<td style=\"width: 22.0632%;height: 24px;text-align: center\"><a href=\"https:\/\/drive.google.com\/file\/d\/13qE4lsIFRm-Ww4fmqGAR2qwwByOSRk1g\/view?usp=drive_link\" target=\"_blank\" rel=\"noopener\">pdf<\/a>, <a href=\"https:\/\/docs.google.com\/document\/d\/1EQZ3zqqBrW5WIceiGvK0c2l1mHHXFETi\/edit?usp=drive_link&amp;ouid=113382982951250680392&amp;rtpof=true&amp;sd=true\" target=\"_blank\" rel=\"noopener\">doc<\/a><\/td>\n<\/tr>\n<tr style=\"height: 24px\">\n<td style=\"width: 77.9368%;height: 24px;text-align: left\">Actas de reuniones con familias y tutor\/a<\/td>\n<td style=\"width: 22.0632%;height: 24px;text-align: center\"><a href=\"https:\/\/drive.google.com\/file\/d\/1ioPnffRH4fapi7rDjVBvhlzf78glswM1\/view?usp=drive_link\" target=\"_blank\" rel=\"noopener\">pdf<\/a><\/p>\n<p><a href=\"https:\/\/docs.google.com\/document\/d\/1ihKwN5Eoj1qrKViLTA7dHkXqpu--3W7r\/edit?usp=drive_link&amp;ouid=113382982951250680392&amp;rtpof=true&amp;sd=true\" target=\"_blank\" rel=\"noopener\">doc<\/a><\/td>\n<\/tr>\n<tr style=\"height: 24px\">\n<td style=\"width: 77.9368%;height: 24px;text-align: left\">Acta sobre la elecci\u00f3n del delegado\/a de clase<\/td>\n<td style=\"width: 22.0632%;height: 24px;text-align: center\"><a href=\"https:\/\/docs.google.com\/document\/d\/19-WLrDjSRr5afAaLoSIfvXVXjnlX9EQW\/edit?usp=sharing&amp;ouid=113382982951250680392&amp;rtpof=true&amp;sd=true\">doc<\/a><\/p>\n<p><a href=\"\/\/drive.google.com\/file\/d\/1aB5kxzS31lNRNLtFcPnBPEygOiK9y8en\/view?usp=sharing\">pdf<\/a><\/td>\n<\/tr>\n<tr style=\"height: 61px\">\n<td style=\"width: 77.9368%;text-align: left;height: 61px\">Acta sobre la elecci\u00f3n del delegado\/a de Padre\/Madre de clase<\/td>\n<td style=\"width: 22.0632%;height: 61px;text-align: center\"><a href=\"https:\/\/docs.google.com\/document\/d\/1JsbTW_Hen42gOeevbas7g9hv3F9Qaxx3\/edit?usp=sharing&amp;ouid=113382982951250680392&amp;rtpof=true&amp;sd=true\">doc<\/a><\/p>\n<p><a href=\"https:\/\/drive.google.com\/file\/d\/1BMF4Vqh1jvsayDAbb5tKtIMxhXHMA88g\/view?usp=sharing\">pdf<\/a><\/td>\n<\/tr>\n<tr style=\"height: 24px\">\n<td style=\"width: 77.9368%;height: 24px;text-align: left\">Modelo de actas sobre la evaluaci\u00f3n inicial<\/td>\n<td style=\"width: 22.0632%;height: 24px;text-align: center\"><a href=\"https:\/\/docs.google.com\/document\/d\/1rN9pyZ9NXBDlGqm8I9cmnVdQ_CLSMZqF\/edit?usp=drive_link&amp;ouid=113382982951250680392&amp;rtpof=true&amp;sd=true\" target=\"_blank\" rel=\"noopener\">doc<\/a><\/td>\n<\/tr>\n<tr style=\"height: 61px\">\n<td style=\"width: 77.9368%;text-align: left;height: 61px\">Acta evaluaci\u00f3n ESO<\/td>\n<td style=\"width: 22.0632%;height: 61px;text-align: center\"><a href=\"https:\/\/docs.google.com\/document\/d\/1Fpt4puEM78exyCg0HzV8Xa1apyeZ_yms\/edit?usp=drive_link&amp;ouid=113382982951250680392&amp;rtpof=true&amp;sd=true\" target=\"_blank\" rel=\"noopener\">doc<\/a><\/td>\n<\/tr>\n<tr style=\"height: 61px\">\n<td style=\"width: 77.9368%;text-align: left;height: 61px\">Acta evaluaci\u00f3n Bachillerato<\/td>\n<td style=\"width: 22.0632%;height: 61px;text-align: center\"><a href=\"https:\/\/docs.google.com\/document\/d\/13amnvWmt0VHJO9oAcYLILBIO_LpKCvbp\/edit?usp=drive_link&amp;ouid=113382982951250680392&amp;rtpof=true&amp;sd=true\" target=\"_blank\" rel=\"noopener\">doc<\/a><\/td>\n<\/tr>\n<tr style=\"height: 61px\">\n<td style=\"width: 77.9368%;text-align: left;height: 61px\">Acta evaluaci\u00f3n Ciclos Formativos<\/td>\n<td style=\"width: 22.0632%;height: 61px;text-align: center\"><a href=\"https:\/\/docs.google.com\/document\/d\/1eVe8ebB3cYfLBpHiSWNXlTzV8ErS8dXq\/edit?usp=sharing&amp;ouid=113382982951250680392&amp;rtpof=true&amp;sd=true\">doc<\/a><\/td>\n<\/tr>\n<tr style=\"height: 24px\">\n<td style=\"width: 77.9368%;height: 24px;text-align: left\">Modelo perfil alumnado &#8211; 1\u00ba ESO<\/td>\n<td style=\"width: 22.0632%;height: 24px;text-align: center\"><a href=\"https:\/\/docs.google.com\/document\/d\/1qZPL7bL9Vpk-VERHVNiPdkTw0QFoVLW2\/edit?usp=drive_link&amp;ouid=113382982951250680392&amp;rtpof=true&amp;sd=true\" target=\"_blank\" rel=\"noopener\">doc<\/a><\/td>\n<\/tr>\n<tr style=\"height: 24px\">\n<td style=\"width: 77.9368%;height: 24px;text-align: left\">Modelo perfil alumnado &#8211; 2\u00ba ESO<\/td>\n<td style=\"width: 22.0632%;height: 24px;text-align: center\"><a href=\"https:\/\/docs.google.com\/document\/d\/1ad5kyRXMhDD-WHQct2DnjLnpzDd1LKjZ\/edit?usp=drive_link&amp;ouid=113382982951250680392&amp;rtpof=true&amp;sd=true\" target=\"_blank\" rel=\"noopener\">doc<\/a><\/td>\n<\/tr>\n<tr style=\"height: 24px\">\n<td style=\"width: 77.9368%;height: 24px;text-align: left\">Modelo perfil alumnado &#8211; 3\u00ba ESO<\/td>\n<td style=\"width: 22.0632%;height: 24px;text-align: center\"><a href=\"https:\/\/docs.google.com\/document\/d\/1Pwz-I-feH6plVMiDQUFwfKmFlOKd4tZ7\/edit?usp=drive_link&amp;ouid=113382982951250680392&amp;rtpof=true&amp;sd=true\" target=\"_blank\" rel=\"noopener\">doc<\/a><\/td>\n<\/tr>\n<tr style=\"height: 24px\">\n<td style=\"width: 77.9368%;height: 24px;text-align: left\">Modelo perfil alumnado &#8211; 4\u00ba ESO<\/td>\n<td style=\"width: 22.0632%;height: 24px;text-align: center\"><a href=\"https:\/\/docs.google.com\/document\/d\/1dfXuQd0gzeX3Zw_X22CngLxMHVjndwWP\/edit?usp=drive_link&amp;ouid=113382982951250680392&amp;rtpof=true&amp;sd=true\" target=\"_blank\" rel=\"noopener\">doc<\/a><\/td>\n<\/tr>\n<tr style=\"height: 24px\">\n<td style=\"width: 77.9368%;height: 24px;text-align: left\">Solicitud de reuni\u00f3n de las familias con profesorado no tutor\/a<\/td>\n<td style=\"width: 22.0632%;height: 24px;text-align: center\"><a href=\"https:\/\/drive.google.com\/file\/d\/14pvQJK3MXVVP1Y4T640O3JWjUj627XYF\/view?usp=drive_link\" target=\"_blank\" rel=\"noopener\">pdf<\/a><\/td>\n<\/tr>\n<tr style=\"height: 24px\">\n<td style=\"width: 77.9368%;height: 24px;text-align: left\">Solicitud de reuni\u00f3n de las familias con Direcci\u00f3n<\/td>\n<td style=\"width: 22.0632%;height: 24px;text-align: center\"><a href=\"https:\/\/drive.google.com\/file\/d\/196AAr0msiqwqqFKErNJPOXj7IGafuV9Q\/view?usp=drive_link\" target=\"_blank\" rel=\"noopener\">pdf<\/a><\/td>\n<\/tr>\n<\/tbody>\n<\/table>\n<p>&nbsp;<\/p>\n<h1>Jefaturas de departamento<\/h1>\n<table style=\"border-collapse: collapse;width: 100%;height: 48px\">\n<tbody>\n<tr style=\"height: 24px\">\n<td style=\"width: 50%;height: 24px;text-align: left\"><strong>Documento<\/strong><\/td>\n<td style=\"width: 50%;height: 24px;text-align: center\"><strong>Descargas<\/strong><\/td>\n<\/tr>\n<tr style=\"height: 24px\">\n<td style=\"width: 50%;height: 24px;text-align: left\">Modelo de acta de reuni\u00f3n<\/td>\n<td style=\"width: 50%;height: 24px;text-align: center\"><a href=\"https:\/\/docs.google.com\/document\/d\/13BE2TtiB5EaVVoYA4OIEopEUfWm0KMYN\/edit?usp=drive_link&amp;ouid=113382982951250680392&amp;rtpof=true&amp;sd=true\" target=\"_blank\" rel=\"noopener\">doc<\/a><\/td>\n<\/tr>\n<\/tbody>\n<\/table>\n<p>&nbsp;<\/p>\n<h1>Profesorado<\/h1>\n<table style=\"border-collapse: collapse;width: 100%;height: 72px\">\n<tbody>\n<tr style=\"height: 24px\">\n<td style=\"width: 50%;height: 24px;text-align: left\"><strong>Documentos<\/strong><\/td>\n<td style=\"width: 50%;height: 24px;text-align: center\"><strong>Descargas<\/strong><\/td>\n<\/tr>\n<tr style=\"height: 24px\">\n<td style=\"width: 50%;height: 24px;text-align: left\">Informaci\u00f3n sobre la solicitud de copia de ex\u00e1menes<\/td>\n<td style=\"width: 50%;height: 24px;text-align: center\"><a href=\"https:\/\/drive.google.com\/file\/d\/1C15ZLi_pJ9x1seZumW9GP1LdzFc6eMcJ\/view?usp=drive_link\" target=\"_blank\" rel=\"noopener\">pdf<\/a><\/td>\n<\/tr>\n<tr style=\"height: 24px\">\n<td style=\"width: 50%;height: 24px;text-align: left\">Protocolo de actuaci\u00f3n para la solicitud de copias de ex\u00e1menes<\/td>\n<td style=\"width: 50%;height: 24px;text-align: center\"><a href=\"https:\/\/drive.google.com\/file\/d\/1DrW7iZnyff-8GCbCh6cFhfwPwEyPxXFm\/view?usp=sharing\">pdf<\/a><\/td>\n<\/tr>\n<\/tbody>\n<\/table>\n<p>&nbsp;<\/p>\n<p><!--more--><\/p>\n<p>&nbsp;<\/p>\n","protected":false},"excerpt":{"rendered":"<p>Documentaci\u00f3n general del centro Documentos Descargas Reglamento de Organizaci\u00f3n y Funcionamiento (ROF) pdf Proyecto Educativo pdf Plan de Convivencia pdf Proyecto de Gesti\u00f3n de Centros pdf Plan de Lectura pdf PIRMA pdf Plan de&#46;&#46;&#46;<\/p>\n","protected":false},"author":13259,"featured_media":0,"parent":0,"menu_order":0,"comment_status":"closed","ping_status":"closed","template":"","meta":{"ngg_post_thumbnail":0,"footnotes":""},"aioseo_notices":[],"_links":{"self":[{"href":"https:\/\/blogsaverroes.juntadeandalucia.es\/iesrodrigocaro\/wp-json\/wp\/v2\/pages\/1061"}],"collection":[{"href":"https:\/\/blogsaverroes.juntadeandalucia.es\/iesrodrigocaro\/wp-json\/wp\/v2\/pages"}],"about":[{"href":"https:\/\/blogsaverroes.juntadeandalucia.es\/iesrodrigocaro\/wp-json\/wp\/v2\/types\/page"}],"author":[{"embeddable":true,"href":"https:\/\/blogsaverroes.juntadeandalucia.es\/iesrodrigocaro\/wp-json\/wp\/v2\/users\/13259"}],"replies":[{"embeddable":true,"href":"https:\/\/blogsaverroes.juntadeandalucia.es\/iesrodrigocaro\/wp-json\/wp\/v2\/comments?post=1061"}],"version-history":[{"count":193,"href":"https:\/\/blogsaverroes.juntadeandalucia.es\/iesrodrigocaro\/wp-json\/wp\/v2\/pages\/1061\/revisions"}],"predecessor-version":[{"id":2613,"href":"https:\/\/blogsaverroes.juntadeandalucia.es\/iesrodrigocaro\/wp-json\/wp\/v2\/pages\/1061\/revisions\/2613"}],"wp:attachment":[{"href":"https:\/\/blogsaverroes.juntadeandalucia.es\/iesrodrigocaro\/wp-json\/wp\/v2\/media?parent=1061"}],"curies":[{"name":"wp","href":"https:\/\/api.w.org\/{rel}","templated":true}]}}