{"id":1201,"date":"2023-02-03T19:53:35","date_gmt":"2023-02-03T18:53:35","guid":{"rendered":"https:\/\/blogsaverroes.juntadeandalucia.es\/iesrodrigocaro\/?page_id=1201"},"modified":"2023-07-03T20:41:07","modified_gmt":"2023-07-03T19:41:07","slug":"informacion","status":"publish","type":"page","link":"https:\/\/blogsaverroes.juntadeandalucia.es\/iesrodrigocaro\/informacion\/","title":{"rendered":"Informaci\u00f3n AMPA"},"content":{"rendered":"<h1><span class=\"il\">AMPA<\/span>&nbsp;Rodrigo<\/h1>\n<p style=\"text-align: justify\">Estimadas familias:<br \/>\nUn a\u00f1o m\u00e1s seguimos trabajando para nuestros ni\u00f1@s y nuestro centro. Este a\u00f1o hemos conseguido peque\u00f1as cositas pero que tienen un gran valor, teniendo en cuenta que somos un AMPA muy peque\u00f1o. A\u00fan as\u00ed, hemos hecho una inversi\u00f3n en juegos de mesa, que est\u00e1n a disposici\u00f3n de todos en la biblioteca; hemos colocado estores en la&nbsp; entrada del instituto, para hacer ese lugar m\u00e1s agradable en cuanto a temperatura, hemos comprado balones de f\u00fatbol y hemos celebrado el d\u00eda de Andaluc\u00eda, el cual tuvimos la suerte de contar con much\u00edsimas madres y fue un d\u00eda estupendo (entre otras cosas).<br \/>\nTenemos que recordar que todo lo que se ha hecho ha sido PARA TODOS LOS NI\u00d1@S, SEAN O NO SOCIOS DEL AMPA. Por eso pedimos colaboraci\u00f3n, cuantos m\u00e1s seamos, mucho mejor.<\/p>\n<p>Los pagos de las cuotas agradecer\u00edamos que se hicieran por banco, mediante transferencia o ingreso en el cajero BBVA, al n\u00famero de cuenta indicado m\u00e1s abajo. En el concepto poned el nombre del alumno y el curso, si son varios hermanos pod\u00e9is escribirnos al email para comentarlo.<\/p>\n<div><span style=\"text-decoration: underline\"><strong>Cuota anual 15\u20ac por FAMILIA<\/strong><\/span><\/div>\n<div>&nbsp;<\/div>\n<div><strong>Presidenta:<\/strong> Tamara G\u00e1ndara&nbsp;<\/div>\n<div>&nbsp;<\/div>\n<div><strong>Secretaria:<\/strong> Mar\u00eda de la O Guti\u00e9rrez<\/div>\n<div>&nbsp;<\/div>\n<div><strong>Tesorera:<\/strong> Ana Roc\u00edo G\u00f3mez<\/div>\n<div>&nbsp;<\/div>\n<div><strong>Cuenta Bancaria BBVA<\/strong>&nbsp;ES62 0182 6893 8902 0159 6005<\/div>\n<div>&nbsp;<\/div>\n<div><strong>Correo electr\u00f3nico<\/strong> <a href=\"mailto:amparodrigocoriadelrio@gmail.com\" target=\"_blank\" rel=\"noopener noreferrer\">amparodrigocoriadelrio@gmail.com<\/a><\/div>\n<div>&nbsp;<\/div>\n<div>Gracias por la colaboraci\u00f3n, os deseamos un buen comienzo de curso.<\/div>\n","protected":false},"excerpt":{"rendered":"<p>AMPA&nbsp;Rodrigo Estimadas familias: Un a\u00f1o m\u00e1s seguimos trabajando para nuestros ni\u00f1@s y nuestro centro. Este a\u00f1o hemos conseguido peque\u00f1as cositas pero que tienen un gran valor, teniendo en cuenta que somos un AMPA muy&#46;&#46;&#46;<\/p>\n","protected":false},"author":13259,"featured_media":0,"parent":0,"menu_order":0,"comment_status":"closed","ping_status":"closed","template":"","meta":{"ngg_post_thumbnail":0,"footnotes":""},"aioseo_notices":[],"_links":{"self":[{"href":"https:\/\/blogsaverroes.juntadeandalucia.es\/iesrodrigocaro\/wp-json\/wp\/v2\/pages\/1201"}],"collection":[{"href":"https:\/\/blogsaverroes.juntadeandalucia.es\/iesrodrigocaro\/wp-json\/wp\/v2\/pages"}],"about":[{"href":"https:\/\/blogsaverroes.juntadeandalucia.es\/iesrodrigocaro\/wp-json\/wp\/v2\/types\/page"}],"author":[{"embeddable":true,"href":"https:\/\/blogsaverroes.juntadeandalucia.es\/iesrodrigocaro\/wp-json\/wp\/v2\/users\/13259"}],"replies":[{"embeddable":true,"href":"https:\/\/blogsaverroes.juntadeandalucia.es\/iesrodrigocaro\/wp-json\/wp\/v2\/comments?post=1201"}],"version-history":[{"count":4,"href":"https:\/\/blogsaverroes.juntadeandalucia.es\/iesrodrigocaro\/wp-json\/wp\/v2\/pages\/1201\/revisions"}],"predecessor-version":[{"id":1662,"href":"https:\/\/blogsaverroes.juntadeandalucia.es\/iesrodrigocaro\/wp-json\/wp\/v2\/pages\/1201\/revisions\/1662"}],"wp:attachment":[{"href":"https:\/\/blogsaverroes.juntadeandalucia.es\/iesrodrigocaro\/wp-json\/wp\/v2\/media?parent=1201"}],"curies":[{"name":"wp","href":"https:\/\/api.w.org\/{rel}","templated":true}]}}