{"id":1249,"date":"2022-04-26T12:42:15","date_gmt":"2022-04-26T11:42:15","guid":{"rendered":"https:\/\/blogsaverroes.juntadeandalucia.es\/iesrreyes\/?page_id=1249"},"modified":"2022-05-09T03:30:17","modified_gmt":"2022-05-09T02:30:17","slug":"caracteristicas","status":"publish","type":"page","link":"https:\/\/blogsaverroes.juntadeandalucia.es\/iesrreyes\/caracteristicas\/","title":{"rendered":"Caracter\u00edsticas"},"content":{"rendered":"\t\t<div data-elementor-type=\"wp-page\" data-elementor-id=\"1249\" class=\"elementor elementor-1249\">\n\t\t\t\t\t\t<section class=\"elementor-section elementor-top-section elementor-element elementor-element-df8d0e8 elementor-section-boxed elementor-section-height-default elementor-section-height-default\" data-id=\"df8d0e8\" data-element_type=\"section\">\n\t\t\t\t\t\t<div class=\"elementor-container elementor-column-gap-default\">\n\t\t\t\t\t<div class=\"elementor-column elementor-col-100 elementor-top-column elementor-element elementor-element-7d19631\" data-id=\"7d19631\" data-element_type=\"column\">\n\t\t\t<div class=\"elementor-widget-wrap elementor-element-populated\">\n\t\t\t\t\t\t<div class=\"elementor-element elementor-element-df2798f elementor-widget elementor-widget-heading\" data-id=\"df2798f\" data-element_type=\"widget\" data-widget_type=\"heading.default\">\n\t\t\t\t<div class=\"elementor-widget-container\">\n\t\t\t\t\t<h2 class=\"elementor-heading-title elementor-size-default\">Caracter\u00edsticas de nuestro Centro<\/h2>\t\t\t\t<\/div>\n\t\t\t\t<\/div>\n\t\t\t\t\t<\/div>\n\t\t<\/div>\n\t\t\t\t\t<\/div>\n\t\t<\/section>\n\t\t\t\t<section class=\"elementor-section elementor-top-section elementor-element elementor-element-6e408737 elementor-section-boxed elementor-section-height-default elementor-section-height-default\" data-id=\"6e408737\" data-element_type=\"section\">\n\t\t\t\t\t\t<div class=\"elementor-container elementor-column-gap-default\">\n\t\t\t\t\t<div class=\"elementor-column elementor-col-100 elementor-top-column elementor-element elementor-element-1966af6d\" data-id=\"1966af6d\" data-element_type=\"column\">\n\t\t\t<div class=\"elementor-widget-wrap elementor-element-populated\">\n\t\t\t\t\t\t<div class=\"elementor-element elementor-element-24c46208 elementor-widget elementor-widget-text-editor\" data-id=\"24c46208\" data-element_type=\"widget\" data-widget_type=\"text-editor.default\">\n\t\t\t\t<div class=\"elementor-widget-container\">\n\t\t\t\t\t\t\t\t\t<p>Con m\u00e1s de 50 a\u00f1os de historia, el IES Rafael Reyes es uno de los dos centros de secundaria del municipio, el \u00fanico con ense\u00f1anzas postobligatorias y uno de los centros con m\u00e1s solera de la provincia.<\/p><p>Es un gran centro educativo, social y cultural referente en la comarca.<\/p>\t\t\t\t\t\t\t\t<\/div>\n\t\t\t\t<\/div>\n\t\t\t\t\t<\/div>\n\t\t<\/div>\n\t\t\t\t\t<\/div>\n\t\t<\/section>\n\t\t\t\t<section class=\"elementor-section elementor-top-section elementor-element elementor-element-10b8db6 elementor-section-boxed elementor-section-height-default elementor-section-height-default\" data-id=\"10b8db6\" data-element_type=\"section\">\n\t\t\t\t\t\t<div class=\"elementor-container elementor-column-gap-default\">\n\t\t\t\t\t<div class=\"elementor-column elementor-col-33 elementor-top-column elementor-element elementor-element-26643fd\" data-id=\"26643fd\" data-element_type=\"column\">\n\t\t\t<div class=\"elementor-widget-wrap elementor-element-populated\">\n\t\t\t\t\t\t<div class=\"elementor-element elementor-element-6779229 elementor-widget elementor-widget-counter\" data-id=\"6779229\" data-element_type=\"widget\" data-widget_type=\"counter.default\">\n\t\t\t\t<div class=\"elementor-widget-container\">\n\t\t\t\t\t\t\t<div class=\"elementor-counter\">\n\t\t\t<div class=\"elementor-counter-title\">A\u00f1os de Historia<\/div>\t\t\t<div class=\"elementor-counter-number-wrapper\">\n\t\t\t\t<span class=\"elementor-counter-number-prefix\">+<\/span>\n\t\t\t\t<span class=\"elementor-counter-number\" data-duration=\"2000\" data-to-value=\"50\" data-from-value=\"0\" data-delimiter=\",\">0<\/span>\n\t\t\t\t<span class=\"elementor-counter-number-suffix\"><\/span>\n\t\t\t<\/div>\n\t\t<\/div>\n\t\t\t\t\t\t<\/div>\n\t\t\t\t<\/div>\n\t\t\t\t\t<\/div>\n\t\t<\/div>\n\t\t\t\t<div class=\"elementor-column elementor-col-33 elementor-top-column elementor-element elementor-element-11d3264\" data-id=\"11d3264\" data-element_type=\"column\">\n\t\t\t<div class=\"elementor-widget-wrap elementor-element-populated\">\n\t\t\t\t\t\t<div class=\"elementor-element elementor-element-754f2e5 elementor-widget elementor-widget-counter\" data-id=\"754f2e5\" data-element_type=\"widget\" data-widget_type=\"counter.default\">\n\t\t\t\t<div class=\"elementor-widget-container\">\n\t\t\t\t\t\t\t<div class=\"elementor-counter\">\n\t\t\t<div class=\"elementor-counter-title\">Alumnos<\/div>\t\t\t<div class=\"elementor-counter-number-wrapper\">\n\t\t\t\t<span class=\"elementor-counter-number-prefix\">+<\/span>\n\t\t\t\t<span class=\"elementor-counter-number\" data-duration=\"2000\" data-to-value=\"900\" data-from-value=\"0\" data-delimiter=\",\">0<\/span>\n\t\t\t\t<span class=\"elementor-counter-number-suffix\"><\/span>\n\t\t\t<\/div>\n\t\t<\/div>\n\t\t\t\t\t\t<\/div>\n\t\t\t\t<\/div>\n\t\t\t\t\t<\/div>\n\t\t<\/div>\n\t\t\t\t<div class=\"elementor-column elementor-col-33 elementor-top-column elementor-element elementor-element-3d44741\" data-id=\"3d44741\" data-element_type=\"column\">\n\t\t\t<div class=\"elementor-widget-wrap elementor-element-populated\">\n\t\t\t\t\t\t<div class=\"elementor-element elementor-element-54f0608 elementor-widget elementor-widget-counter\" data-id=\"54f0608\" data-element_type=\"widget\" data-widget_type=\"counter.default\">\n\t\t\t\t<div class=\"elementor-widget-container\">\n\t\t\t\t\t\t\t<div class=\"elementor-counter\">\n\t\t\t<div class=\"elementor-counter-title\">Docentes<\/div>\t\t\t<div class=\"elementor-counter-number-wrapper\">\n\t\t\t\t<span class=\"elementor-counter-number-prefix\">+<\/span>\n\t\t\t\t<span class=\"elementor-counter-number\" data-duration=\"2000\" data-to-value=\"90\" data-from-value=\"0\" data-delimiter=\",\">0<\/span>\n\t\t\t\t<span class=\"elementor-counter-number-suffix\"><\/span>\n\t\t\t<\/div>\n\t\t<\/div>\n\t\t\t\t\t\t<\/div>\n\t\t\t\t<\/div>\n\t\t\t\t\t<\/div>\n\t\t<\/div>\n\t\t\t\t\t<\/div>\n\t\t<\/section>\n\t\t\t\t<section class=\"elementor-section elementor-top-section elementor-element elementor-element-3d18ac3 elementor-section-boxed elementor-section-height-default elementor-section-height-default\" data-id=\"3d18ac3\" data-element_type=\"section\">\n\t\t\t\t\t\t<div class=\"elementor-container elementor-column-gap-default\">\n\t\t\t\t\t<div class=\"elementor-column elementor-col-100 elementor-top-column elementor-element elementor-element-da0245f\" data-id=\"da0245f\" data-element_type=\"column\">\n\t\t\t<div class=\"elementor-widget-wrap elementor-element-populated\">\n\t\t\t\t\t\t<div class=\"elementor-element elementor-element-b8a888b elementor-widget-divider--view-line elementor-widget elementor-widget-divider\" data-id=\"b8a888b\" data-element_type=\"widget\" data-widget_type=\"divider.default\">\n\t\t\t\t<div class=\"elementor-widget-container\">\n\t\t\t\t\t\t\t<div class=\"elementor-divider\">\n\t\t\t<span class=\"elementor-divider-separator\">\n\t\t\t\t\t\t<\/span>\n\t\t<\/div>\n\t\t\t\t\t\t<\/div>\n\t\t\t\t<\/div>\n\t\t\t\t\t<\/div>\n\t\t<\/div>\n\t\t\t\t\t<\/div>\n\t\t<\/section>\n\t\t\t\t<section class=\"elementor-section elementor-top-section elementor-element elementor-element-a0dcaf5 elementor-section-boxed elementor-section-height-default elementor-section-height-default\" data-id=\"a0dcaf5\" data-element_type=\"section\">\n\t\t\t\t\t\t<div class=\"elementor-container elementor-column-gap-default\">\n\t\t\t\t\t<div class=\"elementor-column elementor-col-100 elementor-top-column elementor-element elementor-element-2b276c1\" data-id=\"2b276c1\" data-element_type=\"column\">\n\t\t\t<div class=\"elementor-widget-wrap elementor-element-populated\">\n\t\t\t\t\t\t<div class=\"elementor-element elementor-element-6c4b035 elementor-widget elementor-widget-heading\" data-id=\"6c4b035\" data-element_type=\"widget\" data-widget_type=\"heading.default\">\n\t\t\t\t<div class=\"elementor-widget-container\">\n\t\t\t\t\t<h2 class=\"elementor-heading-title elementor-size-default\">Contexto Sociocultural<\/h2>\t\t\t\t<\/div>\n\t\t\t\t<\/div>\n\t\t\t\t\t<\/div>\n\t\t<\/div>\n\t\t\t\t\t<\/div>\n\t\t<\/section>\n\t\t\t\t<section class=\"elementor-section elementor-top-section elementor-element elementor-element-d8cd40a elementor-section-boxed elementor-section-height-default elementor-section-height-default\" data-id=\"d8cd40a\" data-element_type=\"section\">\n\t\t\t\t\t\t<div class=\"elementor-container elementor-column-gap-default\">\n\t\t\t\t\t<div class=\"elementor-column elementor-col-100 elementor-top-column elementor-element elementor-element-1e8d2bd\" data-id=\"1e8d2bd\" data-element_type=\"column\">\n\t\t\t<div class=\"elementor-widget-wrap elementor-element-populated\">\n\t\t\t\t\t\t<div class=\"elementor-element elementor-element-b43a798 elementor-widget elementor-widget-text-editor\" data-id=\"b43a798\" data-element_type=\"widget\" data-widget_type=\"text-editor.default\">\n\t\t\t\t<div class=\"elementor-widget-container\">\n\t\t\t\t\t\t\t\t\t<p>Cartaya es una localidad situada en la comarca de la costa occidental de Huelva. Tiene unos 20.000 habitantes, consta de un n\u00facleo urbano principal, dos n\u00facleos menores en El Rompido, El Portil y peque\u00f1os n\u00facleos de poblaci\u00f3n dispersa de tipo rural.<\/p><p>Es una poblaci\u00f3n en crecimiento debido a inmigrantes estacionales y algunos definitivos. La mayor\u00eda proceden del extranjero (magreb\u00edes, subsaharianos, sudamericanos y Europa del Este), y, en menor n\u00famero, de provincias andaluzas lim\u00edtrofes.&nbsp;<\/p><p>La fuente principal de recursos son las actividades agr\u00edcolas basadas en el regad\u00edo: cultivos de berries, c\u00edtricos y frutos subtropicales.&nbsp; Con car\u00e1cter residual, se sigue cultivando la agricultura de secano, basada en la producci\u00f3n de almendras, higos, cereales y frutas de verano.<\/p><p>Otra fuente de recursos es la pesca (actualmente en regresi\u00f3n). El sector secundario est\u00e1 representado por peque\u00f1as empresas madereras y de cer\u00e1mica para la construcci\u00f3n.<\/p><p>El sector terciario est\u00e1 representado por el turismo, tanto nacional como extranjero, basado en la explotaci\u00f3n de las playas y localizado en los n\u00facleos de El Rompido y El Portil. El comercio, integrado por peque\u00f1os establecimientos locales, grandes superficies comerciales, mayoristas de frutas y servicios hortofrut\u00edcolas, ha tenido un importante auge en los \u00faltimos a\u00f1os.<\/p>\t\t\t\t\t\t\t\t<\/div>\n\t\t\t\t<\/div>\n\t\t\t\t\t<\/div>\n\t\t<\/div>\n\t\t\t\t\t<\/div>\n\t\t<\/section>\n\t\t\t\t<section class=\"elementor-section elementor-top-section elementor-element elementor-element-5044483 elementor-section-boxed elementor-section-height-default elementor-section-height-default\" data-id=\"5044483\" data-element_type=\"section\">\n\t\t\t\t\t\t<div class=\"elementor-container elementor-column-gap-default\">\n\t\t\t\t\t<div class=\"elementor-column elementor-col-100 elementor-top-column elementor-element elementor-element-b464d69\" data-id=\"b464d69\" data-element_type=\"column\">\n\t\t\t<div class=\"elementor-widget-wrap elementor-element-populated\">\n\t\t\t\t\t\t<div class=\"elementor-element elementor-element-f5be802 elementor-widget-divider--view-line elementor-widget elementor-widget-divider\" data-id=\"f5be802\" data-element_type=\"widget\" data-widget_type=\"divider.default\">\n\t\t\t\t<div class=\"elementor-widget-container\">\n\t\t\t\t\t\t\t<div class=\"elementor-divider\">\n\t\t\t<span class=\"elementor-divider-separator\">\n\t\t\t\t\t\t<\/span>\n\t\t<\/div>\n\t\t\t\t\t\t<\/div>\n\t\t\t\t<\/div>\n\t\t\t\t\t<\/div>\n\t\t<\/div>\n\t\t\t\t\t<\/div>\n\t\t<\/section>\n\t\t\t\t<section class=\"elementor-section elementor-top-section elementor-element elementor-element-11e8c99 elementor-section-boxed elementor-section-height-default elementor-section-height-default\" data-id=\"11e8c99\" data-element_type=\"section\">\n\t\t\t\t\t\t<div class=\"elementor-container elementor-column-gap-default\">\n\t\t\t\t\t<div class=\"elementor-column elementor-col-100 elementor-top-column elementor-element elementor-element-af34301\" data-id=\"af34301\" data-element_type=\"column\">\n\t\t\t<div class=\"elementor-widget-wrap elementor-element-populated\">\n\t\t\t\t\t\t<div class=\"elementor-element elementor-element-6e941da elementor-widget elementor-widget-heading\" data-id=\"6e941da\" data-element_type=\"widget\" data-widget_type=\"heading.default\">\n\t\t\t\t<div class=\"elementor-widget-container\">\n\t\t\t\t\t<h2 class=\"elementor-heading-title elementor-size-default\">Familias y Asociaci\u00f3n de madres y padres<\/h2>\t\t\t\t<\/div>\n\t\t\t\t<\/div>\n\t\t\t\t\t<\/div>\n\t\t<\/div>\n\t\t\t\t\t<\/div>\n\t\t<\/section>\n\t\t\t\t<section class=\"elementor-section elementor-top-section elementor-element elementor-element-bdd5f8f elementor-section-boxed elementor-section-height-default elementor-section-height-default\" data-id=\"bdd5f8f\" data-element_type=\"section\">\n\t\t\t\t\t\t<div class=\"elementor-container elementor-column-gap-default\">\n\t\t\t\t\t<div class=\"elementor-column elementor-col-100 elementor-top-column elementor-element elementor-element-bce808d\" data-id=\"bce808d\" data-element_type=\"column\">\n\t\t\t<div class=\"elementor-widget-wrap elementor-element-populated\">\n\t\t\t\t\t\t<div class=\"elementor-element elementor-element-cfe7a59 elementor-widget elementor-widget-text-editor\" data-id=\"cfe7a59\" data-element_type=\"widget\" data-widget_type=\"text-editor.default\">\n\t\t\t\t<div class=\"elementor-widget-container\">\n\t\t\t\t\t\t\t\t\t<p>Nuestro alumnado es variado, perteneciente a familias de diferente nivel social y cultural, y de 11 nacionalidades distintas, aunque en alguna ocasi\u00f3n hemos llegado a tener hasta 18. El n\u00famero de alumnos y alumnas extranjeros alcanza el 11,8% del total, llegando al 26,9% en 1\u00ba de ESO. Predomina el alumnado de nacionalidad marroqu\u00ed y de pa\u00edses de Europa del Este, sobre todo Ruman\u00eda.&nbsp;<\/p><p>Casi todo el alumnado pertenece a familias en las que ambos padres trabajan, generalmente en la construcci\u00f3n, la agricultura, pesca y sector servicios sobre todo turismo, grandes motores econ\u00f3micos del municipio. De acuerdo con las tendencias sociales, es cada vez mayor el n\u00famero de alumnos\/as que sufren situaciones de desestructuraci\u00f3n del hogar familiar, siendo muchos y muchas los que tienen a sus padres separados o divorciados y tambi\u00e9n los que, por diversos problemas familiares, est\u00e1n siendo tutelados por sus abuelos.<\/p><p>El nivel socioecon\u00f3mico es aceptable en gran parte de las familias, sin embargo, tenemos alumnado que pertenecen a familias muy humildes y\/o numerosas. Nuestro centro es de compensaci\u00f3n educativa. Adem\u00e1s, recibimos alumnado de dos centros de acogida de menores que, si bien no sufren problemas econ\u00f3micos, si presentan un fuerte desarraigo social y familiar. En la actualidad tenemos censados 91 alumnos\/as con Necesidades Espec\u00edficas de Apoyo Educativo.<\/p>\t\t\t\t\t\t\t\t<\/div>\n\t\t\t\t<\/div>\n\t\t\t\t\t<\/div>\n\t\t<\/div>\n\t\t\t\t\t<\/div>\n\t\t<\/section>\n\t\t\t\t<section class=\"elementor-section elementor-top-section elementor-element elementor-element-7515cee elementor-section-boxed elementor-section-height-default elementor-section-height-default\" data-id=\"7515cee\" data-element_type=\"section\">\n\t\t\t\t\t\t<div class=\"elementor-container elementor-column-gap-default\">\n\t\t\t\t\t<div class=\"elementor-column elementor-col-100 elementor-top-column elementor-element elementor-element-e0c95d8\" data-id=\"e0c95d8\" data-element_type=\"column\">\n\t\t\t<div class=\"elementor-widget-wrap elementor-element-populated\">\n\t\t\t\t\t\t<div class=\"elementor-element elementor-element-af64707 elementor-widget-divider--view-line elementor-widget elementor-widget-divider\" data-id=\"af64707\" data-element_type=\"widget\" data-widget_type=\"divider.default\">\n\t\t\t\t<div class=\"elementor-widget-container\">\n\t\t\t\t\t\t\t<div class=\"elementor-divider\">\n\t\t\t<span class=\"elementor-divider-separator\">\n\t\t\t\t\t\t<\/span>\n\t\t<\/div>\n\t\t\t\t\t\t<\/div>\n\t\t\t\t<\/div>\n\t\t\t\t\t<\/div>\n\t\t<\/div>\n\t\t\t\t\t<\/div>\n\t\t<\/section>\n\t\t\t\t<section class=\"elementor-section elementor-top-section elementor-element elementor-element-0a928cf elementor-section-boxed elementor-section-height-default elementor-section-height-default\" data-id=\"0a928cf\" data-element_type=\"section\">\n\t\t\t\t\t\t<div class=\"elementor-container elementor-column-gap-default\">\n\t\t\t\t\t<div class=\"elementor-column elementor-col-100 elementor-top-column elementor-element elementor-element-b7eb22e\" data-id=\"b7eb22e\" data-element_type=\"column\">\n\t\t\t<div class=\"elementor-widget-wrap elementor-element-populated\">\n\t\t\t\t\t\t<div class=\"elementor-element elementor-element-ab0b842 elementor-widget elementor-widget-heading\" data-id=\"ab0b842\" data-element_type=\"widget\" data-widget_type=\"heading.default\">\n\t\t\t\t<div class=\"elementor-widget-container\">\n\t\t\t\t\t<h2 class=\"elementor-heading-title elementor-size-default\">Relaciones con el entorno<\/h2>\t\t\t\t<\/div>\n\t\t\t\t<\/div>\n\t\t\t\t\t<\/div>\n\t\t<\/div>\n\t\t\t\t\t<\/div>\n\t\t<\/section>\n\t\t\t\t<section class=\"elementor-section elementor-top-section elementor-element elementor-element-b272215 elementor-section-boxed elementor-section-height-default elementor-section-height-default\" data-id=\"b272215\" data-element_type=\"section\">\n\t\t\t\t\t\t<div class=\"elementor-container elementor-column-gap-default\">\n\t\t\t\t\t<div class=\"elementor-column elementor-col-100 elementor-top-column elementor-element elementor-element-7f9ae8c\" data-id=\"7f9ae8c\" data-element_type=\"column\">\n\t\t\t<div class=\"elementor-widget-wrap elementor-element-populated\">\n\t\t\t\t\t\t<div class=\"elementor-element elementor-element-e7dd245 elementor-widget elementor-widget-text-editor\" data-id=\"e7dd245\" data-element_type=\"widget\" data-widget_type=\"text-editor.default\">\n\t\t\t\t<div class=\"elementor-widget-container\">\n\t\t\t\t\t\t\t\t\t<p>El centro mantiene buenas relaciones con el Ayuntamiento, con el resto de los centros educativos de la localidad y con las empresas del entorno. Se ha hecho un esfuerzo en los \u00faltimos a\u00f1os y se han firmado acuerdos de colaboraci\u00f3n con la Universidad de Huelva y se ha puesto en marcha un proyecto (Aula de Tiempo Fuera, ATF) para la atenci\u00f3n del alumnado m\u00e1s disruptivo en colaboraci\u00f3n con la Asociaci\u00f3n Olontense Contra la Drogadicci\u00f3n (AOCD), la Obra Social La Caixa, entidades locales, el Ayuntamiento y la Federaci\u00f3n Local de AMPA de Cartaya.<\/p><p>El centro en los \u00faltimos 20 a\u00f1os ha tenido un gran impulso en las relaciones con las empresas de la localidad que ha facilitado la formaci\u00f3n de nuestro alumnado de ciclos formativos. Adem\u00e1s el profesorado de ciclo tiene en cuenta las necesidades de las empresas adaptando las ense\u00f1anzas impartidas a la realidad de estas.&nbsp;<\/p><p>Contamos tambi\u00e9n con la colaboraci\u00f3n de Cruz Roja Cartaya en muchas actividades, con los Servicios Sociales dependientes de la Diputaci\u00f3n Provincial de Huelva y con la fundaci\u00f3n CEPAIM de Cartaya. Esta colabora como intermediarios entre familias con dificultad al acceso del castellano, y nuestro centro. Este curso como propuesta de mejora, se ha solicitado la intervenci\u00f3n de esta asociaci\u00f3n con motivo de realizar seguimiento acad\u00e9mico, y facilitar pautas y h\u00e1bitos de estudio en casa, al menos una vez al trimestre.<\/p><p>El centro mantiene tambi\u00e9n estrecha relaci\u00f3n con las fuerzas de seguridad del municipio, en especial con la Guardia Civil de Cartaya, que colabora con nosotros en cuantas actuaciones creemos necesarias.<\/p>\t\t\t\t\t\t\t\t<\/div>\n\t\t\t\t<\/div>\n\t\t\t\t\t<\/div>\n\t\t<\/div>\n\t\t\t\t\t<\/div>\n\t\t<\/section>\n\t\t\t\t<\/div>\n\t\t","protected":false},"excerpt":{"rendered":"<p>Caracter\u00edsticas de nuestro Centro Con m\u00e1s de 50 a\u00f1os de historia, el IES Rafael Reyes es&#46;&#46;&#46;<\/p>\n","protected":false},"author":12593,"featured_media":0,"parent":0,"menu_order":0,"comment_status":"closed","ping_status":"closed","template":"","meta":{"ngg_post_thumbnail":0,"footnotes":""},"aioseo_notices":[],"_links":{"self":[{"href":"https:\/\/blogsaverroes.juntadeandalucia.es\/iesrreyes\/wp-json\/wp\/v2\/pages\/1249"}],"collection":[{"href":"https:\/\/blogsaverroes.juntadeandalucia.es\/iesrreyes\/wp-json\/wp\/v2\/pages"}],"about":[{"href":"https:\/\/blogsaverroes.juntadeandalucia.es\/iesrreyes\/wp-json\/wp\/v2\/types\/page"}],"author":[{"embeddable":true,"href":"https:\/\/blogsaverroes.juntadeandalucia.es\/iesrreyes\/wp-json\/wp\/v2\/users\/12593"}],"replies":[{"embeddable":true,"href":"https:\/\/blogsaverroes.juntadeandalucia.es\/iesrreyes\/wp-json\/wp\/v2\/comments?post=1249"}],"version-history":[{"count":16,"href":"https:\/\/blogsaverroes.juntadeandalucia.es\/iesrreyes\/wp-json\/wp\/v2\/pages\/1249\/revisions"}],"predecessor-version":[{"id":1611,"href":"https:\/\/blogsaverroes.juntadeandalucia.es\/iesrreyes\/wp-json\/wp\/v2\/pages\/1249\/revisions\/1611"}],"wp:attachment":[{"href":"https:\/\/blogsaverroes.juntadeandalucia.es\/iesrreyes\/wp-json\/wp\/v2\/media?parent=1249"}],"curies":[{"name":"wp","href":"https:\/\/api.w.org\/{rel}","templated":true}]}}