{"id":1828,"date":"2022-05-18T12:27:41","date_gmt":"2022-05-18T11:27:41","guid":{"rendered":"https:\/\/blogsaverroes.juntadeandalucia.es\/iesrreyes\/?page_id=1828"},"modified":"2022-06-05T23:25:08","modified_gmt":"2022-06-05T22:25:08","slug":"solicitud-de-certificados","status":"publish","type":"page","link":"https:\/\/blogsaverroes.juntadeandalucia.es\/iesrreyes\/solicitud-de-certificados\/","title":{"rendered":"Claves IPasen"},"content":{"rendered":"<p>Para cualquier gesti\u00f3n relacionada con el acceso a IPasen o recuperaci\u00f3n de claves, soliciten informaci\u00f3n a trav\u00e9s de correo electr\u00f3nico a la siguiente direcci\u00f3n:<\/p>\n<ul>\n<li>D\u00f1a.<strong> Mar\u00eda Luque Bago<\/strong>: <a href=\"mailto:mluqbag986@g.educaand.es\">mluqbag986@g.educaand.es<\/a><\/li>\n<\/ul>\n<p>No obstante, puede visualizar el siguiente video para intentar solucionar los problemas que le surjan.<\/p>\n<p><span style=\"text-decoration: underline\">TUTORIAL ACCESO Y RECUPERACI\u00d3N DE CLAVES IPASEN<\/span><\/p>\n<p><iframe src=\"https:\/\/drive.google.com\/file\/d\/1w3sLlKScEBbO77uxgcKsbSPHnD13Vs9_\/preview\" width=\"640\" height=\"500\"><span data-mce-type=\"bookmark\" style=\"width: 0px;overflow: hidden;line-height: 0\" class=\"mce_SELRES_start\">\ufeff<\/span><span data-mce-type=\"bookmark\" style=\"width: 0px;overflow: hidden;line-height: 0\" class=\"mce_SELRES_start\">\ufeff<\/span><span data-mce-type=\"bookmark\" style=\"width: 0px;overflow: hidden;line-height: 0\" class=\"mce_SELRES_start\">\ufeff<\/span><span data-mce-type=\"bookmark\" style=\"width: 0px;overflow: hidden;line-height: 0\" class=\"mce_SELRES_start\">\ufeff<\/span><\/iframe>&nbsp;<\/p>\n<p>&nbsp;<\/p>\n<p><strong>C\u00d3MO USAR IPASEN:<\/strong> informaci\u00f3n sobre c\u00f3mo usar las diferentes opciones que nos proporciona la app (ver calificaciones, actividades evaluables programadas, faltas de asistencia, autorizaciones, comunicaciones, etc.).<\/p>\n<p><iframe src=\"https:\/\/drive.google.com\/file\/d\/1ZqBfTX8UMu35EuzniBNWGiKkd8sq7VVh\/preview\" width=\"640\" height=\"900\"><\/iframe><\/p>\n<p>&nbsp;<\/p>\n","protected":false},"excerpt":{"rendered":"<p>Para cualquier gesti\u00f3n relacionada con el acceso a IPasen o recuperaci\u00f3n de claves, soliciten informaci\u00f3n a&#46;&#46;&#46;<\/p>\n","protected":false},"author":12593,"featured_media":0,"parent":0,"menu_order":0,"comment_status":"closed","ping_status":"closed","template":"","meta":{"ngg_post_thumbnail":0,"footnotes":""},"aioseo_notices":[],"_links":{"self":[{"href":"https:\/\/blogsaverroes.juntadeandalucia.es\/iesrreyes\/wp-json\/wp\/v2\/pages\/1828"}],"collection":[{"href":"https:\/\/blogsaverroes.juntadeandalucia.es\/iesrreyes\/wp-json\/wp\/v2\/pages"}],"about":[{"href":"https:\/\/blogsaverroes.juntadeandalucia.es\/iesrreyes\/wp-json\/wp\/v2\/types\/page"}],"author":[{"embeddable":true,"href":"https:\/\/blogsaverroes.juntadeandalucia.es\/iesrreyes\/wp-json\/wp\/v2\/users\/12593"}],"replies":[{"embeddable":true,"href":"https:\/\/blogsaverroes.juntadeandalucia.es\/iesrreyes\/wp-json\/wp\/v2\/comments?post=1828"}],"version-history":[{"count":7,"href":"https:\/\/blogsaverroes.juntadeandalucia.es\/iesrreyes\/wp-json\/wp\/v2\/pages\/1828\/revisions"}],"predecessor-version":[{"id":1896,"href":"https:\/\/blogsaverroes.juntadeandalucia.es\/iesrreyes\/wp-json\/wp\/v2\/pages\/1828\/revisions\/1896"}],"wp:attachment":[{"href":"https:\/\/blogsaverroes.juntadeandalucia.es\/iesrreyes\/wp-json\/wp\/v2\/media?parent=1828"}],"curies":[{"name":"wp","href":"https:\/\/api.w.org\/{rel}","templated":true}]}}