{"id":1840,"date":"2022-05-18T12:39:04","date_gmt":"2022-05-18T11:39:04","guid":{"rendered":"https:\/\/blogsaverroes.juntadeandalucia.es\/iesrreyes\/?page_id=1840"},"modified":"2022-06-05T20:14:56","modified_gmt":"2022-06-05T19:14:56","slug":"libros-de-texto-2022-23","status":"publish","type":"page","link":"https:\/\/blogsaverroes.juntadeandalucia.es\/iesrreyes\/libros-de-texto-2022-23\/","title":{"rendered":"Libros de texto 2021\/22"},"content":{"rendered":"\t\t<div data-elementor-type=\"wp-page\" data-elementor-id=\"1840\" class=\"elementor elementor-1840\">\n\t\t\t\t\t\t<section class=\"elementor-section elementor-top-section elementor-element elementor-element-3046aa5 elementor-section-boxed elementor-section-height-default elementor-section-height-default\" data-id=\"3046aa5\" data-element_type=\"section\">\n\t\t\t\t\t\t<div class=\"elementor-container elementor-column-gap-default\">\n\t\t\t\t\t<div class=\"elementor-column elementor-col-100 elementor-top-column elementor-element elementor-element-73fd0ce\" data-id=\"73fd0ce\" data-element_type=\"column\">\n\t\t\t<div class=\"elementor-widget-wrap elementor-element-populated\">\n\t\t\t\t\t\t<div class=\"elementor-element elementor-element-7beec07 elementor-widget elementor-widget-text-editor\" data-id=\"7beec07\" data-element_type=\"widget\" data-widget_type=\"text-editor.default\">\n\t\t\t\t<div class=\"elementor-widget-container\">\n\t\t\t\t\t\t\t\t\t<p class=\"CDt4Ke zfr3Q\" dir=\"ltr\">El alumndo de 1\u00ba y 3\u00ba de ESO recoger\u00e1 sus libros en el centro una vez comenzado el curso.<\/p><p class=\"CDt4Ke zfr3Q\" dir=\"ltr\">El alumnado de 2\u00ba y 4\u00ba de ESO ha de recoger el chequelibro y adquirir los libros en una librer\u00eda. Estar\u00e1 disponible a partir del 15 de julio en el\u00a0<strong>PUNTO DE RECOGIDA ELECTR\u00d3NICO<\/strong>\u00a0para todos\/as aquellos\/as que hayan devuelto todos los libros en junio. Para descargarlo han de acceder al PUNTO DE RECOGIDA que pueden encontrar en la nueva versi\u00f3n de la app iPasen o bien a trav\u00e9s del siguiente enlace:<\/p><p class=\"CDt4Ke zfr3Q\" dir=\"ltr\"><span class=\" aw5Odc\"><a class=\"XqQF9c\" href=\"https:\/\/www.google.com\/url?q=https%3A%2F%2Fseneca.juntadeandalucia.es%2Fseneca%2Fpuntoderecogida%2Findex.html&amp;sa=D&amp;sntz=1&amp;usg=AOvVaw1mD3oV3DvfcbqvYXj17-pT\" target=\"_blank\" rel=\"noopener\">https:\/\/seneca.juntadeandalucia.es\/seneca\/puntoderecogida\/index.html<\/a><\/span><\/p><p class=\"CDt4Ke zfr3Q\" dir=\"ltr\">Para acceder al punto de recogida ha de conocer la clave IANDE del alumno\/a que se encuentra:<\/p><ul class=\"n8H08c UVNKR\"><li class=\"TYR86d wXCUfe zfr3Q\"><p class=\"CDt4Ke zfr3Q\" dir=\"ltr\">En <strong>iPasen<\/strong> en <strong>COMUNICACIONES<\/strong> en el primer mensaje que aparece en el listado (asunto: <strong>Identificador Andaluz Educativo para la Matr\u00edcula electr\u00f3nica<\/strong>) (cuidado que si hay m\u00e1s de un alumno\/a escolarizado aparecen las claves de cada uno y hay que utilizar la del alumno\/a beneficiario del chequelibro).<\/p><\/li><li class=\"TYR86d wXCUfe zfr3Q\"><p class=\"CDt4Ke zfr3Q\" dir=\"ltr\">Se ha enviado como mensaje de texto a los m\u00f3viles de los tutores legales de los alumnos\/as desde el tel\u00e9fono +34 683 782 222 con el t\u00edtulo <strong>Identificador Andaluz Educativo para la Matr\u00edcula electr\u00f3nica.<\/strong><\/p><\/li><\/ul><p class=\"CDt4Ke zfr3Q\" dir=\"ltr\">Una vez conocida la clave IANDE han de entrar en el enlace <span class=\" aw5Odc\"><a class=\"XqQF9c\" href=\"https:\/\/www.google.com\/url?q=https%3A%2F%2Fseneca.juntadeandalucia.es%2Fseneca%2Fpuntoderecogida%2Findex.html&amp;sa=D&amp;sntz=1&amp;usg=AOvVaw1mD3oV3DvfcbqvYXj17-pT\" target=\"_blank\" rel=\"noopener\"><strong>PUNTO DE RECOGIDA ELECTR\u00d3NICO<\/strong><\/a><\/span> y rellenar la fecha de nacimiento del alumno\/a beneficiario y su clave IANDE. Aparecer\u00e1 un listado con enlaces para descargar algunos documentos y entre ellos el CHELIBRO (pulsar sobre la flecha de descarga).<\/p><p class=\"CDt4Ke zfr3Q\" dir=\"ltr\">Una vez descargado no hace falta imprimirlo, basta con llevarlo a al librer\u00eda en formato digital para que escaneen el c\u00f3digo QR. Si al descargarlo genera error es necesario descargarlo en otro dispositivo ya que el problema lo genera el sistema operativo del m\u00f3vil.<\/p><p class=\"CDt4Ke zfr3Q\" dir=\"ltr\">Una vez descargado el chequelibro han de dirigirse a una librer\u00eda donde lo validar\u00e1n y proceder\u00e1n a entregarles los libros asignados al alumno\/a. Por favor, revisen que est\u00e1n todos\/as los libros que aparecen en el chequelibro y que el ISBN es el correcto. Cuando les entreguen los libros han de forrarlos con <strong>pl\u00e1stico transparente de calidad y NO ADHESIVO<\/strong> y ponerles el <strong>nombre y apellidos<\/strong> en el centro de la primera p\u00e1gina (d\u00f3nde luego pegaremos la etiqueta identificativa).<\/p>\t\t\t\t\t\t\t\t<\/div>\n\t\t\t\t<\/div>\n\t\t\t\t\t<\/div>\n\t\t<\/div>\n\t\t\t\t\t<\/div>\n\t\t<\/section>\n\t\t\t\t<section class=\"elementor-section elementor-top-section elementor-element elementor-element-7443ecf elementor-section-boxed elementor-section-height-default elementor-section-height-default\" data-id=\"7443ecf\" data-element_type=\"section\">\n\t\t\t\t\t\t<div class=\"elementor-container elementor-column-gap-default\">\n\t\t\t\t\t<div class=\"elementor-column elementor-col-100 elementor-top-column elementor-element elementor-element-289efb0\" data-id=\"289efb0\" data-element_type=\"column\">\n\t\t\t<div class=\"elementor-widget-wrap elementor-element-populated\">\n\t\t\t\t\t\t<div class=\"elementor-element elementor-element-9a77973 elementor-widget-divider--view-line elementor-widget elementor-widget-divider\" data-id=\"9a77973\" data-element_type=\"widget\" data-widget_type=\"divider.default\">\n\t\t\t\t<div class=\"elementor-widget-container\">\n\t\t\t\t\t\t\t<div class=\"elementor-divider\">\n\t\t\t<span class=\"elementor-divider-separator\">\n\t\t\t\t\t\t<\/span>\n\t\t<\/div>\n\t\t\t\t\t\t<\/div>\n\t\t\t\t<\/div>\n\t\t\t\t\t<\/div>\n\t\t<\/div>\n\t\t\t\t\t<\/div>\n\t\t<\/section>\n\t\t\t\t<section class=\"elementor-section elementor-top-section elementor-element elementor-element-6edc966 elementor-section-boxed elementor-section-height-default elementor-section-height-default\" data-id=\"6edc966\" data-element_type=\"section\">\n\t\t\t\t\t\t<div class=\"elementor-container elementor-column-gap-default\">\n\t\t\t\t\t<div class=\"elementor-column elementor-col-100 elementor-top-column elementor-element elementor-element-6813965\" data-id=\"6813965\" data-element_type=\"column\">\n\t\t\t<div class=\"elementor-widget-wrap elementor-element-populated\">\n\t\t\t\t\t\t<div class=\"elementor-element elementor-element-af5fdab elementor-widget elementor-widget-html\" data-id=\"af5fdab\" data-element_type=\"widget\" data-widget_type=\"html.default\">\n\t\t\t\t<div class=\"elementor-widget-container\">\n\t\t\t\t\t<iframe src=\"https:\/\/drive.google.com\/file\/d\/1ODCOYlo5sD7kPD13c4NKCNvjG3_NSP_Z\/preview\" width=\"640\" height=\"800\"><\/iframe>\t\t\t\t<\/div>\n\t\t\t\t<\/div>\n\t\t\t\t\t<\/div>\n\t\t<\/div>\n\t\t\t\t\t<\/div>\n\t\t<\/section>\n\t\t\t\t<section class=\"elementor-section elementor-top-section elementor-element elementor-element-c41ad5e elementor-section-boxed elementor-section-height-default elementor-section-height-default\" data-id=\"c41ad5e\" data-element_type=\"section\">\n\t\t\t\t\t\t<div class=\"elementor-container elementor-column-gap-default\">\n\t\t\t\t\t<div class=\"elementor-column elementor-col-100 elementor-top-column elementor-element elementor-element-2b58328\" data-id=\"2b58328\" data-element_type=\"column\">\n\t\t\t<div class=\"elementor-widget-wrap elementor-element-populated\">\n\t\t\t\t\t\t<div class=\"elementor-element elementor-element-d1186e7 elementor-widget-divider--view-line elementor-widget elementor-widget-divider\" data-id=\"d1186e7\" data-element_type=\"widget\" data-widget_type=\"divider.default\">\n\t\t\t\t<div class=\"elementor-widget-container\">\n\t\t\t\t\t\t\t<div class=\"elementor-divider\">\n\t\t\t<span class=\"elementor-divider-separator\">\n\t\t\t\t\t\t<\/span>\n\t\t<\/div>\n\t\t\t\t\t\t<\/div>\n\t\t\t\t<\/div>\n\t\t\t\t\t<\/div>\n\t\t<\/div>\n\t\t\t\t\t<\/div>\n\t\t<\/section>\n\t\t\t\t<section class=\"elementor-section elementor-top-section elementor-element elementor-element-8da420e elementor-section-boxed elementor-section-height-default elementor-section-height-default\" data-id=\"8da420e\" data-element_type=\"section\">\n\t\t\t\t\t\t<div class=\"elementor-container elementor-column-gap-default\">\n\t\t\t\t\t<div class=\"elementor-column elementor-col-100 elementor-top-column elementor-element elementor-element-38f060c\" data-id=\"38f060c\" data-element_type=\"column\">\n\t\t\t<div class=\"elementor-widget-wrap elementor-element-populated\">\n\t\t\t\t\t\t<div class=\"elementor-element elementor-element-0490b76 elementor-widget elementor-widget-html\" data-id=\"0490b76\" data-element_type=\"widget\" data-widget_type=\"html.default\">\n\t\t\t\t<div class=\"elementor-widget-container\">\n\t\t\t\t\t<iframe src=\"https:\/\/drive.google.com\/file\/d\/1oYBDvcug2JmZFiGYi4RZBHge0JzvK18F\/preview\" width=\"640\" height=\"800\"><\/iframe>\t\t\t\t<\/div>\n\t\t\t\t<\/div>\n\t\t\t\t\t<\/div>\n\t\t<\/div>\n\t\t\t\t\t<\/div>\n\t\t<\/section>\n\t\t\t\t<\/div>\n\t\t","protected":false},"excerpt":{"rendered":"<p>El alumndo de 1\u00ba y 3\u00ba de ESO recoger\u00e1 sus libros en el centro una vez&#46;&#46;&#46;<\/p>\n","protected":false},"author":12593,"featured_media":0,"parent":0,"menu_order":0,"comment_status":"closed","ping_status":"closed","template":"","meta":{"ngg_post_thumbnail":0,"footnotes":""},"aioseo_notices":[],"_links":{"self":[{"href":"https:\/\/blogsaverroes.juntadeandalucia.es\/iesrreyes\/wp-json\/wp\/v2\/pages\/1840"}],"collection":[{"href":"https:\/\/blogsaverroes.juntadeandalucia.es\/iesrreyes\/wp-json\/wp\/v2\/pages"}],"about":[{"href":"https:\/\/blogsaverroes.juntadeandalucia.es\/iesrreyes\/wp-json\/wp\/v2\/types\/page"}],"author":[{"embeddable":true,"href":"https:\/\/blogsaverroes.juntadeandalucia.es\/iesrreyes\/wp-json\/wp\/v2\/users\/12593"}],"replies":[{"embeddable":true,"href":"https:\/\/blogsaverroes.juntadeandalucia.es\/iesrreyes\/wp-json\/wp\/v2\/comments?post=1840"}],"version-history":[{"count":8,"href":"https:\/\/blogsaverroes.juntadeandalucia.es\/iesrreyes\/wp-json\/wp\/v2\/pages\/1840\/revisions"}],"predecessor-version":[{"id":1893,"href":"https:\/\/blogsaverroes.juntadeandalucia.es\/iesrreyes\/wp-json\/wp\/v2\/pages\/1840\/revisions\/1893"}],"wp:attachment":[{"href":"https:\/\/blogsaverroes.juntadeandalucia.es\/iesrreyes\/wp-json\/wp\/v2\/media?parent=1840"}],"curies":[{"name":"wp","href":"https:\/\/api.w.org\/{rel}","templated":true}]}}