{"id":21,"date":"2020-01-10T08:47:08","date_gmt":"2020-01-10T07:47:08","guid":{"rendered":"http:\/\/blogsaverroes.juntadeandalucia.es\/pre\/nuevoies2v2\/?page_id=21"},"modified":"2022-05-09T16:02:16","modified_gmt":"2022-05-09T15:02:16","slug":"2o-eso","status":"publish","type":"page","link":"https:\/\/blogsaverroes.juntadeandalucia.es\/iesrreyes\/2o-eso\/","title":{"rendered":"2\u00ba ESO"},"content":{"rendered":"<table style=\"height: 700px;width: 81.1632%;border-style: solid;border-color: #000000\" width=\"102.655%\">\n<tbody>\n<tr style=\"height: 28px\">\n<td style=\"width: 78.5818%;background-color: #b0d4bc;height: 28px;text-align: center;border-style: solid;border-color: #000000\" colspan=\"3\" width=\"762\"><span style=\"font-size: 18pt\"><b>HORARIO LECTIVO 2\u00ba DE ESO (Orden 15 de enero de 2021)<\/b><\/span><\/td>\n<\/tr>\n<tr style=\"height: 48px\">\n<td style=\"height: 48px;background-color: #bddbc7;border-style: solid;border-color: #000000;width: 15.5813%\"><b>BLOQUES DE ASIGNATURAS<\/b><\/td>\n<td style=\"height: 48px;background-color: #bddbc7;border-style: solid;border-color: #000000;width: 55.4752%\"><b>2.\u00ba ESO<\/b><\/td>\n<td style=\"height: 48px;background-color: #bddbc7;border-style: solid;border-color: #000000;width: 7.52526%\" width=\"80\"><b>SESIONES LECTIVAS<\/b><\/td>\n<\/tr>\n<tr style=\"height: 24px\">\n<td style=\"background-color: #cae3d3;height: 192px;border-style: solid;border-color: #000000;width: 15.5813%\" rowspan=\"5\"><b>TRONCALES GENERALES<\/b><\/td>\n<td style=\"height: 24px;border-style: solid;border-color: #000000;width: 55.4752%\">F\u00edsica y Qu\u00edmica<\/td>\n<td style=\"height: 24px;border-style: solid;border-color: #000000;width: 7.52526%\">3<\/td>\n<\/tr>\n<tr style=\"height: 24px\">\n<td style=\"height: 24px;border-style: solid;border-color: #000000;width: 55.4752%\">Geograf\u00eda e Historia<\/td>\n<td style=\"height: 24px;border-style: solid;border-color: #000000;width: 7.52526%\">3<\/td>\n<\/tr>\n<tr style=\"height: 24px\">\n<td style=\"height: 24px;border-style: solid;border-color: #000000;width: 55.4752%\">Lengua Castellana y Literatura<\/td>\n<td style=\"height: 24px;border-style: solid;border-color: #000000;width: 7.52526%\">4<\/td>\n<\/tr>\n<tr style=\"height: 24px\">\n<td style=\"height: 24px;border-style: solid;border-color: #000000;width: 55.4752%\">Matem\u00e1ticas<\/td>\n<td style=\"height: 24px;border-style: solid;border-color: #000000;width: 7.52526%\">4<\/td>\n<\/tr>\n<tr style=\"height: 24px\">\n<td style=\"height: 24px;border-style: solid;border-color: #000000;width: 55.4752%\">Primera Lengua Extranjera<\/td>\n<td style=\"height: 24px;border-style: solid;border-color: #000000;width: 7.52526%\">3<\/td>\n<\/tr>\n<tr style=\"height: 24px\">\n<td style=\"height: 72px;background-color: #d7eade;border-style: solid;border-color: #000000;width: 15.5813%\" rowspan=\"5\"><b>ESPEC\u00cdFICAS OBLIGATORIAS<\/b><b><br \/>\n<\/b><\/td>\n<td style=\"height: 24px;border-style: solid;border-color: #000000;width: 55.4752%\">Educaci\u00f3n F\u00edsica<\/td>\n<td style=\"height: 24px;border-style: solid;border-color: #000000;width: 7.52526%\">2<\/td>\n<\/tr>\n<tr style=\"height: 24px\">\n<td style=\"height: 24px;border-style: solid;border-color: #000000;width: 55.4752%\">Educaci\u00f3n Pl\u00e1stica, Visual y Audiovisual<\/td>\n<td style=\"height: 24px;border-style: solid;border-color: #000000;width: 7.52526%\">2<\/td>\n<\/tr>\n<tr style=\"height: 24px\">\n<td style=\"height: 24px;border-style: solid;border-color: #000000;width: 55.4752%\">M\u00fasica<\/td>\n<td style=\"height: 24px;border-style: solid;border-color: #000000;width: 7.52526%\">2<\/td>\n<\/tr>\n<tr>\n<td style=\"border-style: solid;border-color: #000000;width: 55.4752%\">Religi\u00f3n \/ Valores \u00c9ticos<\/td>\n<td style=\"border-style: solid;border-color: #000000;width: 7.52526%\">1<\/td>\n<\/tr>\n<tr>\n<td style=\"border-style: solid;border-color: #000000;width: 55.4752%\">Tecnolog\u00eda<\/td>\n<td style=\"border-style: solid;border-color: #000000;width: 7.52526%\">3<\/td>\n<\/tr>\n<tr style=\"height: 24px\">\n<td style=\"height: 264px;width: 15.5813%;background-color: #e4f1e9;border-style: solid;border-color: #000000\" rowspan=\"8\" width=\"319\"><b>ESPEC\u00cdFICAS DE OPCI\u00d3N &#8211; LIBRE CONFIGURACI\u00d3N AUTON\u00d3MICA Elegir 1<\/b><b><br \/>\n<\/b><\/td>\n<td style=\"height: 24px;border-style: solid;border-color: #000000;width: 55.4752%\">Cambios Sociales y G\u00e9nero<\/td>\n<td style=\"height: 24px;border-style: solid;border-color: #000000;width: 7.52526%\">2<\/td>\n<\/tr>\n<tr style=\"height: 24px\">\n<td style=\"height: 24px;border-style: solid;border-color: #000000;width: 55.4752%\">Cultura Cl\u00e1sica<\/td>\n<td style=\"height: 24px;border-style: solid;border-color: #000000;width: 7.52526%\">2<\/td>\n<\/tr>\n<tr style=\"height: 24px\">\n<td style=\"height: 24px;border-style: solid;border-color: #000000;width: 55.4752%\">Iniciaci\u00f3n a la Actividad Emprendedora y&nbsp; Empresarial<\/td>\n<td style=\"height: 24px;border-style: solid;border-color: #000000;width: 7.52526%\">2<\/td>\n<\/tr>\n<tr style=\"height: 24px\">\n<td style=\"height: 24px;border-style: solid;border-color: #000000;width: 55.4752%\">Oratoria y Debate<\/td>\n<td style=\"height: 24px;border-style: solid;border-color: #000000;width: 7.52526%\">2<\/td>\n<\/tr>\n<tr style=\"height: 24px\">\n<td style=\"height: 24px;border-style: solid;border-color: #000000;width: 55.4752%\">Computaci\u00f3n y Rob\u00f3tica<\/td>\n<td style=\"height: 24px;border-style: solid;border-color: #000000;width: 7.52526%\">2<\/td>\n<\/tr>\n<tr style=\"height: 24px\">\n<td style=\"height: 24px;border-style: solid;border-color: #000000;width: 55.4752%\">Segunda Lengua Extranjera<\/td>\n<td style=\"height: 24px;border-style: solid;border-color: #000000;width: 7.52526%\">2<\/td>\n<\/tr>\n<tr style=\"height: 24px\">\n<td style=\"height: 24px;border-style: solid;border-color: #000000;width: 55.4752%\">Materia de Dise\u00f1o propio<\/td>\n<td style=\"height: 24px;border-style: solid;border-color: #000000;width: 7.52526%\">2<\/td>\n<\/tr>\n<tr>\n<td style=\"border-style: solid;border-color: #000000;width: 55.4752%\">Ampliaci\u00f3n del horario de Primera Lengua Extranjera y Educaci\u00f3n F\u00edsica<\/td>\n<td style=\"border-style: solid;border-color: #000000;width: 7.52526%\">1\/1<\/td>\n<\/tr>\n<tr style=\"height: 48px\">\n<td style=\"height: 48px;background-color: #f2f8f4;border-style: solid;border-color: #000000;width: 15.5813%\"><b>LIBRE CONFIGURACI\u00d3N AUTON\u00d3MICA<\/b><\/td>\n<td style=\"height: 48px;text-align: center;border-style: solid;border-color: #000000;width: 55.4752%\">&#8211;<\/td>\n<td style=\"height: 48px;border-style: solid;border-color: #000000;width: 7.52526%\">&#8211;<\/td>\n<\/tr>\n<tr style=\"height: 24px\">\n<td style=\"height: 24px;background-color: #ffffff;border-style: solid;border-color: #000000;width: 15.5813%\"><b>TUTOR\u00cdA<\/b><\/td>\n<td style=\"height: 24px;border-style: solid;border-color: #000000;width: 55.4752%\">&nbsp;<\/td>\n<td style=\"height: 24px;border-style: solid;border-color: #000000;width: 7.52526%\">1<\/td>\n<\/tr>\n<tr>\n<td style=\"background-color: #ffffff;border-style: solid;border-color: #000000;width: 15.5813%\"><b>LIBRE DISPOSICI\u00d3N<\/b><\/td>\n<td style=\"border-style: solid;border-color: #000000;width: 55.4752%\">&#8211;<\/td>\n<td style=\"border-style: solid;border-color: #000000;width: 7.52526%\">&#8211;<\/td>\n<\/tr>\n<tr style=\"height: 24px\">\n<td style=\"height: 24px;background-color: #f9ecc8;border-style: solid;border-color: #000000;width: 15.5813%\"><b>TOTAL SESIONES LECTIVAS<\/b><\/td>\n<td style=\"height: 24px;border-style: solid;border-color: #000000;width: 55.4752%\">&nbsp;<\/td>\n<td style=\"height: 24px;border-style: solid;border-color: #000000;width: 7.52526%\">30<\/td>\n<\/tr>\n<\/tbody>\n<\/table>\n","protected":false},"excerpt":{"rendered":"<p>HORARIO LECTIVO 2\u00ba DE ESO (Orden 15 de enero de 2021) BLOQUES DE ASIGNATURAS 2.\u00ba ESO&#46;&#46;&#46;<\/p>\n","protected":false},"author":7051,"featured_media":0,"parent":0,"menu_order":0,"comment_status":"closed","ping_status":"closed","template":"page-templates\/child-menu.php","meta":{"ngg_post_thumbnail":0,"footnotes":""},"aioseo_notices":[],"_links":{"self":[{"href":"https:\/\/blogsaverroes.juntadeandalucia.es\/iesrreyes\/wp-json\/wp\/v2\/pages\/21"}],"collection":[{"href":"https:\/\/blogsaverroes.juntadeandalucia.es\/iesrreyes\/wp-json\/wp\/v2\/pages"}],"about":[{"href":"https:\/\/blogsaverroes.juntadeandalucia.es\/iesrreyes\/wp-json\/wp\/v2\/types\/page"}],"author":[{"embeddable":true,"href":"https:\/\/blogsaverroes.juntadeandalucia.es\/iesrreyes\/wp-json\/wp\/v2\/users\/7051"}],"replies":[{"embeddable":true,"href":"https:\/\/blogsaverroes.juntadeandalucia.es\/iesrreyes\/wp-json\/wp\/v2\/comments?post=21"}],"version-history":[{"count":15,"href":"https:\/\/blogsaverroes.juntadeandalucia.es\/iesrreyes\/wp-json\/wp\/v2\/pages\/21\/revisions"}],"predecessor-version":[{"id":1619,"href":"https:\/\/blogsaverroes.juntadeandalucia.es\/iesrreyes\/wp-json\/wp\/v2\/pages\/21\/revisions\/1619"}],"wp:attachment":[{"href":"https:\/\/blogsaverroes.juntadeandalucia.es\/iesrreyes\/wp-json\/wp\/v2\/media?parent=21"}],"curies":[{"name":"wp","href":"https:\/\/api.w.org\/{rel}","templated":true}]}}