{"id":842,"date":"2022-01-26T14:32:45","date_gmt":"2022-01-26T13:32:45","guid":{"rendered":"https:\/\/blogsaverroes.juntadeandalucia.es\/iesrreyes\/?page_id=842"},"modified":"2022-05-15T19:24:01","modified_gmt":"2022-05-15T18:24:01","slug":"equipo-directivo","status":"publish","type":"page","link":"https:\/\/blogsaverroes.juntadeandalucia.es\/iesrreyes\/equipo-directivo\/","title":{"rendered":"Equipo Directivo"},"content":{"rendered":"<p style=\"text-align: center\"><span style=\"font-size: 18pt\"><strong>Equipo Directivo del IES Rafael Reyes<\/strong><\/span><\/p>\n<p><em>&#8220;El equipo directivo de los institutos de educaci\u00f3n secundaria es el \u00f3rgano ejecutivo de gobierno de dichos centros y trabajar\u00e1 de forma coordinada en el desempe\u00f1o de las funciones que tiene encomendadas, conforme a las instrucciones de la persona que ocupe la direcci\u00f3n y a las funciones espec\u00edficas legalmente establecidas.&#8221; (Art. 70.1 del Decreto 327\/2010, de 13 de julio, por el que se aprueba el Reglamento Org\u00e1nico de los Institutos de Educaci\u00f3n Secundaria.)<\/em><\/p>\n<p>El equipo directivo del IES Rafael Reyes de Cartaya lo forman:<\/p>\n<ul>\n<li><span style=\"text-decoration: underline\">Directora<\/span>: D\u00f1a. <strong>Roc\u00edo Forc\u00e9n Barroso<\/strong><\/li>\n<li><span style=\"text-decoration: underline\">Vicedirectora<\/span>: D\u00f1a. <strong>Mar\u00eda Luque Bago<\/strong><\/li>\n<li><span style=\"text-decoration: underline\">Jefe de Estudios<\/span>: D. <strong>Manuel Jes\u00fas Rosa Rasco<\/strong><\/li>\n<li><span style=\"text-decoration: underline\">Jefaturas de Estudios Adjuntas<\/span>:\n<ul>\n<li>D\u00f1a. <strong>Minerva Otero Saavedra Alcaide<\/strong><\/li>\n<li>D\u00f1a. <strong>Esther Correa Arenas<\/strong><\/li>\n<li>D. <strong>Ra\u00fal Dom\u00ednguez M\u00e1rquez<\/strong><\/li>\n<\/ul>\n<\/li>\n<li><span style=\"text-decoration: underline\">Secretario<\/span>: D. <strong>Andr\u00e9s Campoy Balbont\u00edn<\/strong><\/li>\n<\/ul>\n","protected":false},"excerpt":{"rendered":"<p>Equipo Directivo del IES Rafael Reyes &#8220;El equipo directivo de los institutos de educaci\u00f3n secundaria es&#46;&#46;&#46;<\/p>\n","protected":false},"author":12593,"featured_media":0,"parent":0,"menu_order":0,"comment_status":"closed","ping_status":"closed","template":"","meta":{"ngg_post_thumbnail":0,"footnotes":""},"aioseo_notices":[],"_links":{"self":[{"href":"https:\/\/blogsaverroes.juntadeandalucia.es\/iesrreyes\/wp-json\/wp\/v2\/pages\/842"}],"collection":[{"href":"https:\/\/blogsaverroes.juntadeandalucia.es\/iesrreyes\/wp-json\/wp\/v2\/pages"}],"about":[{"href":"https:\/\/blogsaverroes.juntadeandalucia.es\/iesrreyes\/wp-json\/wp\/v2\/types\/page"}],"author":[{"embeddable":true,"href":"https:\/\/blogsaverroes.juntadeandalucia.es\/iesrreyes\/wp-json\/wp\/v2\/users\/12593"}],"replies":[{"embeddable":true,"href":"https:\/\/blogsaverroes.juntadeandalucia.es\/iesrreyes\/wp-json\/wp\/v2\/comments?post=842"}],"version-history":[{"count":6,"href":"https:\/\/blogsaverroes.juntadeandalucia.es\/iesrreyes\/wp-json\/wp\/v2\/pages\/842\/revisions"}],"predecessor-version":[{"id":1814,"href":"https:\/\/blogsaverroes.juntadeandalucia.es\/iesrreyes\/wp-json\/wp\/v2\/pages\/842\/revisions\/1814"}],"wp:attachment":[{"href":"https:\/\/blogsaverroes.juntadeandalucia.es\/iesrreyes\/wp-json\/wp\/v2\/media?parent=842"}],"curies":[{"name":"wp","href":"https:\/\/api.w.org\/{rel}","templated":true}]}}