{"id":851,"date":"2022-01-26T14:47:49","date_gmt":"2022-01-26T13:47:49","guid":{"rendered":"https:\/\/blogsaverroes.juntadeandalucia.es\/iesrreyes\/?page_id=851"},"modified":"2022-05-08T01:08:31","modified_gmt":"2022-05-08T00:08:31","slug":"horario-lectivo","status":"publish","type":"page","link":"https:\/\/blogsaverroes.juntadeandalucia.es\/iesrreyes\/horario-lectivo\/","title":{"rendered":"Horario lectivo"},"content":{"rendered":"<div class=\"oKdM2c Kzv0Me\">\n<div id=\"h.3d0ed73b50b4a50e_11\" class=\"hJDwNd-AhqUyc-uQSCkd jXK9ad D2fZ2 OjCsFc GNzUNc\">\n<div class=\"jXK9ad-SmKAyb\">\n<div class=\"tyJCtd mGzaTb baZpAe\">\n<div class=\"CjVfdc\" style=\"text-align: center\"><span style=\"font-size: 36pt\"><strong><span style=\"color: #993366\"><span class=\" CGqCRe\"><span style=\"text-decoration: underline\">General:<\/span> E<\/span><span class=\" Rn3Z1b\">ntrada 8:25 \u2013 Salida 14:50<\/span><\/span><\/strong><\/span><\/div>\n<div>&nbsp;<\/div>\n<\/div>\n<\/div>\n<\/div>\n<\/div>\n<div class=\"oKdM2c\">\n<div id=\"h.3d0ed73b50b4a50e_13\" class=\"hJDwNd-AhqUyc-uQSCkd jXK9ad D2fZ2 wHaque GNzUNc\">\n<div class=\"jXK9ad-SmKAyb\">\n<div class=\"tyJCtd mGzaTb baZpAe\">\n<p class=\"CDt4Ke zfr3Q\" dir=\"ltr\"><span class=\" jgG6ef\">Una vez cerradas las puertas del centro a las 8:30 (aprox.) el alumnado solo podr\u00e1 acceder al centro en los cambios de clase.<\/span><\/p>\n<p class=\"CDt4Ke zfr3Q\" dir=\"ltr\"><span style=\"color: #99cc00\"><strong><span class=\" jgG6ef\">Durante el&nbsp;<\/span><span class=\" jgG6ef\">recreo se permitir\u00e1 la salida del alumnado mayor de edad que as\u00ed lo acredite<\/span><\/strong><\/span><span class=\" jgG6ef\">&nbsp;con su carn\u00e9 de estudiante (<\/span><span style=\"text-decoration: underline\"><strong><span style=\"color: #0000ff;text-decoration: underline\"><span class=\" jgG6ef\">azul<\/span><span class=\" jgG6ef\">&nbsp;<\/span><\/span><\/strong><\/span><span class=\" jgG6ef\">para el alumnado mayor de edad en FP,&nbsp;<\/span><span style=\"text-decoration: underline\"><span class=\" jgG6ef\" style=\"color: #ff00ff;text-decoration: underline\"><strong>rosa<\/strong><\/span><\/span><span class=\" jgG6ef\"><span style=\"text-decoration: underline\"><span style=\"color: #ff00ff;text-decoration: underline\">&nbsp;<\/span><\/span>para el alumnado mayor de edad de Bachillerato<\/span><span class=\" jgG6ef\">&nbsp;y&nbsp;<\/span><span style=\"text-decoration: underline;color: #ffff99\"><span class=\" jgG6ef\"><strong>amarillo<\/strong><\/span><span class=\" jgG6ef\">&nbsp;<\/span><\/span><span class=\" jgG6ef\">para el alumnado con horas sueltas) siempre con el visto bueno del profesor\/a de guardia de puerta;&nbsp;<\/span><span class=\" jgG6ef\">el resto del profesorado no debe abrir la puerta para que salgan o entren<\/span><span class=\" jgG6ef\">.<\/span><\/p>\n<p class=\"CDt4Ke zfr3Q\" dir=\"ltr\"><span class=\" jgG6ef\">Cuando se prevea la falta de alg\u00fan profesor\/a con m\u00e1s de un d\u00eda de antelaci\u00f3n y \u00e9ste tenga clase a primera hora el&nbsp;<\/span><span class=\" jgG6ef\">profesor\/a<\/span><span class=\" jgG6ef\">&nbsp;avisar\u00e1 al grupo para que entre una hora m<\/span><span class=\" jgG6ef\">\u00e1<\/span><span class=\" jgG6ef\">s tarde y si la falta es a \u00faltima hora, desde&nbsp;<\/span><span class=\" jgG6ef\">Jefatura de Estudios Adjunta<\/span><span class=\" jgG6ef\">&nbsp;se generar\u00e1 una autorizaci\u00f3n de salida en&nbsp;<\/span><span class=\" jgG6ef\">IP<\/span><span class=\" jgG6ef\">asen (que las familias han de firmar a trav\u00e9s de la app) y los alumnos\/as podr\u00e1n salir una hora antes (estas horas este curso son acumulativas).<\/span><\/p>\n<p class=\"CDt4Ke zfr3Q\" dir=\"ltr\"><span class=\" jgG6ef\">Desde&nbsp;<\/span><span class=\" jgG6ef\">el equipo directivo<\/span><span class=\" jgG6ef\">&nbsp;se generar\u00e1 el documento en el que aparece el listado de alumnado autorizado para salir y se enviar\u00e1 al correo electr\u00f3nico del profesorado que entra de guardia a esa hora para que pueda ir al aula de referencia del grupo y con su m\u00f3vil pasar lista y acompa\u00f1ar a los alumnos\/as autorizados\/as a la salida.<\/span><\/p>\n<\/div>\n<\/div>\n<\/div>\n<\/div>\n","protected":false},"excerpt":{"rendered":"<p>General: Entrada 8:25 \u2013 Salida 14:50 &nbsp; Una vez cerradas las puertas del centro a las&#46;&#46;&#46;<\/p>\n","protected":false},"author":12593,"featured_media":0,"parent":0,"menu_order":0,"comment_status":"closed","ping_status":"closed","template":"","meta":{"ngg_post_thumbnail":0,"footnotes":""},"aioseo_notices":[],"_links":{"self":[{"href":"https:\/\/blogsaverroes.juntadeandalucia.es\/iesrreyes\/wp-json\/wp\/v2\/pages\/851"}],"collection":[{"href":"https:\/\/blogsaverroes.juntadeandalucia.es\/iesrreyes\/wp-json\/wp\/v2\/pages"}],"about":[{"href":"https:\/\/blogsaverroes.juntadeandalucia.es\/iesrreyes\/wp-json\/wp\/v2\/types\/page"}],"author":[{"embeddable":true,"href":"https:\/\/blogsaverroes.juntadeandalucia.es\/iesrreyes\/wp-json\/wp\/v2\/users\/12593"}],"replies":[{"embeddable":true,"href":"https:\/\/blogsaverroes.juntadeandalucia.es\/iesrreyes\/wp-json\/wp\/v2\/comments?post=851"}],"version-history":[{"count":5,"href":"https:\/\/blogsaverroes.juntadeandalucia.es\/iesrreyes\/wp-json\/wp\/v2\/pages\/851\/revisions"}],"predecessor-version":[{"id":1416,"href":"https:\/\/blogsaverroes.juntadeandalucia.es\/iesrreyes\/wp-json\/wp\/v2\/pages\/851\/revisions\/1416"}],"wp:attachment":[{"href":"https:\/\/blogsaverroes.juntadeandalucia.es\/iesrreyes\/wp-json\/wp\/v2\/media?parent=851"}],"curies":[{"name":"wp","href":"https:\/\/api.w.org\/{rel}","templated":true}]}}