{"id":895,"date":"2022-01-27T01:15:25","date_gmt":"2022-01-27T00:15:25","guid":{"rendered":"https:\/\/blogsaverroes.juntadeandalucia.es\/iesrreyes\/?page_id=895"},"modified":"2022-05-09T16:03:33","modified_gmt":"2022-05-09T15:03:33","slug":"1o-eso","status":"publish","type":"page","link":"https:\/\/blogsaverroes.juntadeandalucia.es\/iesrreyes\/1o-eso\/","title":{"rendered":"1\u00ba ESO"},"content":{"rendered":"<table style=\"height: 700px;width: 86.3134%;border-style: solid;border-color: #000000\" width=\"102.655%\">\n<tbody>\n<tr style=\"height: 28px\">\n<td style=\"border-style: solid;width: 83.5986%;border-color: #000000;background-color: #b0d4bc;height: 28px;text-align: center\" colspan=\"3\" width=\"762\"><span style=\"font-size: 14pt\"><b>HORARIO LECTIVO 1\u00ba DE ESO (Orden 15 de enero de 2021)<\/b><\/span><\/td>\n<\/tr>\n<tr style=\"height: 48px\">\n<td style=\"height: 48px;border-style: solid;border-color: #000000;background-color: #bddbc7;width: 15.5813%\"><b>BLOQUES DE ASIGNATURAS<\/b><\/td>\n<td style=\"height: 48px;border-style: solid;border-color: #000000;background-color: #bddbc7;width: 60.9744%\"><b>1.\u00ba ESO<\/b><\/td>\n<td style=\"height: 48px;border-style: solid;border-color: #000000;background-color: #bddbc7;width: 7.04294%\" width=\"80\"><b>SESIONES LECTIVAS<\/b><\/td>\n<\/tr>\n<tr style=\"height: 24px\">\n<td style=\"border-style: solid;border-color: #000000;background-color: #cae3d3;height: 192px;width: 15.5813%\" rowspan=\"5\"><b>TRONCALES GENERALES<\/b><\/td>\n<td style=\"height: 24px;border-style: solid;border-color: #000000;width: 60.9744%\">Biolog\u00eda y Geolog\u00eda<\/td>\n<td style=\"height: 24px;border-style: solid;border-color: #000000;width: 7.04294%\">3<\/td>\n<\/tr>\n<tr style=\"height: 24px\">\n<td style=\"height: 24px;border-style: solid;border-color: #000000;width: 60.9744%\">Geograf\u00eda e Historia<\/td>\n<td style=\"height: 24px;border-style: solid;border-color: #000000;width: 7.04294%\">3<\/td>\n<\/tr>\n<tr style=\"height: 24px\">\n<td style=\"height: 24px;border-style: solid;border-color: #000000;width: 60.9744%\">Lengua Castellana y Literatura<\/td>\n<td style=\"height: 24px;border-style: solid;border-color: #000000;width: 7.04294%\">4<\/td>\n<\/tr>\n<tr style=\"height: 24px\">\n<td style=\"height: 24px;border-style: solid;border-color: #000000;width: 60.9744%\">Matem\u00e1ticas<\/td>\n<td style=\"height: 24px;border-style: solid;border-color: #000000;width: 7.04294%\">4<\/td>\n<\/tr>\n<tr style=\"height: 24px\">\n<td style=\"height: 24px;border-style: solid;border-color: #000000;width: 60.9744%\">Primera Lengua Extranjera<\/td>\n<td style=\"height: 24px;border-style: solid;border-color: #000000;width: 7.04294%\">4<\/td>\n<\/tr>\n<tr style=\"height: 24px\">\n<td style=\"height: 72px;border-style: solid;border-color: #000000;background-color: #d7eade;width: 15.5813%\" rowspan=\"4\"><b>ESPEC\u00cdFICAS OBLIGATORIAS<\/b><b><br \/>\n<\/b><\/td>\n<td style=\"height: 24px;border-style: solid;border-color: #000000;width: 60.9744%\">Educaci\u00f3n F\u00edsica<\/td>\n<td style=\"height: 24px;border-style: solid;border-color: #000000;width: 7.04294%\">3<\/td>\n<\/tr>\n<tr style=\"height: 24px\">\n<td style=\"height: 24px;border-style: solid;border-color: #000000;width: 60.9744%\">Educaci\u00f3n Pl\u00e1stica, Visual y Audiovisual<\/td>\n<td style=\"height: 24px;border-style: solid;border-color: #000000;width: 7.04294%\">2<\/td>\n<\/tr>\n<tr style=\"height: 24px\">\n<td style=\"height: 24px;border-style: solid;border-color: #000000;width: 60.9744%\">M\u00fasica<\/td>\n<td style=\"height: 24px;border-style: solid;border-color: #000000;width: 7.04294%\">2<\/td>\n<\/tr>\n<tr>\n<td style=\"border-style: solid;border-color: #000000;width: 60.9744%\">Religi\u00f3n \/ Valores \u00c9ticos<\/td>\n<td style=\"border-style: solid;border-color: #000000;width: 7.04294%\">1<\/td>\n<\/tr>\n<tr style=\"height: 24px\">\n<td style=\"height: 264px;border-style: solid;width: 15.5813%;border-color: #000000;background-color: #e4f1e9\" rowspan=\"7\" width=\"319\"><b>ESPEC\u00cdFICAS DE OPCI\u00d3N &#8211; LIBRE CONFIGURACI\u00d3N AUTON\u00d3MICA Elegir 1<\/b><\/td>\n<td style=\"height: 24px;border-style: solid;border-color: #000000;width: 60.9744%\">Cambios Sociales y G\u00e9nero<\/td>\n<td style=\"height: 24px;border-style: solid;border-color: #000000;width: 7.04294%\">2<\/td>\n<\/tr>\n<tr style=\"height: 24px\">\n<td style=\"height: 24px;border-style: solid;border-color: #000000;width: 60.9744%\">Cultura Cl\u00e1sica<\/td>\n<td style=\"height: 24px;border-style: solid;border-color: #000000;width: 7.04294%\">2<\/td>\n<\/tr>\n<tr style=\"height: 24px\">\n<td style=\"height: 24px;border-style: solid;border-color: #000000;width: 60.9744%\">Iniciaci\u00f3n a la Actividad Empresarial<\/td>\n<td style=\"height: 24px;border-style: solid;border-color: #000000;width: 7.04294%\">2<\/td>\n<\/tr>\n<tr style=\"height: 24px\">\n<td style=\"height: 24px;border-style: solid;border-color: #000000;width: 60.9744%\">Oratoria y Debate<\/td>\n<td style=\"height: 24px;border-style: solid;border-color: #000000;width: 7.04294%\">2<\/td>\n<\/tr>\n<tr style=\"height: 24px\">\n<td style=\"height: 24px;border-style: solid;border-color: #000000;width: 60.9744%\">Computaci\u00f3n y Rob\u00f3tica<\/td>\n<td style=\"height: 24px;border-style: solid;border-color: #000000;width: 7.04294%\">2<\/td>\n<\/tr>\n<tr style=\"height: 24px\">\n<td style=\"height: 24px;border-style: solid;border-color: #000000;width: 60.9744%\">Tecnolog\u00eda Aplicada<\/td>\n<td style=\"height: 24px;border-style: solid;border-color: #000000;width: 7.04294%\">2<\/td>\n<\/tr>\n<tr style=\"height: 24px\">\n<td style=\"height: 24px;border-style: solid;border-color: #000000;width: 60.9744%\">Materia de Dise\u00f1o propio<\/td>\n<td style=\"height: 24px;border-style: solid;border-color: #000000;width: 7.04294%\">2<\/td>\n<\/tr>\n<tr style=\"height: 48px\">\n<td style=\"height: 48px;border-style: solid;border-color: #000000;background-color: #f2f8f4;width: 15.5813%\"><b>LIBRE CONFIGURACI\u00d3N AUTON\u00d3MICA<\/b><\/td>\n<td style=\"height: 48px;text-align: center;border-style: solid;border-color: #000000;width: 60.9744%\">&#8211;<\/td>\n<td style=\"height: 48px;border-style: solid;border-color: #000000;width: 7.04294%\">&#8211;<\/td>\n<\/tr>\n<tr style=\"height: 24px\">\n<td style=\"height: 24px;border-style: solid;border-color: #000000;background-color: #ffffff;width: 15.5813%\"><b>TUTOR\u00cdA<\/b><\/td>\n<td style=\"height: 24px;border-style: solid;border-color: #000000;width: 60.9744%\">&nbsp;<\/td>\n<td style=\"height: 24px;border-style: solid;border-color: #000000;width: 7.04294%\">1<\/td>\n<\/tr>\n<tr>\n<td style=\"border-style: solid;border-color: #000000;background-color: #ffffff;width: 15.5813%\"><b>LIBRE DISPOSICI\u00d3N<\/b><\/td>\n<td style=\"border-style: solid;border-color: #000000;width: 60.9744%\">Programa de refuerzo materias troncales \/\/ Expresi\u00f3n y Comunicaci\u00f3n Oral en Lengua Extranjera<\/td>\n<td style=\"border-style: solid;border-color: #000000;width: 7.04294%\">1<\/td>\n<\/tr>\n<tr style=\"height: 24px\">\n<td style=\"height: 24px;border-style: solid;border-color: #000000;background-color: #f9ecc8;width: 15.5813%\"><b>TOTAL SESIONES LECTIVAS<\/b><\/td>\n<td style=\"height: 24px;border-style: solid;border-color: #000000;width: 60.9744%\">&nbsp;<\/td>\n<td style=\"height: 24px;border-style: solid;border-color: #000000;width: 7.04294%\">30<\/td>\n<\/tr>\n<\/tbody>\n<\/table>\n","protected":false},"excerpt":{"rendered":"<p>HORARIO LECTIVO 1\u00ba DE ESO (Orden 15 de enero de 2021) BLOQUES DE ASIGNATURAS 1.\u00ba ESO&#46;&#46;&#46;<\/p>\n","protected":false},"author":12593,"featured_media":0,"parent":0,"menu_order":0,"comment_status":"closed","ping_status":"closed","template":"page-templates\/child-menu.php","meta":{"ngg_post_thumbnail":0,"footnotes":""},"aioseo_notices":[],"_links":{"self":[{"href":"https:\/\/blogsaverroes.juntadeandalucia.es\/iesrreyes\/wp-json\/wp\/v2\/pages\/895"}],"collection":[{"href":"https:\/\/blogsaverroes.juntadeandalucia.es\/iesrreyes\/wp-json\/wp\/v2\/pages"}],"about":[{"href":"https:\/\/blogsaverroes.juntadeandalucia.es\/iesrreyes\/wp-json\/wp\/v2\/types\/page"}],"author":[{"embeddable":true,"href":"https:\/\/blogsaverroes.juntadeandalucia.es\/iesrreyes\/wp-json\/wp\/v2\/users\/12593"}],"replies":[{"embeddable":true,"href":"https:\/\/blogsaverroes.juntadeandalucia.es\/iesrreyes\/wp-json\/wp\/v2\/comments?post=895"}],"version-history":[{"count":8,"href":"https:\/\/blogsaverroes.juntadeandalucia.es\/iesrreyes\/wp-json\/wp\/v2\/pages\/895\/revisions"}],"predecessor-version":[{"id":1620,"href":"https:\/\/blogsaverroes.juntadeandalucia.es\/iesrreyes\/wp-json\/wp\/v2\/pages\/895\/revisions\/1620"}],"wp:attachment":[{"href":"https:\/\/blogsaverroes.juntadeandalucia.es\/iesrreyes\/wp-json\/wp\/v2\/media?parent=895"}],"curies":[{"name":"wp","href":"https:\/\/api.w.org\/{rel}","templated":true}]}}