{"id":26,"date":"2020-01-10T07:42:54","date_gmt":"2020-01-10T06:42:54","guid":{"rendered":"http:\/\/blogsaverroes.juntadeandalucia.es\/pre\/nuevoiesv2\/?page_id=26"},"modified":"2023-10-10T12:18:37","modified_gmt":"2023-10-10T10:18:37","slug":"fpb-iyc","status":"publish","type":"page","link":"https:\/\/blogsaverroes.juntadeandalucia.es\/iessaladillo\/fpb-iyc\/","title":{"rendered":"Formaci\u00f3n Profesional B\u00e1sica en Inform\u00e1tica y Comunicaciones"},"content":{"rendered":"<p>[et_pb_section fb_built=&#8221;1&#8243; _builder_version=&#8221;3.23.3&#8243; custom_padding=&#8221;0px||0px|&#8221; z_index_tablet=&#8221;500&#8243; box_shadow_horizontal_tablet=&#8221;0px&#8221; box_shadow_vertical_tablet=&#8221;0px&#8221; box_shadow_blur_tablet=&#8221;40px&#8221; box_shadow_spread_tablet=&#8221;0px&#8221; global_colors_info=&#8221;{}&#8221;][et_pb_row _builder_version=&#8221;3.25&#8243; background_size=&#8221;initial&#8221; background_position=&#8221;top_left&#8221; background_repeat=&#8221;repeat&#8221; global_colors_info=&#8221;{}&#8221;][et_pb_column type=&#8221;4_4&#8243; _builder_version=&#8221;3.0.47&#8243; custom_padding=&#8221;|||&#8221; global_colors_info=&#8221;{}&#8221; custom_padding__hover=&#8221;|||&#8221;][et_pb_image src=&#8221;https:\/\/blogsaverroes.juntadeandalucia.es\/iessaladillo\/files\/2020\/01\/cabecera-interior-ies-3-3.png&#8221; admin_label=&#8221;Imagen de la portada&#8221; _builder_version=&#8221;4.5.0&#8243; vertical_offset_tablet=&#8221;0&#8243; horizontal_offset_tablet=&#8221;0&#8243; z_index_tablet=&#8221;500&#8243; box_shadow_horizontal_tablet=&#8221;0px&#8221; box_shadow_vertical_tablet=&#8221;0px&#8221; box_shadow_blur_tablet=&#8221;40px&#8221; box_shadow_spread_tablet=&#8221;0px&#8221; global_colors_info=&#8221;{}&#8221;][\/et_pb_image][et_pb_text admin_label=&#8221;Texto descriptivo&#8221; _builder_version=&#8221;4.14.5&#8243; hover_enabled=&#8221;0&#8243; z_index_tablet=&#8221;500&#8243; text_text_shadow_horizontal_length_tablet=&#8221;0px&#8221; text_text_shadow_vertical_length_tablet=&#8221;0px&#8221; text_text_shadow_blur_strength_tablet=&#8221;1px&#8221; link_text_shadow_horizontal_length_tablet=&#8221;0px&#8221; link_text_shadow_vertical_length_tablet=&#8221;0px&#8221; link_text_shadow_blur_strength_tablet=&#8221;1px&#8221; ul_text_shadow_horizontal_length_tablet=&#8221;0px&#8221; ul_text_shadow_vertical_length_tablet=&#8221;0px&#8221; ul_text_shadow_blur_strength_tablet=&#8221;1px&#8221; ol_text_shadow_horizontal_length_tablet=&#8221;0px&#8221; ol_text_shadow_vertical_length_tablet=&#8221;0px&#8221; ol_text_shadow_blur_strength_tablet=&#8221;1px&#8221; quote_text_shadow_horizontal_length_tablet=&#8221;0px&#8221; quote_text_shadow_vertical_length_tablet=&#8221;0px&#8221; quote_text_shadow_blur_strength_tablet=&#8221;1px&#8221; header_text_shadow_horizontal_length_tablet=&#8221;0px&#8221; header_text_shadow_vertical_length_tablet=&#8221;0px&#8221; header_text_shadow_blur_strength_tablet=&#8221;1px&#8221; header_2_text_shadow_horizontal_length_tablet=&#8221;0px&#8221; header_2_text_shadow_vertical_length_tablet=&#8221;0px&#8221; header_2_text_shadow_blur_strength_tablet=&#8221;1px&#8221; header_3_text_shadow_horizontal_length_tablet=&#8221;0px&#8221; header_3_text_shadow_vertical_length_tablet=&#8221;0px&#8221; header_3_text_shadow_blur_strength_tablet=&#8221;1px&#8221; header_4_text_shadow_horizontal_length_tablet=&#8221;0px&#8221; header_4_text_shadow_vertical_length_tablet=&#8221;0px&#8221; header_4_text_shadow_blur_strength_tablet=&#8221;1px&#8221; header_5_text_shadow_horizontal_length_tablet=&#8221;0px&#8221; header_5_text_shadow_vertical_length_tablet=&#8221;0px&#8221; header_5_text_shadow_blur_strength_tablet=&#8221;1px&#8221; header_6_text_shadow_horizontal_length_tablet=&#8221;0px&#8221; header_6_text_shadow_vertical_length_tablet=&#8221;0px&#8221; header_6_text_shadow_blur_strength_tablet=&#8221;1px&#8221; box_shadow_horizontal_tablet=&#8221;0px&#8221; box_shadow_vertical_tablet=&#8221;0px&#8221; box_shadow_blur_tablet=&#8221;40px&#8221; box_shadow_spread_tablet=&#8221;0px&#8221; global_colors_info=&#8221;{}&#8221; sticky_enabled=&#8221;0&#8243;]<\/p>\n<h2 style=\"text-align: justify\">Formaci\u00f3n Profesional B\u00e1sica en Inform\u00e1tica y Comunicaciones<\/h2>\n<div class=\"elemento\" style=\"text-align: justify\">\n<h3 id=\"requisitos\" class=\"requisitos\">Requisitos de acceso<\/h3>\n<div class=\"cte\">\n<ul>\n<li>Tener cumplidos quince a\u00f1os, o cumplirlos durante el a\u00f1o natural en curso, y no superar los diecisiete a\u00f1os de edad en el momento del acceso o durante el a\u00f1o natural en curso.<\/li>\n<li>Haber cursado el primer ciclo de Educaci\u00f3n Secundaria Obligatoria (3\u00ba de la ESO) o, excepcionalmente, haber cursado el segundo curso de la Educaci\u00f3n Secundaria Obligatoria.<\/li>\n<li>Haber propuesto el equipo docente a los padres, madres o tutores legales la incorporaci\u00f3n del alumno o alumna a un ciclo de Formaci\u00f3n Profesional B\u00e1sica.<\/li>\n<\/ul>\n<\/div>\n<\/div>\n<div class=\"elemento\" style=\"text-align: justify\">\n<h3 id=\"que-aprender\" class=\"que-aprender\">\u00bfQu\u00e9 voy a aprender y hacer?<\/h3>\n<div class=\"cte\">\n<ul>\n<li class=\"ta-justify\">Acopiar los materiales para acometer el montaje y\/o mantenimiento en sistemas microinform\u00e1ticos y redes de transmisi\u00f3n de datos.<\/li>\n<li class=\"ta-justify\">Realizar operaciones auxiliares de montaje de sistemas microinform\u00e1ticos y dispositivos auxiliares en condiciones de calidad.<\/li>\n<li class=\"ta-justify\">Realizar operaciones auxiliares de mantenimiento y reparaci\u00f3n de sistemas microinform\u00e1ticos garantizando su funcionamiento.<\/li>\n<li class=\"ta-justify\">Realizar las operaciones para el almacenamiento y transporte de sistemas, perif\u00e9ricos y consumibles, siguiendo criterios de seguridad y catalogaci\u00f3n.<\/li>\n<li class=\"ta-justify\">Realizar comprobaciones rutinarias de verificaci\u00f3n en el montaje y mantenimiento de sistemas y\/o instalaciones.<\/li>\n<li class=\"ta-justify\">Montar canalizaciones para cableado de datos en condiciones de calidad y seguridad.<\/li>\n<li class=\"ta-justify\">Tender el cableado de redes de datos aplicando las t\u00e9cnicas y procedimientos normalizados.<\/li>\n<li class=\"ta-justify\">Manejar las herramientas del entorno usuario proporcionadas por el sistema operativo y los dispositivos de almacenamiento de informaci\u00f3n.<\/li>\n<li class=\"ta-justify\">Manejar aplicaciones ofim\u00e1ticas de procesador de textos para realizar documentos sencillos.<\/li>\n<li class=\"ta-justify\">Realizar las tareas de su responsabilidad tanto individualmente como en equipo, con autonom\u00eda e iniciativa, adapt\u00e1ndose a las situaciones producidas por cambios tecnol\u00f3gicos u organizativos.<\/li>\n<li class=\"ta-justify\">Adquirir h\u00e1bitos de responsabilidad y autonom\u00eda basados en la pr\u00e1ctica de valores, favoreciendo las relaciones interpersonales y profesionales, trabajando en equipo y generando un ambiente favorable de convivencia que permita integrarse en los distintos \u00e1mbitos de la sociedad.<\/li>\n<li class=\"ta-justify\">Desarrollar h\u00e1bitos y valores acordes con la conservaci\u00f3n y sostenibilidad del patrimonio natural, analizando la interacci\u00f3n entre las sociedades humanas y el medio natural y valorando las consecuencias que se derivan de la acci\u00f3n humana sobre el medio.<\/li>\n<li class=\"ta-justify\">Valorar las diferentes manifestaciones art\u00edsticas y culturales de forma fundamentada utiliz\u00e1ndolas como fuente de enriquecimiento personal y social y desarrollando actitudes est\u00e9ticas y sensibles hacia la diversidad cultural y el patrimonio art\u00edstico.<\/li>\n<li class=\"ta-justify\">Comunicarse en diferentes situaciones laborales o sociales utilizando recursos ling\u00fc\u00edsticos con precisi\u00f3n y claridad, teniendo en cuenta el contexto y utilizando formas orales y escritas b\u00e1sicas tanto de la propia lengua como de alguna lengua extranjera.<\/li>\n<li class=\"ta-justify\">Resolver problemas predecibles relacionados con su entorno social y productivo utilizando los elementos proporcionados por las ciencias aplicadas y sociales y respetando la diversidad de opiniones como fuente de enriquecimiento en la toma de decisiones.<\/li>\n<li class=\"ta-justify\">Ejercer de manera activa y responsable los derechos y deberes derivados tanto de su actividad profesional como de su condici\u00f3n de ciudadano<\/li>\n<\/ul>\n<\/div>\n<\/div>\n<div class=\"elemento\" style=\"text-align: justify\">\n<h3 id=\"plan-formacion\" class=\"plan-formacion\">Plan de formaci\u00f3n<\/h3>\n<div class=\"cte\">\n<p class=\"ta-justify\">Los m\u00f3dulos de este ciclo formativo son los siguientes:<\/p>\n<ul>\n<li class=\"ta-justify\">Montaje y mantenimiento de sistemas y componentes inform\u00e1ticos.<\/li>\n<li class=\"ta-justify\">Operaciones auxiliares para la configuraci\u00f3n y la explotaci\u00f3n.<\/li>\n<li class=\"ta-justify\">Equipos el\u00e9ctricos y electr\u00f3nicos.<\/li>\n<li class=\"ta-justify\">Instalaci\u00f3n y mantenimiento de redes para transmisi\u00f3n de datos.<\/li>\n<li class=\"ta-justify\">Ciencias aplicadas I.<\/li>\n<li class=\"ta-justify\">Ciencias aplicadas II.<\/li>\n<li class=\"ta-justify\">Comunicaci\u00f3n y sociedad I.<\/li>\n<li class=\"ta-justify\">Comunicaci\u00f3n y sociedad II.<\/li>\n<li class=\"ta-justify\">Formaci\u00f3n en centros de trabajo<\/li>\n<\/ul>\n<\/div>\n<\/div>\n<div class=\"elemento\" style=\"text-align: justify\">\n<h3 id=\"que-hacer\" class=\"que-hacer\">Al finalizar mis estudios, \u00bfQu\u00e9 puedo hacer?<\/h3>\n<div class=\"cte\">\n<p class=\"ta-justify\"><strong>Trabajar como:<\/strong><\/p>\n<ul>\n<li class=\"ta-justify\">Ayudante de montador \/ montadora de antenas receptoras\/ televisi\u00f3n sat\u00e9lites.<\/li>\n<li class=\"ta-justify\">Ayudante de instalador-reparador \/ instaladora-reparadora de equipos telef\u00f3nicos y telegr\u00e1ficos.<\/li>\n<li class=\"ta-justify\">Ayudante de instalador \/ instaladora de equipos y sistemas de comunicaci\u00f3n.<\/li>\n<li class=\"ta-justify\">Ayudante de instalador-reparador \/ instaladora-reparadora de instalaciones telef\u00f3nicas.<\/li>\n<li class=\"ta-justify\">Ayudante de montador \/ montadora de sistemas microinform\u00e1ticos.<\/li>\n<li class=\"ta-justify\">Ayudante de mantenimiento de sistemas inform\u00e1ticos.<\/li>\n<li class=\"ta-justify\">Ayudante de instalador \/ instaladora de sistemas inform\u00e1ticos.<\/li>\n<li class=\"ta-justify\">Ayudante de instalador \/ instaladora de sistemas para transmisi\u00f3n de datos<\/li>\n<\/ul>\n<p class=\"ta-justify\"><strong>Seguir estudiando:<\/strong><\/p>\n<ul>\n<li class=\"ta-justify\">Un ciclo formativo de grado medio (Este t\u00edtulo tendr\u00e1 preferencia para la admisi\u00f3n a todos los t\u00edtulos de grado medio de las familias profesionales de Electricidad y Electr\u00f3nica, Inform\u00e1tica y Comunicaciones, Fabricaci\u00f3n Mec\u00e1nica, Instalaci\u00f3n y Mantenimiento, Energ\u00eda y Agua, Industrias Extractivas, Mar\u00edtimo-Pesquera, Qu\u00edmica, Transporte y Mantenimiento de Veh\u00edculos, Madera, Mueble y Corcho y Edificaci\u00f3n y Obra Civil<\/li>\n<\/ul>\n<\/div>\n<\/div>\n<div class=\"elemento\">\n<h3 id=\"salidas\" class=\"salidas\" style=\"text-align: justify\">\u00bfCu\u00e1les son las salidas profesionales?<\/h3>\n<div class=\"cte\">\n<p class=\"ta-justify\" style=\"text-align: justify\">Este profesional ejerce su actividad por cuenta ajena en empresas dedicadas a la comercializaci\u00f3n, montaje, mantenimiento y reparaci\u00f3n de sistemas microinform\u00e1ticos, equipos el\u00e9ctricos o electr\u00f3nicos y en empresas que utilicen sistemas inform\u00e1ticos, para su gesti\u00f3n.<\/p>\n<\/div>\n<\/div>\n<p>[\/et_pb_text][\/et_pb_column][\/et_pb_row][\/et_pb_section]<\/p>\n","protected":false},"excerpt":{"rendered":"<p>Formaci\u00f3n Profesional B\u00e1sica en Inform\u00e1tica y Comunicaciones Requisitos de acceso Tener cumplidos quince a\u00f1os, o cumplirlos durante el a\u00f1o natural en curso, y no superar los diecisiete a\u00f1os de edad en el momento del acceso o durante el a\u00f1o natural en curso. Haber cursado el primer ciclo de Educaci\u00f3n Secundaria Obligatoria (3\u00ba de la ESO) [&hellip;]<\/p>\n","protected":false},"author":17520,"featured_media":0,"parent":0,"menu_order":0,"comment_status":"closed","ping_status":"closed","template":"","meta":{"_et_pb_use_builder":"on","_et_pb_old_content":"","_et_gb_content_width":"","ngg_post_thumbnail":0,"footnotes":""},"aioseo_notices":[],"_links":{"self":[{"href":"https:\/\/blogsaverroes.juntadeandalucia.es\/iessaladillo\/wp-json\/wp\/v2\/pages\/26"}],"collection":[{"href":"https:\/\/blogsaverroes.juntadeandalucia.es\/iessaladillo\/wp-json\/wp\/v2\/pages"}],"about":[{"href":"https:\/\/blogsaverroes.juntadeandalucia.es\/iessaladillo\/wp-json\/wp\/v2\/types\/page"}],"author":[{"embeddable":true,"href":"https:\/\/blogsaverroes.juntadeandalucia.es\/iessaladillo\/wp-json\/wp\/v2\/users\/17520"}],"replies":[{"embeddable":true,"href":"https:\/\/blogsaverroes.juntadeandalucia.es\/iessaladillo\/wp-json\/wp\/v2\/comments?post=26"}],"version-history":[{"count":5,"href":"https:\/\/blogsaverroes.juntadeandalucia.es\/iessaladillo\/wp-json\/wp\/v2\/pages\/26\/revisions"}],"predecessor-version":[{"id":789,"href":"https:\/\/blogsaverroes.juntadeandalucia.es\/iessaladillo\/wp-json\/wp\/v2\/pages\/26\/revisions\/789"}],"wp:attachment":[{"href":"https:\/\/blogsaverroes.juntadeandalucia.es\/iessaladillo\/wp-json\/wp\/v2\/media?parent=26"}],"curies":[{"name":"wp","href":"https:\/\/api.w.org\/{rel}","templated":true}]}}