{"id":295,"date":"2020-01-23T11:42:26","date_gmt":"2020-01-23T10:42:26","guid":{"rendered":"http:\/\/blogsaverroes.juntadeandalucia.es\/pre\/nuevoiesv2\/?page_id=295"},"modified":"2023-10-10T12:06:01","modified_gmt":"2023-10-10T10:06:01","slug":"nuestra-historia","status":"publish","type":"page","link":"https:\/\/blogsaverroes.juntadeandalucia.es\/iessaladillo\/nuestra-historia\/","title":{"rendered":"Nuestra Historia"},"content":{"rendered":"<p>[et_pb_section fb_built=&#8221;1&#8243; _builder_version=&#8221;3.23.3&#8243; custom_padding=&#8221;0px||0px|&#8221; z_index_tablet=&#8221;500&#8243; box_shadow_horizontal_tablet=&#8221;0px&#8221; box_shadow_vertical_tablet=&#8221;0px&#8221; box_shadow_blur_tablet=&#8221;40px&#8221; box_shadow_spread_tablet=&#8221;0px&#8221; global_colors_info=&#8221;{}&#8221;][et_pb_row _builder_version=&#8221;3.25&#8243; custom_margin=&#8221;-10px|||&#8221; z_index_tablet=&#8221;500&#8243; box_shadow_horizontal_tablet=&#8221;0px&#8221; box_shadow_vertical_tablet=&#8221;0px&#8221; box_shadow_blur_tablet=&#8221;40px&#8221; box_shadow_spread_tablet=&#8221;0px&#8221; collapsed=&#8221;off&#8221; global_colors_info=&#8221;{}&#8221;][et_pb_column type=&#8221;4_4&#8243; _builder_version=&#8221;3.0.47&#8243; custom_padding=&#8221;|||&#8221; global_colors_info=&#8221;{}&#8221; custom_padding__hover=&#8221;|||&#8221;][et_pb_image src=&#8221;https:\/\/blogsaverroes.juntadeandalucia.es\/iessaladillo\/files\/2020\/02\/cabecera-interior-ies-3.png&#8221; admin_label=&#8221;Imagen de la portada&#8221; _builder_version=&#8221;4.5.0&#8243; vertical_offset_tablet=&#8221;0&#8243; horizontal_offset_tablet=&#8221;0&#8243; z_index_tablet=&#8221;500&#8243; box_shadow_horizontal_tablet=&#8221;0px&#8221; box_shadow_vertical_tablet=&#8221;0px&#8221; box_shadow_blur_tablet=&#8221;40px&#8221; box_shadow_spread_tablet=&#8221;0px&#8221; global_colors_info=&#8221;{}&#8221;][\/et_pb_image][et_pb_text admin_label=&#8221;Texto descriptivo&#8221; _builder_version=&#8221;4.14.5&#8243; hover_enabled=&#8221;0&#8243; z_index_tablet=&#8221;500&#8243; text_text_shadow_horizontal_length_tablet=&#8221;0px&#8221; text_text_shadow_vertical_length_tablet=&#8221;0px&#8221; text_text_shadow_blur_strength_tablet=&#8221;1px&#8221; link_text_shadow_horizontal_length_tablet=&#8221;0px&#8221; link_text_shadow_vertical_length_tablet=&#8221;0px&#8221; link_text_shadow_blur_strength_tablet=&#8221;1px&#8221; ul_text_shadow_horizontal_length_tablet=&#8221;0px&#8221; ul_text_shadow_vertical_length_tablet=&#8221;0px&#8221; ul_text_shadow_blur_strength_tablet=&#8221;1px&#8221; ol_text_shadow_horizontal_length_tablet=&#8221;0px&#8221; ol_text_shadow_vertical_length_tablet=&#8221;0px&#8221; ol_text_shadow_blur_strength_tablet=&#8221;1px&#8221; quote_text_shadow_horizontal_length_tablet=&#8221;0px&#8221; quote_text_shadow_vertical_length_tablet=&#8221;0px&#8221; quote_text_shadow_blur_strength_tablet=&#8221;1px&#8221; header_text_shadow_horizontal_length_tablet=&#8221;0px&#8221; header_text_shadow_vertical_length_tablet=&#8221;0px&#8221; header_text_shadow_blur_strength_tablet=&#8221;1px&#8221; header_2_text_shadow_horizontal_length_tablet=&#8221;0px&#8221; header_2_text_shadow_vertical_length_tablet=&#8221;0px&#8221; header_2_text_shadow_blur_strength_tablet=&#8221;1px&#8221; header_3_text_shadow_horizontal_length_tablet=&#8221;0px&#8221; header_3_text_shadow_vertical_length_tablet=&#8221;0px&#8221; header_3_text_shadow_blur_strength_tablet=&#8221;1px&#8221; header_4_text_shadow_horizontal_length_tablet=&#8221;0px&#8221; header_4_text_shadow_vertical_length_tablet=&#8221;0px&#8221; header_4_text_shadow_blur_strength_tablet=&#8221;1px&#8221; header_5_text_shadow_horizontal_length_tablet=&#8221;0px&#8221; header_5_text_shadow_vertical_length_tablet=&#8221;0px&#8221; header_5_text_shadow_blur_strength_tablet=&#8221;1px&#8221; header_6_text_shadow_horizontal_length_tablet=&#8221;0px&#8221; header_6_text_shadow_vertical_length_tablet=&#8221;0px&#8221; header_6_text_shadow_blur_strength_tablet=&#8221;1px&#8221; box_shadow_horizontal_tablet=&#8221;0px&#8221; box_shadow_vertical_tablet=&#8221;0px&#8221; box_shadow_blur_tablet=&#8221;40px&#8221; box_shadow_spread_tablet=&#8221;0px&#8221; global_colors_info=&#8221;{}&#8221; sticky_enabled=&#8221;0&#8243;]<\/p>\n<h2 style=\"text-align: justify\">Nuestra Historia<\/h2>\n<p style=\"text-align: justify\"><span style=\"font-size: 12pt\"><strong><span style=\"text-decoration: underline\">Primeros a\u00f1os (1985-1998)<\/span><\/strong><\/span><\/p>\n<ul style=\"text-align: justify\">\n<li>El Instituto Saladillo nace en el curso 1985-86 como secci\u00f3n del Instituto Mixto n\u00ba 2 de Algeciras.<\/li>\n<li>En el 1986-87 se convierte en centro independiente, pasando a denominarse Instituto de Bachillerato Mixto n\u00ba 3. En \u00e9l se imparten las ense\u00f1anzas de BUP y COU.<\/li>\n<li>A partir del curso 1992-93 pasa a denominarse Instituto de Bachillerato (IB) Saladillo, llegando a tener 875 alumnos\/as y 24 grupos, de los cuales 5 lo eran de COU.<\/li>\n<\/ul>\n<p style=\"text-align: justify\">&nbsp;<\/p>\n<p style=\"text-align: justify\"><span style=\"font-size: 12pt\"><strong><span style=\"text-decoration: underline\">Adaptaci\u00f3n a la LOGSE (1998-2002)<\/span><\/strong><\/span><\/p>\n<ul style=\"text-align: justify\">\n<li>En el curso 1998-99, ante la entrada en vigor de la LOGSE, el centro pasa a denominarse Instituto de Ense\u00f1anza Secundaria (IES) Saladillo y se integra dentro de una Zona de Actuaci\u00f3n Preferente (ZAEP).<\/li>\n<li>En ese mismo curso se le autoriza la impartici\u00f3n del 2\u00ba ciclo de la Ense\u00f1anza Secundaria Obligatoria (ESO), pasando a impartirse 3\u00ba de ESO a partir de dicho curso.<\/li>\n<li>En el 1999-00, se completa el ciclo pasando a impartir tambi\u00e9n 4\u00ba de ESO.<\/li>\n<li>Ese mismo curso se le autoriza la impartici\u00f3n del 1er ciclo de la Ense\u00f1anza Secundaria Obligatoria (ESO), aunque se retrasa su implantaci\u00f3n.<\/li>\n<li>En el 2001-02 se comienza a impartir 1\u00ba de ESO.<\/li>\n<li>Al siguiente curso, 2002-03, se completa el ciclo pasando a impartir tambi\u00e9n 2\u00ba de ESO.<\/li>\n<\/ul>\n<p style=\"text-align: justify\">&nbsp;<\/p>\n<p style=\"text-align: justify\"><span style=\"font-size: 12pt\"><strong><span style=\"text-decoration: underline\">Formaci\u00f3n Profesional y Planes Educativos (2002-2006)<\/span><\/strong><\/span><\/p>\n<ul style=\"text-align: justify\">\n<li>En el curso 2002-03 no s\u00f3lo se completa la Etapa de Secundaria Obligatoria) sino que en el Centro por primera vez recibe la autorizaci\u00f3n para impartir Formaci\u00f3n Profesional, concretamente el Ciclo Formativo de Grado Superior de Aplicaciones Inform\u00e1ticas.<\/li>\n<li>A partir de ese mismo curso el centro dispondr\u00e1 de un Aula de Integraci\u00f3n.<\/li>\n<li>Dando continuidad a su integraci\u00f3n en zona ZAEP ya una vez desaparecidas \u00e9stas, desde el curso 2004-05 el centro viene desarrollando dos nuevos planes educativos: de Compensaci\u00f3n Educativa y de Coeducaci\u00f3n.<\/li>\n<li>A partir del curso 2005-06 comienza la aplicaci\u00f3n de un nuevo proyecto, en este caso un Plan de Autoevaluaci\u00f3n y Mejora.<\/li>\n<li>En los \u00faltimos cursos acad\u00e9micos el IES Saladillo tiene un cupo de profesorado de alrededor de 60 miembros y de un alumnado que ronda los 600, distribuidos en 17 Departamentos Did\u00e1cticos y 25 grupos.<\/li>\n<\/ul>\n<p style=\"text-align: justify\">&nbsp;<\/p>\n<p style=\"text-align: justify\"><span style=\"font-size: 12pt\"><strong><span style=\"text-decoration: underline\">Centro TIC (2006-&#8230;)<\/span><\/strong><\/span><\/p>\n<ul>\n<li style=\"text-align: justify\">En el curso 2006-07 el centro aumenta su oferta de Formaci\u00f3n Profesional, extendi\u00e9ndose dentro de la misma familia profesional a otro tramo: el Ciclo Formativo de Grado Medio de Explotaci\u00f3n de Sistemas Inform\u00e1ticos.<\/li>\n<li style=\"text-align: justify\">Ese mismo curso, el centro comienza su adaptaci\u00f3n a las nuevas tecnolog\u00edas (centro TIC) tanto en su aplicaci\u00f3n did\u00e1ctica en el aula como en el \u00e1mbito de gesti\u00f3n incorpor\u00e1ndose a la red de Centros TIC de la Consejer\u00eda de Educaci\u00f3n de la Junta de Andaluc\u00eda.<\/li>\n<li style=\"text-align: justify\">En el curso 2009-2010 el centro comienza a impartir el Programa de Cualificaci\u00f3n Profesional Inicial &#8220;Auxiliar de Inform\u00e1tica&#8221;, correspondiente al nivel inicial de FP dentro de la misma familia profesional de &#8220;Inform\u00e1tica y Comunicaciones&#8221;. Asimismo, por Real Decreto, el t\u00edtulo de FP de grado medio &#8220;Explotaci\u00f3n de Sistemas Inform\u00e1ticos&#8221; pasa a denominarse &#8220;Sistemas Microinform\u00e1ticos y Redes&#8221;, introduciendo peque\u00f1as modificaciones, adapt\u00e1ndolo al Cat\u00e1logo Nacional de Cualificaciones Profesionales, por lo que durante dicho curso conviven ambos ciclos.<\/li>\n<li style=\"text-align: justify\">En el curso 2010-2011 el centro se incorpora al renombrado Proyecto Escuela TIC 2.0, por el que se dota a todas las aulas de 1\u00ba de ESO de pizarras digitales, y al alumnado y profesorado de 1\u00ba de ESO de ordenadores port\u00e1tiles personales.<\/li>\n<li style=\"text-align: justify\">En el curso 2011-2012 se comienza a impartir el Ciclo Formativo de Grado Superior &#8220;Desarrollo de Aplicaciones Multiplataforma&#8221;, que viene a sustituir y actualizar el antiguo Ciclo Formativo de Grado Superior &#8220;Desarrollo de Aplicaciones Inform\u00e1ticas&#8221;, adapt\u00e1ndolo al Cat\u00e1logo Nacional de Cualificaciones Profesionales, por lo que durante dicho curso conviven ambos ciclos.<\/li>\n<li style=\"text-align: justify\">En el curso 2014-2015 se comienza a impartir la denominada F.P. B\u00e1sica con la especialidad de Inform\u00e1tica, en sustituci\u00f3n del Programa de Cualificaci\u00f3n Profesional Inicial &#8220;Auxiliar de Inform\u00e1tica&#8221;.<\/li>\n<\/ul>\n<p>[\/et_pb_text][\/et_pb_column][\/et_pb_row][et_pb_row column_structure=&#8221;1_3,1_3,1_3&#8243; _builder_version=&#8221;3.25&#8243; background_size=&#8221;initial&#8221; background_position=&#8221;top_left&#8221; background_repeat=&#8221;repeat&#8221; global_colors_info=&#8221;{}&#8221;][et_pb_column type=&#8221;1_3&#8243; _builder_version=&#8221;3.0.47&#8243; custom_padding=&#8221;|||&#8221; global_colors_info=&#8221;{}&#8221; custom_padding__hover=&#8221;|||&#8221;][et_pb_image src=&#8221;https:\/\/blogsaverroes.juntadeandalucia.es\/iessaladillo\/files\/2020\/01\/descarga-1.jpg&#8221; align=&#8221;center&#8221; admin_label=&#8221;Imagen para Anuncio innovaci\u00f3n&#8221; _builder_version=&#8221;4.5.0&#8243; vertical_offset_tablet=&#8221;0&#8243; horizontal_offset_tablet=&#8221;0&#8243; z_index_tablet=&#8221;500&#8243; box_shadow_horizontal_tablet=&#8221;0px&#8221; box_shadow_vertical_tablet=&#8221;0px&#8221; box_shadow_blur_tablet=&#8221;40px&#8221; box_shadow_spread_tablet=&#8221;0px&#8221; global_colors_info=&#8221;{}&#8221;][\/et_pb_image][et_pb_blurb title=&#8221;Innovaci\u00f3n&#8221; use_icon=&#8221;on&#8221; font_icon=&#8221;&#xe01c;||divi||400&#8243; icon_placement=&#8221;left&#8221; admin_label=&#8221;Texto innovaci\u00f3n&#8221; _builder_version=&#8221;4.13.0&#8243; background_color=&#8221;#f18c8c&#8221; custom_padding=&#8221;20px|20px|20px|20px&#8221; z_index_tablet=&#8221;500&#8243; header_text_shadow_horizontal_length_tablet=&#8221;0px&#8221; header_text_shadow_vertical_length_tablet=&#8221;0px&#8221; header_text_shadow_blur_strength_tablet=&#8221;1px&#8221; body_text_shadow_horizontal_length_tablet=&#8221;0px&#8221; body_text_shadow_vertical_length_tablet=&#8221;0px&#8221; body_text_shadow_blur_strength_tablet=&#8221;1px&#8221; body_link_text_shadow_horizontal_length_tablet=&#8221;0px&#8221; body_link_text_shadow_vertical_length_tablet=&#8221;0px&#8221; body_link_text_shadow_blur_strength_tablet=&#8221;1px&#8221; body_ul_text_shadow_horizontal_length_tablet=&#8221;0px&#8221; body_ul_text_shadow_vertical_length_tablet=&#8221;0px&#8221; body_ul_text_shadow_blur_strength_tablet=&#8221;1px&#8221; body_ol_text_shadow_horizontal_length_tablet=&#8221;0px&#8221; body_ol_text_shadow_vertical_length_tablet=&#8221;0px&#8221; body_ol_text_shadow_blur_strength_tablet=&#8221;1px&#8221; body_quote_text_shadow_horizontal_length_tablet=&#8221;0px&#8221; body_quote_text_shadow_vertical_length_tablet=&#8221;0px&#8221; body_quote_text_shadow_blur_strength_tablet=&#8221;1px&#8221; box_shadow_horizontal_tablet=&#8221;0px&#8221; box_shadow_vertical_tablet=&#8221;0px&#8221; box_shadow_blur_tablet=&#8221;40px&#8221; box_shadow_spread_tablet=&#8221;0px&#8221; box_shadow_horizontal_image_tablet=&#8221;0px&#8221; box_shadow_vertical_image_tablet=&#8221;0px&#8221; box_shadow_blur_image_tablet=&#8221;40px&#8221; box_shadow_spread_image_tablet=&#8221;0px&#8221; text_shadow_horizontal_length_tablet=&#8221;0px&#8221; text_shadow_vertical_length_tablet=&#8221;0px&#8221; text_shadow_blur_strength_tablet=&#8221;1px&#8221; global_colors_info=&#8221;{}&#8221;]<\/p>\n<p>Nuevas tecnolog\u00edas en el centro<\/p>\n<p>[\/et_pb_blurb][\/et_pb_column][et_pb_column type=&#8221;1_3&#8243; _builder_version=&#8221;3.0.47&#8243; custom_padding=&#8221;|||&#8221; global_colors_info=&#8221;{}&#8221; custom_padding__hover=&#8221;|||&#8221;][et_pb_image src=&#8221;https:\/\/blogsaverroes.juntadeandalucia.es\/iessaladillo\/files\/2020\/01\/centro.jpg&#8221; align=&#8221;center&#8221; admin_label=&#8221;Imagen para anuncio biling\u00fce&#8221; _builder_version=&#8221;4.5.0&#8243; vertical_offset_tablet=&#8221;0&#8243; horizontal_offset_tablet=&#8221;0&#8243; z_index_tablet=&#8221;500&#8243; box_shadow_horizontal_tablet=&#8221;0px&#8221; box_shadow_vertical_tablet=&#8221;0px&#8221; box_shadow_blur_tablet=&#8221;40px&#8221; box_shadow_spread_tablet=&#8221;0px&#8221; global_colors_info=&#8221;{}&#8221;][\/et_pb_image][et_pb_blurb title=&#8221;centro biling\u00fce&#8221; use_icon=&#8221;on&#8221; font_icon=&#8221;&#xe0de;||divi||400&#8243; icon_placement=&#8221;left&#8221; admin_label=&#8221;Texto biling\u00fce&#8221; _builder_version=&#8221;4.13.0&#8243; background_color=&#8221;#f9e582&#8243; custom_padding=&#8221;20px|20px|20px|20px&#8221; z_index_tablet=&#8221;500&#8243; header_text_shadow_horizontal_length_tablet=&#8221;0px&#8221; header_text_shadow_vertical_length_tablet=&#8221;0px&#8221; header_text_shadow_blur_strength_tablet=&#8221;1px&#8221; body_text_shadow_horizontal_length_tablet=&#8221;0px&#8221; body_text_shadow_vertical_length_tablet=&#8221;0px&#8221; body_text_shadow_blur_strength_tablet=&#8221;1px&#8221; body_link_text_shadow_horizontal_length_tablet=&#8221;0px&#8221; body_link_text_shadow_vertical_length_tablet=&#8221;0px&#8221; body_link_text_shadow_blur_strength_tablet=&#8221;1px&#8221; body_ul_text_shadow_horizontal_length_tablet=&#8221;0px&#8221; body_ul_text_shadow_vertical_length_tablet=&#8221;0px&#8221; body_ul_text_shadow_blur_strength_tablet=&#8221;1px&#8221; body_ol_text_shadow_horizontal_length_tablet=&#8221;0px&#8221; body_ol_text_shadow_vertical_length_tablet=&#8221;0px&#8221; body_ol_text_shadow_blur_strength_tablet=&#8221;1px&#8221; body_quote_text_shadow_horizontal_length_tablet=&#8221;0px&#8221; body_quote_text_shadow_vertical_length_tablet=&#8221;0px&#8221; body_quote_text_shadow_blur_strength_tablet=&#8221;1px&#8221; box_shadow_horizontal_tablet=&#8221;0px&#8221; box_shadow_vertical_tablet=&#8221;0px&#8221; box_shadow_blur_tablet=&#8221;40px&#8221; box_shadow_spread_tablet=&#8221;0px&#8221; box_shadow_horizontal_image_tablet=&#8221;0px&#8221; box_shadow_vertical_image_tablet=&#8221;0px&#8221; box_shadow_blur_image_tablet=&#8221;40px&#8221; box_shadow_spread_image_tablet=&#8221;0px&#8221; text_shadow_horizontal_length_tablet=&#8221;0px&#8221; text_shadow_vertical_length_tablet=&#8221;0px&#8221; text_shadow_blur_strength_tablet=&#8221;1px&#8221; global_colors_info=&#8221;{}&#8221;]<\/p>\n<p>Impartimos las materias en Ingl\u00e9s y Castellano<\/p>\n<p>[\/et_pb_blurb][\/et_pb_column][et_pb_column type=&#8221;1_3&#8243; _builder_version=&#8221;3.0.47&#8243; custom_padding=&#8221;|||&#8221; global_colors_info=&#8221;{}&#8221; custom_padding__hover=&#8221;|||&#8221;][et_pb_image src=&#8221;https:\/\/blogsaverroes.juntadeandalucia.es\/iessaladillo\/files\/2020\/01\/sugerencia.jpg&#8221; align=&#8221;center&#8221; admin_label=&#8221;Imagen para anuncio contacta&#8221; _builder_version=&#8221;4.5.0&#8243; vertical_offset_tablet=&#8221;0&#8243; horizontal_offset_tablet=&#8221;0&#8243; z_index_tablet=&#8221;500&#8243; box_shadow_horizontal_tablet=&#8221;0px&#8221; box_shadow_vertical_tablet=&#8221;0px&#8221; box_shadow_blur_tablet=&#8221;40px&#8221; box_shadow_spread_tablet=&#8221;0px&#8221; global_colors_info=&#8221;{}&#8221;][\/et_pb_image][et_pb_blurb title=&#8221;Contacta&#8221; use_icon=&#8221;on&#8221; font_icon=&#8221;&#xe010;||divi||400&#8243; icon_placement=&#8221;left&#8221; admin_label=&#8221;Texto contacta&#8221; _builder_version=&#8221;4.13.0&#8243; background_color=&#8221;#9cebcf&#8221; custom_padding=&#8221;20px|20px|20px|20px&#8221; z_index_tablet=&#8221;500&#8243; header_text_shadow_horizontal_length_tablet=&#8221;0px&#8221; header_text_shadow_vertical_length_tablet=&#8221;0px&#8221; header_text_shadow_blur_strength_tablet=&#8221;1px&#8221; body_text_shadow_horizontal_length_tablet=&#8221;0px&#8221; body_text_shadow_vertical_length_tablet=&#8221;0px&#8221; body_text_shadow_blur_strength_tablet=&#8221;1px&#8221; body_link_text_shadow_horizontal_length_tablet=&#8221;0px&#8221; body_link_text_shadow_vertical_length_tablet=&#8221;0px&#8221; body_link_text_shadow_blur_strength_tablet=&#8221;1px&#8221; body_ul_text_shadow_horizontal_length_tablet=&#8221;0px&#8221; body_ul_text_shadow_vertical_length_tablet=&#8221;0px&#8221; body_ul_text_shadow_blur_strength_tablet=&#8221;1px&#8221; body_ol_text_shadow_horizontal_length_tablet=&#8221;0px&#8221; body_ol_text_shadow_vertical_length_tablet=&#8221;0px&#8221; body_ol_text_shadow_blur_strength_tablet=&#8221;1px&#8221; body_quote_text_shadow_horizontal_length_tablet=&#8221;0px&#8221; body_quote_text_shadow_vertical_length_tablet=&#8221;0px&#8221; body_quote_text_shadow_blur_strength_tablet=&#8221;1px&#8221; box_shadow_horizontal_tablet=&#8221;0px&#8221; box_shadow_vertical_tablet=&#8221;0px&#8221; box_shadow_blur_tablet=&#8221;40px&#8221; box_shadow_spread_tablet=&#8221;0px&#8221; box_shadow_horizontal_image_tablet=&#8221;0px&#8221; box_shadow_vertical_image_tablet=&#8221;0px&#8221; box_shadow_blur_image_tablet=&#8221;40px&#8221; box_shadow_spread_image_tablet=&#8221;0px&#8221; text_shadow_horizontal_length_tablet=&#8221;0px&#8221; text_shadow_vertical_length_tablet=&#8221;0px&#8221; text_shadow_blur_strength_tablet=&#8221;1px&#8221; global_colors_info=&#8221;{}&#8221;]<\/p>\n<p>Tenemos abierto nuestro buz\u00f3n de sugerencias<\/p>\n<p>[\/et_pb_blurb][\/et_pb_column][\/et_pb_row][\/et_pb_section]<\/p>\n","protected":false},"excerpt":{"rendered":"<p>Nuestra Historia Primeros a\u00f1os (1985-1998) El Instituto Saladillo nace en el curso 1985-86 como secci\u00f3n del Instituto Mixto n\u00ba 2 de Algeciras. En el 1986-87 se convierte en centro independiente, pasando a denominarse Instituto de Bachillerato Mixto n\u00ba 3. En \u00e9l se imparten las ense\u00f1anzas de BUP y COU. A partir del curso 1992-93 pasa [&hellip;]<\/p>\n","protected":false},"author":17520,"featured_media":0,"parent":0,"menu_order":0,"comment_status":"closed","ping_status":"closed","template":"","meta":{"_et_pb_use_builder":"on","_et_pb_old_content":"","_et_gb_content_width":"","ngg_post_thumbnail":0,"footnotes":""},"aioseo_notices":[],"_links":{"self":[{"href":"https:\/\/blogsaverroes.juntadeandalucia.es\/iessaladillo\/wp-json\/wp\/v2\/pages\/295"}],"collection":[{"href":"https:\/\/blogsaverroes.juntadeandalucia.es\/iessaladillo\/wp-json\/wp\/v2\/pages"}],"about":[{"href":"https:\/\/blogsaverroes.juntadeandalucia.es\/iessaladillo\/wp-json\/wp\/v2\/types\/page"}],"author":[{"embeddable":true,"href":"https:\/\/blogsaverroes.juntadeandalucia.es\/iessaladillo\/wp-json\/wp\/v2\/users\/17520"}],"replies":[{"embeddable":true,"href":"https:\/\/blogsaverroes.juntadeandalucia.es\/iessaladillo\/wp-json\/wp\/v2\/comments?post=295"}],"version-history":[{"count":6,"href":"https:\/\/blogsaverroes.juntadeandalucia.es\/iessaladillo\/wp-json\/wp\/v2\/pages\/295\/revisions"}],"predecessor-version":[{"id":762,"href":"https:\/\/blogsaverroes.juntadeandalucia.es\/iessaladillo\/wp-json\/wp\/v2\/pages\/295\/revisions\/762"}],"wp:attachment":[{"href":"https:\/\/blogsaverroes.juntadeandalucia.es\/iessaladillo\/wp-json\/wp\/v2\/media?parent=295"}],"curies":[{"name":"wp","href":"https:\/\/api.w.org\/{rel}","templated":true}]}}