{"id":710,"date":"2023-06-22T10:53:54","date_gmt":"2023-06-22T08:53:54","guid":{"rendered":"https:\/\/blogsaverroes.juntadeandalucia.es\/iessaladillo\/?page_id=710"},"modified":"2023-10-10T12:19:37","modified_gmt":"2023-10-10T10:19:37","slug":"cfgm-smr","status":"publish","type":"page","link":"https:\/\/blogsaverroes.juntadeandalucia.es\/iessaladillo\/cfgm-smr\/","title":{"rendered":"CFGM Sistemas Microinform\u00e1ticos y Redes"},"content":{"rendered":"<p>[et_pb_section fb_built=&#8221;1&#8243; _builder_version=&#8221;3.23.3&#8243; custom_padding=&#8221;0px||0px|&#8221; z_index_tablet=&#8221;500&#8243; box_shadow_horizontal_tablet=&#8221;0px&#8221; box_shadow_vertical_tablet=&#8221;0px&#8221; box_shadow_blur_tablet=&#8221;40px&#8221; box_shadow_spread_tablet=&#8221;0px&#8221; global_colors_info=&#8221;{}&#8221;][et_pb_row _builder_version=&#8221;3.25&#8243; background_size=&#8221;initial&#8221; background_position=&#8221;top_left&#8221; background_repeat=&#8221;repeat&#8221; global_colors_info=&#8221;{}&#8221;][et_pb_column type=&#8221;4_4&#8243; _builder_version=&#8221;3.0.47&#8243; custom_padding=&#8221;|||&#8221; global_colors_info=&#8221;{}&#8221; custom_padding__hover=&#8221;|||&#8221;][et_pb_image src=&#8221;https:\/\/blogsaverroes.juntadeandalucia.es\/iessaladillo\/files\/2020\/01\/cabecera-interior-ies-3-3.png&#8221; admin_label=&#8221;Imagen de la portada&#8221; _builder_version=&#8221;4.5.0&#8243; vertical_offset_tablet=&#8221;0&#8243; horizontal_offset_tablet=&#8221;0&#8243; z_index_tablet=&#8221;500&#8243; box_shadow_horizontal_tablet=&#8221;0px&#8221; box_shadow_vertical_tablet=&#8221;0px&#8221; box_shadow_blur_tablet=&#8221;40px&#8221; box_shadow_spread_tablet=&#8221;0px&#8221; global_colors_info=&#8221;{}&#8221;][\/et_pb_image][et_pb_text admin_label=&#8221;Texto descriptivo&#8221; _builder_version=&#8221;4.14.5&#8243; hover_enabled=&#8221;0&#8243; z_index_tablet=&#8221;500&#8243; text_text_shadow_horizontal_length_tablet=&#8221;0px&#8221; text_text_shadow_vertical_length_tablet=&#8221;0px&#8221; text_text_shadow_blur_strength_tablet=&#8221;1px&#8221; link_text_shadow_horizontal_length_tablet=&#8221;0px&#8221; link_text_shadow_vertical_length_tablet=&#8221;0px&#8221; link_text_shadow_blur_strength_tablet=&#8221;1px&#8221; ul_text_shadow_horizontal_length_tablet=&#8221;0px&#8221; ul_text_shadow_vertical_length_tablet=&#8221;0px&#8221; ul_text_shadow_blur_strength_tablet=&#8221;1px&#8221; ol_text_shadow_horizontal_length_tablet=&#8221;0px&#8221; ol_text_shadow_vertical_length_tablet=&#8221;0px&#8221; ol_text_shadow_blur_strength_tablet=&#8221;1px&#8221; quote_text_shadow_horizontal_length_tablet=&#8221;0px&#8221; quote_text_shadow_vertical_length_tablet=&#8221;0px&#8221; quote_text_shadow_blur_strength_tablet=&#8221;1px&#8221; header_text_shadow_horizontal_length_tablet=&#8221;0px&#8221; header_text_shadow_vertical_length_tablet=&#8221;0px&#8221; header_text_shadow_blur_strength_tablet=&#8221;1px&#8221; header_2_text_shadow_horizontal_length_tablet=&#8221;0px&#8221; header_2_text_shadow_vertical_length_tablet=&#8221;0px&#8221; header_2_text_shadow_blur_strength_tablet=&#8221;1px&#8221; header_3_text_shadow_horizontal_length_tablet=&#8221;0px&#8221; header_3_text_shadow_vertical_length_tablet=&#8221;0px&#8221; header_3_text_shadow_blur_strength_tablet=&#8221;1px&#8221; header_4_text_shadow_horizontal_length_tablet=&#8221;0px&#8221; header_4_text_shadow_vertical_length_tablet=&#8221;0px&#8221; header_4_text_shadow_blur_strength_tablet=&#8221;1px&#8221; header_5_text_shadow_horizontal_length_tablet=&#8221;0px&#8221; header_5_text_shadow_vertical_length_tablet=&#8221;0px&#8221; header_5_text_shadow_blur_strength_tablet=&#8221;1px&#8221; header_6_text_shadow_horizontal_length_tablet=&#8221;0px&#8221; header_6_text_shadow_vertical_length_tablet=&#8221;0px&#8221; header_6_text_shadow_blur_strength_tablet=&#8221;1px&#8221; box_shadow_horizontal_tablet=&#8221;0px&#8221; box_shadow_vertical_tablet=&#8221;0px&#8221; box_shadow_blur_tablet=&#8221;40px&#8221; box_shadow_spread_tablet=&#8221;0px&#8221; global_colors_info=&#8221;{}&#8221; sticky_enabled=&#8221;0&#8243;]<\/p>\n<header class=\"entry-header \">\n<h1 class=\"entry-title\" style=\"text-align: justify\">CFGM Sistemas Microinform\u00e1ticos y Redes<\/h1>\n<\/header>\n<div class=\"entry-content\">\n<p style=\"text-align: justify\">El Real Decreto 1691\/2007, de 14 de diciembre (BOE de 17 de enero de 2008) establece las ense\u00f1anzas correspondientes al t\u00edtulo de formaci\u00f3n profesional de T\u00e9cnico en Sistemas Microinform\u00e1ticos y Redes (ver archivo adjunto). La Orden de 7 de julio de 2009 de la Consejer\u00eda de Educaci\u00f3n de la Junta de Andaluc\u00eda (BOJA de 25 de agosto de 2009) desarrolla el curr\u00edculo correspondiente a dicho ciclo formativo. A continuaci\u00f3n se muestran las caracter\u00edsticas generales del ciclo, agrupadas por categor\u00eda:<\/p>\n<h2 style=\"text-align: justify\">Estructura<\/h2>\n<p style=\"text-align: justify\">El CFGM SMR tiene una duraci\u00f3n de 2000 horas, repartidas en dos cursos acad\u00e9micos, incluyendo un trimestre de Formaci\u00f3n en Centros de Trabajo (FCT) en empresas del sector. A continuaci\u00f3n se muestra la relaci\u00f3n de m\u00f3dulos (asignaturas) del ciclo, mostrando su n\u00famero de horas, el curso y el lugar en el que se imparte:<\/p>\n<table border=\"1\" width=\"100%\">\n<thead>\n<tr>\n<th valign=\"middle\">Lugar<\/th>\n<th valign=\"middle\">Curso<\/th>\n<th valign=\"middle\">M\u00f3dulo (asignatura)<\/th>\n<th valign=\"middle\">Horas \/semana<\/th>\n<th valign=\"middle\">Horas totales<\/th>\n<\/tr>\n<\/thead>\n<tbody>\n<tr>\n<td rowspan=\"11\" valign=\"top\">Instituto<\/td>\n<td rowspan=\"5\" valign=\"top\">1\u00ba<\/td>\n<td valign=\"top\">Montaje y mantenimiento de equipos<\/td>\n<td valign=\"top\">7<\/td>\n<td valign=\"top\">224<\/td>\n<\/tr>\n<tr>\n<td valign=\"top\">Sistemas operativos monopuesto<\/td>\n<td valign=\"top\">5<\/td>\n<td valign=\"top\">160<\/td>\n<\/tr>\n<tr>\n<td valign=\"top\">Aplicaciones ofim\u00e1ticas<\/td>\n<td valign=\"top\">8<\/td>\n<td valign=\"top\">256<\/td>\n<\/tr>\n<tr>\n<td valign=\"top\">Redes locales<\/td>\n<td valign=\"top\">7<\/td>\n<td valign=\"top\">224<\/td>\n<\/tr>\n<tr>\n<td valign=\"top\">Formaci\u00f3n y orientaci\u00f3n laboral<\/td>\n<td valign=\"top\">3<\/td>\n<td valign=\"top\">96<\/td>\n<\/tr>\n<tr>\n<td rowspan=\"7\" valign=\"top\">2\u00ba<\/td>\n<td valign=\"top\">Sistemas operativos en red<\/td>\n<td valign=\"top\">7<\/td>\n<td valign=\"top\">147<\/td>\n<\/tr>\n<tr>\n<td valign=\"top\">Seguridad inform\u00e1tica<\/td>\n<td valign=\"top\">5<\/td>\n<td valign=\"top\">105<\/td>\n<\/tr>\n<tr>\n<td valign=\"top\">Servicios en red<\/td>\n<td valign=\"top\">7<\/td>\n<td valign=\"top\">147<\/td>\n<\/tr>\n<tr>\n<td valign=\"top\">Aplicaciones web<\/td>\n<td valign=\"top\">4<\/td>\n<td valign=\"top\">84<\/td>\n<\/tr>\n<tr>\n<td valign=\"top\">Empresa e iniciativa empresarial<\/td>\n<td valign=\"top\">4<\/td>\n<td valign=\"top\">84<\/td>\n<\/tr>\n<tr>\n<td>Horas de libre configuraci\u00f3n por el departamento<\/td>\n<td>3<\/td>\n<td>63<\/td>\n<\/tr>\n<tr>\n<td valign=\"top\">Empresa<\/td>\n<td valign=\"top\">Formaci\u00f3n en Centros de Trabajo<\/td>\n<td valign=\"top\">&nbsp;<\/td>\n<td>410<\/td>\n<\/tr>\n<\/tbody>\n<\/table>\n<p style=\"text-align: justify\">&nbsp;<\/p>\n<h2 style=\"text-align: justify\">Cualificaciones y competencias<\/h2>\n<p style=\"text-align: justify\">El t\u00edtulo de T\u00e9cnico en Sistemas Microinform\u00e1ticos y Redes incluye las siguientes cualificaciones y unidades de competencia del Cat\u00e1logo Nacional de Cualificaciones Profesionales completas:<\/p>\n<ul style=\"text-align: justify\">\n<li>Sistemas microinform\u00e1ticos IFC078_2 (Real Decreto 295\/2004, 20 febrero), que comprende las siguientes unidades de competencia:\n<ul>\n<li>UC0219_2: Instalar y configurar el software base en sistemas microinform\u00e1ticos.<\/li>\n<li>UC0220_2: Instalar, configurar y verificar los elementos de la red local seg\u00fan procedimientos establecidos.<\/li>\n<li>UC0221_2: Instalar, configurar y mantener paquetes inform\u00e1ticos de prop\u00f3sito general y aplicaciones espec\u00c3ficas.<\/li>\n<li>UC0222_2: Facilitar al usuario la utilizaci\u00f3n de paquetes inform\u00e1ticos de prop\u00f3sito general y aplicaciones espec\u00c3ficas.<\/li>\n<\/ul>\n<\/li>\n<li>Montaje y reparaci\u00f3n de sistemas microinform\u00e1ticos IFC298_2 (Real Decreto 1201\/2007, 14 septiembre), que comprende las siguientes unidades de competencia:\n<ul>\n<li>UC0953_2: Montar equipos microinform\u00e1ticos.<\/li>\n<li>UC0219_2: Instalar y configurar el software base en\u00c2&nbsp; sistemas microinform\u00e1ticos.<\/li>\n<li>UC0954_2: Reparar y ampliar equipamiento microinform\u00e1tico.<\/li>\n<\/ul>\n<\/li>\n<li>Operaci\u00f3n de redes departamentales IFC299_2:&nbsp; (Real Decreto 1201\/2007, 14 septiembre), que comprende las siguientes unidades de competencia:\n<ul>\n<li>UC0220_2: Instalar, configurar y verificar los elementos de la red local seg\u00fan procedimientos preestablecidos.<\/li>\n<li>UC0955_2: Monitorizar los procesos de comunicaciones de la red local.<\/li>\n<li>UC0956_2: Realizar los procesos de conexi\u00f3n entre redes privadas y redes p\u00fablicas.<\/li>\n<\/ul>\n<\/li>\n<li>Operaci\u00f3n de sistemas inform\u00e1ticos IFC300_2: (Real Decreto 1201\/2007, 14 septiembre), que comprende las siguientes unidades de competencia:\n<ul>\n<li>UC0219_2: Instalar y configurar el software base en sistemas microinform\u00e1ticos.<\/li>\n<li>UC0957_2: Mantener y regular el subsistema f\u00edsico en sistemas inform\u00e1ticos.<\/li>\n<li>UC0958_2: Ejecutar procedimientos de administraci\u00f3n y mantenimiento en el software base y de aplicaci\u00f3n del cliente.<\/li>\n<li>UC0959_2: Mantener la seguridad de los subsistemas f\u00edsicos y l\u00f3gicos en sistemas inform\u00e1ticos.<\/li>\n<\/ul>\n<\/li>\n<\/ul>\n<h2 style=\"text-align: justify\">Estudios superiores<\/h2>\n<p style=\"text-align: justify\">Los titulados en Sistemas Microinform\u00e1ticos y Redes tienen acceso a los siguientes estudios superiores:<\/p>\n<ul style=\"text-align: justify\">\n<li>Cualquier modalidad de Bachillerato.<\/li>\n<li>Cualquier otro ciclo formativo de grado medio.<\/li>\n<li>Cualquier ciclo formativo de grado superior de la misma familia profesional (o, provisionalmente, relacionado) mediante prueba de acceso.<\/li>\n<\/ul>\n<h2 style=\"text-align: justify\">Salidas profesionales<\/h2>\n<p style=\"text-align: justify\">El sector Inform\u00e1tico es actualmente uno de los sectores laborales de mayor crecimiento econ\u00f3mico, con una amplia oferta de empleo estable y al que pertenecen numerosas empresas de imporante calado dentro de la comunidad empresarial del Campo de Gibraltar, ya sea como actividad principal o a trav\u00e9s de sus departamentos de inform\u00e1tica o centros de proceso de datos (CPDs).<\/p>\n<h2 style=\"text-align: justify\">M\u00e1s informaci\u00f3n<\/h2>\n<ul>\n<li style=\"text-align: justify\">Real Decreto 1691\/2007 por el que se establece el t\u00edtulo de T\u00e9cnico en Sistemas Microinform\u00e1ticos y Redes<\/li>\n<li style=\"text-align: justify\">Orden de 7 de julio de 2009 de la Consejer\u00eda de Educaci\u00f3n que desarrolla el curr\u00edculo del CFGM Sist. Microinform\u00e1ticos y Redes<\/li>\n<li style=\"text-align: justify\">Gu\u00eda para el profesorado del CFGM Sistema Microinform\u00e1ticos y Redes<\/li>\n<li style=\"text-align: justify\">Web de la Consejer\u00eda de Educaci\u00f3n<\/li>\n<\/ul>\n<\/div>\n<p>[\/et_pb_text][\/et_pb_column][\/et_pb_row][\/et_pb_section]<\/p>\n","protected":false},"excerpt":{"rendered":"<p>CFGM Sistemas Microinform\u00e1ticos y Redes El Real Decreto 1691\/2007, de 14 de diciembre (BOE de 17 de enero de 2008) establece las ense\u00f1anzas correspondientes al t\u00edtulo de formaci\u00f3n profesional de T\u00e9cnico en Sistemas Microinform\u00e1ticos y Redes (ver archivo adjunto). La Orden de 7 de julio de 2009 de la Consejer\u00eda de Educaci\u00f3n de la Junta [&hellip;]<\/p>\n","protected":false},"author":17520,"featured_media":0,"parent":0,"menu_order":0,"comment_status":"closed","ping_status":"closed","template":"","meta":{"_et_pb_use_builder":"on","_et_pb_old_content":"","_et_gb_content_width":"","ngg_post_thumbnail":0,"footnotes":""},"aioseo_notices":[],"_links":{"self":[{"href":"https:\/\/blogsaverroes.juntadeandalucia.es\/iessaladillo\/wp-json\/wp\/v2\/pages\/710"}],"collection":[{"href":"https:\/\/blogsaverroes.juntadeandalucia.es\/iessaladillo\/wp-json\/wp\/v2\/pages"}],"about":[{"href":"https:\/\/blogsaverroes.juntadeandalucia.es\/iessaladillo\/wp-json\/wp\/v2\/types\/page"}],"author":[{"embeddable":true,"href":"https:\/\/blogsaverroes.juntadeandalucia.es\/iessaladillo\/wp-json\/wp\/v2\/users\/17520"}],"replies":[{"embeddable":true,"href":"https:\/\/blogsaverroes.juntadeandalucia.es\/iessaladillo\/wp-json\/wp\/v2\/comments?post=710"}],"version-history":[{"count":6,"href":"https:\/\/blogsaverroes.juntadeandalucia.es\/iessaladillo\/wp-json\/wp\/v2\/pages\/710\/revisions"}],"predecessor-version":[{"id":790,"href":"https:\/\/blogsaverroes.juntadeandalucia.es\/iessaladillo\/wp-json\/wp\/v2\/pages\/710\/revisions\/790"}],"wp:attachment":[{"href":"https:\/\/blogsaverroes.juntadeandalucia.es\/iessaladillo\/wp-json\/wp\/v2\/media?parent=710"}],"curies":[{"name":"wp","href":"https:\/\/api.w.org\/{rel}","templated":true}]}}