{"id":730,"date":"2023-06-22T11:12:09","date_gmt":"2023-06-22T09:12:09","guid":{"rendered":"https:\/\/blogsaverroes.juntadeandalucia.es\/iessaladillo\/?page_id=730"},"modified":"2023-10-10T12:28:25","modified_gmt":"2023-10-10T10:28:25","slug":"cfgs-dam","status":"publish","type":"page","link":"https:\/\/blogsaverroes.juntadeandalucia.es\/iessaladillo\/cfgs-dam\/","title":{"rendered":"CFGS Desarrollo de Aplicaciones Multiplataforma"},"content":{"rendered":"<p>[et_pb_section fb_built=&#8221;1&#8243; _builder_version=&#8221;3.23.3&#8243; custom_padding=&#8221;0px||0px|&#8221; z_index_tablet=&#8221;500&#8243; box_shadow_horizontal_tablet=&#8221;0px&#8221; box_shadow_vertical_tablet=&#8221;0px&#8221; box_shadow_blur_tablet=&#8221;40px&#8221; box_shadow_spread_tablet=&#8221;0px&#8221; global_colors_info=&#8221;{}&#8221;][et_pb_row _builder_version=&#8221;3.25&#8243; background_size=&#8221;initial&#8221; background_position=&#8221;top_left&#8221; background_repeat=&#8221;repeat&#8221; global_colors_info=&#8221;{}&#8221;][et_pb_column type=&#8221;4_4&#8243; _builder_version=&#8221;3.0.47&#8243; custom_padding=&#8221;|||&#8221; global_colors_info=&#8221;{}&#8221; custom_padding__hover=&#8221;|||&#8221;][et_pb_image src=&#8221;https:\/\/blogsaverroes.juntadeandalucia.es\/iessaladillo\/files\/2020\/01\/cabecera-interior-ies-3-3.png&#8221; admin_label=&#8221;Imagen de la portada&#8221; _builder_version=&#8221;4.5.0&#8243; vertical_offset_tablet=&#8221;0&#8243; horizontal_offset_tablet=&#8221;0&#8243; z_index_tablet=&#8221;500&#8243; box_shadow_horizontal_tablet=&#8221;0px&#8221; box_shadow_vertical_tablet=&#8221;0px&#8221; box_shadow_blur_tablet=&#8221;40px&#8221; box_shadow_spread_tablet=&#8221;0px&#8221; global_colors_info=&#8221;{}&#8221;][\/et_pb_image][et_pb_text admin_label=&#8221;Texto descriptivo&#8221; _builder_version=&#8221;4.14.5&#8243; hover_enabled=&#8221;0&#8243; z_index_tablet=&#8221;500&#8243; text_text_shadow_horizontal_length_tablet=&#8221;0px&#8221; text_text_shadow_vertical_length_tablet=&#8221;0px&#8221; text_text_shadow_blur_strength_tablet=&#8221;1px&#8221; link_text_shadow_horizontal_length_tablet=&#8221;0px&#8221; link_text_shadow_vertical_length_tablet=&#8221;0px&#8221; link_text_shadow_blur_strength_tablet=&#8221;1px&#8221; ul_text_shadow_horizontal_length_tablet=&#8221;0px&#8221; ul_text_shadow_vertical_length_tablet=&#8221;0px&#8221; ul_text_shadow_blur_strength_tablet=&#8221;1px&#8221; ol_text_shadow_horizontal_length_tablet=&#8221;0px&#8221; ol_text_shadow_vertical_length_tablet=&#8221;0px&#8221; ol_text_shadow_blur_strength_tablet=&#8221;1px&#8221; quote_text_shadow_horizontal_length_tablet=&#8221;0px&#8221; quote_text_shadow_vertical_length_tablet=&#8221;0px&#8221; quote_text_shadow_blur_strength_tablet=&#8221;1px&#8221; header_text_shadow_horizontal_length_tablet=&#8221;0px&#8221; header_text_shadow_vertical_length_tablet=&#8221;0px&#8221; header_text_shadow_blur_strength_tablet=&#8221;1px&#8221; header_2_text_shadow_horizontal_length_tablet=&#8221;0px&#8221; header_2_text_shadow_vertical_length_tablet=&#8221;0px&#8221; header_2_text_shadow_blur_strength_tablet=&#8221;1px&#8221; header_3_text_shadow_horizontal_length_tablet=&#8221;0px&#8221; header_3_text_shadow_vertical_length_tablet=&#8221;0px&#8221; header_3_text_shadow_blur_strength_tablet=&#8221;1px&#8221; header_4_text_shadow_horizontal_length_tablet=&#8221;0px&#8221; header_4_text_shadow_vertical_length_tablet=&#8221;0px&#8221; header_4_text_shadow_blur_strength_tablet=&#8221;1px&#8221; header_5_text_shadow_horizontal_length_tablet=&#8221;0px&#8221; header_5_text_shadow_vertical_length_tablet=&#8221;0px&#8221; header_5_text_shadow_blur_strength_tablet=&#8221;1px&#8221; header_6_text_shadow_horizontal_length_tablet=&#8221;0px&#8221; header_6_text_shadow_vertical_length_tablet=&#8221;0px&#8221; header_6_text_shadow_blur_strength_tablet=&#8221;1px&#8221; box_shadow_horizontal_tablet=&#8221;0px&#8221; box_shadow_vertical_tablet=&#8221;0px&#8221; box_shadow_blur_tablet=&#8221;40px&#8221; box_shadow_spread_tablet=&#8221;0px&#8221; global_colors_info=&#8221;{}&#8221; sticky_enabled=&#8221;0&#8243;]<\/p>\n<header class=\"entry-header \">\n<h1 class=\"entry-title\" style=\"text-align: justify\">CFGS Desarrollo de Aplicaciones Multiplataforma<\/h1>\n<\/header>\n<div class=\"entry-content\">\n<p style=\"text-align: justify\">El Real Decreto 450\/2010, de16 de abril (BOE de 20 de mayo de 2010) establece las ense\u00f1anzas correspondientes al t\u00edtulo de formaci\u00f3n profesional de T\u00e9cnico Superior en Desarrollo de Aplicaciones Multiplataforma. La Orden de 16 de junio de 2011 de la Consejer\u00eda de Educaci\u00f3n de la Junta de Andaluc\u00eda (BOJA de 21 de julio de 2011) desarrolla el curr\u00edculo correspondiente a dicho ciclo formativo.<\/p>\n<p style=\"text-align: justify\">A continuaci\u00f3n se muestran las caracter\u00edsticas generales del ciclo, agrupadas por categor\u00eda:<\/p>\n<h2 style=\"text-align: justify\">Estructura<\/h2>\n<p style=\"text-align: justify\">El CFGS DAM tiene una duraci\u00f3n de 2000 horas, repartidas en dos cursos acad\u00e9micos, incluyendo 400 horas de Formaci\u00f3n en Centros de Trabajo (FCT) en empresas del sector.<\/p>\n<p style=\"text-align: justify\">A continuaci\u00f3n se muestra la relaci\u00f3n de m\u00f3dulos (asignaturas) del ciclo, mostrando su n\u00famero de horas, el curso y el lugar en el que se imparte (el n\u00famero de horas de cada m\u00f3dulo tiene car\u00e1cter provisional en espera de la publicaci\u00f3n de la Orden correspondiente de la Consejer\u00eda de Educaci\u00f3n):<\/p>\n<table border=\"1\" width=\"100%\">\n<thead>\n<tr>\n<th valign=\"middle\">Lugar<\/th>\n<th valign=\"middle\">Curso<\/th>\n<th valign=\"middle\">M\u00f3dulo (asignatura)<\/th>\n<th valign=\"middle\">Horas \/<br \/>semana<\/th>\n<th valign=\"middle\">Horas<br \/>totales<\/th>\n<\/tr>\n<\/thead>\n<tbody>\n<tr>\n<td rowspan=\"14\" valign=\"top\">Instituto<\/td>\n<td rowspan=\"6\" valign=\"top\">1\u00ba<\/td>\n<td valign=\"top\">0483. Sistemas inform\u00e1ticos<\/td>\n<td valign=\"top\">6<\/td>\n<td valign=\"top\">192<\/td>\n<\/tr>\n<tr>\n<td valign=\"top\">0484. Bases de datos<\/td>\n<td valign=\"top\">6<\/td>\n<td valign=\"top\">192<\/td>\n<\/tr>\n<tr>\n<td valign=\"top\">0485. Programaci\u00f3n<\/td>\n<td valign=\"top\">8<\/td>\n<td valign=\"top\">256<\/td>\n<\/tr>\n<tr>\n<td valign=\"top\">0373. Lenguajes de marcas y sistemas de gesti\u00f3n de informaci\u00f3n<\/td>\n<td valign=\"top\">4<\/td>\n<td valign=\"top\">128<\/td>\n<\/tr>\n<tr>\n<td>0487. Entornos de desarrollo<\/td>\n<td>3<\/td>\n<td>96<\/td>\n<\/tr>\n<tr>\n<td>0493. Formaci\u00f3n y orientaci\u00f3n laboral<\/td>\n<td>3<\/td>\n<td>96<\/td>\n<\/tr>\n<tr>\n<td rowspan=\"9\" valign=\"top\">2\u00ba<\/td>\n<td valign=\"top\">0486. Acceso a datos<\/td>\n<td valign=\"top\">5<\/td>\n<td valign=\"top\">105<\/td>\n<\/tr>\n<tr>\n<td valign=\"top\">0488. Desarrollo de interfaces<\/td>\n<td valign=\"top\">7<\/td>\n<td valign=\"top\">147<\/td>\n<\/tr>\n<tr>\n<td valign=\"top\">0489. Programaci\u00f3n multimedia y dispositivos m\u00f3viles<\/td>\n<td valign=\"top\">4<\/td>\n<td valign=\"top\">84<\/td>\n<\/tr>\n<tr>\n<td>0490. Programaci\u00f3n de servicios y procesos<\/td>\n<td>3<\/td>\n<td>63<\/td>\n<\/tr>\n<tr>\n<td>0491. Sistemas de gesti\u00f3n empresarial<\/td>\n<td>4<\/td>\n<td>84<\/td>\n<\/tr>\n<tr>\n<td>0494. Empresa e iniciativa emprendedora<\/td>\n<td>4<\/td>\n<td>84<\/td>\n<\/tr>\n<tr>\n<td>Horario de libre configuraci\u00f3n por el departamento<\/td>\n<td>3<\/td>\n<td>63<\/td>\n<\/tr>\n<tr>\n<td>0492. Proyecto de desarrollo de aplicaciones multiplataforma<\/td>\n<td colspan=\"2\">40 horas<\/td>\n<\/tr>\n<tr>\n<td valign=\"top\">Empresa<\/td>\n<td valign=\"top\">0495. Formaci\u00f3n en Centros de Trabajo<\/td>\n<td colspan=\"2\" valign=\"top\">370 horas<\/td>\n<\/tr>\n<\/tbody>\n<\/table>\n<h2 style=\"text-align: justify\">Cualificaciones y unidades de competencia<\/h2>\n<p style=\"text-align: justify\">El t\u00edtulo de T\u00e9cnico Superior en Desarrollo de Aplicaciones Multiplataforma incluye las siguientes cualificaciones y unidades de competencia del Cat\u00e1logo Nacional de Cualificaciones Profesionales:<\/p>\n<p style=\"text-align: justify\">1. Cualificaciones profesionales completas:<\/p>\n<ul style=\"text-align: justify\">\n<li>Programaci\u00f3n en lenguajes estructurados de aplicaciones de gesti\u00f3n IFC155_3 (R.D. 1087\/2005, de 16 de septiembre), que comprende las siguientes unidades de competencia:\n<ul>\n<li>UC0223_3: Configurar y explotar sistemas inform\u00e1ticos.<\/li>\n<li>UC0226_3: Programar bases de datos relacionales.<\/li>\n<li>UC0494_3: Desarrollar componentes software en lenguajes de programaci\u00f3n estructurada.<\/li>\n<\/ul>\n<\/li>\n<li>Programaci\u00f3n con lenguajes orientados a objetos y bases de datos relacionales IFC080_3 (R.D. 295\/2004, de 20 de febrero), que comprende las siguientes unidades de competencia:\n<ul>\n<li>UC0223_3: Configurar y explotar sistemas inform\u00e1ticos.<\/li>\n<li>UC0226_3: Programar bases de datos relacionales.<\/li>\n<li>UC0227_3: Desarrollar componentes software en lenguajes de programaci\u00f3n orientados a objetos.<\/li>\n<\/ul>\n<\/li>\n<\/ul>\n<p style=\"text-align: justify\">2. Cualificaciones profesionales incompletas:<\/p>\n<ul style=\"text-align: justify\">\n<li>Administraci\u00f3n y programaci\u00f3n en sistemas de planificaci\u00f3n de recursos empresariales y de gesti\u00f3n de relaciones con clientes IFC 363_3 (R.D. 1701\/2007, de 14 de diciembre):\n<ul>\n<li>UC1213_3: Instalar y configurar sistemas de planificaci\u00f3n de recursos empresariales y de gesti\u00f3n de relaciones con clientes<\/li>\n<\/ul>\n<\/li>\n<li>Programaci\u00f3n de sistemas inform\u00e1ticos IFC303_3 (R.D. 1201\/2007, de 14 de septiembre):\n<ul>\n<li>UC0964_3: Crear elementos software para la gesti\u00f3n del sistema y sus recursos.<\/li>\n<\/ul>\n<\/li>\n<\/ul>\n<h2 style=\"text-align: justify\">Competencias profesionales<\/h2>\n<p style=\"text-align: justify\">La&nbsp;<strong>competencia general<\/strong>&nbsp;de este t\u00edtulo consiste en desarrollar, implantar, documentar y mantener aplicaciones inform\u00e1ticas multiplataforma, utilizando tecnolog\u00edas y entornos de desarrollo espec\u00edficos , garantizando el acceso a los datos de forma segura y cumpliendo los criterios de usabilidad y calidad exigidas en los est\u00e1ndares establecidos.<\/p>\n<p style=\"text-align: justify\">Las&nbsp;<strong>competencias profesionales, personales y sociales<\/strong>&nbsp;de este t\u00edtulo son las que se relacionan a continuaci\u00f3n:<\/p>\n<ul style=\"text-align: justify\">\n<li>Configurar y explotar sistemas inform\u00e1ticos, adaptando la configuraci\u00f3n l\u00f3gica del sistema seg\u00fan las necesidades de uso y los criterios establecidos.<\/li>\n<li>Aplicar t\u00e9cnicas y procedimientos relacionados con la seguridad en sistemas, servicios y aplicaciones, cumpliendo el plan de seguridad.<\/li>\n<li>Gestionar bases de datos, interpretando su dise\u00f1o l\u00f3gico y verificando integridad, consistencia, seguridad y accesibilidad de los datos.<\/li>\n<li>Gestionar entornos de desarrollo adaptando su configuraci\u00f3n en cada caso para permitir el desarrollo y despliegue de aplicaciones.<\/li>\n<li>Desarrollar aplicaciones multiplataforma con acceso a bases de datos utilizando lenguajes, librer\u00edas y herramientas adecuados a las especificaciones.<\/li>\n<li>Desarrollar aplicaciones implementando un sistema completo de formularios e informes que permitan gestionar de forma integral la informaci\u00f3n almacenada.<\/li>\n<li>Integrar contenidos gr\u00e1ficos y componentes multimedia en aplicaciones multiplataforma, empleando herramientas espec\u00edficas y cumpliendo los requerimientos establecidos.<\/li>\n<li>Desarrollar interfaces gr\u00e1ficos de usuario interactivos y con la usabilidad adecuada, empleando componentes visuales est\u00e1ndar o implementando componentes visuales espec\u00edficos.<\/li>\n<li>Participar en el desarrollo de juegos y aplicaciones en el \u00e1mbito del entretenimiento y la educaci\u00f3n empleando t\u00e9cnicas, motores y entornos de desarrollo espec\u00edficos.<\/li>\n<li>Desarrollar aplicaciones para tel\u00e9fonos, PDA y otros dispositivos m\u00f3viles empleando t\u00e9cnicas y entornos de desarrollo espec\u00edficos.<\/li>\n<li>Crear ayudas generales y sensibles al contexto, empleando herramientas espec\u00edficas e integr\u00e1ndolas en sus correspondientes aplicaciones.<\/li>\n<li>Crear tutoriales, manuales de usuario, de instalaci\u00f3n, de configuraci\u00f3n y de administraci\u00f3n, empleando herramientas espec\u00edficas.<\/li>\n<li>Empaquetar aplicaciones para su distribuci\u00f3n preparando paquetes auto instalables con asistentes incorporados.<\/li>\n<li>Desarrollar aplicaciones multiproceso y multihilo empleando librer\u00edas y t\u00e9cnicas de programaci\u00f3n espec\u00edficas.<\/li>\n<li>Desarrollar aplicaciones capaces de ofrecer servicios en red empleando mecanismos de comunicaci\u00f3n.<\/li>\n<li>Participar en la implantaci\u00f3n de sistemas ERP-CRM evaluando la utilidad de cada uno de sus m\u00f3dulos.<\/li>\n<li>Gestionar la informaci\u00f3n almacenada en sistemas ERP-CRM garantizando su integridad.<\/li>\n<li>Desarrollar componentes personalizados para un sistema ERP-CRM atendiendo a los requerimientos.<\/li>\n<li>Realizar planes de pruebas verificando el funcionamiento de los componentes software desarrollados, seg\u00fan las especificaciones.<\/li>\n<li>Desplegar y distribuir aplicaciones en distintos \u00e1mbitos de implantaci\u00f3n verificando su comportamiento y realizando las modificaciones necesarias.<\/li>\n<li>Establecer v\u00edas eficaces de relaci\u00f3n profesional y comunicaci\u00f3n con sus superiores, compa\u00f1eros y subordinados, respetando la autonom\u00eda y competencias de las distintas personas.<\/li>\n<li>Liderar situaciones colectivas que se puedan producir, mediando en conflictos personales y laborales, contribuyendo al establecimiento de un ambiente de trabajo agradable, actuando en todo momento de forma respetuosa y tolerante.<\/li>\n<li>Gestionar su carrera profesional, analizando las oportunidades de empleo, autoempleo y de aprendizaje.<\/li>\n<li>Mantener el esp\u00edritu de innovaci\u00f3n y actualizaci\u00f3n en el \u00e1mbito de su trabajo para adaptarse a los cambios tecnol\u00f3gicos y organizativos de su entorno profesional.<\/li>\n<li>Crear y gestionar una peque\u00f1a empresa, realizando un estudio de viabilidad de productos, de planificaci\u00f3n de la producci\u00f3n y de comercializaci\u00f3n.<\/li>\n<li>Participar de forma activa en la vida econ\u00f3mica, social y cultural, con una actitud cr\u00edtica y responsable.<\/li>\n<\/ul>\n<h2 style=\"text-align: justify\">Acceso a otros estudios<\/h2>\n<p style=\"text-align: justify\">El t\u00edtulo de T\u00e9cnico Superior en Desarrollo de Aplicaciones Multiplataforma permite el acceso directo para cursar cualquier otro ciclo formativo de grado superior, en las condiciones de admisi\u00f3n que se establezcan.<\/p>\n<p style=\"text-align: justify\">El t\u00edtulo de T\u00e9cnico Superior en Desarrollo de Aplicaciones Multiplataforma permite el acceso directo a las ense\u00f1anzas conducentes a los t\u00edtulos universitarios de grado en las condiciones de admisi\u00f3n que se establezcan. Adem\u00e1s se regular\u00e1 el reconocimiento de cr\u00e9ditos entre los t\u00edtulos de t\u00e9cnico superior de la formaci\u00f3n profesional y las ense\u00f1anzas universitarias de grado, para lo que se han asignado 120 cr\u00e9ditos ECTS en las ense\u00f1anzas m\u00ednimas del t\u00edtulo entre los m\u00f3dulos profesionales de este ciclo formativo.<\/p>\n<h2 style=\"text-align: justify\">Salidas profesionales<\/h2>\n<p style=\"text-align: justify\">El T\u00e9cnico Superior en Desarrollo de Aplicaciones Multiplataforma ejerce su actividad en entidades p\u00fablicas o privadas de cualquier tama\u00f1o, tanto por cuenta ajena como por cuenta propia, desempe\u00f1ando su trabajo en el \u00e1rea de desarrollo de aplicaciones inform\u00e1ticas multiplataforma en diversos \u00e1mbitos: gesti\u00f3n empresarial y de negocio, relaciones con clientes, educaci\u00f3n, ocio, dispositivos m\u00f3viles y entretenimiento, entre otros; aplicaciones desarrolladas e implantadas en entornos de alcance intranet, extranet e Internet; implantaci\u00f3n y adaptaci\u00f3n de sistemas de planificaci\u00f3n de recursos empresariales y de gesti\u00f3n de relaciones con clientes.<\/p>\n<p style=\"text-align: justify\">Las ocupaciones y puestos de trabajo m\u00e1s relevantes son los siguientes:<\/p>\n<ul style=\"text-align: justify\">\n<li>Desarrollar aplicaciones inform\u00e1ticas para la gesti\u00f3n empresarial y de negocio.<\/li>\n<li>Desarrollar aplicaciones de prop\u00f3sito general.<\/li>\n<li>Desarrollar aplicaciones en el \u00e1mbito del entretenimiento y la inform\u00e1tica m\u00f3vil.<\/li>\n<\/ul>\n<p style=\"text-align: justify\">El sector Inform\u00e1tico es actualmente uno de los sectores laborales de mayor crecimiento econ\u00f3mico, con una amplia oferta de empleo estable y al que pertenecen numerosas empresas de imporante calado dentro de la comunidad empresarial del Campo de Gibraltar, ya sea como actividad principal o a trav\u00e9s de susdepartamento deinform\u00e1tica o centros de proceso de datos (CPD).<\/p>\n<h2 style=\"text-align: justify\">Informaci\u00f3n adicional<\/h2>\n<p style=\"text-align: justify\"><a title=\"Real Decreto CFGS Desarrollo de Aplicaciones Multiplataforma\" href=\"http:\/\/www.boe.es\/boe\/dias\/2010\/05\/20\/pdfs\/BOE-A-2010-8067.pdf\" target=\"_blank\" rel=\"noopener noreferrer\">Real Decreto CFGS Desarrollo de Aplicaciones Multiplataforma<\/a><br \/><a title=\"Orden CFGS Desarrollo de Aplicaciones Multiplataforma en Andaluc\u00eda\" href=\"http:\/\/www.juntadeandalucia.es\/educacion\/formacionprofesional\/data\/documentos\/T%C3%ADtulos%20LOE\/ORDENES\/20110721_TS_DAM.pdf\" target=\"_blank\" rel=\"noopener noreferrer\">Orden CFGS Desarrollo de Aplicaciones Multiplataforma en Andaluc\u00eda<\/a><\/p>\n<p style=\"text-align: justify\">Para obtener m\u00e1s informaci\u00f3n sobre las caracter\u00edsticas generales del ciclo puede visitar la&nbsp;<a title=\"Familia profesional de Inform\u00e1tica en la web de la Consejer\u00eda de Educaci\u00f3n\" href=\"http:\/\/www.juntadeandalucia.es\/educacion\/formacionprofesional\/index.php\/ensenanzas\/catalogo-de-familias-profesionales-y-titulos\/406-informatica\" target=\"_blank\" rel=\"noopener noreferrer\">web de familia profesional de Inform\u00e1tica en la Consejer\u00eda de Educaci\u00f3n<\/a>.<\/p>\n<\/div>\n<p>[\/et_pb_text][\/et_pb_column][\/et_pb_row][\/et_pb_section]<\/p>\n","protected":false},"excerpt":{"rendered":"<p>CFGS Desarrollo de Aplicaciones Multiplataforma El Real Decreto 450\/2010, de16 de abril (BOE de 20 de mayo de 2010) establece las ense\u00f1anzas correspondientes al t\u00edtulo de formaci\u00f3n profesional de T\u00e9cnico Superior en Desarrollo de Aplicaciones Multiplataforma. La Orden de 16 de junio de 2011 de la Consejer\u00eda de Educaci\u00f3n de la Junta de Andaluc\u00eda (BOJA [&hellip;]<\/p>\n","protected":false},"author":17520,"featured_media":0,"parent":0,"menu_order":0,"comment_status":"closed","ping_status":"closed","template":"","meta":{"_et_pb_use_builder":"on","_et_pb_old_content":"","_et_gb_content_width":"","ngg_post_thumbnail":0,"footnotes":""},"aioseo_notices":[],"_links":{"self":[{"href":"https:\/\/blogsaverroes.juntadeandalucia.es\/iessaladillo\/wp-json\/wp\/v2\/pages\/730"}],"collection":[{"href":"https:\/\/blogsaverroes.juntadeandalucia.es\/iessaladillo\/wp-json\/wp\/v2\/pages"}],"about":[{"href":"https:\/\/blogsaverroes.juntadeandalucia.es\/iessaladillo\/wp-json\/wp\/v2\/types\/page"}],"author":[{"embeddable":true,"href":"https:\/\/blogsaverroes.juntadeandalucia.es\/iessaladillo\/wp-json\/wp\/v2\/users\/17520"}],"replies":[{"embeddable":true,"href":"https:\/\/blogsaverroes.juntadeandalucia.es\/iessaladillo\/wp-json\/wp\/v2\/comments?post=730"}],"version-history":[{"count":3,"href":"https:\/\/blogsaverroes.juntadeandalucia.es\/iessaladillo\/wp-json\/wp\/v2\/pages\/730\/revisions"}],"predecessor-version":[{"id":808,"href":"https:\/\/blogsaverroes.juntadeandalucia.es\/iessaladillo\/wp-json\/wp\/v2\/pages\/730\/revisions\/808"}],"wp:attachment":[{"href":"https:\/\/blogsaverroes.juntadeandalucia.es\/iessaladillo\/wp-json\/wp\/v2\/media?parent=730"}],"curies":[{"name":"wp","href":"https:\/\/api.w.org\/{rel}","templated":true}]}}