{"id":10462,"date":"2023-03-26T09:57:19","date_gmt":"2023-03-26T09:57:19","guid":{"rendered":"https:\/\/blogsaverroes.juntadeandalucia.es\/iessalvadorserrano\/?page_id=10462"},"modified":"2023-03-26T10:39:34","modified_gmt":"2023-03-26T10:39:34","slug":"proyecto-de-innovacion-de-telerobotica","status":"publish","type":"page","link":"https:\/\/blogsaverroes.juntadeandalucia.es\/iessalvadorserrano\/proyecto-de-innovacion-de-telerobotica\/","title":{"rendered":"Proyecto de Innovaci\u00f3n de Telerob\u00f3tica 4.0 MEFP"},"content":{"rendered":"<p style=\"text-align: center\"><strong>ENTORNO DE TELEOPERACI\u00d3N Y MONITORIZACI\u00d3N REMOTA DE C\u00c9LULAS ROB\u00d3TICAS PARA LA INDUSTRIA 4.0 (TELEROB\u00d3TICA 4.0)<\/strong><\/p>\n<p class=\"entry-title\" style=\"text-align: center\"><a href=\"https:\/\/blogsaverroes.juntadeandalucia.es\/iessalvadorserrano\/files\/2022\/05\/Cartel-FP-INNOVA.jpg\"><img loading=\"lazy\" decoding=\"async\" class=\" wp-image-8861 aligncenter\" src=\"https:\/\/blogsaverroes.juntadeandalucia.es\/iessalvadorserrano\/files\/2022\/05\/Cartel-FP-INNOVA.jpg\" alt=\"\" width=\"463\" height=\"656\" srcset=\"https:\/\/blogsaverroes.juntadeandalucia.es\/iessalvadorserrano\/files\/2022\/05\/Cartel-FP-INNOVA.jpg 666w, https:\/\/blogsaverroes.juntadeandalucia.es\/iessalvadorserrano\/files\/2022\/05\/Cartel-FP-INNOVA-212x300.jpg 212w\" sizes=\"(max-width: 463px) 100vw, 463px\" \/><\/a> &nbsp;<\/p>\n<p style=\"text-align: justify\">&nbsp; El Ministerio de Educaci\u00f3n y Formaci\u00f3n Profesional (MEFP) ha destinado m\u00e1s de 23,8 millones de euros al desarrollo de proyectos de innovaci\u00f3n e investigaci\u00f3n aplicadas y transferencia de conocimiento en el \u00e1mbito de la Formaci\u00f3n Profesional.<\/p>\n<p style=\"text-align: justify\">&nbsp;Con esta actuaci\u00f3n, el MEFP pretende impulsar la innovaci\u00f3n y la transferencia de conocimiento entre profesorado, alumnado y trabajadores de las empresas participantes para la mejora de la calidad de la Formaci\u00f3n Profesional en Espa\u00f1a.<\/p>\n<p style=\"text-align: justify\">&nbsp;&nbsp; Del total de las 228 propuestas recibidas entre junio y agosto del a\u00f1o 2021, el Ministerio ha seleccionado 141 por su capacidad para a\u00f1adir valor a la Formaci\u00f3n Profesional y su potencial para generar, compartir y movilizar conocimientos.<\/p>\n<p style=\"text-align: justify\">&nbsp;&nbsp;&nbsp; Los proyectos requieren la participaci\u00f3n de, al menos, dos centros de Formaci\u00f3n Profesional situados <strong>en comunidades aut\u00f3nomas distintas<\/strong> y una empresa, fundaci\u00f3n, asociaci\u00f3n o entidad, p\u00fablicas o privadas, hasta un m\u00e1ximo de tres. As\u00ed, intervienen hasta un total de cinco participantes por cada uno de ellos.<\/p>\n<p style=\"text-align: justify\">&nbsp;&nbsp; El proyecto<strong> \u201cENTORNO DE TELEOPERACI\u00d3N Y MONITORIZACI\u00d3N REMOTA DE C\u00c9LULAS ROB\u00d3TICAS PARA LA INDUSTRIA 4.0\u201d (TELEROB\u00d3TICA 4.0)<\/strong> ha recibido una financiaci\u00f3n de 213.000 \u20ac y en \u00e9l participa nuestro centro <strong>IES Salvador Serrano.<\/strong><\/p>\n<p style=\"text-align: justify\">&nbsp;&nbsp; Participan en el proyecto <strong>cuatro centros educativos y una entidad empresarial<\/strong>, coordinados por el <a href=\"https:\/\/iesgarciapavon.es\/\"><strong>IES Francisco Garc\u00eda Pav\u00f3n<\/strong><\/a> de Tomelloso, junto con los centros&nbsp; <a href=\"https:\/\/www.iesjuanbosco.es\/\"><strong>IES Juan Bosco<\/strong><\/a>, Alc\u00e1zar de San Juan (ambos de Castilla la Mancha), <a href=\"https:\/\/blogsaverroes.juntadeandalucia.es\/iessalvadorserrano\/\"><strong>IES Salvador Serrano<\/strong><\/a>, de Alcaudete (Andaluc\u00eda),<a href=\"https:\/\/www.trinitarias.com\/\"><strong> Colegio Sant\u00edsima Trinidad<\/strong><\/a> de Salamanca (Castilla y Le\u00f3n) y la empresa <a href=\"https:\/\/robotplus.es\/\"><strong>RobotPlus<\/strong><\/a> de Alcal\u00e1 de Henares (Comunidad de Madrid), especializada en rob\u00f3tica industrial en general y rob\u00f3tica colaborativa.<\/p>\n<p style=\"text-align: justify\">&nbsp;&nbsp;&nbsp; En el d\u00eda de hoy, el departamento de Electricidad y Electr\u00f3nica se encuentra en Alc\u00e1zar de San Juan y Tomelloso, participando en actividades relacionadas con dicho proyecto, un proyecto que se prolongar\u00e1 hasta finales del curso 2022\/2023.<\/p>\n<p style=\"text-align: center\"><a href=\"https:\/\/blogsaverroes.juntadeandalucia.es\/iessalvadorserrano\/files\/2022\/05\/folleto_Telerrob\u00f3tica40.pdf\">ACCEDE A TODA LA INFORMACI\u00d3N DEL PROYECTO EN ESTE ENLACE.<\/a><\/p>\n<p>&nbsp;&nbsp;&nbsp;&nbsp;&nbsp;&nbsp;&nbsp;&nbsp;&nbsp;&nbsp;&nbsp;&nbsp;&nbsp; <iframe loading=\"lazy\" src=\"\/\/www.youtube.com\/embed\/hQ8aZZL-BqQ?t=11s\" width=\"560\" height=\"314\"><\/iframe><\/p>\n<p><a href=\"https:\/\/blogsaverroes.juntadeandalucia.es\/iessalvadorserrano\/files\/2023\/03\/logos-proyecto.jpg\"><img loading=\"lazy\" decoding=\"async\" class=\"alignnone size-full wp-image-10477\" src=\"https:\/\/blogsaverroes.juntadeandalucia.es\/iessalvadorserrano\/files\/2023\/03\/logos-proyecto.jpg\" alt=\"\" width=\"822\" height=\"216\" srcset=\"https:\/\/blogsaverroes.juntadeandalucia.es\/iessalvadorserrano\/files\/2023\/03\/logos-proyecto.jpg 822w, https:\/\/blogsaverroes.juntadeandalucia.es\/iessalvadorserrano\/files\/2023\/03\/logos-proyecto-300x79.jpg 300w, https:\/\/blogsaverroes.juntadeandalucia.es\/iessalvadorserrano\/files\/2023\/03\/logos-proyecto-768x202.jpg 768w\" sizes=\"(max-width: 822px) 100vw, 822px\" \/><\/a><\/p>\n<hr>\n<p align=\"center\"><strong>JORNADA DE TRANSFERENCIA DEL CONOMIENTO<\/strong><\/p>\n<p align=\"center\"><strong>&nbsp;IES JUAN BOSCO (ALC\u00c1ZAR DE SAN JUAN) \/ IES SALVADOR SERRANO (ALCAUDETE) <\/strong><\/p>\n<p align=\"center\"><strong>ALCAUDETE-JA\u00c9N<\/strong><\/p>\n<p style=\"text-align: justify\" align=\"center\">&nbsp; EL mi\u00e9rcoles <strong>15 de febrero de 2023<\/strong>,&nbsp; para dar inicio a la segunda fase del&nbsp; &nbsp;Proyecto&nbsp; <strong>\u201cEntorno de Teleoperaci\u00f3n y Monitorizaci\u00f3n Remota de C\u00e9lulas rob\u00f3ticas para la&nbsp; Industria 4.0\u201d<\/strong>, dos de los centros participantes, IES Salvador Serrano de Alcaudete (Ja\u00e9n) Andaluc\u00eda y el IES Juan Bosco de Alc\u00e1zar de San Juan (Ciudad Real) Castilla la Mancha, realizaron un encuentro presencial en la localidad de Alcaudete.<\/p>\n<p style=\"text-align: justify\" align=\"center\">&nbsp;&nbsp;&nbsp;&nbsp;&nbsp;&nbsp;&nbsp;&nbsp;&nbsp;&nbsp;&nbsp;&nbsp; <iframe loading=\"lazy\" src=\"\/\/www.youtube.com\/embed\/4obcphJnOm0\" width=\"560\" height=\"314\"><\/iframe><\/p>\n<p style=\"text-align: justify\">&nbsp;&nbsp;&nbsp; Estas <a href=\"https:\/\/blogsaverroes.juntadeandalucia.es\/iessalvadorserrano\/files\/2023\/03\/FolletoJornadasAlcaudete.pdf\">jornadas<\/a> tuvieron como objetivo la&nbsp; transferencia de conocimiento entre centros de Formaci\u00f3n Profesional&nbsp; y empresas del sector y permitieron conocer una de las f\u00e1bricas del grupo \u201c<a href=\"https:\/\/alvic.com\/es\/empresa\/historia\/#2020\/1\">Alvic<\/a>\u201d comprometida con&nbsp; la Industria 4.0,&nbsp; producci\u00f3n Just in Time para la fabricaci\u00f3n de mobiliario de una forma totalmente automatizada.<\/p>\n<p style=\"text-align: justify\">&nbsp; Hacia medio d\u00eda se present\u00f3 en el IES Salvador Serrano la segunda fase del proyecto y se pudieron ver distintos modelos de c\u00e9lulas industriales que los alumnos del CFGS Automatizaci\u00f3n y Rob\u00f3tica Industrial est\u00e1n trabajando.&nbsp;&nbsp;&nbsp;&nbsp;&nbsp;<\/p>\n<p style=\"text-align: justify\">&nbsp;&nbsp; Los equipos de proyecto de ambos centros realizaron una puesta en com\u00fan para poner en funcionamiento las c\u00e9lulas rob\u00f3ticas dise\u00f1adas en la primera fase y vieron las posibilidades que ofrece la fabricaci\u00f3n aditiva con impresoras 3D.<\/p>\n<p style=\"text-align: justify\">&nbsp;&nbsp; En la jornada de tarde, los alumnos realizaron una demostraci\u00f3n de control y monitorizaci\u00f3n en remoto. La conexi\u00f3n ha sido un \u00e9xito, desde Alcaudete se ha podido controlar y programar el robot colaborativo&nbsp; que permanec\u00eda en las instalaciones del IES Juan Bosco sin ning\u00fan tipo de asistencia en Alc\u00e1zar de San Juan.<\/p>\n<p style=\"text-align: justify\">&nbsp;&nbsp;&nbsp; Esta jornada ha permitido valorar la buena evoluci\u00f3n del proyecto para cubrir sus principales objetivos, haci\u00e9ndolo extensivo para otros centros de formaci\u00f3n profesional y empresas del sector. Tambi\u00e9n ha permitido conocer las tecnolog\u00edas m\u00e1s punteras de la Industria 4.0.<\/p>\n<hr>\n<p style=\"text-align: center\"><strong>VISITA AL COLEGIO SANT\u00cdSIMA TRINIDAD (SALAMANCA)<\/strong><\/p>\n<table style=\"border-collapse: collapse;width: 100%\">\n<tbody>\n<tr>\n<td style=\"width: 33.3333%\"><a href=\"https:\/\/blogsaverroes.juntadeandalucia.es\/iessalvadorserrano\/files\/2023\/03\/visitasalamanca1robot.jpg\"><img loading=\"lazy\" decoding=\"async\" class=\"alignnone size-full wp-image-10480\" src=\"https:\/\/blogsaverroes.juntadeandalucia.es\/iessalvadorserrano\/files\/2023\/03\/visitasalamanca1robot.jpg\" alt=\"\" width=\"1600\" height=\"1200\" srcset=\"https:\/\/blogsaverroes.juntadeandalucia.es\/iessalvadorserrano\/files\/2023\/03\/visitasalamanca1robot.jpg 1600w, https:\/\/blogsaverroes.juntadeandalucia.es\/iessalvadorserrano\/files\/2023\/03\/visitasalamanca1robot-300x225.jpg 300w, https:\/\/blogsaverroes.juntadeandalucia.es\/iessalvadorserrano\/files\/2023\/03\/visitasalamanca1robot-1024x768.jpg 1024w, https:\/\/blogsaverroes.juntadeandalucia.es\/iessalvadorserrano\/files\/2023\/03\/visitasalamanca1robot-768x576.jpg 768w, https:\/\/blogsaverroes.juntadeandalucia.es\/iessalvadorserrano\/files\/2023\/03\/visitasalamanca1robot-1536x1152.jpg 1536w\" sizes=\"(max-width: 1600px) 100vw, 1600px\" \/><\/a><\/td>\n<td style=\"width: 33.3333%\"><a href=\"https:\/\/blogsaverroes.juntadeandalucia.es\/iessalvadorserrano\/files\/2023\/03\/visitasalamanca2robot.jpg\"><img loading=\"lazy\" decoding=\"async\" class=\"alignnone size-full wp-image-10481\" src=\"https:\/\/blogsaverroes.juntadeandalucia.es\/iessalvadorserrano\/files\/2023\/03\/visitasalamanca2robot.jpg\" alt=\"\" width=\"1600\" height=\"1200\" srcset=\"https:\/\/blogsaverroes.juntadeandalucia.es\/iessalvadorserrano\/files\/2023\/03\/visitasalamanca2robot.jpg 1600w, https:\/\/blogsaverroes.juntadeandalucia.es\/iessalvadorserrano\/files\/2023\/03\/visitasalamanca2robot-300x225.jpg 300w, https:\/\/blogsaverroes.juntadeandalucia.es\/iessalvadorserrano\/files\/2023\/03\/visitasalamanca2robot-1024x768.jpg 1024w, https:\/\/blogsaverroes.juntadeandalucia.es\/iessalvadorserrano\/files\/2023\/03\/visitasalamanca2robot-768x576.jpg 768w, https:\/\/blogsaverroes.juntadeandalucia.es\/iessalvadorserrano\/files\/2023\/03\/visitasalamanca2robot-1536x1152.jpg 1536w\" sizes=\"(max-width: 1600px) 100vw, 1600px\" \/><\/a><\/td>\n<td style=\"width: 33.3333%\"><a href=\"https:\/\/blogsaverroes.juntadeandalucia.es\/iessalvadorserrano\/files\/2023\/03\/visitasalamanca3robot.jpg\"><img loading=\"lazy\" decoding=\"async\" class=\"alignnone size-full wp-image-10482\" src=\"https:\/\/blogsaverroes.juntadeandalucia.es\/iessalvadorserrano\/files\/2023\/03\/visitasalamanca3robot.jpg\" alt=\"\" width=\"1600\" height=\"1200\" srcset=\"https:\/\/blogsaverroes.juntadeandalucia.es\/iessalvadorserrano\/files\/2023\/03\/visitasalamanca3robot.jpg 1600w, https:\/\/blogsaverroes.juntadeandalucia.es\/iessalvadorserrano\/files\/2023\/03\/visitasalamanca3robot-300x225.jpg 300w, https:\/\/blogsaverroes.juntadeandalucia.es\/iessalvadorserrano\/files\/2023\/03\/visitasalamanca3robot-1024x768.jpg 1024w, https:\/\/blogsaverroes.juntadeandalucia.es\/iessalvadorserrano\/files\/2023\/03\/visitasalamanca3robot-768x576.jpg 768w, https:\/\/blogsaverroes.juntadeandalucia.es\/iessalvadorserrano\/files\/2023\/03\/visitasalamanca3robot-1536x1152.jpg 1536w\" sizes=\"(max-width: 1600px) 100vw, 1600px\" \/><\/a><\/td>\n<\/tr>\n<\/tbody>\n<\/table>\n","protected":false},"excerpt":{"rendered":"<p>ENTORNO DE TELEOPERACI\u00d3N Y MONITORIZACI\u00d3N REMOTA DE C\u00c9LULAS ROB\u00d3TICAS PARA LA INDUSTRIA 4.0 (TELEROB\u00d3TICA 4.0) &nbsp; &nbsp; El Ministerio de Educaci\u00f3n y Formaci\u00f3n Profesional (MEFP)&hellip;<\/p>\n","protected":false},"author":5046,"featured_media":0,"parent":0,"menu_order":0,"comment_status":"closed","ping_status":"closed","template":"","meta":{"ngg_post_thumbnail":0,"footnotes":"","_mc_calendar":[]},"aioseo_notices":[],"_links":{"self":[{"href":"https:\/\/blogsaverroes.juntadeandalucia.es\/iessalvadorserrano\/wp-json\/wp\/v2\/pages\/10462"}],"collection":[{"href":"https:\/\/blogsaverroes.juntadeandalucia.es\/iessalvadorserrano\/wp-json\/wp\/v2\/pages"}],"about":[{"href":"https:\/\/blogsaverroes.juntadeandalucia.es\/iessalvadorserrano\/wp-json\/wp\/v2\/types\/page"}],"author":[{"embeddable":true,"href":"https:\/\/blogsaverroes.juntadeandalucia.es\/iessalvadorserrano\/wp-json\/wp\/v2\/users\/5046"}],"replies":[{"embeddable":true,"href":"https:\/\/blogsaverroes.juntadeandalucia.es\/iessalvadorserrano\/wp-json\/wp\/v2\/comments?post=10462"}],"version-history":[{"count":14,"href":"https:\/\/blogsaverroes.juntadeandalucia.es\/iessalvadorserrano\/wp-json\/wp\/v2\/pages\/10462\/revisions"}],"predecessor-version":[{"id":10483,"href":"https:\/\/blogsaverroes.juntadeandalucia.es\/iessalvadorserrano\/wp-json\/wp\/v2\/pages\/10462\/revisions\/10483"}],"wp:attachment":[{"href":"https:\/\/blogsaverroes.juntadeandalucia.es\/iessalvadorserrano\/wp-json\/wp\/v2\/media?parent=10462"}],"curies":[{"name":"wp","href":"https:\/\/api.w.org\/{rel}","templated":true}]}}