{"id":11145,"date":"2023-10-31T09:15:34","date_gmt":"2023-10-31T09:15:34","guid":{"rendered":"https:\/\/blogsaverroes.juntadeandalucia.es\/iessalvadorserrano\/?page_id=11145"},"modified":"2025-05-05T12:00:04","modified_gmt":"2025-05-05T12:00:04","slug":"espa-2","status":"publish","type":"page","link":"https:\/\/blogsaverroes.juntadeandalucia.es\/iessalvadorserrano\/espa-2\/","title":{"rendered":"ESPA"},"content":{"rendered":"<p style=\"text-align: center\"><a href=\"https:\/\/blogsaverroes.juntadeandalucia.es\/iessalvadorserrano\/educacion-para-personas-adultas\/\">Acceso a la web de informaci\u00f3n sobre la Educaci\u00f3n Secundaria para Personas Adultas.<\/a><\/p>\n<p>En esta p\u00e1gina se ofrece informaci\u00f3n de las programaciones y los criterios de evaluaci\u00f3n en la ESPA exclusivamente:<\/p>\n<table style=\"width: 76%;border-color: #000000\" border=\"1\">\n<tbody>\n<tr>\n<td style=\"background-color: #4e609c;width: 100%\">\n<h3><span style=\"color: #ffffff\"><strong>Programaciones<\/strong><\/span><\/h3>\n<\/td>\n<\/tr>\n<tr>\n<td style=\"width: 100%\"><a href=\"https:\/\/blogsaverroes.juntadeandalucia.es\/iessalvadorserrano\/files\/2024\/11\/PD_ESPA_Social-I.pdf\"><img loading=\"lazy\" decoding=\"async\" class=\"size-full wp-image-2788 alignleft\" src=\"https:\/\/blogsaverroes.juntadeandalucia.es\/iessalvadorserrano\/files\/2015\/03\/PDFd-e1510255886258.jpg\" alt=\"\" width=\"45\" height=\"24\">\u00c1mbito Social I<\/a><\/td>\n<\/tr>\n<tr>\n<td style=\"width: 100%\"><a href=\"https:\/\/blogsaverroes.juntadeandalucia.es\/iessalvadorserrano\/files\/2024\/11\/PD_ESPA_Social-II.pdf\"><img loading=\"lazy\" decoding=\"async\" class=\"size-full wp-image-2788 alignleft\" src=\"https:\/\/blogsaverroes.juntadeandalucia.es\/iessalvadorserrano\/files\/2015\/03\/PDFd-e1510255886258.jpg\" alt=\"\" width=\"45\" height=\"24\"><\/a><a href=\"https:\/\/blogsaverroes.juntadeandalucia.es\/iessalvadorserrano\/files\/2024\/11\/PD_ESPA_Social-II.pdf\">\u00c1mbito Social II<\/a><\/td>\n<\/tr>\n<tr>\n<td style=\"width: 100%\"><a href=\"https:\/\/blogsaverroes.juntadeandalucia.es\/iessalvadorserrano\/files\/2024\/11\/PD_ESPA_comunicacion-I.pdf\"><img loading=\"lazy\" decoding=\"async\" class=\"size-full wp-image-2788 alignleft\" src=\"https:\/\/blogsaverroes.juntadeandalucia.es\/iessalvadorserrano\/files\/2015\/03\/PDFd-e1510255886258.jpg\" alt=\"\" width=\"45\" height=\"24\"><\/a><a href=\"https:\/\/blogsaverroes.juntadeandalucia.es\/iessalvadorserrano\/files\/2024\/11\/PD_ESPA_comunicacion-I.pdf\">\u00c1mbito Comunicaci\u00f3n I<\/a><\/td>\n<\/tr>\n<tr>\n<td style=\"width: 100%\"><a href=\"https:\/\/blogsaverroes.juntadeandalucia.es\/iessalvadorserrano\/files\/2024\/11\/PD_ESPA_comunicacion-II.pdf\"><img loading=\"lazy\" decoding=\"async\" class=\"size-full wp-image-2788 alignleft\" src=\"https:\/\/blogsaverroes.juntadeandalucia.es\/iessalvadorserrano\/files\/2015\/03\/PDFd-e1510255886258.jpg\" alt=\"\" width=\"45\" height=\"24\"><\/a><a href=\"https:\/\/blogsaverroes.juntadeandalucia.es\/iessalvadorserrano\/files\/2024\/11\/PD_ESPA_comunicacion-II.pdf\">\u00c1mbito Comunicaci\u00f3n II<\/a><\/td>\n<\/tr>\n<tr>\n<td style=\"width: 100%\"><a href=\"https:\/\/blogsaverroes.juntadeandalucia.es\/iessalvadorserrano\/files\/2024\/11\/PROGRAMACION-ESPA-NIVEL-1-AMBITO-CIENTIFICO-TECNOLOGICO.pdf\"><img loading=\"lazy\" decoding=\"async\" class=\"size-full wp-image-2788 alignleft\" src=\"https:\/\/blogsaverroes.juntadeandalucia.es\/iessalvadorserrano\/files\/2015\/03\/PDFd-e1510255886258.jpg\" alt=\"\" width=\"45\" height=\"24\">\u00c1mbito Cient\u00edfico-Tecnol\u00f3gico I<\/a><\/td>\n<\/tr>\n<tr>\n<td style=\"width: 100%\"><a href=\"https:\/\/blogsaverroes.juntadeandalucia.es\/iessalvadorserrano\/files\/2024\/11\/PROGRAMACION-ESPA-NIVEL-2-AMBITO-CIENTIFICO-TECNOLOGICO.pdf.pdf\"><img loading=\"lazy\" decoding=\"async\" class=\"size-full wp-image-2788 alignleft\" src=\"https:\/\/blogsaverroes.juntadeandalucia.es\/iessalvadorserrano\/files\/2015\/03\/PDFd-e1510255886258.jpg\" alt=\"\" width=\"45\" height=\"24\"><\/a><a href=\"https:\/\/blogsaverroes.juntadeandalucia.es\/iessalvadorserrano\/files\/2024\/11\/PROGRAMACION-ESPA-NIVEL-2-AMBITO-CIENTIFICO-TECNOLOGICO.pdf.pdf\">\u00c1mbito Cient\u00edfico-Tecnol\u00f3gico II<\/a><\/td>\n<\/tr>\n<tr>\n<td style=\"background-color: #4e609c;width: 100%\">\n<h3><strong><span style=\"color: #ffffff\">CRITERIOS DE EVALUACI\u00d3N<\/span><br \/>\n<\/strong><\/h3>\n<\/td>\n<\/tr>\n<tr>\n<td style=\"width: 100%\"><a href=\"https:\/\/blogsaverroes.juntadeandalucia.es\/iessalvadorserrano\/files\/2023\/10\/CE-\u00c1mbito-Social-I-ESPA.pdf\"><img loading=\"lazy\" decoding=\"async\" class=\"size-full wp-image-2952 alignleft\" src=\"https:\/\/blogsaverroes.juntadeandalucia.es\/iessalvadorserrano\/files\/2017\/05\/criteval-e1510486355221.jpg\" alt=\"\" width=\"40\" height=\"23\"><\/a><a href=\"https:\/\/blogsaverroes.juntadeandalucia.es\/iessalvadorserrano\/files\/2023\/10\/CE-\u00c1mbito-Social-I-ESPA.pdf\">\u00c1mbito Social I<\/a><\/td>\n<\/tr>\n<tr>\n<td style=\"width: 100%\"><a href=\"https:\/\/blogsaverroes.juntadeandalucia.es\/iessalvadorserrano\/files\/2023\/10\/CE-\u00c1mbito-Social-II-ESPA.pdf\"><img loading=\"lazy\" decoding=\"async\" class=\"size-full wp-image-2952 alignleft\" src=\"https:\/\/blogsaverroes.juntadeandalucia.es\/iessalvadorserrano\/files\/2017\/05\/criteval-e1510486355221.jpg\" alt=\"\" width=\"40\" height=\"23\"><\/a><a href=\"https:\/\/blogsaverroes.juntadeandalucia.es\/iessalvadorserrano\/files\/2023\/10\/CE-\u00c1mbito-Social-II-ESPA.pdf\">\u00c1mbito Social II<\/a><\/td>\n<\/tr>\n<tr>\n<td style=\"width: 100%\"><a href=\"https:\/\/blogsaverroes.juntadeandalucia.es\/iessalvadorserrano\/files\/2023\/10\/CE-\u00c1mbito-Comunicacio\u0301n-I.pdf\"><img loading=\"lazy\" decoding=\"async\" class=\"size-full wp-image-2952 alignleft\" src=\"https:\/\/blogsaverroes.juntadeandalucia.es\/iessalvadorserrano\/files\/2017\/05\/criteval-e1510486355221.jpg\" alt=\"\" width=\"40\" height=\"23\"><\/a><a href=\"https:\/\/blogsaverroes.juntadeandalucia.es\/iessalvadorserrano\/files\/2023\/10\/CE-\u00c1mbito-Comunicacio\u0301n-I.pdf\">\u00c1mbito de Comunicaci\u00f3n I<\/a><\/td>\n<\/tr>\n<tr>\n<td style=\"width: 100%\"><a href=\"https:\/\/blogsaverroes.juntadeandalucia.es\/iessalvadorserrano\/files\/2023\/10\/CE-\u00c1mbito-Comunicacio\u0301n-II.pdf\"><img loading=\"lazy\" decoding=\"async\" class=\"size-full wp-image-2952 alignleft\" src=\"https:\/\/blogsaverroes.juntadeandalucia.es\/iessalvadorserrano\/files\/2017\/05\/criteval-e1510486355221.jpg\" alt=\"\" width=\"40\" height=\"23\"><\/a><a href=\"https:\/\/blogsaverroes.juntadeandalucia.es\/iessalvadorserrano\/files\/2023\/10\/CE-\u00c1mbito-Comunicacio\u0301n-II.pdf\">\u00c1mbito de Comunicaci\u00f3n II<\/a><\/td>\n<\/tr>\n<tr>\n<td style=\"width: 100%\"><a href=\"https:\/\/blogsaverroes.juntadeandalucia.es\/iessalvadorserrano\/files\/2024\/11\/CE_ESPA1_nuevo.pdf\"><img loading=\"lazy\" decoding=\"async\" class=\"size-full wp-image-2952 alignleft\" src=\"https:\/\/blogsaverroes.juntadeandalucia.es\/iessalvadorserrano\/files\/2017\/05\/criteval-e1510486355221.jpg\" alt=\"\" width=\"40\" height=\"23\">\u00c1mbito Cient\u00edfico-Tecnol\u00f3gico I<\/a><\/td>\n<\/tr>\n<tr>\n<td style=\"width: 100%\"><a href=\"https:\/\/blogsaverroes.juntadeandalucia.es\/iessalvadorserrano\/files\/2024\/11\/CE_ESPA-NIVEL-2_nuevo.pdf\"><img loading=\"lazy\" decoding=\"async\" class=\"size-full wp-image-2952 alignleft\" src=\"https:\/\/blogsaverroes.juntadeandalucia.es\/iessalvadorserrano\/files\/2017\/05\/criteval-e1510486355221.jpg\" alt=\"\" width=\"40\" height=\"23\"><\/a><a href=\"https:\/\/blogsaverroes.juntadeandalucia.es\/iessalvadorserrano\/files\/2024\/11\/CE_ESPA-NIVEL-2_nuevo.pdf\">\u00c1mbito Cient\u00edfico-Tecnol\u00f3gico II<\/a><\/td>\n<\/tr>\n<\/tbody>\n<\/table>\n","protected":false},"excerpt":{"rendered":"<p>Acceso a la web de informaci\u00f3n sobre la Educaci\u00f3n Secundaria para Personas Adultas. En esta p\u00e1gina se ofrece informaci\u00f3n de las programaciones y los criterios&hellip;<\/p>\n","protected":false},"author":5046,"featured_media":0,"parent":0,"menu_order":0,"comment_status":"closed","ping_status":"closed","template":"","meta":{"ngg_post_thumbnail":0,"footnotes":"","_mc_calendar":[]},"aioseo_notices":[],"_links":{"self":[{"href":"https:\/\/blogsaverroes.juntadeandalucia.es\/iessalvadorserrano\/wp-json\/wp\/v2\/pages\/11145"}],"collection":[{"href":"https:\/\/blogsaverroes.juntadeandalucia.es\/iessalvadorserrano\/wp-json\/wp\/v2\/pages"}],"about":[{"href":"https:\/\/blogsaverroes.juntadeandalucia.es\/iessalvadorserrano\/wp-json\/wp\/v2\/types\/page"}],"author":[{"embeddable":true,"href":"https:\/\/blogsaverroes.juntadeandalucia.es\/iessalvadorserrano\/wp-json\/wp\/v2\/users\/5046"}],"replies":[{"embeddable":true,"href":"https:\/\/blogsaverroes.juntadeandalucia.es\/iessalvadorserrano\/wp-json\/wp\/v2\/comments?post=11145"}],"version-history":[{"count":7,"href":"https:\/\/blogsaverroes.juntadeandalucia.es\/iessalvadorserrano\/wp-json\/wp\/v2\/pages\/11145\/revisions"}],"predecessor-version":[{"id":13622,"href":"https:\/\/blogsaverroes.juntadeandalucia.es\/iessalvadorserrano\/wp-json\/wp\/v2\/pages\/11145\/revisions\/13622"}],"wp:attachment":[{"href":"https:\/\/blogsaverroes.juntadeandalucia.es\/iessalvadorserrano\/wp-json\/wp\/v2\/media?parent=11145"}],"curies":[{"name":"wp","href":"https:\/\/api.w.org\/{rel}","templated":true}]}}