{"id":14646,"date":"2026-01-30T10:45:10","date_gmt":"2026-01-30T10:45:10","guid":{"rendered":"https:\/\/blogsaverroes.juntadeandalucia.es\/iessalvadorserrano\/?page_id=14646"},"modified":"2026-03-10T08:14:16","modified_gmt":"2026-03-10T08:14:16","slug":"programa-codigo-escuela-4-0","status":"publish","type":"page","link":"https:\/\/blogsaverroes.juntadeandalucia.es\/iessalvadorserrano\/programa-codigo-escuela-4-0\/","title":{"rendered":"Programa C\u00f3digo Escuela 4.0"},"content":{"rendered":"<p style=\"text-align: justify\"><span data-path-to-node=\"2,1\"><span class=\"citation-43\">&nbsp; &nbsp; <a href=\"https:\/\/blogsaverroes.juntadeandalucia.es\/iessalvadorserrano\/files\/2026\/01\/Imagen-steam-4.0.png\"><img loading=\"lazy\" decoding=\"async\" class=\"wp-image-14649 alignright\" src=\"https:\/\/blogsaverroes.juntadeandalucia.es\/iessalvadorserrano\/files\/2026\/01\/Imagen-steam-4.0.png\" alt=\"\" width=\"331\" height=\"283\" srcset=\"https:\/\/blogsaverroes.juntadeandalucia.es\/iessalvadorserrano\/files\/2026\/01\/Imagen-steam-4.0.png 621w, https:\/\/blogsaverroes.juntadeandalucia.es\/iessalvadorserrano\/files\/2026\/01\/Imagen-steam-4.0-300x257.png 300w\" sizes=\"(max-width: 331px) 100vw, 331px\" \/><\/a>La sociedad actual atraviesa un proceso de digitalizaci\u00f3n profundo que impacta directamente en el servicio p\u00fablico de la educaci\u00f3n<\/span><\/span><span data-path-to-node=\"2,3\">. <\/span><span data-path-to-node=\"2,5\"><span class=\"citation-42\">Ante este escenario, la Consejer\u00eda de Desarrollo Educativo y Formaci\u00f3n Profesional de la Junta de Andaluc\u00eda ha puesto en marcha el programa <\/span><b data-path-to-node=\"2,5\" data-index-in-node=\"140\"><span class=\"citation-42\">C\u00f3digo Escuela 4.0<\/span><\/b><\/span><span data-path-to-node=\"2,7\">. <\/span><span data-path-to-node=\"2,9\"><span class=\"citation-41\">Esta iniciativa se enmarca en las directrices de la Comisi\u00f3n Europea y el Plan de Acci\u00f3n de Educaci\u00f3n Digital 2021-2027, cuyo fin es transformar la ense\u00f1anza para preparar a las futuras generaciones en \u00e1reas cr\u00edticas como la computaci\u00f3n, la inteligencia artificial y la rob\u00f3tica<\/span><\/span><span data-path-to-node=\"2,11\">.<\/span><\/p>\n<p style=\"text-align: justify\">&nbsp; &nbsp; <span data-path-to-node=\"3,1\"><span class=\"citation-40\">El objetivo central de este programa es que el alumnado de segundo ciclo de <\/span><b data-path-to-node=\"3,1\" data-index-in-node=\"76\"><span class=\"citation-40\">Educaci\u00f3n Infantil, Educaci\u00f3n Primaria y Educaci\u00f3n Secundaria Obligatoria (ESO)<\/span><\/b><span class=\"citation-40\"> adquiera las destrezas necesarias para comprender la l\u00f3gica del medio digital en el que vive<\/span><\/span><span data-path-to-node=\"3,3\">. <\/span><span data-path-to-node=\"3,5\"><span class=\"citation-39\">A trav\u00e9s de lenguajes de programaci\u00f3n adaptados a cada edad, los estudiantes desarrollar\u00e1n el pensamiento computacional y se iniciar\u00e1n en el aprendizaje de la rob\u00f3tica educativa<\/span><\/span><span data-path-to-node=\"3,7\">. <\/span><span data-path-to-node=\"3,9\"><span class=\"citation-38\">Esta incorporaci\u00f3n temprana busca fomentar el inter\u00e9s por las disciplinas <\/span><b data-path-to-node=\"3,9\" data-index-in-node=\"74\"><span class=\"citation-38\">STEAM<\/span><\/b><span class=\"citation-38\"> (Ciencia, Tecnolog\u00eda, Ingenier\u00eda, Artes y Matem\u00e1ticas) de manera experiencial, contribuyendo as\u00ed a reducir la brecha digital desde la infancia<\/span><\/span><span data-path-to-node=\"3,11\">.<\/span><\/p>\n<p style=\"text-align: justify\">&nbsp; &nbsp; <span data-path-to-node=\"4,1\"><span class=\"citation-37 interactive-span-hovered\">Para lograr una implementaci\u00f3n efectiva durante los cursos <\/span><b data-path-to-node=\"4,1\" data-index-in-node=\"59\"><span class=\"citation-37 interactive-span-hovered\">2025-2026 y 2026-2027<\/span><\/b><span class=\"citation-37 interactive-span-hovered\">, el programa se integra directamente en la estrategia de Transformaci\u00f3n Digital Educativa (TDE) de los centros mediante la creaci\u00f3n de un <\/span><b data-path-to-node=\"4,1\" data-index-in-node=\"219\"><span class=\"citation-37 interactive-span-hovered\">Proyecto STEAM 4.0<\/span><\/b><\/span><span data-path-to-node=\"4,3\">. <\/span><span data-path-to-node=\"4,5\"><span class=\"citation-36 interactive-span-hovered\">Este proyecto formar\u00e1 parte del Plan de Actuaci\u00f3n Digital (PAD) de cada centro docente, asegurando que la tecnolog\u00eda no sea solo un recurso aislado, sino un elemento central en la organizaci\u00f3n, la comunicaci\u00f3n y, especialmente, en los procesos de ense\u00f1anza y aprendizaje diarios<\/span><\/span><span data-path-to-node=\"4,7\">.<\/span><\/p>\n<p style=\"text-align: justify\">&nbsp; &nbsp; <span data-path-to-node=\"5,1\"><span class=\"citation-35\">El \u00e9xito de C\u00f3digo Escuela 4.0 se apoya en un s\u00f3lido sistema de acompa\u00f1amiento docente, que incluye la dotaci\u00f3n de equipamiento espec\u00edfico \u2014como robots did\u00e1cticos y placas programables\u2014 y el soporte de figuras clave<\/span><\/span><span data-path-to-node=\"5,3\">. <\/span><span data-path-to-node=\"5,5\"><span class=\"citation-34\">Cada centro contar\u00e1 con una persona <\/span><b data-path-to-node=\"5,5\" data-index-in-node=\"36\"><span class=\"citation-34\">coordinadora STEAM 4.0<\/span><\/b><span class=\"citation-34\"> y el respaldo de una red de <\/span><b data-path-to-node=\"5,5\" data-index-in-node=\"87\"><span class=\"citation-34\">Asesor\u00edas T\u00e9cnicas de Innovaci\u00f3n (ATI)<\/span><\/b><span class=\"citation-34\">, encargadas de ofrecer asesoramiento t\u00e9cnico y pedag\u00f3gico al profesorado<\/span><\/span><span data-path-to-node=\"5,7\">. <\/span><span data-path-to-node=\"5,9\"><span class=\"citation-33\">Este despliegue formativo garantiza que los docentes, incluso los no especialistas, cuenten con las herramientas y el apoyo necesarios para integrar estas nuevas competencias en sus aulas de forma significativa<\/span><\/span><span data-path-to-node=\"5,11\">.<\/span><\/p>\n<p style=\"text-align: justify\">&nbsp; &nbsp; En nuestro centro, en este curso acad\u00e9mico, la coordinaci\u00f3n del programa corre a cargo de D\u00aa M\u00aa Elena S\u00e1nchez Ruiz, que es adem\u00e1s coordinadora del programa TDE.<\/p>\n<ul>\n<li style=\"text-align: left\"><a href=\"https:\/\/www.juntadeandalucia.es\/educacion\/eaprendizaje\/impulsocd\/\">ENLACE INFORMATIVO DEL PROGRAMA C\u00d3DIGO ESCUELA 4.0<\/a><\/li>\n<li><a href=\"https:\/\/sites.google.com\/g.educaand.es\/portalsteam40\/inicio?authuser=1\">ENLACE AL \u00abPORTAL STEAM 4.0 INNOVANDO EL FUTURO\u00bb<\/a> (Web del IES Salvador Serrano que muestra las evidencias del desarrollo del programa):<\/li>\n<\/ul>\n<p><a href=\"https:\/\/sites.google.com\/g.educaand.es\/portalsteam40\/inicio?authuser=1\"><img loading=\"lazy\" decoding=\"async\" class=\"wp-image-14856 aligncenter\" src=\"https:\/\/blogsaverroes.juntadeandalucia.es\/iessalvadorserrano\/files\/2026\/03\/Portada-Portal-STEAM-1024x516.png\" alt=\"\" width=\"649\" height=\"327\" srcset=\"https:\/\/blogsaverroes.juntadeandalucia.es\/iessalvadorserrano\/files\/2026\/03\/Portada-Portal-STEAM-1024x516.png 1024w, https:\/\/blogsaverroes.juntadeandalucia.es\/iessalvadorserrano\/files\/2026\/03\/Portada-Portal-STEAM-300x151.png 300w, https:\/\/blogsaverroes.juntadeandalucia.es\/iessalvadorserrano\/files\/2026\/03\/Portada-Portal-STEAM-768x387.png 768w, https:\/\/blogsaverroes.juntadeandalucia.es\/iessalvadorserrano\/files\/2026\/03\/Portada-Portal-STEAM-1536x774.png 1536w, https:\/\/blogsaverroes.juntadeandalucia.es\/iessalvadorserrano\/files\/2026\/03\/Portada-Portal-STEAM.png 1600w\" sizes=\"(max-width: 649px) 100vw, 649px\" \/><\/a><\/p>\n<p>&nbsp;<\/p>\n","protected":false},"excerpt":{"rendered":"<p>&nbsp; &nbsp; La sociedad actual atraviesa un proceso de digitalizaci\u00f3n profundo que impacta directamente en el servicio p\u00fablico de la educaci\u00f3n. Ante este escenario, la&hellip;<\/p>\n","protected":false},"author":5046,"featured_media":0,"parent":0,"menu_order":0,"comment_status":"closed","ping_status":"closed","template":"","meta":{"ngg_post_thumbnail":0,"footnotes":"","_mc_calendar":[]},"aioseo_notices":[],"_links":{"self":[{"href":"https:\/\/blogsaverroes.juntadeandalucia.es\/iessalvadorserrano\/wp-json\/wp\/v2\/pages\/14646"}],"collection":[{"href":"https:\/\/blogsaverroes.juntadeandalucia.es\/iessalvadorserrano\/wp-json\/wp\/v2\/pages"}],"about":[{"href":"https:\/\/blogsaverroes.juntadeandalucia.es\/iessalvadorserrano\/wp-json\/wp\/v2\/types\/page"}],"author":[{"embeddable":true,"href":"https:\/\/blogsaverroes.juntadeandalucia.es\/iessalvadorserrano\/wp-json\/wp\/v2\/users\/5046"}],"replies":[{"embeddable":true,"href":"https:\/\/blogsaverroes.juntadeandalucia.es\/iessalvadorserrano\/wp-json\/wp\/v2\/comments?post=14646"}],"version-history":[{"count":3,"href":"https:\/\/blogsaverroes.juntadeandalucia.es\/iessalvadorserrano\/wp-json\/wp\/v2\/pages\/14646\/revisions"}],"predecessor-version":[{"id":14858,"href":"https:\/\/blogsaverroes.juntadeandalucia.es\/iessalvadorserrano\/wp-json\/wp\/v2\/pages\/14646\/revisions\/14858"}],"wp:attachment":[{"href":"https:\/\/blogsaverroes.juntadeandalucia.es\/iessalvadorserrano\/wp-json\/wp\/v2\/media?parent=14646"}],"curies":[{"name":"wp","href":"https:\/\/api.w.org\/{rel}","templated":true}]}}