{"id":150,"date":"2015-03-17T07:48:04","date_gmt":"2015-03-17T07:48:04","guid":{"rendered":"http:\/\/blogsaverroes.juntadeandalucia.es\/pre\/ceip\/?page_id=150"},"modified":"2025-11-16T18:35:54","modified_gmt":"2025-11-16T18:35:54","slug":"frances","status":"publish","type":"page","link":"https:\/\/blogsaverroes.juntadeandalucia.es\/iessalvadorserrano\/frances\/","title":{"rendered":"Franc\u00e9s"},"content":{"rendered":"<table style=\"height: 149px;width: 93.7149%\" border=\"1\">\n<tbody>\n<tr style=\"height: 48px\">\n<td style=\"width: 66.3403%;border-color: #000000;height: 48px;text-align: center\" colspan=\"2\">23000246.frances@g.educaand.es<\/td>\n<td style=\"background-color: #d8ecf2;width: 50.6732%;border-color: #000000;height: 48px\"><strong>Puesto o Especialidad<\/strong><\/td>\n<\/tr>\n<tr style=\"height: 48px\">\n<td style=\"width: 27.6622%;vertical-align: middle;background-color: #d8ecf2;border-color: #000000;height: 60px\"><strong>Jefatura de Departamento<\/strong><\/td>\n<td style=\"width: 38.6781%;border-color: #000000;height: 60px\" width=\"261\">Ana Bel\u00e9n Cano P\u00e9rez<\/td>\n<td style=\"width: 50.6732%;border-color: #000000;height: 60px\" width=\"247\">Franc\u00e9s P.E.S.<\/td>\n<\/tr>\n<tr style=\"height: 48px\">\n<td style=\"width: 27.6622%;vertical-align: middle;background-color: #d8ecf2;border-color: #000000;height: 41px\"><strong>Componentes<\/strong><\/td>\n<td style=\"width: 38.6781%;border-color: #000000;height: 41px\" width=\"261\">Departamento Unipersonal<\/td>\n<td style=\"width: 50.6732%;border-color: #000000;height: 41px\" width=\"247\">&nbsp;<\/td>\n<\/tr>\n<\/tbody>\n<\/table>\n<p style=\"text-align: center\"><a class=\"button\" href=\"https:\/\/blogsaverroes.juntadeandalucia.es\/iessalvadorserrano\/programaciones-frances\/\"><strong>ENLACE A LAS PROGRAMACIONES DEL DEPARTAMENTO<\/strong><\/a><\/p>\n<table style=\"height: 321px;width: 93.7288%\" border=\"1\">\n<tbody>\n<tr style=\"height: 30px\">\n<td style=\"width: 100%;height: 30px;background-color: #4e609c\"><span style=\"color: white\"><strong>CRITERIOS DE EVALUACI\u00d3N<br \/>\n<\/strong><\/span><\/td>\n<\/tr>\n<tr style=\"height: 22px\">\n<td style=\"width: 100%;height: 22px\"><a href=\"https:\/\/blogsaverroes.juntadeandalucia.es\/iessalvadorserrano\/files\/2023\/11\/criterios-de-evaluaci\u00f3n-FRANC\u00c9S-1\u00ba-ESO.pdf\"><img loading=\"lazy\" decoding=\"async\" class=\"size-full wp-image-2952 alignleft\" src=\"https:\/\/blogsaverroes.juntadeandalucia.es\/iessalvadorserrano\/files\/2017\/05\/criteval-e1510486355221.jpg\" alt=\"\" width=\"40\" height=\"23\"><\/a><a href=\"https:\/\/blogsaverroes.juntadeandalucia.es\/iessalvadorserrano\/files\/2023\/11\/criterios-de-evaluaci\u00f3n-FRANC\u00c9S-1\u00ba-ESO.pdf\">FRANC\u00c9S 2\u00aa LENGUA EXTRANJERA 1\u00ba ESO<\/a><\/td>\n<\/tr>\n<tr style=\"height: 39px\">\n<td style=\"width: 100%;height: 39px\"><a href=\"https:\/\/blogsaverroes.juntadeandalucia.es\/iessalvadorserrano\/files\/2023\/11\/criterios-de-evaluaci\u00f3n-FRANC\u00c9S-2\u00ba-ESO.pdf\"><img loading=\"lazy\" decoding=\"async\" class=\"size-full wp-image-2952 alignleft\" src=\"https:\/\/blogsaverroes.juntadeandalucia.es\/iessalvadorserrano\/files\/2017\/05\/criteval-e1510486355221.jpg\" alt=\"\" width=\"40\" height=\"23\"><\/a><a href=\"https:\/\/blogsaverroes.juntadeandalucia.es\/iessalvadorserrano\/files\/2023\/11\/criterios-de-evaluaci\u00f3n-FRANC\u00c9S-2\u00ba-ESO.pdf\">FRANC\u00c9S 2\u00aa LENGUA EXTRANJERA 2\u00ba ESO<\/a><\/td>\n<\/tr>\n<tr style=\"height: 39px\">\n<td style=\"width: 100%;height: 39px\"><a href=\"https:\/\/blogsaverroes.juntadeandalucia.es\/iessalvadorserrano\/files\/2023\/11\/criterios-de-evaluaci\u00f3n-FRANC\u00c9S-3\u00ba-ESO.pdf\">FRANC\u00c9S 2\u00aa LENGUA EXTRANJERA 3\u00ba ESO<\/a><a href=\"https:\/\/blogsaverroes.juntadeandalucia.es\/iessalvadorserrano\/files\/2023\/11\/criterios-de-evaluaci\u00f3n-FRANC\u00c9S-3\u00ba-ESO.pdf\"><img loading=\"lazy\" decoding=\"async\" class=\"size-full wp-image-2952 alignleft\" src=\"https:\/\/blogsaverroes.juntadeandalucia.es\/iessalvadorserrano\/files\/2017\/05\/criteval-e1510486355221.jpg\" alt=\"\" width=\"40\" height=\"23\"><\/a><\/td>\n<\/tr>\n<tr style=\"height: 39px\">\n<td style=\"width: 100%;height: 39px\"><a href=\"https:\/\/blogsaverroes.juntadeandalucia.es\/iessalvadorserrano\/files\/2023\/11\/criterios-de-evaluaci\u00f3n-FRANC\u00c9S-4\u00ba-ESO.pdf\">FRANC\u00c9S 2\u00aa LENGUA EXTRANJERA 4\u00ba ESO<\/a><a href=\"https:\/\/blogsaverroes.juntadeandalucia.es\/iessalvadorserrano\/files\/2023\/11\/criterios-de-evaluaci\u00f3n-FRANC\u00c9S-4\u00ba-ESO.pdf\"><img loading=\"lazy\" decoding=\"async\" class=\"size-full wp-image-2952 alignleft\" src=\"https:\/\/blogsaverroes.juntadeandalucia.es\/iessalvadorserrano\/files\/2017\/05\/criteval-e1510486355221.jpg\" alt=\"\" width=\"40\" height=\"23\"><\/a><\/td>\n<\/tr>\n<tr style=\"height: 39px\">\n<td style=\"width: 100%;height: 39px\"><a href=\"https:\/\/blogsaverroes.juntadeandalucia.es\/iessalvadorserrano\/files\/2023\/11\/criterios-de-evaluaci\u00f3n-FRANC\u00c9S-1\u00ba-BACHILLERATO.pdf\">FRANC\u00c9S 2\u00aa LENGUA EXTRANJERA 1\u00ba BACHILLERATO<\/a><a href=\"https:\/\/blogsaverroes.juntadeandalucia.es\/iessalvadorserrano\/files\/2023\/11\/criterios-de-evaluaci\u00f3n-FRANC\u00c9S-1\u00ba-BACHILLERATO.pdf\"><img loading=\"lazy\" decoding=\"async\" class=\"size-full wp-image-2952 alignleft\" src=\"https:\/\/blogsaverroes.juntadeandalucia.es\/iessalvadorserrano\/files\/2017\/05\/criteval-e1510486355221.jpg\" alt=\"\" width=\"40\" height=\"23\"><\/a><\/td>\n<\/tr>\n<tr style=\"height: 39px\">\n<td style=\"width: 100%;height: 39px\"><a href=\"https:\/\/blogsaverroes.juntadeandalucia.es\/iessalvadorserrano\/files\/2023\/11\/criterios-de-evaluaci\u00f3n-FRANC\u00c9S-2\u00ba-BACHILLERATO.pdf\">FRANC\u00c9S 2\u00aa LENGUA EXTRANJERA 2\u00ba BACHILLERATO<\/a><a href=\"https:\/\/blogsaverroes.juntadeandalucia.es\/iessalvadorserrano\/files\/2023\/11\/criterios-de-evaluaci\u00f3n-FRANC\u00c9S-2\u00ba-BACHILLERATO.pdf\"><img loading=\"lazy\" decoding=\"async\" class=\"size-full wp-image-2952 alignleft\" src=\"https:\/\/blogsaverroes.juntadeandalucia.es\/iessalvadorserrano\/files\/2017\/05\/criteval-e1510486355221.jpg\" alt=\"\" width=\"40\" height=\"23\"><\/a><\/td>\n<\/tr>\n<\/tbody>\n<\/table>\n<p style=\"text-align: justify\"><img loading=\"lazy\" decoding=\"async\" class=\"aligncenter size-medium wp-image-2099\" src=\"https:\/\/blogsaverroes.juntadeandalucia.es\/iessalvadorserrano\/files\/2015\/03\/frances-300x160.jpg\" alt=\"frances\" width=\"300\" height=\"160\" srcset=\"https:\/\/blogsaverroes.juntadeandalucia.es\/iessalvadorserrano\/files\/2015\/03\/frances-300x160.jpg 300w, https:\/\/blogsaverroes.juntadeandalucia.es\/iessalvadorserrano\/files\/2015\/03\/frances.jpg 640w\" sizes=\"(max-width: 300px) 100vw, 300px\" \/><\/p>\n<p style=\"text-align: justify\"><strong><span style=\"font-family: sans-serif\"><span style=\"font-size: medium\">Segunda Lengua Extranjera <\/span><\/span><\/strong><\/p>\n<p style=\"text-align: justify\"><span style=\"font-family: sans-serif\"><span style=\"font-size: medium\">&nbsp; &nbsp; El pluriling\u00fcismo es una de las se\u00f1as de identidad de la ciudadan\u00eda en una Europa multiling\u00fce y multicultural, cuya diversidad no debe suponer un obst\u00e1culo a la movilidad y la cooperaci\u00f3n sino constituir una fuente de riqueza personal, social y cultural y un factor de progreso. A este fin, el Consejo Europeo reunido en Barcelona en 2002 recoge entre sus conclusiones la necesidad de coordinar esfuerzos en pos de una econom\u00eda competitiva basada en el conocimiento, e insta a los Estados miembros de la Uni\u00f3n Europea a desarrollar acciones educativas conducentes a la mejora del dominio de las competencias clave, en particular mediante la ense\u00f1anza de al menos dos lenguas extranjeras desde una edad muy temprana. <\/span><\/span><\/p>\n","protected":false},"excerpt":{"rendered":"<p>23000246.frances@g.educaand.es Puesto o Especialidad Jefatura de Departamento Ana Bel\u00e9n Cano P\u00e9rez Franc\u00e9s P.E.S. Componentes Departamento Unipersonal &nbsp; ENLACE A LAS PROGRAMACIONES DEL DEPARTAMENTO CRITERIOS DE&hellip;<\/p>\n","protected":false},"author":1,"featured_media":0,"parent":0,"menu_order":0,"comment_status":"closed","ping_status":"open","template":"","meta":{"ngg_post_thumbnail":0,"footnotes":"","_mc_calendar":[]},"aioseo_notices":[],"_links":{"self":[{"href":"https:\/\/blogsaverroes.juntadeandalucia.es\/iessalvadorserrano\/wp-json\/wp\/v2\/pages\/150"}],"collection":[{"href":"https:\/\/blogsaverroes.juntadeandalucia.es\/iessalvadorserrano\/wp-json\/wp\/v2\/pages"}],"about":[{"href":"https:\/\/blogsaverroes.juntadeandalucia.es\/iessalvadorserrano\/wp-json\/wp\/v2\/types\/page"}],"author":[{"embeddable":true,"href":"https:\/\/blogsaverroes.juntadeandalucia.es\/iessalvadorserrano\/wp-json\/wp\/v2\/users\/1"}],"replies":[{"embeddable":true,"href":"https:\/\/blogsaverroes.juntadeandalucia.es\/iessalvadorserrano\/wp-json\/wp\/v2\/comments?post=150"}],"version-history":[{"count":33,"href":"https:\/\/blogsaverroes.juntadeandalucia.es\/iessalvadorserrano\/wp-json\/wp\/v2\/pages\/150\/revisions"}],"predecessor-version":[{"id":14143,"href":"https:\/\/blogsaverroes.juntadeandalucia.es\/iessalvadorserrano\/wp-json\/wp\/v2\/pages\/150\/revisions\/14143"}],"wp:attachment":[{"href":"https:\/\/blogsaverroes.juntadeandalucia.es\/iessalvadorserrano\/wp-json\/wp\/v2\/media?parent=150"}],"curies":[{"name":"wp","href":"https:\/\/api.w.org\/{rel}","templated":true}]}}