{"id":158,"date":"2015-03-17T07:50:33","date_gmt":"2015-03-17T07:50:33","guid":{"rendered":"http:\/\/blogsaverroes.juntadeandalucia.es\/pre\/ceip\/?page_id=158"},"modified":"2025-11-16T19:25:22","modified_gmt":"2025-11-16T19:25:22","slug":"matematicas","status":"publish","type":"page","link":"https:\/\/blogsaverroes.juntadeandalucia.es\/iessalvadorserrano\/matematicas\/","title":{"rendered":"Matem\u00e1ticas"},"content":{"rendered":"<table style=\"height: 264px;width: 96.4277%;border-color: #000000\" border=\"1\">\n<tbody>\n<tr style=\"height: 36px\">\n<td style=\"width: 59.3698%;border-color: #000000;height: 36px;text-align: center\" colspan=\"2\">23000246.mat@g.educaand.es<\/td>\n<td style=\"background-color: #d8ecf2;width: 57.7363%;border-color: #000000;height: 36px\"><strong>Puesto o Especialidad<\/strong><\/td>\n<\/tr>\n<tr style=\"height: 84px\">\n<td style=\"width: 21.6165%;background-color: #d8ecf2;vertical-align: middle;border-color: #000000;height: 84px\"><strong>Jefatura de Departamento<\/strong><\/td>\n<td style=\"width: 37.7533%;border-color: #000000;height: 84px\" width=\"329\">M\u00aa Cruz Jim\u00e9nez Jim\u00e9nez<\/td>\n<td style=\"width: 57.7363%;border-color: #000000;height: 84px\" width=\"213\">Matem\u00e1ticas P.E.S.<\/td>\n<\/tr>\n<tr style=\"height: 24px\">\n<td style=\"width: 21.6165%;vertical-align: middle;background-color: #d8ecf2;border-color: #000000;height: 144px\" rowspan=\"8\"><strong>Componentes<\/strong><\/td>\n<td style=\"width: 37.7533%;border-color: #000000;height: 24px\" width=\"329\">Luis Daniel La Rosa Garc\u00eda<\/td>\n<td style=\"width: 57.7363%;border-color: #000000;height: 24px\" width=\"213\">Matem\u00e1ticas P.E.S.<\/td>\n<\/tr>\n<tr style=\"height: 24px\">\n<td style=\"width: 37.7533%;border-color: #000000;height: 24px\" width=\"329\">M\u00aa Laura Ca\u00f1o Gonz\u00e1lez<\/td>\n<td style=\"width: 57.7363%;border-color: #000000;height: 24px\" width=\"213\">Matem\u00e1ticas P.E.S.<\/td>\n<\/tr>\n<tr style=\"height: 24px\">\n<td style=\"width: 37.7533%;border-color: #000000;height: 24px\" width=\"329\">Alejandro Baca Lara<\/td>\n<td style=\"width: 57.7363%;border-color: #000000;height: 24px\" width=\"213\">Matem\u00e1ticas P.E.S.<\/td>\n<\/tr>\n<tr style=\"height: 24px\">\n<td style=\"width: 37.7533%;border-color: #000000;height: 24px\" width=\"329\">David Chica Cobo<\/td>\n<td style=\"width: 57.7363%;border-color: #000000;height: 24px\" width=\"213\">Matem\u00e1ticas P.E.S.<\/td>\n<\/tr>\n<tr style=\"height: 24px\">\n<td style=\"width: 37.7533%;border-color: #000000;height: 24px\" width=\"329\">Margarita Guti\u00e9rrez Castillo<\/td>\n<td style=\"width: 57.7363%;border-color: #000000;height: 24px\" width=\"213\">\u00c1rea Cient\u00edfico-Tecnol\u00f3gica ZTS<\/td>\n<\/tr>\n<tr style=\"height: 24px\">\n<td style=\"width: 37.7533%;height: 24px;border-color: #000000\" width=\"329\">Concepci\u00f3n Esquinas Mart\u00ednez<\/td>\n<td style=\"width: 57.7363%;height: 24px;border-color: #000000\" width=\"213\">Matem\u00e1ticas P.E.S.<\/td>\n<\/tr>\n<tr>\n<td style=\"width: 37.7533%\">M\u00aa Guadalupe S\u00e1nchez Osuna<\/td>\n<td style=\"width: 57.7363%\">Programas de Cualificaci\u00f3n Profesional Inicial<\/td>\n<\/tr>\n<tr>\n<td style=\"width: 37.7533%;border-color: #000000\">Inmaculada Macho Verdugo<\/td>\n<td style=\"width: 57.7363%;border-color: #000000\">Matem\u00e1ticas P.E.S.<\/td>\n<\/tr>\n<\/tbody>\n<\/table>\n<p style=\"text-align: center\"><a class=\"button\" href=\"https:\/\/blogsaverroes.juntadeandalucia.es\/iessalvadorserrano\/programaciones-matematicas\/\"><strong>ENLACE A LAS PROGRAMACIONES DEL DEPARTAMENTO<\/strong><\/a><\/p>\n<table style=\"height: 539px;width: 96.3493%\" border=\"1\">\n<tbody>\n<tr style=\"height: 30px\">\n<td style=\"width: 100%;height: 30px;background-color: #4e609c\"><span style=\"color: white\"><strong>CRITERIOS DE EVALUACI\u00d3N Y CALIFICACI\u00d3N<\/strong><\/span><\/td>\n<\/tr>\n<tr style=\"height: 22px\">\n<td style=\"width: 100%;height: 22px\"><a href=\"https:\/\/blogsaverroes.juntadeandalucia.es\/iessalvadorserrano\/files\/2023\/11\/CRITERIOS-DE-EVALUACI\u00d3N-MAT-1\u00ba-ESO.pdf\"><img loading=\"lazy\" decoding=\"async\" class=\"size-full wp-image-2952 alignleft\" src=\"https:\/\/blogsaverroes.juntadeandalucia.es\/iessalvadorserrano\/files\/2017\/05\/criteval-e1510486355221.jpg\" alt=\"\" width=\"40\" height=\"23\"><\/a><a href=\"https:\/\/blogsaverroes.juntadeandalucia.es\/iessalvadorserrano\/files\/2023\/11\/CRITERIOS-DE-EVALUACI\u00d3N-MAT-1\u00ba-ESO.pdf\">Matem\u00e1ticas 1\u00baESO<\/a><\/td>\n<\/tr>\n<tr style=\"height: 37px\">\n<td style=\"width: 100%;height: 37px\"><a href=\"https:\/\/blogsaverroes.juntadeandalucia.es\/iessalvadorserrano\/files\/2023\/11\/criterios-de-evaluaci\u00f3n-MAT-2\u00ba-ESO.pdf\"><img loading=\"lazy\" decoding=\"async\" class=\"size-full wp-image-2952 alignleft\" src=\"https:\/\/blogsaverroes.juntadeandalucia.es\/iessalvadorserrano\/files\/2017\/05\/criteval-e1510486355221.jpg\" alt=\"\" width=\"40\" height=\"23\"><\/a><a href=\"https:\/\/blogsaverroes.juntadeandalucia.es\/iessalvadorserrano\/files\/2023\/11\/criterios-de-evaluaci\u00f3n-MAT-2\u00ba-ESO.pdf\">Matem\u00e1ticas 2\u00ba ESO<\/a><\/td>\n<\/tr>\n<tr style=\"height: 31px\">\n<td style=\"width: 100%;height: 31px\"><a href=\"https:\/\/blogsaverroes.juntadeandalucia.es\/iessalvadorserrano\/files\/2023\/11\/CRITERIOS-DE-EVALUACI\u00d3N-MAT-3\u00ba-ESO.pdf\">Matem\u00e1ticas 3\u00ba ESO<\/a><a href=\"https:\/\/blogsaverroes.juntadeandalucia.es\/iessalvadorserrano\/files\/2023\/11\/CRITERIOS-DE-EVALUACI\u00d3N-MAT-3\u00ba-ESO.pdf\"><img loading=\"lazy\" decoding=\"async\" class=\"size-full wp-image-2952 alignleft\" src=\"https:\/\/blogsaverroes.juntadeandalucia.es\/iessalvadorserrano\/files\/2017\/05\/criteval-e1510486355221.jpg\" alt=\"\" width=\"40\" height=\"23\"><\/a><\/td>\n<\/tr>\n<tr style=\"height: 31px\">\n<td style=\"width: 100%;height: 31px\"><a href=\"https:\/\/blogsaverroes.juntadeandalucia.es\/iessalvadorserrano\/files\/2023\/11\/CRITERIOS-DE-EVALUACION-4_ESO-MATEMATICAS-OP-A.pdf\">Matem\u00e1ticas Opci\u00f3n A 4\u00ba ESO<\/a><a href=\"https:\/\/blogsaverroes.juntadeandalucia.es\/iessalvadorserrano\/files\/2023\/11\/CRITERIOS-DE-EVALUACION-4_ESO-MATEMATICAS-OP-A.pdf\"><img loading=\"lazy\" decoding=\"async\" class=\"size-full wp-image-2952 alignleft\" src=\"https:\/\/blogsaverroes.juntadeandalucia.es\/iessalvadorserrano\/files\/2017\/05\/criteval-e1510486355221.jpg\" alt=\"\" width=\"40\" height=\"23\"><\/a><\/td>\n<\/tr>\n<tr style=\"height: 31px\">\n<td style=\"width: 100%;height: 31px\"><a href=\"https:\/\/blogsaverroes.juntadeandalucia.es\/iessalvadorserrano\/files\/2023\/11\/CRITERIOS-DE-EVALUCACI\u00d3N-4\u00ba-ESO-MATEM\u00c1TICAS-OP-B.pdf\">Matem\u00e1ticas Opci\u00f3n B 4\u00ba ESO<\/a><a href=\"https:\/\/blogsaverroes.juntadeandalucia.es\/iessalvadorserrano\/files\/2023\/11\/CRITERIOS-DE-EVALUCACI\u00d3N-4\u00ba-ESO-MATEM\u00c1TICAS-OP-B.pdf\"><img loading=\"lazy\" decoding=\"async\" class=\"size-full wp-image-2952 alignleft\" src=\"https:\/\/blogsaverroes.juntadeandalucia.es\/iessalvadorserrano\/files\/2017\/05\/criteval-e1510486355221.jpg\" alt=\"\" width=\"40\" height=\"23\"><\/a><\/td>\n<\/tr>\n<tr style=\"height: 31px\">\n<td style=\"width: 100%;height: 31px\"><a href=\"https:\/\/blogsaverroes.juntadeandalucia.es\/iessalvadorserrano\/files\/2023\/11\/Criterios-de-evaluaci\u00f3n-PROYECTO-INTERDISCIPLINAR-DE-REFUERZO-DE-MATEM\u00c1TICAS-4\u00baESO.pdf\">Proyecto Interdisciplinar de Refuerzo de Matem\u00e1ticas 4\u00ba ESO<\/a><a href=\"https:\/\/blogsaverroes.juntadeandalucia.es\/iessalvadorserrano\/files\/2023\/11\/Criterios-de-evaluaci\u00f3n-PROYECTO-INTERDISCIPLINAR-DE-REFUERZO-DE-MATEM\u00c1TICAS-4\u00baESO.pdf\"><img loading=\"lazy\" decoding=\"async\" class=\"size-full wp-image-2952 alignleft\" src=\"https:\/\/blogsaverroes.juntadeandalucia.es\/iessalvadorserrano\/files\/2017\/05\/criteval-e1510486355221.jpg\" alt=\"\" width=\"40\" height=\"23\"><\/a><\/td>\n<\/tr>\n<tr style=\"height: 31px\">\n<td style=\"width: 100%;height: 31px\"><a href=\"https:\/\/blogsaverroes.juntadeandalucia.es\/iessalvadorserrano\/files\/2023\/11\/criterios-de-evaluaci\u00f3n-\u00c1MBTITO-CT-4\u00ba-DIVERSIFICACI\u00d3N.pdf\">\u00c1mbito Cient\u00edfico Tecnol\u00f3gico 4\u00ba ESO DIVERSIFICACI\u00d3N<\/a><a href=\"https:\/\/blogsaverroes.juntadeandalucia.es\/iessalvadorserrano\/files\/2023\/11\/criterios-de-evaluaci\u00f3n-\u00c1MBTITO-CT-4\u00ba-DIVERSIFICACI\u00d3N.pdf\"><img loading=\"lazy\" decoding=\"async\" class=\"size-full wp-image-2952 alignleft\" src=\"https:\/\/blogsaverroes.juntadeandalucia.es\/iessalvadorserrano\/files\/2017\/05\/criteval-e1510486355221.jpg\" alt=\"\" width=\"40\" height=\"23\"><\/a><\/td>\n<\/tr>\n<tr style=\"height: 31px\">\n<td style=\"width: 100%;height: 31px\"><a href=\"https:\/\/blogsaverroes.juntadeandalucia.es\/iessalvadorserrano\/files\/2023\/11\/criterios-de-evaluaci\u00f3n-MAT-1\u00ba-BACHILLERATO-CIENCIAS.pdf\">Matem\u00e1ticas I 1\u00ba BACHILLERATO CIENCIAS<\/a><a href=\"https:\/\/blogsaverroes.juntadeandalucia.es\/iessalvadorserrano\/files\/2023\/11\/criterios-de-evaluaci\u00f3n-MAT-1\u00ba-BACHILLERATO-CIENCIAS.pdf\"><img loading=\"lazy\" decoding=\"async\" class=\"size-full wp-image-2952 alignleft\" src=\"https:\/\/blogsaverroes.juntadeandalucia.es\/iessalvadorserrano\/files\/2017\/05\/criteval-e1510486355221.jpg\" alt=\"\" width=\"40\" height=\"23\"><\/a><\/td>\n<\/tr>\n<tr style=\"height: 31px\">\n<td style=\"width: 100%;height: 31px\"><a href=\"https:\/\/blogsaverroes.juntadeandalucia.es\/iessalvadorserrano\/files\/2023\/11\/criterios-de-evaluaci\u00f3n-MAT-1\u00baBACHILLERATO-DE-CIENCIAS-SOCIALES.pdf\">Matem\u00e1ticas Aplicadas a las CCSS I 1\u00ba BACHILLERATO CCSS<\/a><a href=\"https:\/\/blogsaverroes.juntadeandalucia.es\/iessalvadorserrano\/files\/2023\/11\/criterios-de-evaluaci\u00f3n-MAT-1\u00baBACHILLERATO-DE-CIENCIAS-SOCIALES.pdf\"><img loading=\"lazy\" decoding=\"async\" class=\"size-full wp-image-2952 alignleft\" src=\"https:\/\/blogsaverroes.juntadeandalucia.es\/iessalvadorserrano\/files\/2017\/05\/criteval-e1510486355221.jpg\" alt=\"\" width=\"40\" height=\"23\"><\/a><\/td>\n<\/tr>\n<tr style=\"height: 31px\">\n<td style=\"width: 100%;height: 31px\"><a href=\"https:\/\/blogsaverroes.juntadeandalucia.es\/iessalvadorserrano\/files\/2023\/11\/criterios-de-evaluaci\u00f3n-MAT-2\u00ba-BACHILLERATO-CIENCIAS.pdf\">Matem\u00e1ticas II 2\u00ba BACHILLERATO CIENCIAS<\/a><a href=\"https:\/\/blogsaverroes.juntadeandalucia.es\/iessalvadorserrano\/files\/2023\/11\/criterios-de-evaluaci\u00f3n-MAT-2\u00ba-BACHILLERATO-CIENCIAS.pdf\"><img loading=\"lazy\" decoding=\"async\" class=\"size-full wp-image-2952 alignleft\" src=\"https:\/\/blogsaverroes.juntadeandalucia.es\/iessalvadorserrano\/files\/2017\/05\/criteval-e1510486355221.jpg\" alt=\"\" width=\"40\" height=\"23\"><\/a><\/td>\n<\/tr>\n<tr style=\"height: 31px\">\n<td style=\"width: 100%;height: 31px\"><a href=\"https:\/\/blogsaverroes.juntadeandalucia.es\/iessalvadorserrano\/files\/2023\/11\/CRITERIOS-DE-EVALUACI\u00d3N-MAT-2\u00ba-BACHILLERATO-CCSS.pdf\">Matem\u00e1ticas Aplicadas a la CCSS II 2\u00ba BACHILLERATO CCSS<\/a><a href=\"https:\/\/blogsaverroes.juntadeandalucia.es\/iessalvadorserrano\/files\/2023\/11\/CRITERIOS-DE-EVALUACI\u00d3N-MAT-2\u00ba-BACHILLERATO-CCSS.pdf\"><img loading=\"lazy\" decoding=\"async\" class=\"size-full wp-image-2952 alignleft\" src=\"https:\/\/blogsaverroes.juntadeandalucia.es\/iessalvadorserrano\/files\/2017\/05\/criteval-e1510486355221.jpg\" alt=\"\" width=\"40\" height=\"23\"><\/a><\/td>\n<\/tr>\n<tr style=\"height: 31px\">\n<td style=\"width: 100%;height: 31px\"><a href=\"https:\/\/blogsaverroes.juntadeandalucia.es\/iessalvadorserrano\/files\/2023\/11\/CRITERIOS-DE-EVALUACI\u00d3N-2\u00ba-BACHILLERATO-ESTAD\u00cdSTICA.pdf\">Estad\u00edstica 2\u00ba BACHILLERATO<\/a><a href=\"https:\/\/blogsaverroes.juntadeandalucia.es\/iessalvadorserrano\/files\/2023\/11\/CRITERIOS-DE-EVALUACI\u00d3N-2\u00ba-BACHILLERATO-ESTAD\u00cdSTICA.pdf\"><img loading=\"lazy\" decoding=\"async\" class=\"size-full wp-image-2952 alignleft\" src=\"https:\/\/blogsaverroes.juntadeandalucia.es\/iessalvadorserrano\/files\/2017\/05\/criteval-e1510486355221.jpg\" alt=\"\" width=\"40\" height=\"23\"><\/a><\/td>\n<\/tr>\n<\/tbody>\n<\/table>\n<p><img loading=\"lazy\" decoding=\"async\" class=\"aligncenter size-medium wp-image-2135\" src=\"https:\/\/blogsaverroes.juntadeandalucia.es\/iessalvadorserrano\/files\/2015\/03\/matematicas-300x210.jpg\" alt=\"matematicas\" width=\"300\" height=\"210\" srcset=\"https:\/\/blogsaverroes.juntadeandalucia.es\/iessalvadorserrano\/files\/2015\/03\/matematicas-300x210.jpg 300w, https:\/\/blogsaverroes.juntadeandalucia.es\/iessalvadorserrano\/files\/2015\/03\/matematicas.jpg 640w\" sizes=\"(max-width: 300px) 100vw, 300px\" \/><\/p>\n<p style=\"text-align: justify\"><strong><span style=\"font-family: sans-serif\"><span style=\"font-size: medium\">Matem\u00e1ticas <\/span><\/span><\/strong><\/p>\n<p style=\"text-align: justify\"><span style=\"font-family: sans-serif\"><span style=\"font-size: medium\">&nbsp; &nbsp; Las matem\u00e1ticas constituyen una forma de mirar e interpretar el mundo que nos rodea, reflejan la capacidad creativa, expresan con precisi\u00f3n conceptos y argumentos, favorecen la capacidad para aprender a aprender y contienen elementos de gran belleza; sin olvidar adem\u00e1s el car\u00e1cter instrumental que las matem\u00e1ticas tienen como base fundamental para la adquisici\u00f3n de nuevos conocimientos en otras disciplinas, especialmente en el proceso cient\u00edfico y tecnol\u00f3gico y como fuerza conductora en el desarrollo de la cultura y las civilizaciones. <\/span><\/span><\/p>\n","protected":false},"excerpt":{"rendered":"<p>23000246.mat@g.educaand.es Puesto o Especialidad Jefatura de Departamento M\u00aa Cruz Jim\u00e9nez Jim\u00e9nez Matem\u00e1ticas P.E.S. Componentes Luis Daniel La Rosa Garc\u00eda Matem\u00e1ticas P.E.S. M\u00aa Laura Ca\u00f1o Gonz\u00e1lez&hellip;<\/p>\n","protected":false},"author":1,"featured_media":0,"parent":0,"menu_order":0,"comment_status":"closed","ping_status":"open","template":"","meta":{"ngg_post_thumbnail":0,"footnotes":"","_mc_calendar":[]},"aioseo_notices":[],"_links":{"self":[{"href":"https:\/\/blogsaverroes.juntadeandalucia.es\/iessalvadorserrano\/wp-json\/wp\/v2\/pages\/158"}],"collection":[{"href":"https:\/\/blogsaverroes.juntadeandalucia.es\/iessalvadorserrano\/wp-json\/wp\/v2\/pages"}],"about":[{"href":"https:\/\/blogsaverroes.juntadeandalucia.es\/iessalvadorserrano\/wp-json\/wp\/v2\/types\/page"}],"author":[{"embeddable":true,"href":"https:\/\/blogsaverroes.juntadeandalucia.es\/iessalvadorserrano\/wp-json\/wp\/v2\/users\/1"}],"replies":[{"embeddable":true,"href":"https:\/\/blogsaverroes.juntadeandalucia.es\/iessalvadorserrano\/wp-json\/wp\/v2\/comments?post=158"}],"version-history":[{"count":40,"href":"https:\/\/blogsaverroes.juntadeandalucia.es\/iessalvadorserrano\/wp-json\/wp\/v2\/pages\/158\/revisions"}],"predecessor-version":[{"id":14168,"href":"https:\/\/blogsaverroes.juntadeandalucia.es\/iessalvadorserrano\/wp-json\/wp\/v2\/pages\/158\/revisions\/14168"}],"wp:attachment":[{"href":"https:\/\/blogsaverroes.juntadeandalucia.es\/iessalvadorserrano\/wp-json\/wp\/v2\/media?parent=158"}],"curies":[{"name":"wp","href":"https:\/\/api.w.org\/{rel}","templated":true}]}}