{"id":164,"date":"2015-03-17T07:52:28","date_gmt":"2015-03-17T07:52:28","guid":{"rendered":"http:\/\/blogsaverroes.juntadeandalucia.es\/pre\/ceip\/?page_id=164"},"modified":"2025-11-25T10:02:02","modified_gmt":"2025-11-25T10:02:02","slug":"ingles","status":"publish","type":"page","link":"https:\/\/blogsaverroes.juntadeandalucia.es\/iessalvadorserrano\/ingles\/","title":{"rendered":"Ingl\u00e9s"},"content":{"rendered":"<table style=\"height: 227px;width: 95.8525%;border-color: #000000\" border=\"1\">\n<tbody>\n<tr style=\"height: 20px\">\n<td style=\"height: 41px;width: 66.084%;border-color: #000000\" colspan=\"2\">\n<p style=\"text-align: center\">23000246.ingles@g.educaand.es<\/p>\n<\/td>\n<td style=\"background-color: #d8ecf2;height: 41px;width: 69.1469%;border-color: #000000\"><strong>Puesto o Especialidad<\/strong><\/td>\n<\/tr>\n<tr style=\"height: 32.4px\">\n<td style=\"width: 28.9888%;vertical-align: middle;background-color: #d8ecf2;height: 32px;border-color: #000000\"><strong>Jefatura de Departamento<\/strong><\/td>\n<td style=\"width: 37.0952%;height: 32px;border-color: #000000\" width=\"265\">Ana M\u00aa Estepa Jim\u00e9nez<\/td>\n<td style=\"width: 69.1469%;height: 32px;border-color: #000000\" width=\"266\">Ingl\u00e9s P.E.S.<\/td>\n<\/tr>\n<tr style=\"height: 20px\">\n<td style=\"width: 28.9888%;vertical-align: middle;background-color: #d8ecf2;height: 154px;border-color: #000000\" rowspan=\"6\"><strong>Componentes<\/strong><\/p>\n<p><strong>&nbsp;<\/strong><\/td>\n<td style=\"width: 37.0952%;height: 22px;border-color: #000000\" width=\"265\">Raquel Martos L\u00f3pez<\/td>\n<td style=\"width: 69.1469%;height: 22px;border-color: #000000\" width=\"266\">Ingl\u00e9s P.E.S.<\/td>\n<\/tr>\n<tr style=\"height: 22px\">\n<td style=\"width: 37.0952%;height: 22px;border-color: #000000\" width=\"265\">M\u00aa Teresa Panadero Rutete<\/td>\n<td style=\"width: 69.1469%;height: 22px;border-color: #000000\" width=\"266\">Ingl\u00e9s P.E.S.<\/td>\n<\/tr>\n<tr style=\"height: 22px\">\n<td style=\"width: 37.0952%;height: 22px;border-color: #000000\" width=\"265\">Caridad Quijada Olivencia<\/td>\n<td style=\"width: 69.1469%;height: 22px;border-color: #000000\" width=\"266\">Ingl\u00e9s P.E.S.<\/td>\n<\/tr>\n<tr style=\"height: 22px\">\n<td style=\"width: 37.0952%;height: 22px;border-color: #000000\">Alba Mar\u00eda Molina Barranco<\/td>\n<td style=\"width: 69.1469%;height: 22px;border-color: #000000\" width=\"266\">Ingl\u00e9s P.E.S.<\/td>\n<\/tr>\n<tr style=\"height: 22px\">\n<td style=\"width: 37.0952%;height: 22px;border-color: #000000\" width=\"265\">Noelia Berm\u00fadez Gallardo<\/td>\n<td style=\"width: 69.1469%;height: 22px;border-color: #000000\" width=\"266\">Ingl\u00e9s P.E.S.<\/td>\n<\/tr>\n<tr style=\"height: 22px\">\n<td style=\"width: 37.0952%;border-color: #000000;height: 22px\">M\u00aa \u00c1ngeles Espinosa Fern\u00e1ndez<\/td>\n<td style=\"width: 69.1469%;border-color: #000000;height: 22px\">Ingl\u00e9s P.E.S.<\/td>\n<\/tr>\n<\/tbody>\n<\/table>\n<p style=\"text-align: center\"><a class=\"button\" href=\"https:\/\/blogsaverroes.juntadeandalucia.es\/iessalvadorserrano\/programaciones-ingles\/\"><strong>ENLACE A LAS PROGRAMACIONES DEL DEPARTAMENTO<\/strong><\/a><\/p>\n<table style=\"height: 340px;width: 95.8867%\" border=\"1\">\n<tbody>\n<tr style=\"height: 30px\">\n<td style=\"width: 100%;height: 30px;background-color: #4e609c;text-align: center\"><span style=\"color: white\"><strong>CRITERIOS DE EVALUACI\u00d3N<br \/>\n<\/strong><\/span><\/td>\n<\/tr>\n<tr style=\"height: 22px\">\n<td style=\"width: 100%;height: 22px\"><a href=\"https:\/\/blogsaverroes.juntadeandalucia.es\/iessalvadorserrano\/files\/2024\/12\/CE-Lengua-Extranjera-Ingles-1o-ESO.pdf\"><img loading=\"lazy\" decoding=\"async\" class=\"size-full wp-image-2952 alignleft\" src=\"https:\/\/blogsaverroes.juntadeandalucia.es\/iessalvadorserrano\/files\/2017\/05\/criteval-e1510486355221.jpg\" alt=\"\" width=\"40\" height=\"23\">Ingl\u00e9s 1\u00ba ESO<\/a><\/td>\n<\/tr>\n<tr style=\"height: 31px\">\n<td style=\"width: 100%;height: 31px\"><a href=\"https:\/\/blogsaverroes.juntadeandalucia.es\/iessalvadorserrano\/files\/2024\/12\/CE-Proyecto-Interdisciplinar-Real-English-for-Real-Life-1-1o-ESO.pdf\"><img loading=\"lazy\" decoding=\"async\" class=\"size-full wp-image-2952 alignleft\" src=\"https:\/\/blogsaverroes.juntadeandalucia.es\/iessalvadorserrano\/files\/2017\/05\/criteval-e1510486355221.jpg\" alt=\"\" width=\"40\" height=\"23\"><\/a><a href=\"https:\/\/blogsaverroes.juntadeandalucia.es\/iessalvadorserrano\/files\/2024\/12\/CE-Proyecto-Interdisciplinar-Real-English-for-Real-Life-1-1o-ESO.pdf\">Proyecto Intedisciplinar Real English for Real Life 1\u00ba ESO<\/a><\/td>\n<\/tr>\n<tr style=\"height: 39px\">\n<td style=\"width: 100%;height: 39px\"><a href=\"https:\/\/blogsaverroes.juntadeandalucia.es\/iessalvadorserrano\/files\/2024\/12\/CE-Lengua-Extranjera-Ingles-2o-ESO.pdf\"><img loading=\"lazy\" decoding=\"async\" class=\"size-full wp-image-2952 alignleft\" src=\"https:\/\/blogsaverroes.juntadeandalucia.es\/iessalvadorserrano\/files\/2017\/05\/criteval-e1510486355221.jpg\" alt=\"\" width=\"40\" height=\"23\">Ingl\u00e9s 2\u00ba ESO<\/a><\/td>\n<\/tr>\n<tr style=\"height: 39px\">\n<td style=\"width: 100%;height: 39px\"><a href=\"https:\/\/blogsaverroes.juntadeandalucia.es\/iessalvadorserrano\/files\/2024\/12\/CE-Lengua-Extranjera-Ingles-3o-ESO.pdf\"><img loading=\"lazy\" decoding=\"async\" class=\"size-full wp-image-2952 alignleft\" src=\"https:\/\/blogsaverroes.juntadeandalucia.es\/iessalvadorserrano\/files\/2017\/05\/criteval-e1510486355221.jpg\" alt=\"\" width=\"40\" height=\"23\"><\/a><a href=\"https:\/\/blogsaverroes.juntadeandalucia.es\/iessalvadorserrano\/files\/2023\/11\/Criterios-de-Evaluacio\u0301n-Lengua-Extranjera-Ingle\u0301s-3\u00ba-ESO-LOMLOE.pdf\">Ingl\u00e9s 3\u00ba ESO<\/a><\/td>\n<\/tr>\n<tr style=\"height: 31px\">\n<td style=\"width: 100%;height: 31px\"><a href=\"https:\/\/blogsaverroes.juntadeandalucia.es\/iessalvadorserrano\/files\/2024\/12\/CE-Lengua-Extranjera-Ingles-4o-ESO.pdf\"><img loading=\"lazy\" decoding=\"async\" class=\"size-full wp-image-2952 alignleft\" src=\"https:\/\/blogsaverroes.juntadeandalucia.es\/iessalvadorserrano\/files\/2017\/05\/criteval-e1510486355221.jpg\" alt=\"\" width=\"40\" height=\"23\"><\/a><a href=\"https:\/\/blogsaverroes.juntadeandalucia.es\/iessalvadorserrano\/files\/2023\/11\/Criterios-de-Evaluacio\u0301n-Lengua-Extranjera-Ingle\u0301s-4\u00ba-ESO-LOMLOE.pdf\">Ingl\u00e9s 4\u00ba ESO<\/a><\/td>\n<\/tr>\n<tr style=\"height: 31px\">\n<td style=\"width: 100%;height: 31px\"><a href=\"https:\/\/blogsaverroes.juntadeandalucia.es\/iessalvadorserrano\/files\/2024\/11\/CE-Lengua-Extranjera-Ingles-1o-BACHILLERATO-LOMLOE.pdf\"><img loading=\"lazy\" decoding=\"async\" class=\"size-full wp-image-2952 alignleft\" src=\"https:\/\/blogsaverroes.juntadeandalucia.es\/iessalvadorserrano\/files\/2017\/05\/criteval-e1510486355221.jpg\" alt=\"\" width=\"40\" height=\"23\">Ingl\u00e9s 1\u00ba BACHILLERATO (1\u00aa lengua extranjera)<\/a><\/td>\n<\/tr>\n<tr style=\"height: 39px\">\n<td style=\"width: 100%;height: 39px\"><a href=\"https:\/\/blogsaverroes.juntadeandalucia.es\/iessalvadorserrano\/files\/2024\/11\/CE-Lengua-Extranjera-Ingles-2o-BACHILLERATO.pdf\"><img loading=\"lazy\" decoding=\"async\" class=\"size-full wp-image-2952 alignleft\" src=\"https:\/\/blogsaverroes.juntadeandalucia.es\/iessalvadorserrano\/files\/2017\/05\/criteval-e1510486355221.jpg\" alt=\"\" width=\"40\" height=\"23\">Ingl\u00e9s 2\u00ba BACHILLERATO (1\u00aa lengua extranjera)<\/a><\/td>\n<\/tr>\n<tr style=\"height: 22px\">\n<td style=\"width: 100%;height: 22px\"><a href=\"https:\/\/blogsaverroes.juntadeandalucia.es\/iessalvadorserrano\/files\/2025\/11\/CE-Ingles-1o-CFGM-GA-2025-2026.pdf\">Ingl\u00e9s Profesional 1\u00ba GDCFGM Gesti\u00f3n Administrativa<\/a><a href=\"https:\/\/blogsaverroes.juntadeandalucia.es\/iessalvadorserrano\/files\/2025\/11\/CE-Ingles-1o-CFGM-GA-2025-2026.pdf\"><img loading=\"lazy\" decoding=\"async\" class=\"size-full wp-image-2952 alignleft\" src=\"https:\/\/blogsaverroes.juntadeandalucia.es\/iessalvadorserrano\/files\/2017\/05\/criteval-e1510486355221.jpg\" alt=\"\" width=\"40\" height=\"23\"><\/a><\/td>\n<\/tr>\n<tr style=\"height: 24px\">\n<td style=\"width: 100%;height: 24px\"><a href=\"https:\/\/blogsaverroes.juntadeandalucia.es\/iessalvadorserrano\/files\/2025\/11\/CE-Ingles-1o-CFGS-AF-2025-2026.pdf\"><img loading=\"lazy\" decoding=\"async\" class=\"size-full wp-image-2952 alignleft\" src=\"https:\/\/blogsaverroes.juntadeandalucia.es\/iessalvadorserrano\/files\/2017\/05\/criteval-e1510486355221.jpg\" alt=\"\" width=\"40\" height=\"23\"><\/a><a href=\"https:\/\/blogsaverroes.juntadeandalucia.es\/iessalvadorserrano\/files\/2025\/11\/CE-Ingles-1o-CFGS-AF-2025-2026.pdf\">Ingl\u00e9s Profesional 1\u00ba GDCFGS Administraci\u00f3n y Finanzas<\/a><\/td>\n<\/tr>\n<tr>\n<td style=\"width: 100%\"><a href=\"https:\/\/blogsaverroes.juntadeandalucia.es\/iessalvadorserrano\/files\/2025\/11\/CE-Ingles-2o-CFGM-IEA-2025-2026-.pdf\"><img loading=\"lazy\" decoding=\"async\" class=\"size-full wp-image-2952 alignleft\" src=\"https:\/\/blogsaverroes.juntadeandalucia.es\/iessalvadorserrano\/files\/2017\/05\/criteval-e1510486355221.jpg\" alt=\"\" width=\"40\" height=\"23\"><\/a><a href=\"https:\/\/blogsaverroes.juntadeandalucia.es\/iessalvadorserrano\/files\/2025\/11\/CE-Ingles-2o-CFGM-IEA-2025-2026-.pdf\">Ingl\u00e9s Profesional 2\u00ba GDCFGM Instalaciones El\u00e9ctricas y Autom\u00e1ticas<\/a><\/td>\n<\/tr>\n<tr>\n<td style=\"width: 100%\"><a href=\"https:\/\/blogsaverroes.juntadeandalucia.es\/iessalvadorserrano\/files\/2025\/11\/CE-Ingles-2o-CFGS-ARI-2025-2026-.pdf\"><img loading=\"lazy\" decoding=\"async\" class=\"size-full wp-image-2952 alignleft\" src=\"https:\/\/blogsaverroes.juntadeandalucia.es\/iessalvadorserrano\/files\/2017\/05\/criteval-e1510486355221.jpg\" alt=\"\" width=\"40\" height=\"23\"><\/a><a href=\"https:\/\/blogsaverroes.juntadeandalucia.es\/iessalvadorserrano\/files\/2025\/11\/CE-Ingles-2o-CFGS-ARI-2025-2026-.pdf\">Ingl\u00e9s Profesional 2\u00ba GDCFGS Automatizaci\u00f3n y Rob\u00f3tica Industrial<\/a><\/td>\n<\/tr>\n<tr style=\"height: 22px\">\n<td style=\"width: 100%;height: 22px\"><a href=\"https:\/\/blogsaverroes.juntadeandalucia.es\/iessalvadorserrano\/files\/2024\/11\/Criterios-de-Evaluacion-Comunicacion-y-Ciencias-Sociales-1o-CFGB-LOMLOE-1.pdf\">\u00c1mbito de Comunicaci\u00f3n y Ciencias Sociales I 1\u00ba CFGB<\/a><a href=\"https:\/\/blogsaverroes.juntadeandalucia.es\/iessalvadorserrano\/files\/2024\/11\/Criterios-de-Evaluacion-Comunicacion-y-Ciencias-Sociales-1o-CFGB-LOMLOE-1.pdf\"><img loading=\"lazy\" decoding=\"async\" class=\"size-full wp-image-2952 alignleft\" src=\"https:\/\/blogsaverroes.juntadeandalucia.es\/iessalvadorserrano\/files\/2017\/05\/criteval-e1510486355221.jpg\" alt=\"\" width=\"40\" height=\"23\"><\/a><\/td>\n<\/tr>\n<tr style=\"height: 31px\">\n<td style=\"width: 100%;height: 10px\"><a href=\"https:\/\/blogsaverroes.juntadeandalucia.es\/iessalvadorserrano\/files\/2024\/11\/Criterios-de-Evaluacion-Comunicacion-y-Ciencias-Sociales-2o-CFGB-LOMLOE-1.pdf\"><img loading=\"lazy\" decoding=\"async\" class=\"size-full wp-image-2952 alignleft\" src=\"https:\/\/blogsaverroes.juntadeandalucia.es\/iessalvadorserrano\/files\/2017\/05\/criteval-e1510486355221.jpg\" alt=\"\" width=\"40\" height=\"23\">\u00c1mbito de Comunicaci\u00f3n y Ciencias Sociales II 2\u00ba CFGB<\/a><\/td>\n<\/tr>\n<\/tbody>\n<\/table>\n<p><img loading=\"lazy\" decoding=\"async\" class=\"aligncenter size-medium wp-image-2116\" src=\"https:\/\/blogsaverroes.juntadeandalucia.es\/iessalvadorserrano\/files\/2015\/03\/ingles-300x80.png\" alt=\"ingles\" width=\"300\" height=\"80\" srcset=\"https:\/\/blogsaverroes.juntadeandalucia.es\/iessalvadorserrano\/files\/2015\/03\/ingles-300x80.png 300w, https:\/\/blogsaverroes.juntadeandalucia.es\/iessalvadorserrano\/files\/2015\/03\/ingles.png 640w\" sizes=\"(max-width: 300px) 100vw, 300px\" \/><\/p>\n<p style=\"text-align: justify\"><strong><span style=\"font-family: sans-serif\"><span style=\"font-size: medium\">Ingl\u00e9s &#8211; Primera Lengua Extranjera <\/span><\/span><\/strong><\/p>\n<p style=\"text-align: justify\"><span style=\"font-family: sans-serif\"><span style=\"font-size: medium\">&nbsp; &nbsp; La lengua es el instrumento por excelencia del aprendizaje y la comunicaci\u00f3n. Tanto las lenguas primeras como las lenguas extranjeras forman parte en la actualidad, y cada vez lo har\u00e1n m\u00e1s en el futuro, del bagaje vital de las personas en un mundo en continua expansi\u00f3n en el que, a la vez, las relaciones entre individuos, pa\u00edses, organismos y corporaciones se hacen m\u00e1s frecuentes y m\u00e1s estrechas. En la medida en que ese bagaje comprende diversos conocimientos, destrezas y actitudes en diversas lenguas, es decir un perfil pluriling\u00fce e intercultural, el individuo est\u00e1 mejor preparado para integrarse y participar en una variedad de contextos y de situaciones que suponen un est\u00edmulo para su desarrollo, y mejores oportunidades, en los \u00e1mbitos personal, p\u00fablico, educativo o acad\u00e9mico, ocupacional y profesional. <\/span><\/span><\/p>\n","protected":false},"excerpt":{"rendered":"<p>23000246.ingles@g.educaand.es Puesto o Especialidad Jefatura de Departamento Ana M\u00aa Estepa Jim\u00e9nez Ingl\u00e9s P.E.S. Componentes &nbsp; Raquel Martos L\u00f3pez Ingl\u00e9s P.E.S. M\u00aa Teresa Panadero Rutete Ingl\u00e9s&hellip;<\/p>\n","protected":false},"author":1,"featured_media":0,"parent":0,"menu_order":0,"comment_status":"closed","ping_status":"open","template":"","meta":{"ngg_post_thumbnail":0,"footnotes":"","_mc_calendar":[]},"aioseo_notices":[],"_links":{"self":[{"href":"https:\/\/blogsaverroes.juntadeandalucia.es\/iessalvadorserrano\/wp-json\/wp\/v2\/pages\/164"}],"collection":[{"href":"https:\/\/blogsaverroes.juntadeandalucia.es\/iessalvadorserrano\/wp-json\/wp\/v2\/pages"}],"about":[{"href":"https:\/\/blogsaverroes.juntadeandalucia.es\/iessalvadorserrano\/wp-json\/wp\/v2\/types\/page"}],"author":[{"embeddable":true,"href":"https:\/\/blogsaverroes.juntadeandalucia.es\/iessalvadorserrano\/wp-json\/wp\/v2\/users\/1"}],"replies":[{"embeddable":true,"href":"https:\/\/blogsaverroes.juntadeandalucia.es\/iessalvadorserrano\/wp-json\/wp\/v2\/comments?post=164"}],"version-history":[{"count":62,"href":"https:\/\/blogsaverroes.juntadeandalucia.es\/iessalvadorserrano\/wp-json\/wp\/v2\/pages\/164\/revisions"}],"predecessor-version":[{"id":14368,"href":"https:\/\/blogsaverroes.juntadeandalucia.es\/iessalvadorserrano\/wp-json\/wp\/v2\/pages\/164\/revisions\/14368"}],"wp:attachment":[{"href":"https:\/\/blogsaverroes.juntadeandalucia.es\/iessalvadorserrano\/wp-json\/wp\/v2\/media?parent=164"}],"curies":[{"name":"wp","href":"https:\/\/api.w.org\/{rel}","templated":true}]}}